{"id":624,"date":"2024-10-18T16:29:20","date_gmt":"2024-10-18T22:29:20","guid":{"rendered":"https:\/\/lederme.com.mx\/registro\/?post_type=product&#038;p=624"},"modified":"2026-03-15T19:48:02","modified_gmt":"2026-03-16T01:48:02","slug":"glacial-gloss","status":"publish","type":"product","link":"https:\/\/lederme.com.mx\/registro\/producto\/glacial-gloss\/","title":{"rendered":"GLACIAL GLOSS 60 MIN"},"content":{"rendered":"<p><b>GLACIAL GLOSS \u2122<\/b><span style=\"font-weight: 400;\">\u00a0 es nuestro tratamiento de crio modulaci\u00f3n utilizando la tecnologia <\/span><b><i>Glacial FX, <\/i><\/b><span style=\"font-weight: 400;\">Es tratamiento \u00fanico en su tipo ya que utiliza las temperaturas bajo cero,\u00a0 precisamente dirigidas y usada como veh\u00edculo para estimular procesos biol\u00f3gicos de reparaci\u00f3n y regeneraci\u00f3n ,adem\u00e1s de infundir <\/span><span style=\"font-weight: 400;\">probi\u00f3ticos, hidratantes y antioxidantes ,mientras la calma , la desinflama , la relaja, hidrata e ilumina.\u00a0 Nuestro protocolo Gloss lleva la revitalizaci\u00f3n m\u00e1s all\u00e1 al agregar\u00a0 la aplicaci\u00f3n del Glacial Gloss Peel para eliminar por completo las toxinas e impurezas de tu piel ,\u00a0 mejorando la textura y suavidad , adem\u00e1s de sellar tu tratamiento con Glacial Probiotic Mask, para nutrir, proteger y reparar tu piel. \u00a1Glow &amp; Firmeza inmediata! Un cold plunge para tu piel.<\/span><\/p>\n<p><span style=\"font-weight: 400;\">\u2713 Exfolia las c\u00e9lulas muertas<\/span><\/p>\n<p><span style=\"font-weight: 400;\">\u2713 Reduce el tama\u00f1o de los poros<\/span><\/p>\n<p><span style=\"font-weight: 400;\">\u2713 Restaura la barrera cut\u00e1nea<\/span><\/p>\n<p><span style=\"font-weight: 400;\">\u2713 Hidrata profundamente<\/span><\/p>\n<p><span style=\"font-weight: 400;\">\u2713 Calma y desinflama<\/span><\/p>\n<p><span style=\"font-weight: 400;\">\u2713 Disminuye Rojeces<\/span><\/p>\n<p><span style=\"font-weight: 400;\">\u2713 Relaja y refresca<\/span><\/p>\n<p><span style=\"font-weight: 400;\">\u2713 Glacial FX + Glacial Gloss Peel<\/span><\/p>\n<p><span style=\"font-weight: 400;\">\u2713 Glacial Probiotic\u00a0 Mask<\/span><\/p>\n","protected":false},"excerpt":{"rendered":"<p><b>GLACIAL GLOSS \u2122<\/b><span style=\"font-weight: 400;\"> es nuestro tratamiento de criomodulaci\u00f3n utilizando la tecnolog\u00eda <\/span><b><i>Glacial FX, <\/i><\/b><span style=\"font-weight: 400;\">Es tratamiento \u00fanico en su tipo ya que utiliza las temperaturas bajo cero,\u00a0 precisamente dirigidas y usada como veh\u00edculo para estimular procesos biol\u00f3gicos de reparaci\u00f3n y regeneraci\u00f3n <\/span><span style=\"font-weight: 400;\">\u00a1Glow &amp; Firmeza inmediata! Un cold plunge para tu piel.<\/span><\/p>\n<p><span style=\"font-weight: 400;\">\u2713 Exfolia las c\u00e9lulas muertas<\/span><\/p>\n<p><span style=\"font-weight: 400;\">\u2713 Reduce el tama\u00f1o de los poros<\/span><\/p>\n<p><span style=\"font-weight: 400;\">\u2713 Restaura la barrera cut\u00e1nea<\/span><\/p>\n<p><span style=\"font-weight: 400;\">\u2713 Hidrata profundamente<\/span><\/p>\n<p><span style=\"font-weight: 400;\">\u2713 Calma y desinflama<\/span><\/p>\n<p><span style=\"font-weight: 400;\">\u2713 Disminuye Rojeces<\/span><\/p>\n<p><span style=\"font-weight: 400;\">\u2713 Relaja y refresca<\/span><\/p>\n<p><span style=\"font-weight: 400;\">\u2713 Glacial FX + Glacial Gloss Peel<\/span><\/p>\n<p><span style=\"font-weight: 400;\">\u2713 Glacial Probiotic\u00a0 Mask<\/span><\/p>\n","protected":false},"featured_media":2515,"template":"","meta":[],"product_brand":[],"product_cat":[23],"product_tag":[],"class_list":{"0":"post-624","1":"product","2":"type-product","3":"status-publish","4":"has-post-thumbnail","6":"product_cat-glacial-fx","8":"first","9":"instock","10":"sale","11":"taxable","12":"shipping-taxable","13":"purchasable","14":"product-type-simple"},"yoast_head":"<!-- This site is optimized with the Yoast SEO Premium plugin v26.9 (Yoast SEO v27.3) - https:\/\/yoast.com\/product\/yoast-seo-premium-wordpress\/ -->\n<title>GLACIAL GLOSS 60 MIN - LeDerme<\/title>\n<meta name=\"robots\" content=\"index, follow, max-snippet:-1, max-image-preview:large, max-video-preview:-1\" \/>\n<link rel=\"canonical\" href=\"https:\/\/lederme.com.mx\/registro\/producto\/glacial-gloss\/\" \/>\n<meta property=\"og:locale\" content=\"es_ES\" \/>\n<meta property=\"og:type\" content=\"article\" \/>\n<meta property=\"og:title\" content=\"GLACIAL GLOSS 60 MIN\" \/>\n<meta property=\"og:description\" content=\"GLACIAL GLOSS \u2122 es nuestro tratamiento de criomodulaci\u00f3n utilizando la tecnolog\u00eda Glacial FX, Es tratamiento \u00fanico en su tipo ya que utiliza las temperaturas bajo cero,\u00a0 precisamente dirigidas y usada como veh\u00edculo para estimular procesos biol\u00f3gicos de reparaci\u00f3n y regeneraci\u00f3n \u00a1Glow &amp; Firmeza inmediata! Un cold plunge para tu piel.  \u2713 Exfolia las c\u00e9lulas muertas  \u2713 Reduce el tama\u00f1o de los poros  \u2713 Restaura la barrera cut\u00e1nea  \u2713 Hidrata profundamente  \u2713 Calma y desinflama  \u2713 Disminuye Rojeces  \u2713 Relaja y refresca  \u2713 Glacial FX + Glacial Gloss Peel  \u2713 Glacial Probiotic\u00a0 Mask\" \/>\n<meta property=\"og:url\" content=\"https:\/\/lederme.com.mx\/registro\/producto\/glacial-gloss\/\" \/>\n<meta property=\"og:site_name\" content=\"LeDerme\" \/>\n<meta property=\"article:modified_time\" content=\"2026-03-16T01:48:02+00:00\" \/>\n<meta property=\"og:image\" content=\"https:\/\/lederme.com.mx\/registro\/wp-content\/uploads\/2025\/05\/CGLOSS.jpg\" \/>\n\t<meta property=\"og:image:width\" content=\"520\" \/>\n\t<meta property=\"og:image:height\" content=\"520\" \/>\n\t<meta property=\"og:image:type\" content=\"image\/jpeg\" \/>\n<meta name=\"twitter:card\" content=\"summary_large_image\" \/>\n<meta name=\"twitter:label1\" content=\"Precio\" \/>\n\t<meta name=\"twitter:data1\" content=\"&#036;1,950.00 impuestos incluidos\" \/>\n\t<meta name=\"twitter:label2\" content=\"Disponibilidad\" \/>\n\t<meta name=\"twitter:data2\" content=\"Disponible\" \/>\n<script type=\"application\/ld+json\" class=\"yoast-schema-graph\">{\"@context\":\"https:\\\/\\\/schema.org\",\"@graph\":[{\"@type\":\"WebPage\",\"@id\":\"https:\\\/\\\/lederme.com.mx\\\/registro\\\/producto\\\/glacial-gloss\\\/\",\"url\":\"https:\\\/\\\/lederme.com.mx\\\/registro\\\/producto\\\/glacial-gloss\\\/\",\"name\":\"GLACIAL GLOSS 60 MIN - LeDerme\",\"isPartOf\":{\"@id\":\"https:\\\/\\\/lederme.com.mx\\\/registro\\\/#website\"},\"primaryImageOfPage\":{\"@id\":\"https:\\\/\\\/lederme.com.mx\\\/registro\\\/producto\\\/glacial-gloss\\\/#primaryimage\"},\"image\":{\"@id\":\"https:\\\/\\\/lederme.com.mx\\\/registro\\\/producto\\\/glacial-gloss\\\/#primaryimage\"},\"thumbnailUrl\":\"https:\\\/\\\/lederme.com.mx\\\/registro\\\/wp-content\\\/uploads\\\/2025\\\/05\\\/CGLOSS.jpg\",\"datePublished\":\"2024-10-18T22:29:20+00:00\",\"dateModified\":\"2026-03-16T01:48:02+00:00\",\"breadcrumb\":{\"@id\":\"https:\\\/\\\/lederme.com.mx\\\/registro\\\/producto\\\/glacial-gloss\\\/#breadcrumb\"},\"inLanguage\":\"es\",\"potentialAction\":[{\"@type\":\"ReadAction\",\"target\":[\"https:\\\/\\\/lederme.com.mx\\\/registro\\\/producto\\\/glacial-gloss\\\/\"]}]},{\"@type\":\"ImageObject\",\"inLanguage\":\"es\",\"@id\":\"https:\\\/\\\/lederme.com.mx\\\/registro\\\/producto\\\/glacial-gloss\\\/#primaryimage\",\"url\":\"https:\\\/\\\/lederme.com.mx\\\/registro\\\/wp-content\\\/uploads\\\/2025\\\/05\\\/CGLOSS.jpg\",\"contentUrl\":\"https:\\\/\\\/lederme.com.mx\\\/registro\\\/wp-content\\\/uploads\\\/2025\\\/05\\\/CGLOSS.jpg\",\"width\":520,\"height\":520},{\"@type\":\"BreadcrumbList\",\"@id\":\"https:\\\/\\\/lederme.com.mx\\\/registro\\\/producto\\\/glacial-gloss\\\/#breadcrumb\",\"itemListElement\":[{\"@type\":\"ListItem\",\"position\":1,\"name\":\"Portada\",\"item\":\"https:\\\/\\\/lederme.com.mx\\\/registro\\\/\"},{\"@type\":\"ListItem\",\"position\":2,\"name\":\"Tienda\",\"item\":\"https:\\\/\\\/lederme.com.mx\\\/registro\\\/tienda\\\/\"},{\"@type\":\"ListItem\",\"position\":3,\"name\":\"GLACIAL GLOSS 60 MIN\"}]},{\"@type\":\"WebSite\",\"@id\":\"https:\\\/\\\/lederme.com.mx\\\/registro\\\/#website\",\"url\":\"https:\\\/\\\/lederme.com.mx\\\/registro\\\/\",\"name\":\"LeDerme\",\"description\":\"Agenda tu cita en l\u00ednea\",\"potentialAction\":[{\"@type\":\"SearchAction\",\"target\":{\"@type\":\"EntryPoint\",\"urlTemplate\":\"https:\\\/\\\/lederme.com.mx\\\/registro\\\/?s={search_term_string}\"},\"query-input\":{\"@type\":\"PropertyValueSpecification\",\"valueRequired\":true,\"valueName\":\"search_term_string\"}}],\"inLanguage\":\"es\"}]}<\/script>\n<meta property=\"product:price:amount\" content=\"1950.00\" \/>\n<meta property=\"product:price:currency\" content=\"MXN\" \/>\n<meta property=\"og:availability\" content=\"instock\" \/>\n<meta property=\"product:availability\" content=\"instock\" \/>\n<meta property=\"product:condition\" content=\"new\" \/>\n<!-- \/ Yoast SEO Premium plugin. -->","yoast_head_json":{"title":"GLACIAL GLOSS 60 MIN - LeDerme","robots":{"index":"index","follow":"follow","max-snippet":"max-snippet:-1","max-image-preview":"max-image-preview:large","max-video-preview":"max-video-preview:-1"},"canonical":"https:\/\/lederme.com.mx\/registro\/producto\/glacial-gloss\/","og_locale":"es_ES","og_type":"article","og_title":"GLACIAL GLOSS 60 MIN","og_description":"GLACIAL GLOSS \u2122 es nuestro tratamiento de criomodulaci\u00f3n utilizando la tecnolog\u00eda Glacial FX, Es tratamiento \u00fanico en su tipo ya que utiliza las temperaturas bajo cero,\u00a0 precisamente dirigidas y usada como veh\u00edculo para estimular procesos biol\u00f3gicos de reparaci\u00f3n y regeneraci\u00f3n \u00a1Glow &amp; Firmeza inmediata! Un cold plunge para tu piel.  \u2713 Exfolia las c\u00e9lulas muertas  \u2713 Reduce el tama\u00f1o de los poros  \u2713 Restaura la barrera cut\u00e1nea  \u2713 Hidrata profundamente  \u2713 Calma y desinflama  \u2713 Disminuye Rojeces  \u2713 Relaja y refresca  \u2713 Glacial FX + Glacial Gloss Peel  \u2713 Glacial Probiotic\u00a0 Mask","og_url":"https:\/\/lederme.com.mx\/registro\/producto\/glacial-gloss\/","og_site_name":"LeDerme","article_modified_time":"2026-03-16T01:48:02+00:00","og_image":[{"width":520,"height":520,"url":"https:\/\/lederme.com.mx\/registro\/wp-content\/uploads\/2025\/05\/CGLOSS.jpg","type":"image\/jpeg"}],"twitter_card":"summary_large_image","twitter_misc":{"Precio":"&#36;1,950.00 impuestos incluidos","Disponibilidad":"Disponible"},"schema":{"@context":"https:\/\/schema.org","@graph":[{"@type":"WebPage","@id":"https:\/\/lederme.com.mx\/registro\/producto\/glacial-gloss\/","url":"https:\/\/lederme.com.mx\/registro\/producto\/glacial-gloss\/","name":"GLACIAL GLOSS 60 MIN - LeDerme","isPartOf":{"@id":"https:\/\/lederme.com.mx\/registro\/#website"},"primaryImageOfPage":{"@id":"https:\/\/lederme.com.mx\/registro\/producto\/glacial-gloss\/#primaryimage"},"image":{"@id":"https:\/\/lederme.com.mx\/registro\/producto\/glacial-gloss\/#primaryimage"},"thumbnailUrl":"https:\/\/lederme.com.mx\/registro\/wp-content\/uploads\/2025\/05\/CGLOSS.jpg","datePublished":"2024-10-18T22:29:20+00:00","dateModified":"2026-03-16T01:48:02+00:00","breadcrumb":{"@id":"https:\/\/lederme.com.mx\/registro\/producto\/glacial-gloss\/#breadcrumb"},"inLanguage":"es","potentialAction":[{"@type":"ReadAction","target":["https:\/\/lederme.com.mx\/registro\/producto\/glacial-gloss\/"]}]},{"@type":"ImageObject","inLanguage":"es","@id":"https:\/\/lederme.com.mx\/registro\/producto\/glacial-gloss\/#primaryimage","url":"https:\/\/lederme.com.mx\/registro\/wp-content\/uploads\/2025\/05\/CGLOSS.jpg","contentUrl":"https:\/\/lederme.com.mx\/registro\/wp-content\/uploads\/2025\/05\/CGLOSS.jpg","width":520,"height":520},{"@type":"BreadcrumbList","@id":"https:\/\/lederme.com.mx\/registro\/producto\/glacial-gloss\/#breadcrumb","itemListElement":[{"@type":"ListItem","position":1,"name":"Portada","item":"https:\/\/lederme.com.mx\/registro\/"},{"@type":"ListItem","position":2,"name":"Tienda","item":"https:\/\/lederme.com.mx\/registro\/tienda\/"},{"@type":"ListItem","position":3,"name":"GLACIAL GLOSS 60 MIN"}]},{"@type":"WebSite","@id":"https:\/\/lederme.com.mx\/registro\/#website","url":"https:\/\/lederme.com.mx\/registro\/","name":"LeDerme","description":"Agenda tu cita en l\u00ednea","potentialAction":[{"@type":"SearchAction","target":{"@type":"EntryPoint","urlTemplate":"https:\/\/lederme.com.mx\/registro\/?s={search_term_string}"},"query-input":{"@type":"PropertyValueSpecification","valueRequired":true,"valueName":"search_term_string"}}],"inLanguage":"es"}]},"product_price_amount":"1950.00","product_price_currency":"MXN","og_availability":"instock","product_availability":"instock","product_condition":"new"},"_links":{"self":[{"href":"https:\/\/lederme.com.mx\/registro\/wp-json\/wp\/v2\/product\/624","targetHints":{"allow":["GET"]}}],"collection":[{"href":"https:\/\/lederme.com.mx\/registro\/wp-json\/wp\/v2\/product"}],"about":[{"href":"https:\/\/lederme.com.mx\/registro\/wp-json\/wp\/v2\/types\/product"}],"wp:featuredmedia":[{"embeddable":true,"href":"https:\/\/lederme.com.mx\/registro\/wp-json\/wp\/v2\/media\/2515"}],"wp:attachment":[{"href":"https:\/\/lederme.com.mx\/registro\/wp-json\/wp\/v2\/media?parent=624"}],"wp:term":[{"taxonomy":"product_brand","embeddable":true,"href":"https:\/\/lederme.com.mx\/registro\/wp-json\/wp\/v2\/product_brand?post=624"},{"taxonomy":"product_cat","embeddable":true,"href":"https:\/\/lederme.com.mx\/registro\/wp-json\/wp\/v2\/product_cat?post=624"},{"taxonomy":"product_tag","embeddable":true,"href":"https:\/\/lederme.com.mx\/registro\/wp-json\/wp\/v2\/product_tag?post=624"}],"curies":[{"name":"wp","href":"https:\/\/api.w.org\/{rel}","templated":true}]}}