{"id":5651,"date":"2026-04-28T12:48:25","date_gmt":"2026-04-28T18:48:25","guid":{"rendered":"https:\/\/lederme.com.mx\/registro\/?post_type=product&#038;p=5651"},"modified":"2026-04-28T12:48:29","modified_gmt":"2026-04-28T18:48:29","slug":"prx-plus-hydrafacial-powered-by-prx-plus","status":"publish","type":"product","link":"https:\/\/lederme.com.mx\/registro\/producto\/prx-plus-hydrafacial-powered-by-prx-plus\/","title":{"rendered":"PRX-PLUS Hydrafacial POWERED BY PRX-PLUS"},"content":{"rendered":"","protected":false},"excerpt":{"rendered":"<p><b>PRX-PLUS\u2122 Hydrafacial<\/b><span style=\"font-weight: 400;\"> es ese boost que transforma tu piel sin downtime. Combina la limpieza profunda y la hidrataci\u00f3n instant\u00e1nea de Hydrafacial con el poder renovador de PRX-PLUS para darle a tu piel un glow m\u00e1s uniforme, suave y visiblemente revitalizado. Ayuda a mejorar la textura, iluminar el tono y dejar la piel con ese efecto \u201cfresh\u201d y pulido desde la primera sesi\u00f3n. Perfecto cuando quieres resultados que se notan, sin interrumpir tu rutina.<\/span><\/p>\n","protected":false},"featured_media":5652,"template":"","meta":[],"product_brand":[],"product_cat":[17],"product_tag":[],"class_list":{"0":"post-5651","1":"product","2":"type-product","3":"status-publish","4":"has-post-thumbnail","6":"product_cat-hydrafacial","8":"first","9":"instock","10":"sale","11":"taxable","12":"shipping-taxable","13":"purchasable","14":"product-type-simple"},"yoast_head":"<!-- This site is optimized with the Yoast SEO Premium plugin v26.9 (Yoast SEO v27.5) - https:\/\/yoast.com\/product\/yoast-seo-premium-wordpress\/ -->\n<title>PRX-PLUS Hydrafacial POWERED BY PRX-PLUS - LeDerme<\/title>\n<meta name=\"robots\" content=\"index, follow, max-snippet:-1, max-image-preview:large, max-video-preview:-1\" \/>\n<link rel=\"canonical\" href=\"https:\/\/lederme.com.mx\/registro\/producto\/prx-plus-hydrafacial-powered-by-prx-plus\/\" \/>\n<meta property=\"og:locale\" content=\"es_ES\" \/>\n<meta property=\"og:type\" content=\"article\" \/>\n<meta property=\"og:title\" content=\"PRX-PLUS Hydrafacial POWERED BY PRX-PLUS\" \/>\n<meta property=\"og:description\" content=\"PRX-PLUS\u2122 Hydrafacial es ese boost que transforma tu piel sin downtime. Combina la limpieza profunda y la hidrataci\u00f3n instant\u00e1nea de Hydrafacial con el poder renovador de PRX-PLUS para darle a tu piel un glow m\u00e1s uniforme, suave y visiblemente revitalizado. Ayuda a mejorar la textura, iluminar el tono y dejar la piel con ese efecto \u201cfresh\u201d y pulido desde la primera sesi\u00f3n. Perfecto cuando quieres resultados que se notan, sin interrumpir tu rutina.\" \/>\n<meta property=\"og:url\" content=\"https:\/\/lederme.com.mx\/registro\/producto\/prx-plus-hydrafacial-powered-by-prx-plus\/\" \/>\n<meta property=\"og:site_name\" content=\"LeDerme\" \/>\n<meta property=\"article:modified_time\" content=\"2026-04-28T18:48:29+00:00\" \/>\n<meta property=\"og:image\" content=\"https:\/\/lederme.com.mx\/registro\/wp-content\/uploads\/2026\/04\/PRX-PLUS.jpg\" \/>\n\t<meta property=\"og:image:width\" content=\"778\" \/>\n\t<meta property=\"og:image:height\" content=\"1080\" \/>\n\t<meta property=\"og:image:type\" content=\"image\/jpeg\" \/>\n<meta name=\"twitter:card\" content=\"summary_large_image\" \/>\n<meta name=\"twitter:label1\" content=\"Precio\" \/>\n\t<meta name=\"twitter:data1\" content=\"&#036;2,800.00 impuestos incluidos\" \/>\n\t<meta name=\"twitter:label2\" content=\"Disponibilidad\" \/>\n\t<meta name=\"twitter:data2\" content=\"Disponible\" \/>\n<script type=\"application\/ld+json\" class=\"yoast-schema-graph\">{\"@context\":\"https:\\\/\\\/schema.org\",\"@graph\":[{\"@type\":\"WebPage\",\"@id\":\"https:\\\/\\\/lederme.com.mx\\\/registro\\\/producto\\\/prx-plus-hydrafacial-powered-by-prx-plus\\\/\",\"url\":\"https:\\\/\\\/lederme.com.mx\\\/registro\\\/producto\\\/prx-plus-hydrafacial-powered-by-prx-plus\\\/\",\"name\":\"PRX-PLUS Hydrafacial POWERED BY PRX-PLUS - LeDerme\",\"isPartOf\":{\"@id\":\"https:\\\/\\\/lederme.com.mx\\\/registro\\\/#website\"},\"primaryImageOfPage\":{\"@id\":\"https:\\\/\\\/lederme.com.mx\\\/registro\\\/producto\\\/prx-plus-hydrafacial-powered-by-prx-plus\\\/#primaryimage\"},\"image\":{\"@id\":\"https:\\\/\\\/lederme.com.mx\\\/registro\\\/producto\\\/prx-plus-hydrafacial-powered-by-prx-plus\\\/#primaryimage\"},\"thumbnailUrl\":\"https:\\\/\\\/lederme.com.mx\\\/registro\\\/wp-content\\\/uploads\\\/2026\\\/04\\\/PRX-PLUS.jpg\",\"datePublished\":\"2026-04-28T18:48:25+00:00\",\"dateModified\":\"2026-04-28T18:48:29+00:00\",\"breadcrumb\":{\"@id\":\"https:\\\/\\\/lederme.com.mx\\\/registro\\\/producto\\\/prx-plus-hydrafacial-powered-by-prx-plus\\\/#breadcrumb\"},\"inLanguage\":\"es\",\"potentialAction\":[{\"@type\":\"ReadAction\",\"target\":[\"https:\\\/\\\/lederme.com.mx\\\/registro\\\/producto\\\/prx-plus-hydrafacial-powered-by-prx-plus\\\/\"]}]},{\"@type\":\"ImageObject\",\"inLanguage\":\"es\",\"@id\":\"https:\\\/\\\/lederme.com.mx\\\/registro\\\/producto\\\/prx-plus-hydrafacial-powered-by-prx-plus\\\/#primaryimage\",\"url\":\"https:\\\/\\\/lederme.com.mx\\\/registro\\\/wp-content\\\/uploads\\\/2026\\\/04\\\/PRX-PLUS.jpg\",\"contentUrl\":\"https:\\\/\\\/lederme.com.mx\\\/registro\\\/wp-content\\\/uploads\\\/2026\\\/04\\\/PRX-PLUS.jpg\",\"width\":778,\"height\":1080},{\"@type\":\"BreadcrumbList\",\"@id\":\"https:\\\/\\\/lederme.com.mx\\\/registro\\\/producto\\\/prx-plus-hydrafacial-powered-by-prx-plus\\\/#breadcrumb\",\"itemListElement\":[{\"@type\":\"ListItem\",\"position\":1,\"name\":\"Portada\",\"item\":\"https:\\\/\\\/lederme.com.mx\\\/registro\\\/\"},{\"@type\":\"ListItem\",\"position\":2,\"name\":\"Tienda\",\"item\":\"https:\\\/\\\/lederme.com.mx\\\/registro\\\/tienda\\\/\"},{\"@type\":\"ListItem\",\"position\":3,\"name\":\"PRX-PLUS Hydrafacial POWERED BY PRX-PLUS\"}]},{\"@type\":\"WebSite\",\"@id\":\"https:\\\/\\\/lederme.com.mx\\\/registro\\\/#website\",\"url\":\"https:\\\/\\\/lederme.com.mx\\\/registro\\\/\",\"name\":\"LeDerme\",\"description\":\"Agenda tu cita en l\u00ednea\",\"potentialAction\":[{\"@type\":\"SearchAction\",\"target\":{\"@type\":\"EntryPoint\",\"urlTemplate\":\"https:\\\/\\\/lederme.com.mx\\\/registro\\\/?s={search_term_string}\"},\"query-input\":{\"@type\":\"PropertyValueSpecification\",\"valueRequired\":true,\"valueName\":\"search_term_string\"}}],\"inLanguage\":\"es\"}]}<\/script>\n<meta property=\"product:price:amount\" content=\"2800.00\" \/>\n<meta property=\"product:price:currency\" content=\"MXN\" \/>\n<meta property=\"og:availability\" content=\"instock\" \/>\n<meta property=\"product:availability\" content=\"instock\" \/>\n<meta property=\"product:condition\" content=\"new\" \/>\n<!-- \/ Yoast SEO Premium plugin. -->","yoast_head_json":{"title":"PRX-PLUS Hydrafacial POWERED BY PRX-PLUS - LeDerme","robots":{"index":"index","follow":"follow","max-snippet":"max-snippet:-1","max-image-preview":"max-image-preview:large","max-video-preview":"max-video-preview:-1"},"canonical":"https:\/\/lederme.com.mx\/registro\/producto\/prx-plus-hydrafacial-powered-by-prx-plus\/","og_locale":"es_ES","og_type":"article","og_title":"PRX-PLUS Hydrafacial POWERED BY PRX-PLUS","og_description":"PRX-PLUS\u2122 Hydrafacial es ese boost que transforma tu piel sin downtime. Combina la limpieza profunda y la hidrataci\u00f3n instant\u00e1nea de Hydrafacial con el poder renovador de PRX-PLUS para darle a tu piel un glow m\u00e1s uniforme, suave y visiblemente revitalizado. Ayuda a mejorar la textura, iluminar el tono y dejar la piel con ese efecto \u201cfresh\u201d y pulido desde la primera sesi\u00f3n. Perfecto cuando quieres resultados que se notan, sin interrumpir tu rutina.","og_url":"https:\/\/lederme.com.mx\/registro\/producto\/prx-plus-hydrafacial-powered-by-prx-plus\/","og_site_name":"LeDerme","article_modified_time":"2026-04-28T18:48:29+00:00","og_image":[{"width":778,"height":1080,"url":"https:\/\/lederme.com.mx\/registro\/wp-content\/uploads\/2026\/04\/PRX-PLUS.jpg","type":"image\/jpeg"}],"twitter_card":"summary_large_image","twitter_misc":{"Precio":"&#36;2,800.00 impuestos incluidos","Disponibilidad":"Disponible"},"schema":{"@context":"https:\/\/schema.org","@graph":[{"@type":"WebPage","@id":"https:\/\/lederme.com.mx\/registro\/producto\/prx-plus-hydrafacial-powered-by-prx-plus\/","url":"https:\/\/lederme.com.mx\/registro\/producto\/prx-plus-hydrafacial-powered-by-prx-plus\/","name":"PRX-PLUS Hydrafacial POWERED BY PRX-PLUS - LeDerme","isPartOf":{"@id":"https:\/\/lederme.com.mx\/registro\/#website"},"primaryImageOfPage":{"@id":"https:\/\/lederme.com.mx\/registro\/producto\/prx-plus-hydrafacial-powered-by-prx-plus\/#primaryimage"},"image":{"@id":"https:\/\/lederme.com.mx\/registro\/producto\/prx-plus-hydrafacial-powered-by-prx-plus\/#primaryimage"},"thumbnailUrl":"https:\/\/lederme.com.mx\/registro\/wp-content\/uploads\/2026\/04\/PRX-PLUS.jpg","datePublished":"2026-04-28T18:48:25+00:00","dateModified":"2026-04-28T18:48:29+00:00","breadcrumb":{"@id":"https:\/\/lederme.com.mx\/registro\/producto\/prx-plus-hydrafacial-powered-by-prx-plus\/#breadcrumb"},"inLanguage":"es","potentialAction":[{"@type":"ReadAction","target":["https:\/\/lederme.com.mx\/registro\/producto\/prx-plus-hydrafacial-powered-by-prx-plus\/"]}]},{"@type":"ImageObject","inLanguage":"es","@id":"https:\/\/lederme.com.mx\/registro\/producto\/prx-plus-hydrafacial-powered-by-prx-plus\/#primaryimage","url":"https:\/\/lederme.com.mx\/registro\/wp-content\/uploads\/2026\/04\/PRX-PLUS.jpg","contentUrl":"https:\/\/lederme.com.mx\/registro\/wp-content\/uploads\/2026\/04\/PRX-PLUS.jpg","width":778,"height":1080},{"@type":"BreadcrumbList","@id":"https:\/\/lederme.com.mx\/registro\/producto\/prx-plus-hydrafacial-powered-by-prx-plus\/#breadcrumb","itemListElement":[{"@type":"ListItem","position":1,"name":"Portada","item":"https:\/\/lederme.com.mx\/registro\/"},{"@type":"ListItem","position":2,"name":"Tienda","item":"https:\/\/lederme.com.mx\/registro\/tienda\/"},{"@type":"ListItem","position":3,"name":"PRX-PLUS Hydrafacial POWERED BY PRX-PLUS"}]},{"@type":"WebSite","@id":"https:\/\/lederme.com.mx\/registro\/#website","url":"https:\/\/lederme.com.mx\/registro\/","name":"LeDerme","description":"Agenda tu cita en l\u00ednea","potentialAction":[{"@type":"SearchAction","target":{"@type":"EntryPoint","urlTemplate":"https:\/\/lederme.com.mx\/registro\/?s={search_term_string}"},"query-input":{"@type":"PropertyValueSpecification","valueRequired":true,"valueName":"search_term_string"}}],"inLanguage":"es"}]},"product_price_amount":"2800.00","product_price_currency":"MXN","og_availability":"instock","product_availability":"instock","product_condition":"new"},"_links":{"self":[{"href":"https:\/\/lederme.com.mx\/registro\/wp-json\/wp\/v2\/product\/5651","targetHints":{"allow":["GET"]}}],"collection":[{"href":"https:\/\/lederme.com.mx\/registro\/wp-json\/wp\/v2\/product"}],"about":[{"href":"https:\/\/lederme.com.mx\/registro\/wp-json\/wp\/v2\/types\/product"}],"wp:featuredmedia":[{"embeddable":true,"href":"https:\/\/lederme.com.mx\/registro\/wp-json\/wp\/v2\/media\/5652"}],"wp:attachment":[{"href":"https:\/\/lederme.com.mx\/registro\/wp-json\/wp\/v2\/media?parent=5651"}],"wp:term":[{"taxonomy":"product_brand","embeddable":true,"href":"https:\/\/lederme.com.mx\/registro\/wp-json\/wp\/v2\/product_brand?post=5651"},{"taxonomy":"product_cat","embeddable":true,"href":"https:\/\/lederme.com.mx\/registro\/wp-json\/wp\/v2\/product_cat?post=5651"},{"taxonomy":"product_tag","embeddable":true,"href":"https:\/\/lederme.com.mx\/registro\/wp-json\/wp\/v2\/product_tag?post=5651"}],"curies":[{"name":"wp","href":"https:\/\/api.w.org\/{rel}","templated":true}]}}