{"id":5642,"date":"2026-04-28T11:54:04","date_gmt":"2026-04-28T17:54:04","guid":{"rendered":"https:\/\/lederme.com.mx\/registro\/?post_type=product&#038;p=5642"},"modified":"2026-04-28T12:36:51","modified_gmt":"2026-04-28T18:36:51","slug":"the-recover-eyes-hydrafacial-powered-by-epicutis-lipid-recovery-eyes-mask","status":"publish","type":"product","link":"https:\/\/lederme.com.mx\/registro\/producto\/the-recover-eyes-hydrafacial-powered-by-epicutis-lipid-recovery-eyes-mask\/","title":{"rendered":"THE RECOVER EYES Hydrafacial POWERED BY EPICUTIS LIPID RECOVERY EYES MASK"},"content":{"rendered":"","protected":false},"excerpt":{"rendered":"<p><b>NUEVO THE RECOVER EYES\u2122<\/b><span style=\"font-weight: 400;\">\u00a0 HYDRAFACIAL es el upgrade que tu mirada necesitaba. Este protocolo se enfoca 100% en el contorno de ojos, la zona m\u00e1s delicada y la primera en reflejar cansancio, combinando la limpieza profunda e hidrataci\u00f3n de Hydrafacial con la nutrici\u00f3n intensa de la Epicutis Lipid Recovery Eyes Mask y el efecto sellado de Unictech Eye Mask. \u00bfEl resultado? Ojos que se ven m\u00e1s frescos, suaves y descansados; menos apariencia de ojeras, l\u00edneas y bolsitas, y una piel mucho m\u00e1s hidratada y luminosa desde la primera sesi\u00f3n, junto al glow de limpieza e hidrataci\u00f3n que amamos de Hydrafacial.<\/span><\/p>\n","protected":false},"featured_media":5648,"template":"","meta":[],"product_brand":[],"product_cat":[17],"product_tag":[],"class_list":{"0":"post-5642","1":"product","2":"type-product","3":"status-publish","4":"has-post-thumbnail","6":"product_cat-hydrafacial","8":"first","9":"instock","10":"sale","11":"taxable","12":"shipping-taxable","13":"purchasable","14":"product-type-simple"},"yoast_head":"<!-- This site is optimized with the Yoast SEO Premium plugin v26.9 (Yoast SEO v27.5) - https:\/\/yoast.com\/product\/yoast-seo-premium-wordpress\/ -->\n<title>THE RECOVER EYES Hydrafacial POWERED BY EPICUTIS LIPID RECOVERY EYES MASK - LeDerme<\/title>\n<meta name=\"robots\" content=\"index, follow, max-snippet:-1, max-image-preview:large, max-video-preview:-1\" \/>\n<link rel=\"canonical\" href=\"https:\/\/lederme.com.mx\/registro\/producto\/the-recover-eyes-hydrafacial-powered-by-epicutis-lipid-recovery-eyes-mask\/\" \/>\n<meta property=\"og:locale\" content=\"es_ES\" \/>\n<meta property=\"og:type\" content=\"article\" \/>\n<meta property=\"og:title\" content=\"THE RECOVER EYES Hydrafacial POWERED BY EPICUTIS LIPID RECOVERY EYES MASK\" \/>\n<meta property=\"og:description\" content=\"NUEVO THE RECOVER EYES\u2122\u00a0 HYDRAFACIAL es el upgrade que tu mirada necesitaba. Este protocolo se enfoca 100% en el contorno de ojos, la zona m\u00e1s delicada y la primera en reflejar cansancio, combinando la limpieza profunda e hidrataci\u00f3n de Hydrafacial con la nutrici\u00f3n intensa de la Epicutis Lipid Recovery Eyes Mask y el efecto sellado de Unictech Eye Mask. \u00bfEl resultado? Ojos que se ven m\u00e1s frescos, suaves y descansados; menos apariencia de ojeras, l\u00edneas y bolsitas, y una piel mucho m\u00e1s hidratada y luminosa desde la primera sesi\u00f3n, junto al glow de limpieza e hidrataci\u00f3n que amamos de Hydrafacial.\" \/>\n<meta property=\"og:url\" content=\"https:\/\/lederme.com.mx\/registro\/producto\/the-recover-eyes-hydrafacial-powered-by-epicutis-lipid-recovery-eyes-mask\/\" \/>\n<meta property=\"og:site_name\" content=\"LeDerme\" \/>\n<meta property=\"article:modified_time\" content=\"2026-04-28T18:36:51+00:00\" \/>\n<meta property=\"og:image\" content=\"https:\/\/lederme.com.mx\/registro\/wp-content\/uploads\/2026\/04\/HYDRAFACIAL-EPICUTIS-EYES-1.jpg\" \/>\n\t<meta property=\"og:image:width\" content=\"778\" \/>\n\t<meta property=\"og:image:height\" content=\"1080\" \/>\n\t<meta property=\"og:image:type\" content=\"image\/jpeg\" \/>\n<meta name=\"twitter:card\" content=\"summary_large_image\" \/>\n<meta name=\"twitter:label1\" content=\"Precio\" \/>\n\t<meta name=\"twitter:data1\" content=\"&#036;2,400.00 impuestos incluidos\" \/>\n\t<meta name=\"twitter:label2\" content=\"Disponibilidad\" \/>\n\t<meta name=\"twitter:data2\" content=\"Disponible\" \/>\n<script type=\"application\/ld+json\" class=\"yoast-schema-graph\">{\"@context\":\"https:\\\/\\\/schema.org\",\"@graph\":[{\"@type\":\"WebPage\",\"@id\":\"https:\\\/\\\/lederme.com.mx\\\/registro\\\/producto\\\/the-recover-eyes-hydrafacial-powered-by-epicutis-lipid-recovery-eyes-mask\\\/\",\"url\":\"https:\\\/\\\/lederme.com.mx\\\/registro\\\/producto\\\/the-recover-eyes-hydrafacial-powered-by-epicutis-lipid-recovery-eyes-mask\\\/\",\"name\":\"THE RECOVER EYES Hydrafacial POWERED BY EPICUTIS LIPID RECOVERY EYES MASK - LeDerme\",\"isPartOf\":{\"@id\":\"https:\\\/\\\/lederme.com.mx\\\/registro\\\/#website\"},\"primaryImageOfPage\":{\"@id\":\"https:\\\/\\\/lederme.com.mx\\\/registro\\\/producto\\\/the-recover-eyes-hydrafacial-powered-by-epicutis-lipid-recovery-eyes-mask\\\/#primaryimage\"},\"image\":{\"@id\":\"https:\\\/\\\/lederme.com.mx\\\/registro\\\/producto\\\/the-recover-eyes-hydrafacial-powered-by-epicutis-lipid-recovery-eyes-mask\\\/#primaryimage\"},\"thumbnailUrl\":\"https:\\\/\\\/lederme.com.mx\\\/registro\\\/wp-content\\\/uploads\\\/2026\\\/04\\\/HYDRAFACIAL-EPICUTIS-EYES-1.jpg\",\"datePublished\":\"2026-04-28T17:54:04+00:00\",\"dateModified\":\"2026-04-28T18:36:51+00:00\",\"breadcrumb\":{\"@id\":\"https:\\\/\\\/lederme.com.mx\\\/registro\\\/producto\\\/the-recover-eyes-hydrafacial-powered-by-epicutis-lipid-recovery-eyes-mask\\\/#breadcrumb\"},\"inLanguage\":\"es\",\"potentialAction\":[{\"@type\":\"ReadAction\",\"target\":[\"https:\\\/\\\/lederme.com.mx\\\/registro\\\/producto\\\/the-recover-eyes-hydrafacial-powered-by-epicutis-lipid-recovery-eyes-mask\\\/\"]}]},{\"@type\":\"ImageObject\",\"inLanguage\":\"es\",\"@id\":\"https:\\\/\\\/lederme.com.mx\\\/registro\\\/producto\\\/the-recover-eyes-hydrafacial-powered-by-epicutis-lipid-recovery-eyes-mask\\\/#primaryimage\",\"url\":\"https:\\\/\\\/lederme.com.mx\\\/registro\\\/wp-content\\\/uploads\\\/2026\\\/04\\\/HYDRAFACIAL-EPICUTIS-EYES-1.jpg\",\"contentUrl\":\"https:\\\/\\\/lederme.com.mx\\\/registro\\\/wp-content\\\/uploads\\\/2026\\\/04\\\/HYDRAFACIAL-EPICUTIS-EYES-1.jpg\",\"width\":778,\"height\":1080},{\"@type\":\"BreadcrumbList\",\"@id\":\"https:\\\/\\\/lederme.com.mx\\\/registro\\\/producto\\\/the-recover-eyes-hydrafacial-powered-by-epicutis-lipid-recovery-eyes-mask\\\/#breadcrumb\",\"itemListElement\":[{\"@type\":\"ListItem\",\"position\":1,\"name\":\"Portada\",\"item\":\"https:\\\/\\\/lederme.com.mx\\\/registro\\\/\"},{\"@type\":\"ListItem\",\"position\":2,\"name\":\"Tienda\",\"item\":\"https:\\\/\\\/lederme.com.mx\\\/registro\\\/tienda\\\/\"},{\"@type\":\"ListItem\",\"position\":3,\"name\":\"THE RECOVER EYES Hydrafacial POWERED BY EPICUTIS LIPID RECOVERY EYES MASK\"}]},{\"@type\":\"WebSite\",\"@id\":\"https:\\\/\\\/lederme.com.mx\\\/registro\\\/#website\",\"url\":\"https:\\\/\\\/lederme.com.mx\\\/registro\\\/\",\"name\":\"LeDerme\",\"description\":\"Agenda tu cita en l\u00ednea\",\"potentialAction\":[{\"@type\":\"SearchAction\",\"target\":{\"@type\":\"EntryPoint\",\"urlTemplate\":\"https:\\\/\\\/lederme.com.mx\\\/registro\\\/?s={search_term_string}\"},\"query-input\":{\"@type\":\"PropertyValueSpecification\",\"valueRequired\":true,\"valueName\":\"search_term_string\"}}],\"inLanguage\":\"es\"}]}<\/script>\n<meta property=\"product:price:amount\" content=\"2400.00\" \/>\n<meta property=\"product:price:currency\" content=\"MXN\" \/>\n<meta property=\"og:availability\" content=\"instock\" \/>\n<meta property=\"product:availability\" content=\"instock\" \/>\n<meta property=\"product:condition\" content=\"new\" \/>\n<!-- \/ Yoast SEO Premium plugin. -->","yoast_head_json":{"title":"THE RECOVER EYES Hydrafacial POWERED BY EPICUTIS LIPID RECOVERY EYES MASK - LeDerme","robots":{"index":"index","follow":"follow","max-snippet":"max-snippet:-1","max-image-preview":"max-image-preview:large","max-video-preview":"max-video-preview:-1"},"canonical":"https:\/\/lederme.com.mx\/registro\/producto\/the-recover-eyes-hydrafacial-powered-by-epicutis-lipid-recovery-eyes-mask\/","og_locale":"es_ES","og_type":"article","og_title":"THE RECOVER EYES Hydrafacial POWERED BY EPICUTIS LIPID RECOVERY EYES MASK","og_description":"NUEVO THE RECOVER EYES\u2122\u00a0 HYDRAFACIAL es el upgrade que tu mirada necesitaba. Este protocolo se enfoca 100% en el contorno de ojos, la zona m\u00e1s delicada y la primera en reflejar cansancio, combinando la limpieza profunda e hidrataci\u00f3n de Hydrafacial con la nutrici\u00f3n intensa de la Epicutis Lipid Recovery Eyes Mask y el efecto sellado de Unictech Eye Mask. \u00bfEl resultado? Ojos que se ven m\u00e1s frescos, suaves y descansados; menos apariencia de ojeras, l\u00edneas y bolsitas, y una piel mucho m\u00e1s hidratada y luminosa desde la primera sesi\u00f3n, junto al glow de limpieza e hidrataci\u00f3n que amamos de Hydrafacial.","og_url":"https:\/\/lederme.com.mx\/registro\/producto\/the-recover-eyes-hydrafacial-powered-by-epicutis-lipid-recovery-eyes-mask\/","og_site_name":"LeDerme","article_modified_time":"2026-04-28T18:36:51+00:00","og_image":[{"width":778,"height":1080,"url":"https:\/\/lederme.com.mx\/registro\/wp-content\/uploads\/2026\/04\/HYDRAFACIAL-EPICUTIS-EYES-1.jpg","type":"image\/jpeg"}],"twitter_card":"summary_large_image","twitter_misc":{"Precio":"&#36;2,400.00 impuestos incluidos","Disponibilidad":"Disponible"},"schema":{"@context":"https:\/\/schema.org","@graph":[{"@type":"WebPage","@id":"https:\/\/lederme.com.mx\/registro\/producto\/the-recover-eyes-hydrafacial-powered-by-epicutis-lipid-recovery-eyes-mask\/","url":"https:\/\/lederme.com.mx\/registro\/producto\/the-recover-eyes-hydrafacial-powered-by-epicutis-lipid-recovery-eyes-mask\/","name":"THE RECOVER EYES Hydrafacial POWERED BY EPICUTIS LIPID RECOVERY EYES MASK - LeDerme","isPartOf":{"@id":"https:\/\/lederme.com.mx\/registro\/#website"},"primaryImageOfPage":{"@id":"https:\/\/lederme.com.mx\/registro\/producto\/the-recover-eyes-hydrafacial-powered-by-epicutis-lipid-recovery-eyes-mask\/#primaryimage"},"image":{"@id":"https:\/\/lederme.com.mx\/registro\/producto\/the-recover-eyes-hydrafacial-powered-by-epicutis-lipid-recovery-eyes-mask\/#primaryimage"},"thumbnailUrl":"https:\/\/lederme.com.mx\/registro\/wp-content\/uploads\/2026\/04\/HYDRAFACIAL-EPICUTIS-EYES-1.jpg","datePublished":"2026-04-28T17:54:04+00:00","dateModified":"2026-04-28T18:36:51+00:00","breadcrumb":{"@id":"https:\/\/lederme.com.mx\/registro\/producto\/the-recover-eyes-hydrafacial-powered-by-epicutis-lipid-recovery-eyes-mask\/#breadcrumb"},"inLanguage":"es","potentialAction":[{"@type":"ReadAction","target":["https:\/\/lederme.com.mx\/registro\/producto\/the-recover-eyes-hydrafacial-powered-by-epicutis-lipid-recovery-eyes-mask\/"]}]},{"@type":"ImageObject","inLanguage":"es","@id":"https:\/\/lederme.com.mx\/registro\/producto\/the-recover-eyes-hydrafacial-powered-by-epicutis-lipid-recovery-eyes-mask\/#primaryimage","url":"https:\/\/lederme.com.mx\/registro\/wp-content\/uploads\/2026\/04\/HYDRAFACIAL-EPICUTIS-EYES-1.jpg","contentUrl":"https:\/\/lederme.com.mx\/registro\/wp-content\/uploads\/2026\/04\/HYDRAFACIAL-EPICUTIS-EYES-1.jpg","width":778,"height":1080},{"@type":"BreadcrumbList","@id":"https:\/\/lederme.com.mx\/registro\/producto\/the-recover-eyes-hydrafacial-powered-by-epicutis-lipid-recovery-eyes-mask\/#breadcrumb","itemListElement":[{"@type":"ListItem","position":1,"name":"Portada","item":"https:\/\/lederme.com.mx\/registro\/"},{"@type":"ListItem","position":2,"name":"Tienda","item":"https:\/\/lederme.com.mx\/registro\/tienda\/"},{"@type":"ListItem","position":3,"name":"THE RECOVER EYES Hydrafacial POWERED BY EPICUTIS LIPID RECOVERY EYES MASK"}]},{"@type":"WebSite","@id":"https:\/\/lederme.com.mx\/registro\/#website","url":"https:\/\/lederme.com.mx\/registro\/","name":"LeDerme","description":"Agenda tu cita en l\u00ednea","potentialAction":[{"@type":"SearchAction","target":{"@type":"EntryPoint","urlTemplate":"https:\/\/lederme.com.mx\/registro\/?s={search_term_string}"},"query-input":{"@type":"PropertyValueSpecification","valueRequired":true,"valueName":"search_term_string"}}],"inLanguage":"es"}]},"product_price_amount":"2400.00","product_price_currency":"MXN","og_availability":"instock","product_availability":"instock","product_condition":"new"},"_links":{"self":[{"href":"https:\/\/lederme.com.mx\/registro\/wp-json\/wp\/v2\/product\/5642","targetHints":{"allow":["GET"]}}],"collection":[{"href":"https:\/\/lederme.com.mx\/registro\/wp-json\/wp\/v2\/product"}],"about":[{"href":"https:\/\/lederme.com.mx\/registro\/wp-json\/wp\/v2\/types\/product"}],"wp:featuredmedia":[{"embeddable":true,"href":"https:\/\/lederme.com.mx\/registro\/wp-json\/wp\/v2\/media\/5648"}],"wp:attachment":[{"href":"https:\/\/lederme.com.mx\/registro\/wp-json\/wp\/v2\/media?parent=5642"}],"wp:term":[{"taxonomy":"product_brand","embeddable":true,"href":"https:\/\/lederme.com.mx\/registro\/wp-json\/wp\/v2\/product_brand?post=5642"},{"taxonomy":"product_cat","embeddable":true,"href":"https:\/\/lederme.com.mx\/registro\/wp-json\/wp\/v2\/product_cat?post=5642"},{"taxonomy":"product_tag","embeddable":true,"href":"https:\/\/lederme.com.mx\/registro\/wp-json\/wp\/v2\/product_tag?post=5642"}],"curies":[{"name":"wp","href":"https:\/\/api.w.org\/{rel}","templated":true}]}}