{"id":5291,"date":"2026-03-15T17:54:47","date_gmt":"2026-03-15T23:54:47","guid":{"rendered":"https:\/\/lederme.com.mx\/registro\/?post_type=product&#038;p=5291"},"modified":"2026-03-15T17:55:51","modified_gmt":"2026-03-15T23:55:51","slug":"new-renew-recover-rostro-cuello-y-escote","status":"publish","type":"product","link":"https:\/\/lederme.com.mx\/registro\/producto\/new-renew-recover-rostro-cuello-y-escote\/","title":{"rendered":"NEW RENEW &#038; RECOVER: ROSTRO, CUELLO Y ESCOTE"},"content":{"rendered":"","protected":false},"excerpt":{"rendered":"<p><span style=\"font-weight: 400;\">Experiencia cl\u00ednica calmante y reparadora desarrollada con biotecnolog\u00eda EPICUTIS, dise\u00f1ada para restaurar la barrera cut\u00e1nea y el manto lip\u00eddico de la piel. Este protocolo trabaja en rostro, cuello y escote para <\/span><b>calmar, hidratar profundamente y devolver luminosidad inmediata<\/b><span style=\"font-weight: 400;\">, dejando la piel visiblemente m\u00e1s equilibrada, suave y saludable.<\/span><\/p>\n<ul>\n<li><span style=\"font-weight: 400;\"> Repara y fortalece la barrera cut\u00e1nea<\/span><\/li>\n<li><span style=\"font-weight: 400;\"> Calma y desinflama la piel<\/span><\/li>\n<li><span style=\"font-weight: 400;\"> Hidrata profundamente<\/span><\/li>\n<li><span style=\"font-weight: 400;\"> Mejora textura y luminosidad<\/span><\/li>\n<li><span style=\"font-weight: 400;\"> Aporta <\/span><b>glow inmediato y piel visiblemente m\u00e1s saludable<\/b><\/li>\n<\/ul>\n","protected":false},"featured_media":5292,"template":"","meta":[],"product_brand":[],"product_cat":[20],"product_tag":[],"class_list":{"0":"post-5291","1":"product","2":"type-product","3":"status-publish","4":"has-post-thumbnail","6":"product_cat-faciales-clinicos","8":"first","9":"instock","10":"sale","11":"taxable","12":"shipping-taxable","13":"purchasable","14":"product-type-simple"},"yoast_head":"<!-- This site is optimized with the Yoast SEO Premium plugin v26.9 (Yoast SEO v27.3) - https:\/\/yoast.com\/product\/yoast-seo-premium-wordpress\/ -->\n<title>NEW RENEW &amp; RECOVER: ROSTRO, CUELLO Y ESCOTE - LeDerme<\/title>\n<meta name=\"robots\" content=\"index, follow, max-snippet:-1, max-image-preview:large, max-video-preview:-1\" \/>\n<link rel=\"canonical\" href=\"https:\/\/lederme.com.mx\/registro\/producto\/new-renew-recover-rostro-cuello-y-escote\/\" \/>\n<meta property=\"og:locale\" content=\"es_ES\" \/>\n<meta property=\"og:type\" content=\"article\" \/>\n<meta property=\"og:title\" content=\"NEW RENEW &amp; RECOVER: ROSTRO, CUELLO Y ESCOTE\" \/>\n<meta property=\"og:description\" content=\"Experiencia cl\u00ednica calmante y reparadora desarrollada con biotecnolog\u00eda EPICUTIS, dise\u00f1ada para restaurar la barrera cut\u00e1nea y el manto lip\u00eddico de la piel. Este protocolo trabaja en rostro, cuello y escote para calmar, hidratar profundamente y devolver luminosidad inmediata, dejando la piel visiblemente m\u00e1s equilibrada, suave y saludable.    Repara y fortalece la barrera cut\u00e1nea   Calma y desinflama la piel   Hidrata profundamente   Mejora textura y luminosidad   Aporta glow inmediato y piel visiblemente m\u00e1s saludable\" \/>\n<meta property=\"og:url\" content=\"https:\/\/lederme.com.mx\/registro\/producto\/new-renew-recover-rostro-cuello-y-escote\/\" \/>\n<meta property=\"og:site_name\" content=\"LeDerme\" \/>\n<meta property=\"article:modified_time\" content=\"2026-03-15T23:55:51+00:00\" \/>\n<meta property=\"og:image\" content=\"https:\/\/lederme.com.mx\/registro\/wp-content\/uploads\/2026\/03\/RENEWRECOVER2.jpg\" \/>\n\t<meta property=\"og:image:width\" content=\"778\" \/>\n\t<meta property=\"og:image:height\" content=\"1080\" \/>\n\t<meta property=\"og:image:type\" content=\"image\/jpeg\" \/>\n<meta name=\"twitter:card\" content=\"summary_large_image\" \/>\n<meta name=\"twitter:label1\" content=\"Precio\" \/>\n\t<meta name=\"twitter:data1\" content=\"&#036;1,950.00 impuestos incluidos\" \/>\n\t<meta name=\"twitter:label2\" content=\"Disponibilidad\" \/>\n\t<meta name=\"twitter:data2\" content=\"Disponible\" \/>\n<script type=\"application\/ld+json\" class=\"yoast-schema-graph\">{\"@context\":\"https:\\\/\\\/schema.org\",\"@graph\":[{\"@type\":\"WebPage\",\"@id\":\"https:\\\/\\\/lederme.com.mx\\\/registro\\\/producto\\\/new-renew-recover-rostro-cuello-y-escote\\\/\",\"url\":\"https:\\\/\\\/lederme.com.mx\\\/registro\\\/producto\\\/new-renew-recover-rostro-cuello-y-escote\\\/\",\"name\":\"NEW RENEW & RECOVER: ROSTRO, CUELLO Y ESCOTE - LeDerme\",\"isPartOf\":{\"@id\":\"https:\\\/\\\/lederme.com.mx\\\/registro\\\/#website\"},\"primaryImageOfPage\":{\"@id\":\"https:\\\/\\\/lederme.com.mx\\\/registro\\\/producto\\\/new-renew-recover-rostro-cuello-y-escote\\\/#primaryimage\"},\"image\":{\"@id\":\"https:\\\/\\\/lederme.com.mx\\\/registro\\\/producto\\\/new-renew-recover-rostro-cuello-y-escote\\\/#primaryimage\"},\"thumbnailUrl\":\"https:\\\/\\\/lederme.com.mx\\\/registro\\\/wp-content\\\/uploads\\\/2026\\\/03\\\/RENEWRECOVER2.jpg\",\"datePublished\":\"2026-03-15T23:54:47+00:00\",\"dateModified\":\"2026-03-15T23:55:51+00:00\",\"breadcrumb\":{\"@id\":\"https:\\\/\\\/lederme.com.mx\\\/registro\\\/producto\\\/new-renew-recover-rostro-cuello-y-escote\\\/#breadcrumb\"},\"inLanguage\":\"es\",\"potentialAction\":[{\"@type\":\"ReadAction\",\"target\":[\"https:\\\/\\\/lederme.com.mx\\\/registro\\\/producto\\\/new-renew-recover-rostro-cuello-y-escote\\\/\"]}]},{\"@type\":\"ImageObject\",\"inLanguage\":\"es\",\"@id\":\"https:\\\/\\\/lederme.com.mx\\\/registro\\\/producto\\\/new-renew-recover-rostro-cuello-y-escote\\\/#primaryimage\",\"url\":\"https:\\\/\\\/lederme.com.mx\\\/registro\\\/wp-content\\\/uploads\\\/2026\\\/03\\\/RENEWRECOVER2.jpg\",\"contentUrl\":\"https:\\\/\\\/lederme.com.mx\\\/registro\\\/wp-content\\\/uploads\\\/2026\\\/03\\\/RENEWRECOVER2.jpg\",\"width\":778,\"height\":1080},{\"@type\":\"BreadcrumbList\",\"@id\":\"https:\\\/\\\/lederme.com.mx\\\/registro\\\/producto\\\/new-renew-recover-rostro-cuello-y-escote\\\/#breadcrumb\",\"itemListElement\":[{\"@type\":\"ListItem\",\"position\":1,\"name\":\"Portada\",\"item\":\"https:\\\/\\\/lederme.com.mx\\\/registro\\\/\"},{\"@type\":\"ListItem\",\"position\":2,\"name\":\"Tienda\",\"item\":\"https:\\\/\\\/lederme.com.mx\\\/registro\\\/tienda\\\/\"},{\"@type\":\"ListItem\",\"position\":3,\"name\":\"NEW RENEW &#038; RECOVER: ROSTRO, CUELLO Y ESCOTE\"}]},{\"@type\":\"WebSite\",\"@id\":\"https:\\\/\\\/lederme.com.mx\\\/registro\\\/#website\",\"url\":\"https:\\\/\\\/lederme.com.mx\\\/registro\\\/\",\"name\":\"LeDerme\",\"description\":\"Agenda tu cita en l\u00ednea\",\"potentialAction\":[{\"@type\":\"SearchAction\",\"target\":{\"@type\":\"EntryPoint\",\"urlTemplate\":\"https:\\\/\\\/lederme.com.mx\\\/registro\\\/?s={search_term_string}\"},\"query-input\":{\"@type\":\"PropertyValueSpecification\",\"valueRequired\":true,\"valueName\":\"search_term_string\"}}],\"inLanguage\":\"es\"}]}<\/script>\n<meta property=\"product:price:amount\" content=\"1950.00\" \/>\n<meta property=\"product:price:currency\" content=\"MXN\" \/>\n<meta property=\"og:availability\" content=\"instock\" \/>\n<meta property=\"product:availability\" content=\"instock\" \/>\n<meta property=\"product:condition\" content=\"new\" \/>\n<!-- \/ Yoast SEO Premium plugin. -->","yoast_head_json":{"title":"NEW RENEW & RECOVER: ROSTRO, CUELLO Y ESCOTE - LeDerme","robots":{"index":"index","follow":"follow","max-snippet":"max-snippet:-1","max-image-preview":"max-image-preview:large","max-video-preview":"max-video-preview:-1"},"canonical":"https:\/\/lederme.com.mx\/registro\/producto\/new-renew-recover-rostro-cuello-y-escote\/","og_locale":"es_ES","og_type":"article","og_title":"NEW RENEW & RECOVER: ROSTRO, CUELLO Y ESCOTE","og_description":"Experiencia cl\u00ednica calmante y reparadora desarrollada con biotecnolog\u00eda EPICUTIS, dise\u00f1ada para restaurar la barrera cut\u00e1nea y el manto lip\u00eddico de la piel. Este protocolo trabaja en rostro, cuello y escote para calmar, hidratar profundamente y devolver luminosidad inmediata, dejando la piel visiblemente m\u00e1s equilibrada, suave y saludable.    Repara y fortalece la barrera cut\u00e1nea   Calma y desinflama la piel   Hidrata profundamente   Mejora textura y luminosidad   Aporta glow inmediato y piel visiblemente m\u00e1s saludable","og_url":"https:\/\/lederme.com.mx\/registro\/producto\/new-renew-recover-rostro-cuello-y-escote\/","og_site_name":"LeDerme","article_modified_time":"2026-03-15T23:55:51+00:00","og_image":[{"width":778,"height":1080,"url":"https:\/\/lederme.com.mx\/registro\/wp-content\/uploads\/2026\/03\/RENEWRECOVER2.jpg","type":"image\/jpeg"}],"twitter_card":"summary_large_image","twitter_misc":{"Precio":"&#36;1,950.00 impuestos incluidos","Disponibilidad":"Disponible"},"schema":{"@context":"https:\/\/schema.org","@graph":[{"@type":"WebPage","@id":"https:\/\/lederme.com.mx\/registro\/producto\/new-renew-recover-rostro-cuello-y-escote\/","url":"https:\/\/lederme.com.mx\/registro\/producto\/new-renew-recover-rostro-cuello-y-escote\/","name":"NEW RENEW & RECOVER: ROSTRO, CUELLO Y ESCOTE - LeDerme","isPartOf":{"@id":"https:\/\/lederme.com.mx\/registro\/#website"},"primaryImageOfPage":{"@id":"https:\/\/lederme.com.mx\/registro\/producto\/new-renew-recover-rostro-cuello-y-escote\/#primaryimage"},"image":{"@id":"https:\/\/lederme.com.mx\/registro\/producto\/new-renew-recover-rostro-cuello-y-escote\/#primaryimage"},"thumbnailUrl":"https:\/\/lederme.com.mx\/registro\/wp-content\/uploads\/2026\/03\/RENEWRECOVER2.jpg","datePublished":"2026-03-15T23:54:47+00:00","dateModified":"2026-03-15T23:55:51+00:00","breadcrumb":{"@id":"https:\/\/lederme.com.mx\/registro\/producto\/new-renew-recover-rostro-cuello-y-escote\/#breadcrumb"},"inLanguage":"es","potentialAction":[{"@type":"ReadAction","target":["https:\/\/lederme.com.mx\/registro\/producto\/new-renew-recover-rostro-cuello-y-escote\/"]}]},{"@type":"ImageObject","inLanguage":"es","@id":"https:\/\/lederme.com.mx\/registro\/producto\/new-renew-recover-rostro-cuello-y-escote\/#primaryimage","url":"https:\/\/lederme.com.mx\/registro\/wp-content\/uploads\/2026\/03\/RENEWRECOVER2.jpg","contentUrl":"https:\/\/lederme.com.mx\/registro\/wp-content\/uploads\/2026\/03\/RENEWRECOVER2.jpg","width":778,"height":1080},{"@type":"BreadcrumbList","@id":"https:\/\/lederme.com.mx\/registro\/producto\/new-renew-recover-rostro-cuello-y-escote\/#breadcrumb","itemListElement":[{"@type":"ListItem","position":1,"name":"Portada","item":"https:\/\/lederme.com.mx\/registro\/"},{"@type":"ListItem","position":2,"name":"Tienda","item":"https:\/\/lederme.com.mx\/registro\/tienda\/"},{"@type":"ListItem","position":3,"name":"NEW RENEW &#038; RECOVER: ROSTRO, CUELLO Y ESCOTE"}]},{"@type":"WebSite","@id":"https:\/\/lederme.com.mx\/registro\/#website","url":"https:\/\/lederme.com.mx\/registro\/","name":"LeDerme","description":"Agenda tu cita en l\u00ednea","potentialAction":[{"@type":"SearchAction","target":{"@type":"EntryPoint","urlTemplate":"https:\/\/lederme.com.mx\/registro\/?s={search_term_string}"},"query-input":{"@type":"PropertyValueSpecification","valueRequired":true,"valueName":"search_term_string"}}],"inLanguage":"es"}]},"product_price_amount":"1950.00","product_price_currency":"MXN","og_availability":"instock","product_availability":"instock","product_condition":"new"},"_links":{"self":[{"href":"https:\/\/lederme.com.mx\/registro\/wp-json\/wp\/v2\/product\/5291","targetHints":{"allow":["GET"]}}],"collection":[{"href":"https:\/\/lederme.com.mx\/registro\/wp-json\/wp\/v2\/product"}],"about":[{"href":"https:\/\/lederme.com.mx\/registro\/wp-json\/wp\/v2\/types\/product"}],"wp:featuredmedia":[{"embeddable":true,"href":"https:\/\/lederme.com.mx\/registro\/wp-json\/wp\/v2\/media\/5292"}],"wp:attachment":[{"href":"https:\/\/lederme.com.mx\/registro\/wp-json\/wp\/v2\/media?parent=5291"}],"wp:term":[{"taxonomy":"product_brand","embeddable":true,"href":"https:\/\/lederme.com.mx\/registro\/wp-json\/wp\/v2\/product_brand?post=5291"},{"taxonomy":"product_cat","embeddable":true,"href":"https:\/\/lederme.com.mx\/registro\/wp-json\/wp\/v2\/product_cat?post=5291"},{"taxonomy":"product_tag","embeddable":true,"href":"https:\/\/lederme.com.mx\/registro\/wp-json\/wp\/v2\/product_tag?post=5291"}],"curies":[{"name":"wp","href":"https:\/\/api.w.org\/{rel}","templated":true}]}}