{"id":4905,"date":"2026-01-30T11:52:04","date_gmt":"2026-01-30T17:52:04","guid":{"rendered":"https:\/\/lederme.com.mx\/registro\/?post_type=product&#038;p=4905"},"modified":"2026-03-15T19:35:53","modified_gmt":"2026-03-16T01:35:53","slug":"fire-frost-facial-glacial-fx-fire-ice-isclinical","status":"publish","type":"product","link":"https:\/\/lederme.com.mx\/registro\/producto\/fire-frost-facial-glacial-fx-fire-ice-isclinical\/","title":{"rendered":"FIRE &#038; FROST FACIAL ( GLACIAL FX + FIRE &#038; ICE ISCLINICAL )"},"content":{"rendered":"","protected":false},"excerpt":{"rendered":"<p data-start=\"145\" data-end=\"298\">Lleg\u00f3 la combinaci\u00f3n ideal para revitalizar tu piel de forma inmediata, combinando renovaci\u00f3n activa y enfriamiento controlado en una sola experiencia.<\/p>\n<p data-start=\"300\" data-end=\"514\">Nuestro Fire &amp; Ice Facial by iS Clinical estimula la piel, mejora la textura y potencia la luminosidad, mientras Glacial FX aporta un efecto calmante y descongestivo que equilibra, refresca y sella el glow final.<\/p>\n<p data-start=\"516\" data-end=\"675\">Ideal para quienes buscan una piel m\u00e1s luminosa, uniforme y fresca al instante, sin tiempo de recuperaci\u00f3n, con el acabado pulido caracter\u00edstico de Le Derme.<\/p>\n<p data-start=\"677\" data-end=\"684\">50 MINS<\/p>\n","protected":false},"featured_media":5280,"template":"","meta":[],"product_brand":[],"product_cat":[23],"product_tag":[],"class_list":{"0":"post-4905","1":"product","2":"type-product","3":"status-publish","4":"has-post-thumbnail","6":"product_cat-glacial-fx","8":"first","9":"instock","10":"sale","11":"taxable","12":"shipping-taxable","13":"purchasable","14":"product-type-simple"},"yoast_head":"<!-- This site is optimized with the Yoast SEO Premium plugin v26.9 (Yoast SEO v27.3) - https:\/\/yoast.com\/product\/yoast-seo-premium-wordpress\/ -->\n<title>FIRE &amp; FROST FACIAL ( GLACIAL FX + FIRE &amp; ICE ISCLINICAL ) - LeDerme<\/title>\n<meta name=\"robots\" content=\"index, follow, max-snippet:-1, max-image-preview:large, max-video-preview:-1\" \/>\n<link rel=\"canonical\" href=\"https:\/\/lederme.com.mx\/registro\/producto\/fire-frost-facial-glacial-fx-fire-ice-isclinical\/\" \/>\n<meta property=\"og:locale\" content=\"es_ES\" \/>\n<meta property=\"og:type\" content=\"article\" \/>\n<meta property=\"og:title\" content=\"FIRE &amp; FROST FACIAL ( GLACIAL FX + FIRE &amp; ICE ISCLINICAL )\" \/>\n<meta property=\"og:description\" content=\"Lleg\u00f3 la combinaci\u00f3n ideal para revitalizar tu piel de forma inmediata, combinando renovaci\u00f3n activa y enfriamiento controlado en una sola experiencia. Nuestro Fire &amp; Ice Facial by iS Clinical estimula la piel, mejora la textura y potencia la luminosidad, mientras Glacial FX aporta un efecto calmante y descongestivo que equilibra, refresca y sella el glow final. Ideal para quienes buscan una piel m\u00e1s luminosa, uniforme y fresca al instante, sin tiempo de recuperaci\u00f3n, con el acabado pulido caracter\u00edstico de Le Derme. 50 MINS\" \/>\n<meta property=\"og:url\" content=\"https:\/\/lederme.com.mx\/registro\/producto\/fire-frost-facial-glacial-fx-fire-ice-isclinical\/\" \/>\n<meta property=\"og:site_name\" content=\"LeDerme\" \/>\n<meta property=\"article:modified_time\" content=\"2026-03-16T01:35:53+00:00\" \/>\n<meta property=\"og:image\" content=\"https:\/\/lederme.com.mx\/registro\/wp-content\/uploads\/2026\/03\/FIREANDFROST.jpg\" \/>\n\t<meta property=\"og:image:width\" content=\"778\" \/>\n\t<meta property=\"og:image:height\" content=\"1080\" \/>\n\t<meta property=\"og:image:type\" content=\"image\/jpeg\" \/>\n<meta name=\"twitter:card\" content=\"summary_large_image\" \/>\n<meta name=\"twitter:label1\" content=\"Precio\" \/>\n\t<meta name=\"twitter:data1\" content=\"&#036;1,950.00 impuestos incluidos\" \/>\n\t<meta name=\"twitter:label2\" content=\"Disponibilidad\" \/>\n\t<meta name=\"twitter:data2\" content=\"Disponible\" \/>\n<script type=\"application\/ld+json\" class=\"yoast-schema-graph\">{\"@context\":\"https:\\\/\\\/schema.org\",\"@graph\":[{\"@type\":\"WebPage\",\"@id\":\"https:\\\/\\\/lederme.com.mx\\\/registro\\\/producto\\\/fire-frost-facial-glacial-fx-fire-ice-isclinical\\\/\",\"url\":\"https:\\\/\\\/lederme.com.mx\\\/registro\\\/producto\\\/fire-frost-facial-glacial-fx-fire-ice-isclinical\\\/\",\"name\":\"FIRE & FROST FACIAL ( GLACIAL FX + FIRE & ICE ISCLINICAL ) - LeDerme\",\"isPartOf\":{\"@id\":\"https:\\\/\\\/lederme.com.mx\\\/registro\\\/#website\"},\"primaryImageOfPage\":{\"@id\":\"https:\\\/\\\/lederme.com.mx\\\/registro\\\/producto\\\/fire-frost-facial-glacial-fx-fire-ice-isclinical\\\/#primaryimage\"},\"image\":{\"@id\":\"https:\\\/\\\/lederme.com.mx\\\/registro\\\/producto\\\/fire-frost-facial-glacial-fx-fire-ice-isclinical\\\/#primaryimage\"},\"thumbnailUrl\":\"https:\\\/\\\/lederme.com.mx\\\/registro\\\/wp-content\\\/uploads\\\/2026\\\/03\\\/FIREANDFROST.jpg\",\"datePublished\":\"2026-01-30T17:52:04+00:00\",\"dateModified\":\"2026-03-16T01:35:53+00:00\",\"breadcrumb\":{\"@id\":\"https:\\\/\\\/lederme.com.mx\\\/registro\\\/producto\\\/fire-frost-facial-glacial-fx-fire-ice-isclinical\\\/#breadcrumb\"},\"inLanguage\":\"es\",\"potentialAction\":[{\"@type\":\"ReadAction\",\"target\":[\"https:\\\/\\\/lederme.com.mx\\\/registro\\\/producto\\\/fire-frost-facial-glacial-fx-fire-ice-isclinical\\\/\"]}]},{\"@type\":\"ImageObject\",\"inLanguage\":\"es\",\"@id\":\"https:\\\/\\\/lederme.com.mx\\\/registro\\\/producto\\\/fire-frost-facial-glacial-fx-fire-ice-isclinical\\\/#primaryimage\",\"url\":\"https:\\\/\\\/lederme.com.mx\\\/registro\\\/wp-content\\\/uploads\\\/2026\\\/03\\\/FIREANDFROST.jpg\",\"contentUrl\":\"https:\\\/\\\/lederme.com.mx\\\/registro\\\/wp-content\\\/uploads\\\/2026\\\/03\\\/FIREANDFROST.jpg\",\"width\":778,\"height\":1080},{\"@type\":\"BreadcrumbList\",\"@id\":\"https:\\\/\\\/lederme.com.mx\\\/registro\\\/producto\\\/fire-frost-facial-glacial-fx-fire-ice-isclinical\\\/#breadcrumb\",\"itemListElement\":[{\"@type\":\"ListItem\",\"position\":1,\"name\":\"Portada\",\"item\":\"https:\\\/\\\/lederme.com.mx\\\/registro\\\/\"},{\"@type\":\"ListItem\",\"position\":2,\"name\":\"Tienda\",\"item\":\"https:\\\/\\\/lederme.com.mx\\\/registro\\\/tienda\\\/\"},{\"@type\":\"ListItem\",\"position\":3,\"name\":\"FIRE &#038; FROST FACIAL ( GLACIAL FX + FIRE &#038; ICE ISCLINICAL )\"}]},{\"@type\":\"WebSite\",\"@id\":\"https:\\\/\\\/lederme.com.mx\\\/registro\\\/#website\",\"url\":\"https:\\\/\\\/lederme.com.mx\\\/registro\\\/\",\"name\":\"LeDerme\",\"description\":\"Agenda tu cita en l\u00ednea\",\"potentialAction\":[{\"@type\":\"SearchAction\",\"target\":{\"@type\":\"EntryPoint\",\"urlTemplate\":\"https:\\\/\\\/lederme.com.mx\\\/registro\\\/?s={search_term_string}\"},\"query-input\":{\"@type\":\"PropertyValueSpecification\",\"valueRequired\":true,\"valueName\":\"search_term_string\"}}],\"inLanguage\":\"es\"}]}<\/script>\n<meta property=\"product:price:amount\" content=\"1950.00\" \/>\n<meta property=\"product:price:currency\" content=\"MXN\" \/>\n<meta property=\"og:availability\" content=\"instock\" \/>\n<meta property=\"product:availability\" content=\"instock\" \/>\n<meta property=\"product:condition\" content=\"new\" \/>\n<!-- \/ Yoast SEO Premium plugin. -->","yoast_head_json":{"title":"FIRE & FROST FACIAL ( GLACIAL FX + FIRE & ICE ISCLINICAL ) - LeDerme","robots":{"index":"index","follow":"follow","max-snippet":"max-snippet:-1","max-image-preview":"max-image-preview:large","max-video-preview":"max-video-preview:-1"},"canonical":"https:\/\/lederme.com.mx\/registro\/producto\/fire-frost-facial-glacial-fx-fire-ice-isclinical\/","og_locale":"es_ES","og_type":"article","og_title":"FIRE & FROST FACIAL ( GLACIAL FX + FIRE & ICE ISCLINICAL )","og_description":"Lleg\u00f3 la combinaci\u00f3n ideal para revitalizar tu piel de forma inmediata, combinando renovaci\u00f3n activa y enfriamiento controlado en una sola experiencia. Nuestro Fire &amp; Ice Facial by iS Clinical estimula la piel, mejora la textura y potencia la luminosidad, mientras Glacial FX aporta un efecto calmante y descongestivo que equilibra, refresca y sella el glow final. Ideal para quienes buscan una piel m\u00e1s luminosa, uniforme y fresca al instante, sin tiempo de recuperaci\u00f3n, con el acabado pulido caracter\u00edstico de Le Derme. 50 MINS","og_url":"https:\/\/lederme.com.mx\/registro\/producto\/fire-frost-facial-glacial-fx-fire-ice-isclinical\/","og_site_name":"LeDerme","article_modified_time":"2026-03-16T01:35:53+00:00","og_image":[{"width":778,"height":1080,"url":"https:\/\/lederme.com.mx\/registro\/wp-content\/uploads\/2026\/03\/FIREANDFROST.jpg","type":"image\/jpeg"}],"twitter_card":"summary_large_image","twitter_misc":{"Precio":"&#36;1,950.00 impuestos incluidos","Disponibilidad":"Disponible"},"schema":{"@context":"https:\/\/schema.org","@graph":[{"@type":"WebPage","@id":"https:\/\/lederme.com.mx\/registro\/producto\/fire-frost-facial-glacial-fx-fire-ice-isclinical\/","url":"https:\/\/lederme.com.mx\/registro\/producto\/fire-frost-facial-glacial-fx-fire-ice-isclinical\/","name":"FIRE & FROST FACIAL ( GLACIAL FX + FIRE & ICE ISCLINICAL ) - LeDerme","isPartOf":{"@id":"https:\/\/lederme.com.mx\/registro\/#website"},"primaryImageOfPage":{"@id":"https:\/\/lederme.com.mx\/registro\/producto\/fire-frost-facial-glacial-fx-fire-ice-isclinical\/#primaryimage"},"image":{"@id":"https:\/\/lederme.com.mx\/registro\/producto\/fire-frost-facial-glacial-fx-fire-ice-isclinical\/#primaryimage"},"thumbnailUrl":"https:\/\/lederme.com.mx\/registro\/wp-content\/uploads\/2026\/03\/FIREANDFROST.jpg","datePublished":"2026-01-30T17:52:04+00:00","dateModified":"2026-03-16T01:35:53+00:00","breadcrumb":{"@id":"https:\/\/lederme.com.mx\/registro\/producto\/fire-frost-facial-glacial-fx-fire-ice-isclinical\/#breadcrumb"},"inLanguage":"es","potentialAction":[{"@type":"ReadAction","target":["https:\/\/lederme.com.mx\/registro\/producto\/fire-frost-facial-glacial-fx-fire-ice-isclinical\/"]}]},{"@type":"ImageObject","inLanguage":"es","@id":"https:\/\/lederme.com.mx\/registro\/producto\/fire-frost-facial-glacial-fx-fire-ice-isclinical\/#primaryimage","url":"https:\/\/lederme.com.mx\/registro\/wp-content\/uploads\/2026\/03\/FIREANDFROST.jpg","contentUrl":"https:\/\/lederme.com.mx\/registro\/wp-content\/uploads\/2026\/03\/FIREANDFROST.jpg","width":778,"height":1080},{"@type":"BreadcrumbList","@id":"https:\/\/lederme.com.mx\/registro\/producto\/fire-frost-facial-glacial-fx-fire-ice-isclinical\/#breadcrumb","itemListElement":[{"@type":"ListItem","position":1,"name":"Portada","item":"https:\/\/lederme.com.mx\/registro\/"},{"@type":"ListItem","position":2,"name":"Tienda","item":"https:\/\/lederme.com.mx\/registro\/tienda\/"},{"@type":"ListItem","position":3,"name":"FIRE &#038; FROST FACIAL ( GLACIAL FX + FIRE &#038; ICE ISCLINICAL )"}]},{"@type":"WebSite","@id":"https:\/\/lederme.com.mx\/registro\/#website","url":"https:\/\/lederme.com.mx\/registro\/","name":"LeDerme","description":"Agenda tu cita en l\u00ednea","potentialAction":[{"@type":"SearchAction","target":{"@type":"EntryPoint","urlTemplate":"https:\/\/lederme.com.mx\/registro\/?s={search_term_string}"},"query-input":{"@type":"PropertyValueSpecification","valueRequired":true,"valueName":"search_term_string"}}],"inLanguage":"es"}]},"product_price_amount":"1950.00","product_price_currency":"MXN","og_availability":"instock","product_availability":"instock","product_condition":"new"},"_links":{"self":[{"href":"https:\/\/lederme.com.mx\/registro\/wp-json\/wp\/v2\/product\/4905","targetHints":{"allow":["GET"]}}],"collection":[{"href":"https:\/\/lederme.com.mx\/registro\/wp-json\/wp\/v2\/product"}],"about":[{"href":"https:\/\/lederme.com.mx\/registro\/wp-json\/wp\/v2\/types\/product"}],"wp:featuredmedia":[{"embeddable":true,"href":"https:\/\/lederme.com.mx\/registro\/wp-json\/wp\/v2\/media\/5280"}],"wp:attachment":[{"href":"https:\/\/lederme.com.mx\/registro\/wp-json\/wp\/v2\/media?parent=4905"}],"wp:term":[{"taxonomy":"product_brand","embeddable":true,"href":"https:\/\/lederme.com.mx\/registro\/wp-json\/wp\/v2\/product_brand?post=4905"},{"taxonomy":"product_cat","embeddable":true,"href":"https:\/\/lederme.com.mx\/registro\/wp-json\/wp\/v2\/product_cat?post=4905"},{"taxonomy":"product_tag","embeddable":true,"href":"https:\/\/lederme.com.mx\/registro\/wp-json\/wp\/v2\/product_tag?post=4905"}],"curies":[{"name":"wp","href":"https:\/\/api.w.org\/{rel}","templated":true}]}}