{"id":490,"date":"2024-09-19T15:41:42","date_gmt":"2024-09-19T21:41:42","guid":{"rendered":"https:\/\/lederme.com.mx\/registro\/?post_type=product&#038;p=490"},"modified":"2024-09-19T15:42:44","modified_gmt":"2024-09-19T21:42:44","slug":"depilacion-laser-soprano-titanium-zona-superior","status":"publish","type":"product","link":"https:\/\/lederme.com.mx\/registro\/producto\/depilacion-laser-soprano-titanium-zona-superior\/","title":{"rendered":"DEPILACI\u00d3N L\u00c1SER SOPRANO TITANIUM ZONA SUPERIOR"},"content":{"rendered":"<p><span style=\"font-weight: 400;\">Soprano Titanium\u00a0 es una nueva e innovadora tecnolog\u00eda para la eliminaci\u00f3n prolongada de vello, siendo uno de los m\u00e1s r\u00e1pidos, efectivos y c\u00f3modos en el mercado.<\/span><\/p>\n<p><span style=\"font-weight: 400;\">Soprano Titanium combina las 3 longitudes de onda de l\u00e1ser m\u00e1s efectivas para la eliminaci\u00f3n del vello corporal o facial (755nm Alejandrita, 810nm Diodo y 1064nm YAG), utiliz\u00e1ndose de manera simult\u00e1nea en cada disparo, actuando simult\u00e1neamente en diferentes profundidades y estructuras del fol\u00edculo piloso logrando mucho mejores resultados en menor tiempo. As\u00ed mismo logrando eliminar todo tipo de vello en todo tipo de piel. Cuenta con una\u00a0 punta de zafiro ICE Plus\u2122\ufe0f de enfriamiento continuo\u00a0 de la piel minimizando los riesgos de da\u00f1o a la piel ,adem\u00e1s de lograr mantener la temperatura constante, haciendo el tratamiento m\u00e1s c\u00f3modo y altamente seguro para\u00a0 nuestros pacientes. Y con un Spot m\u00e1s amplio por lo cual los tiempos de duraci\u00f3n de cada sesi\u00f3n son 40% m\u00e1s cortos.\u00a0 Siendo el \u00fanico equipo de su clase en el estado de Jalisco.<\/span><\/p>\n<p><span style=\"font-weight: 400;\">Este tratamiento requiere de una valoraci\u00f3n inicial previa. La duraci\u00f3n de cada sesi\u00f3n es variable dependiendo el \u00e1rea a tratar.\u00a0<\/span><\/p>\n","protected":false},"excerpt":{"rendered":"<p>DEPILACI\u00d3N L\u00c1SER: Ment\u00f3n, Entrecejo, Patillas, Bigote, Nariz, Orejas, Cuello, Nuca, Barba, Media Cara y Cara Completa.<\/p>\n<p><span style=\"font-weight: 400;\">Soprano Titanium\u00a0 es una nueva e innovadora tecnolog\u00eda para la eliminaci\u00f3n prolongada de vello, siendo uno de los m\u00e1s r\u00e1pidos, efectivos y c\u00f3modos en el mercado.<\/span><\/p>\n<p><span style=\"font-weight: 400;\">Soprano Titanium combina las 3 longitudes de onda de l\u00e1ser m\u00e1s efectivas para la eliminaci\u00f3n del vello corporal o facial (755nm Alejandrita, 810nm Diodo y 1064nm YAG), utiliz\u00e1ndose de manera simult\u00e1nea en cada disparo, actuando simult\u00e1neamente en diferentes profundidades y estructuras del fol\u00edculo piloso logrando mucho mejores resultados en menor tiempo. As\u00ed mismo logrando eliminar todo tipo de vello en todo tipo de piel. <\/span><\/p>\n","protected":false},"featured_media":491,"template":"","meta":[],"product_brand":[],"product_cat":[21],"product_tag":[],"class_list":{"0":"post-490","1":"product","2":"type-product","3":"status-publish","4":"has-post-thumbnail","6":"product_cat-depilacion-laser-soprano-titanium","8":"first","9":"instock","10":"sale","11":"taxable","12":"shipping-taxable","13":"purchasable","14":"product-type-variable"},"yoast_head":"<!-- This site is optimized with the Yoast SEO Premium plugin v26.9 (Yoast SEO v27.5) - https:\/\/yoast.com\/product\/yoast-seo-premium-wordpress\/ -->\n<title>DEPILACI\u00d3N L\u00c1SER SOPRANO TITANIUM ZONA SUPERIOR - LeDerme<\/title>\n<meta name=\"robots\" content=\"index, follow, max-snippet:-1, max-image-preview:large, max-video-preview:-1\" \/>\n<link rel=\"canonical\" href=\"https:\/\/lederme.com.mx\/registro\/producto\/depilacion-laser-soprano-titanium-zona-superior\/\" \/>\n<meta property=\"og:locale\" content=\"es_ES\" \/>\n<meta property=\"og:type\" content=\"article\" \/>\n<meta property=\"og:title\" content=\"DEPILACI\u00d3N L\u00c1SER SOPRANO TITANIUM ZONA SUPERIOR\" \/>\n<meta property=\"og:description\" content=\"DEPILACI\u00d3N L\u00c1SER: Ment\u00f3n, Entrecejo, Patillas, Bigote, Nariz, Orejas, Cuello, Nuca, Barba, Media Cara y Cara Completa.  Soprano Titanium\u00a0 es una nueva e innovadora tecnolog\u00eda para la eliminaci\u00f3n prolongada de vello, siendo uno de los m\u00e1s r\u00e1pidos, efectivos y c\u00f3modos en el mercado.  Soprano Titanium combina las 3 longitudes de onda de l\u00e1ser m\u00e1s efectivas para la eliminaci\u00f3n del vello corporal o facial (755nm Alejandrita, 810nm Diodo y 1064nm YAG), utiliz\u00e1ndose de manera simult\u00e1nea en cada disparo, actuando simult\u00e1neamente en diferentes profundidades y estructuras del fol\u00edculo piloso logrando mucho mejores resultados en menor tiempo. As\u00ed mismo logrando eliminar todo tipo de vello en todo tipo de piel.\" \/>\n<meta property=\"og:url\" content=\"https:\/\/lederme.com.mx\/registro\/producto\/depilacion-laser-soprano-titanium-zona-superior\/\" \/>\n<meta property=\"og:site_name\" content=\"LeDerme\" \/>\n<meta property=\"article:modified_time\" content=\"2024-09-19T21:42:44+00:00\" \/>\n<meta property=\"og:image\" content=\"https:\/\/lederme.com.mx\/registro\/wp-content\/uploads\/2024\/09\/soprano1-1024x1024.png\" \/>\n\t<meta property=\"og:image:width\" content=\"1024\" \/>\n\t<meta property=\"og:image:height\" content=\"1024\" \/>\n\t<meta property=\"og:image:type\" content=\"image\/png\" \/>\n<meta name=\"twitter:card\" content=\"summary_large_image\" \/>\n<meta name=\"twitter:label1\" content=\"Disponibilidad\" \/>\n\t<meta name=\"twitter:data1\" content=\"Disponible\" \/>\n<script type=\"application\/ld+json\" class=\"yoast-schema-graph\">{\"@context\":\"https:\\\/\\\/schema.org\",\"@graph\":[{\"@type\":\"WebPage\",\"@id\":\"https:\\\/\\\/lederme.com.mx\\\/registro\\\/producto\\\/depilacion-laser-soprano-titanium-zona-superior\\\/\",\"url\":\"https:\\\/\\\/lederme.com.mx\\\/registro\\\/producto\\\/depilacion-laser-soprano-titanium-zona-superior\\\/\",\"name\":\"DEPILACI\u00d3N L\u00c1SER SOPRANO TITANIUM ZONA SUPERIOR - LeDerme\",\"isPartOf\":{\"@id\":\"https:\\\/\\\/lederme.com.mx\\\/registro\\\/#website\"},\"primaryImageOfPage\":{\"@id\":\"https:\\\/\\\/lederme.com.mx\\\/registro\\\/producto\\\/depilacion-laser-soprano-titanium-zona-superior\\\/#primaryimage\"},\"image\":{\"@id\":\"https:\\\/\\\/lederme.com.mx\\\/registro\\\/producto\\\/depilacion-laser-soprano-titanium-zona-superior\\\/#primaryimage\"},\"thumbnailUrl\":\"https:\\\/\\\/lederme.com.mx\\\/registro\\\/wp-content\\\/uploads\\\/2024\\\/09\\\/soprano1.png\",\"datePublished\":\"2024-09-19T21:41:42+00:00\",\"dateModified\":\"2024-09-19T21:42:44+00:00\",\"breadcrumb\":{\"@id\":\"https:\\\/\\\/lederme.com.mx\\\/registro\\\/producto\\\/depilacion-laser-soprano-titanium-zona-superior\\\/#breadcrumb\"},\"inLanguage\":\"es\",\"potentialAction\":[{\"@type\":\"ReadAction\",\"target\":[\"https:\\\/\\\/lederme.com.mx\\\/registro\\\/producto\\\/depilacion-laser-soprano-titanium-zona-superior\\\/\"]}]},{\"@type\":\"ImageObject\",\"inLanguage\":\"es\",\"@id\":\"https:\\\/\\\/lederme.com.mx\\\/registro\\\/producto\\\/depilacion-laser-soprano-titanium-zona-superior\\\/#primaryimage\",\"url\":\"https:\\\/\\\/lederme.com.mx\\\/registro\\\/wp-content\\\/uploads\\\/2024\\\/09\\\/soprano1.png\",\"contentUrl\":\"https:\\\/\\\/lederme.com.mx\\\/registro\\\/wp-content\\\/uploads\\\/2024\\\/09\\\/soprano1.png\",\"width\":1080,\"height\":1080},{\"@type\":\"BreadcrumbList\",\"@id\":\"https:\\\/\\\/lederme.com.mx\\\/registro\\\/producto\\\/depilacion-laser-soprano-titanium-zona-superior\\\/#breadcrumb\",\"itemListElement\":[{\"@type\":\"ListItem\",\"position\":1,\"name\":\"Portada\",\"item\":\"https:\\\/\\\/lederme.com.mx\\\/registro\\\/\"},{\"@type\":\"ListItem\",\"position\":2,\"name\":\"Tienda\",\"item\":\"https:\\\/\\\/lederme.com.mx\\\/registro\\\/tienda\\\/\"},{\"@type\":\"ListItem\",\"position\":3,\"name\":\"DEPILACI\u00d3N L\u00c1SER SOPRANO TITANIUM ZONA SUPERIOR\"}]},{\"@type\":\"WebSite\",\"@id\":\"https:\\\/\\\/lederme.com.mx\\\/registro\\\/#website\",\"url\":\"https:\\\/\\\/lederme.com.mx\\\/registro\\\/\",\"name\":\"LeDerme\",\"description\":\"Agenda tu cita en l\u00ednea\",\"potentialAction\":[{\"@type\":\"SearchAction\",\"target\":{\"@type\":\"EntryPoint\",\"urlTemplate\":\"https:\\\/\\\/lederme.com.mx\\\/registro\\\/?s={search_term_string}\"},\"query-input\":{\"@type\":\"PropertyValueSpecification\",\"valueRequired\":true,\"valueName\":\"search_term_string\"}}],\"inLanguage\":\"es\"}]}<\/script>\n<meta property=\"og:availability\" content=\"instock\" \/>\n<meta property=\"product:availability\" content=\"instock\" \/>\n<meta property=\"product:condition\" content=\"new\" \/>\n<!-- \/ Yoast SEO Premium plugin. -->","yoast_head_json":{"title":"DEPILACI\u00d3N L\u00c1SER SOPRANO TITANIUM ZONA SUPERIOR - LeDerme","robots":{"index":"index","follow":"follow","max-snippet":"max-snippet:-1","max-image-preview":"max-image-preview:large","max-video-preview":"max-video-preview:-1"},"canonical":"https:\/\/lederme.com.mx\/registro\/producto\/depilacion-laser-soprano-titanium-zona-superior\/","og_locale":"es_ES","og_type":"article","og_title":"DEPILACI\u00d3N L\u00c1SER SOPRANO TITANIUM ZONA SUPERIOR","og_description":"DEPILACI\u00d3N L\u00c1SER: Ment\u00f3n, Entrecejo, Patillas, Bigote, Nariz, Orejas, Cuello, Nuca, Barba, Media Cara y Cara Completa.  Soprano Titanium\u00a0 es una nueva e innovadora tecnolog\u00eda para la eliminaci\u00f3n prolongada de vello, siendo uno de los m\u00e1s r\u00e1pidos, efectivos y c\u00f3modos en el mercado.  Soprano Titanium combina las 3 longitudes de onda de l\u00e1ser m\u00e1s efectivas para la eliminaci\u00f3n del vello corporal o facial (755nm Alejandrita, 810nm Diodo y 1064nm YAG), utiliz\u00e1ndose de manera simult\u00e1nea en cada disparo, actuando simult\u00e1neamente en diferentes profundidades y estructuras del fol\u00edculo piloso logrando mucho mejores resultados en menor tiempo. As\u00ed mismo logrando eliminar todo tipo de vello en todo tipo de piel.","og_url":"https:\/\/lederme.com.mx\/registro\/producto\/depilacion-laser-soprano-titanium-zona-superior\/","og_site_name":"LeDerme","article_modified_time":"2024-09-19T21:42:44+00:00","og_image":[{"width":1024,"height":1024,"url":"https:\/\/lederme.com.mx\/registro\/wp-content\/uploads\/2024\/09\/soprano1-1024x1024.png","type":"image\/png"}],"twitter_card":"summary_large_image","twitter_misc":{"Disponibilidad":"Disponible"},"schema":{"@context":"https:\/\/schema.org","@graph":[{"@type":"WebPage","@id":"https:\/\/lederme.com.mx\/registro\/producto\/depilacion-laser-soprano-titanium-zona-superior\/","url":"https:\/\/lederme.com.mx\/registro\/producto\/depilacion-laser-soprano-titanium-zona-superior\/","name":"DEPILACI\u00d3N L\u00c1SER SOPRANO TITANIUM ZONA SUPERIOR - LeDerme","isPartOf":{"@id":"https:\/\/lederme.com.mx\/registro\/#website"},"primaryImageOfPage":{"@id":"https:\/\/lederme.com.mx\/registro\/producto\/depilacion-laser-soprano-titanium-zona-superior\/#primaryimage"},"image":{"@id":"https:\/\/lederme.com.mx\/registro\/producto\/depilacion-laser-soprano-titanium-zona-superior\/#primaryimage"},"thumbnailUrl":"https:\/\/lederme.com.mx\/registro\/wp-content\/uploads\/2024\/09\/soprano1.png","datePublished":"2024-09-19T21:41:42+00:00","dateModified":"2024-09-19T21:42:44+00:00","breadcrumb":{"@id":"https:\/\/lederme.com.mx\/registro\/producto\/depilacion-laser-soprano-titanium-zona-superior\/#breadcrumb"},"inLanguage":"es","potentialAction":[{"@type":"ReadAction","target":["https:\/\/lederme.com.mx\/registro\/producto\/depilacion-laser-soprano-titanium-zona-superior\/"]}]},{"@type":"ImageObject","inLanguage":"es","@id":"https:\/\/lederme.com.mx\/registro\/producto\/depilacion-laser-soprano-titanium-zona-superior\/#primaryimage","url":"https:\/\/lederme.com.mx\/registro\/wp-content\/uploads\/2024\/09\/soprano1.png","contentUrl":"https:\/\/lederme.com.mx\/registro\/wp-content\/uploads\/2024\/09\/soprano1.png","width":1080,"height":1080},{"@type":"BreadcrumbList","@id":"https:\/\/lederme.com.mx\/registro\/producto\/depilacion-laser-soprano-titanium-zona-superior\/#breadcrumb","itemListElement":[{"@type":"ListItem","position":1,"name":"Portada","item":"https:\/\/lederme.com.mx\/registro\/"},{"@type":"ListItem","position":2,"name":"Tienda","item":"https:\/\/lederme.com.mx\/registro\/tienda\/"},{"@type":"ListItem","position":3,"name":"DEPILACI\u00d3N L\u00c1SER SOPRANO TITANIUM ZONA SUPERIOR"}]},{"@type":"WebSite","@id":"https:\/\/lederme.com.mx\/registro\/#website","url":"https:\/\/lederme.com.mx\/registro\/","name":"LeDerme","description":"Agenda tu cita en l\u00ednea","potentialAction":[{"@type":"SearchAction","target":{"@type":"EntryPoint","urlTemplate":"https:\/\/lederme.com.mx\/registro\/?s={search_term_string}"},"query-input":{"@type":"PropertyValueSpecification","valueRequired":true,"valueName":"search_term_string"}}],"inLanguage":"es"}]},"og_availability":"instock","product_availability":"instock","product_condition":"new"},"_links":{"self":[{"href":"https:\/\/lederme.com.mx\/registro\/wp-json\/wp\/v2\/product\/490","targetHints":{"allow":["GET"]}}],"collection":[{"href":"https:\/\/lederme.com.mx\/registro\/wp-json\/wp\/v2\/product"}],"about":[{"href":"https:\/\/lederme.com.mx\/registro\/wp-json\/wp\/v2\/types\/product"}],"wp:featuredmedia":[{"embeddable":true,"href":"https:\/\/lederme.com.mx\/registro\/wp-json\/wp\/v2\/media\/491"}],"wp:attachment":[{"href":"https:\/\/lederme.com.mx\/registro\/wp-json\/wp\/v2\/media?parent=490"}],"wp:term":[{"taxonomy":"product_brand","embeddable":true,"href":"https:\/\/lederme.com.mx\/registro\/wp-json\/wp\/v2\/product_brand?post=490"},{"taxonomy":"product_cat","embeddable":true,"href":"https:\/\/lederme.com.mx\/registro\/wp-json\/wp\/v2\/product_cat?post=490"},{"taxonomy":"product_tag","embeddable":true,"href":"https:\/\/lederme.com.mx\/registro\/wp-json\/wp\/v2\/product_tag?post=490"}],"curies":[{"name":"wp","href":"https:\/\/api.w.org\/{rel}","templated":true}]}}