{"id":4890,"date":"2026-01-30T10:40:22","date_gmt":"2026-01-30T16:40:22","guid":{"rendered":"https:\/\/lederme.com.mx\/registro\/?post_type=product&#038;p=4890"},"modified":"2026-03-15T19:32:43","modified_gmt":"2026-03-16T01:32:43","slug":"medik-8-calming-facial","status":"publish","type":"product","link":"https:\/\/lederme.com.mx\/registro\/producto\/medik-8-calming-facial\/","title":{"rendered":"MEDIK 8 CALMING FACIAL"},"content":{"rendered":"","protected":false},"excerpt":{"rendered":"<p data-start=\"145\" data-end=\"423\">Nuestro Calming Facial est\u00e1 dise\u00f1ado para calmar, restaurar y reconfortar la piel sensible o comprometida. Este tratamiento act\u00faa de forma inmediata sobre la inflamaci\u00f3n, el enrojecimiento y la irritaci\u00f3n, ayudando a devolver el equilibrio y la sensaci\u00f3n de bienestar a la piel.<\/p>\n<p data-start=\"425\" data-end=\"651\">La experiencia se complementa con la aplicaci\u00f3n de una mascarilla de biocelulosa de efecto refrescante, rica en \u00e1cido hialur\u00f3nico, que hidrata profundamente, calma la piel y contribuye a restablecer la barrera natural cut\u00e1nea.<\/p>\n<p data-start=\"653\" data-end=\"855\">Ideal para pieles sensibles, irritadas, inflamadas o con enrojecimiento. Los resultados son visibles desde la primera sesi\u00f3n: una piel m\u00e1s calmada, equilibrada y confortable, sin tiempo de recuperaci\u00f3n.<\/p>\n<p data-start=\"857\" data-end=\"875\">Duraci\u00f3n: 90 mins.<\/p>\n","protected":false},"featured_media":4892,"template":"","meta":[],"product_brand":[],"product_cat":[20,38],"product_tag":[],"class_list":{"0":"post-4890","1":"product","2":"type-product","3":"status-publish","4":"has-post-thumbnail","6":"product_cat-faciales-clinicos","7":"product_cat-medik8","9":"first","10":"instock","11":"sale","12":"taxable","13":"shipping-taxable","14":"purchasable","15":"product-type-simple"},"yoast_head":"<!-- This site is optimized with the Yoast SEO Premium plugin v26.9 (Yoast SEO v27.3) - https:\/\/yoast.com\/product\/yoast-seo-premium-wordpress\/ -->\n<title>MEDIK 8 CALMING FACIAL - LeDerme<\/title>\n<meta name=\"robots\" content=\"index, follow, max-snippet:-1, max-image-preview:large, max-video-preview:-1\" \/>\n<link rel=\"canonical\" href=\"https:\/\/lederme.com.mx\/registro\/producto\/medik-8-calming-facial\/\" \/>\n<meta property=\"og:locale\" content=\"es_ES\" \/>\n<meta property=\"og:type\" content=\"article\" \/>\n<meta property=\"og:title\" content=\"MEDIK 8 CALMING FACIAL\" \/>\n<meta property=\"og:description\" content=\"Nuestro Calming Facial est\u00e1 dise\u00f1ado para calmar, restaurar y reconfortar la piel sensible o comprometida. Este tratamiento act\u00faa de forma inmediata sobre la inflamaci\u00f3n, el enrojecimiento y la irritaci\u00f3n, ayudando a devolver el equilibrio y la sensaci\u00f3n de bienestar a la piel. La experiencia se complementa con la aplicaci\u00f3n de una mascarilla de biocelulosa de efecto refrescante, rica en \u00e1cido hialur\u00f3nico, que hidrata profundamente, calma la piel y contribuye a restablecer la barrera natural cut\u00e1nea. Ideal para pieles sensibles, irritadas, inflamadas o con enrojecimiento. Los resultados son visibles desde la primera sesi\u00f3n: una piel m\u00e1s calmada, equilibrada y confortable, sin tiempo de recuperaci\u00f3n. Duraci\u00f3n: 90 mins.\" \/>\n<meta property=\"og:url\" content=\"https:\/\/lederme.com.mx\/registro\/producto\/medik-8-calming-facial\/\" \/>\n<meta property=\"og:site_name\" content=\"LeDerme\" \/>\n<meta property=\"article:modified_time\" content=\"2026-03-16T01:32:43+00:00\" \/>\n<meta property=\"og:image\" content=\"https:\/\/lederme.com.mx\/registro\/wp-content\/uploads\/2026\/01\/CALMING.jpg\" \/>\n\t<meta property=\"og:image:width\" content=\"778\" \/>\n\t<meta property=\"og:image:height\" content=\"1080\" \/>\n\t<meta property=\"og:image:type\" content=\"image\/jpeg\" \/>\n<meta name=\"twitter:card\" content=\"summary_large_image\" \/>\n<meta name=\"twitter:label1\" content=\"Precio\" \/>\n\t<meta name=\"twitter:data1\" content=\"&#036;2,400.00 impuestos incluidos\" \/>\n\t<meta name=\"twitter:label2\" content=\"Disponibilidad\" \/>\n\t<meta name=\"twitter:data2\" content=\"Disponible\" \/>\n<script type=\"application\/ld+json\" class=\"yoast-schema-graph\">{\"@context\":\"https:\\\/\\\/schema.org\",\"@graph\":[{\"@type\":\"WebPage\",\"@id\":\"https:\\\/\\\/lederme.com.mx\\\/registro\\\/producto\\\/medik-8-calming-facial\\\/\",\"url\":\"https:\\\/\\\/lederme.com.mx\\\/registro\\\/producto\\\/medik-8-calming-facial\\\/\",\"name\":\"MEDIK 8 CALMING FACIAL - LeDerme\",\"isPartOf\":{\"@id\":\"https:\\\/\\\/lederme.com.mx\\\/registro\\\/#website\"},\"primaryImageOfPage\":{\"@id\":\"https:\\\/\\\/lederme.com.mx\\\/registro\\\/producto\\\/medik-8-calming-facial\\\/#primaryimage\"},\"image\":{\"@id\":\"https:\\\/\\\/lederme.com.mx\\\/registro\\\/producto\\\/medik-8-calming-facial\\\/#primaryimage\"},\"thumbnailUrl\":\"https:\\\/\\\/lederme.com.mx\\\/registro\\\/wp-content\\\/uploads\\\/2026\\\/01\\\/CALMING.jpg\",\"datePublished\":\"2026-01-30T16:40:22+00:00\",\"dateModified\":\"2026-03-16T01:32:43+00:00\",\"breadcrumb\":{\"@id\":\"https:\\\/\\\/lederme.com.mx\\\/registro\\\/producto\\\/medik-8-calming-facial\\\/#breadcrumb\"},\"inLanguage\":\"es\",\"potentialAction\":[{\"@type\":\"ReadAction\",\"target\":[\"https:\\\/\\\/lederme.com.mx\\\/registro\\\/producto\\\/medik-8-calming-facial\\\/\"]}]},{\"@type\":\"ImageObject\",\"inLanguage\":\"es\",\"@id\":\"https:\\\/\\\/lederme.com.mx\\\/registro\\\/producto\\\/medik-8-calming-facial\\\/#primaryimage\",\"url\":\"https:\\\/\\\/lederme.com.mx\\\/registro\\\/wp-content\\\/uploads\\\/2026\\\/01\\\/CALMING.jpg\",\"contentUrl\":\"https:\\\/\\\/lederme.com.mx\\\/registro\\\/wp-content\\\/uploads\\\/2026\\\/01\\\/CALMING.jpg\",\"width\":778,\"height\":1080},{\"@type\":\"BreadcrumbList\",\"@id\":\"https:\\\/\\\/lederme.com.mx\\\/registro\\\/producto\\\/medik-8-calming-facial\\\/#breadcrumb\",\"itemListElement\":[{\"@type\":\"ListItem\",\"position\":1,\"name\":\"Portada\",\"item\":\"https:\\\/\\\/lederme.com.mx\\\/registro\\\/\"},{\"@type\":\"ListItem\",\"position\":2,\"name\":\"Tienda\",\"item\":\"https:\\\/\\\/lederme.com.mx\\\/registro\\\/tienda\\\/\"},{\"@type\":\"ListItem\",\"position\":3,\"name\":\"MEDIK 8 CALMING FACIAL\"}]},{\"@type\":\"WebSite\",\"@id\":\"https:\\\/\\\/lederme.com.mx\\\/registro\\\/#website\",\"url\":\"https:\\\/\\\/lederme.com.mx\\\/registro\\\/\",\"name\":\"LeDerme\",\"description\":\"Agenda tu cita en l\u00ednea\",\"potentialAction\":[{\"@type\":\"SearchAction\",\"target\":{\"@type\":\"EntryPoint\",\"urlTemplate\":\"https:\\\/\\\/lederme.com.mx\\\/registro\\\/?s={search_term_string}\"},\"query-input\":{\"@type\":\"PropertyValueSpecification\",\"valueRequired\":true,\"valueName\":\"search_term_string\"}}],\"inLanguage\":\"es\"}]}<\/script>\n<meta property=\"product:price:amount\" content=\"2400.00\" \/>\n<meta property=\"product:price:currency\" content=\"MXN\" \/>\n<meta property=\"og:availability\" content=\"instock\" \/>\n<meta property=\"product:availability\" content=\"instock\" \/>\n<meta property=\"product:condition\" content=\"new\" \/>\n<!-- \/ Yoast SEO Premium plugin. -->","yoast_head_json":{"title":"MEDIK 8 CALMING FACIAL - LeDerme","robots":{"index":"index","follow":"follow","max-snippet":"max-snippet:-1","max-image-preview":"max-image-preview:large","max-video-preview":"max-video-preview:-1"},"canonical":"https:\/\/lederme.com.mx\/registro\/producto\/medik-8-calming-facial\/","og_locale":"es_ES","og_type":"article","og_title":"MEDIK 8 CALMING FACIAL","og_description":"Nuestro Calming Facial est\u00e1 dise\u00f1ado para calmar, restaurar y reconfortar la piel sensible o comprometida. Este tratamiento act\u00faa de forma inmediata sobre la inflamaci\u00f3n, el enrojecimiento y la irritaci\u00f3n, ayudando a devolver el equilibrio y la sensaci\u00f3n de bienestar a la piel. La experiencia se complementa con la aplicaci\u00f3n de una mascarilla de biocelulosa de efecto refrescante, rica en \u00e1cido hialur\u00f3nico, que hidrata profundamente, calma la piel y contribuye a restablecer la barrera natural cut\u00e1nea. Ideal para pieles sensibles, irritadas, inflamadas o con enrojecimiento. Los resultados son visibles desde la primera sesi\u00f3n: una piel m\u00e1s calmada, equilibrada y confortable, sin tiempo de recuperaci\u00f3n. Duraci\u00f3n: 90 mins.","og_url":"https:\/\/lederme.com.mx\/registro\/producto\/medik-8-calming-facial\/","og_site_name":"LeDerme","article_modified_time":"2026-03-16T01:32:43+00:00","og_image":[{"width":778,"height":1080,"url":"https:\/\/lederme.com.mx\/registro\/wp-content\/uploads\/2026\/01\/CALMING.jpg","type":"image\/jpeg"}],"twitter_card":"summary_large_image","twitter_misc":{"Precio":"&#36;2,400.00 impuestos incluidos","Disponibilidad":"Disponible"},"schema":{"@context":"https:\/\/schema.org","@graph":[{"@type":"WebPage","@id":"https:\/\/lederme.com.mx\/registro\/producto\/medik-8-calming-facial\/","url":"https:\/\/lederme.com.mx\/registro\/producto\/medik-8-calming-facial\/","name":"MEDIK 8 CALMING FACIAL - LeDerme","isPartOf":{"@id":"https:\/\/lederme.com.mx\/registro\/#website"},"primaryImageOfPage":{"@id":"https:\/\/lederme.com.mx\/registro\/producto\/medik-8-calming-facial\/#primaryimage"},"image":{"@id":"https:\/\/lederme.com.mx\/registro\/producto\/medik-8-calming-facial\/#primaryimage"},"thumbnailUrl":"https:\/\/lederme.com.mx\/registro\/wp-content\/uploads\/2026\/01\/CALMING.jpg","datePublished":"2026-01-30T16:40:22+00:00","dateModified":"2026-03-16T01:32:43+00:00","breadcrumb":{"@id":"https:\/\/lederme.com.mx\/registro\/producto\/medik-8-calming-facial\/#breadcrumb"},"inLanguage":"es","potentialAction":[{"@type":"ReadAction","target":["https:\/\/lederme.com.mx\/registro\/producto\/medik-8-calming-facial\/"]}]},{"@type":"ImageObject","inLanguage":"es","@id":"https:\/\/lederme.com.mx\/registro\/producto\/medik-8-calming-facial\/#primaryimage","url":"https:\/\/lederme.com.mx\/registro\/wp-content\/uploads\/2026\/01\/CALMING.jpg","contentUrl":"https:\/\/lederme.com.mx\/registro\/wp-content\/uploads\/2026\/01\/CALMING.jpg","width":778,"height":1080},{"@type":"BreadcrumbList","@id":"https:\/\/lederme.com.mx\/registro\/producto\/medik-8-calming-facial\/#breadcrumb","itemListElement":[{"@type":"ListItem","position":1,"name":"Portada","item":"https:\/\/lederme.com.mx\/registro\/"},{"@type":"ListItem","position":2,"name":"Tienda","item":"https:\/\/lederme.com.mx\/registro\/tienda\/"},{"@type":"ListItem","position":3,"name":"MEDIK 8 CALMING FACIAL"}]},{"@type":"WebSite","@id":"https:\/\/lederme.com.mx\/registro\/#website","url":"https:\/\/lederme.com.mx\/registro\/","name":"LeDerme","description":"Agenda tu cita en l\u00ednea","potentialAction":[{"@type":"SearchAction","target":{"@type":"EntryPoint","urlTemplate":"https:\/\/lederme.com.mx\/registro\/?s={search_term_string}"},"query-input":{"@type":"PropertyValueSpecification","valueRequired":true,"valueName":"search_term_string"}}],"inLanguage":"es"}]},"product_price_amount":"2400.00","product_price_currency":"MXN","og_availability":"instock","product_availability":"instock","product_condition":"new"},"_links":{"self":[{"href":"https:\/\/lederme.com.mx\/registro\/wp-json\/wp\/v2\/product\/4890","targetHints":{"allow":["GET"]}}],"collection":[{"href":"https:\/\/lederme.com.mx\/registro\/wp-json\/wp\/v2\/product"}],"about":[{"href":"https:\/\/lederme.com.mx\/registro\/wp-json\/wp\/v2\/types\/product"}],"wp:featuredmedia":[{"embeddable":true,"href":"https:\/\/lederme.com.mx\/registro\/wp-json\/wp\/v2\/media\/4892"}],"wp:attachment":[{"href":"https:\/\/lederme.com.mx\/registro\/wp-json\/wp\/v2\/media?parent=4890"}],"wp:term":[{"taxonomy":"product_brand","embeddable":true,"href":"https:\/\/lederme.com.mx\/registro\/wp-json\/wp\/v2\/product_brand?post=4890"},{"taxonomy":"product_cat","embeddable":true,"href":"https:\/\/lederme.com.mx\/registro\/wp-json\/wp\/v2\/product_cat?post=4890"},{"taxonomy":"product_tag","embeddable":true,"href":"https:\/\/lederme.com.mx\/registro\/wp-json\/wp\/v2\/product_tag?post=4890"}],"curies":[{"name":"wp","href":"https:\/\/api.w.org\/{rel}","templated":true}]}}