{"id":4876,"date":"2026-01-30T10:08:44","date_gmt":"2026-01-30T16:08:44","guid":{"rendered":"https:\/\/lederme.com.mx\/registro\/?post_type=product&#038;p=4876"},"modified":"2026-03-15T19:25:34","modified_gmt":"2026-03-16T01:25:34","slug":"medik8-clarity-facial","status":"publish","type":"product","link":"https:\/\/lederme.com.mx\/registro\/producto\/medik8-clarity-facial\/","title":{"rendered":"MEDIK8 CLARITY FACIAL"},"content":{"rendered":"","protected":false},"excerpt":{"rendered":"<p data-start=\"147\" data-end=\"612\">Descubre nuestro nuevo facial Clarity, esencial para mantener la piel limpia, equilibrada y en su mejor versi\u00f3n. Este tratamiento clarificante combina activos de limpieza profunda con f\u00f3rmulas calmantes e hidratantes que purifican la piel, regulan el exceso de grasa y mejoran su textura, logrando un rostro m\u00e1s uniforme, fresco y luminoso. Restableciendo el equilibrio de tu piel, lo que necesitas para calmar y brindar una complexi\u00f3n m\u00e1s limpia y suave a tu piel.<\/p>\n<p data-start=\"614\" data-end=\"837\">Ideal como tratamiento de mantenimiento o para pieles grasas, mixtas y congestionadas. Sin tiempo de recuperaci\u00f3n y con resultados inmediatos. Realizado en su totalidad con productos de la l\u00ednea Medik8.<br \/>\n<br data-start=\"816\" data-end=\"819\" \/>Duraci\u00f3n: 90 mins.<\/p>\n","protected":false},"featured_media":4877,"template":"","meta":[],"product_brand":[],"product_cat":[20,38],"product_tag":[],"class_list":{"0":"post-4876","1":"product","2":"type-product","3":"status-publish","4":"has-post-thumbnail","6":"product_cat-faciales-clinicos","7":"product_cat-medik8","9":"first","10":"instock","11":"sale","12":"taxable","13":"shipping-taxable","14":"purchasable","15":"product-type-simple"},"yoast_head":"<!-- This site is optimized with the Yoast SEO Premium plugin v26.9 (Yoast SEO v27.3) - https:\/\/yoast.com\/product\/yoast-seo-premium-wordpress\/ -->\n<title>MEDIK8 CLARITY FACIAL - LeDerme<\/title>\n<meta name=\"robots\" content=\"index, follow, max-snippet:-1, max-image-preview:large, max-video-preview:-1\" \/>\n<link rel=\"canonical\" href=\"https:\/\/lederme.com.mx\/registro\/producto\/medik8-clarity-facial\/\" \/>\n<meta property=\"og:locale\" content=\"es_ES\" \/>\n<meta property=\"og:type\" content=\"article\" \/>\n<meta property=\"og:title\" content=\"MEDIK8 CLARITY FACIAL\" \/>\n<meta property=\"og:description\" content=\"Descubre nuestro nuevo facial Clarity, esencial para mantener la piel limpia, equilibrada y en su mejor versi\u00f3n. Este tratamiento clarificante combina activos de limpieza profunda con f\u00f3rmulas calmantes e hidratantes que purifican la piel, regulan el exceso de grasa y mejoran su textura, logrando un rostro m\u00e1s uniforme, fresco y luminoso. Restableciendo el equilibrio de tu piel, lo que necesitas para calmar y brindar una complexi\u00f3n m\u00e1s limpia y suave a tu piel. Ideal como tratamiento de mantenimiento o para pieles grasas, mixtas y congestionadas. Sin tiempo de recuperaci\u00f3n y con resultados inmediatos. Realizado en su totalidad con productos de la l\u00ednea Medik8. Duraci\u00f3n: 90 mins.\" \/>\n<meta property=\"og:url\" content=\"https:\/\/lederme.com.mx\/registro\/producto\/medik8-clarity-facial\/\" \/>\n<meta property=\"og:site_name\" content=\"LeDerme\" \/>\n<meta property=\"article:modified_time\" content=\"2026-03-16T01:25:34+00:00\" \/>\n<meta property=\"og:image\" content=\"https:\/\/lederme.com.mx\/registro\/wp-content\/uploads\/2026\/01\/CLARITY.jpg\" \/>\n\t<meta property=\"og:image:width\" content=\"778\" \/>\n\t<meta property=\"og:image:height\" content=\"1080\" \/>\n\t<meta property=\"og:image:type\" content=\"image\/jpeg\" \/>\n<meta name=\"twitter:card\" content=\"summary_large_image\" \/>\n<meta name=\"twitter:label1\" content=\"Precio\" \/>\n\t<meta name=\"twitter:data1\" content=\"&#036;2,400.00 impuestos incluidos\" \/>\n\t<meta name=\"twitter:label2\" content=\"Disponibilidad\" \/>\n\t<meta name=\"twitter:data2\" content=\"Disponible\" \/>\n<script type=\"application\/ld+json\" class=\"yoast-schema-graph\">{\"@context\":\"https:\\\/\\\/schema.org\",\"@graph\":[{\"@type\":\"WebPage\",\"@id\":\"https:\\\/\\\/lederme.com.mx\\\/registro\\\/producto\\\/medik8-clarity-facial\\\/\",\"url\":\"https:\\\/\\\/lederme.com.mx\\\/registro\\\/producto\\\/medik8-clarity-facial\\\/\",\"name\":\"MEDIK8 CLARITY FACIAL - LeDerme\",\"isPartOf\":{\"@id\":\"https:\\\/\\\/lederme.com.mx\\\/registro\\\/#website\"},\"primaryImageOfPage\":{\"@id\":\"https:\\\/\\\/lederme.com.mx\\\/registro\\\/producto\\\/medik8-clarity-facial\\\/#primaryimage\"},\"image\":{\"@id\":\"https:\\\/\\\/lederme.com.mx\\\/registro\\\/producto\\\/medik8-clarity-facial\\\/#primaryimage\"},\"thumbnailUrl\":\"https:\\\/\\\/lederme.com.mx\\\/registro\\\/wp-content\\\/uploads\\\/2026\\\/01\\\/CLARITY.jpg\",\"datePublished\":\"2026-01-30T16:08:44+00:00\",\"dateModified\":\"2026-03-16T01:25:34+00:00\",\"breadcrumb\":{\"@id\":\"https:\\\/\\\/lederme.com.mx\\\/registro\\\/producto\\\/medik8-clarity-facial\\\/#breadcrumb\"},\"inLanguage\":\"es\",\"potentialAction\":[{\"@type\":\"ReadAction\",\"target\":[\"https:\\\/\\\/lederme.com.mx\\\/registro\\\/producto\\\/medik8-clarity-facial\\\/\"]}]},{\"@type\":\"ImageObject\",\"inLanguage\":\"es\",\"@id\":\"https:\\\/\\\/lederme.com.mx\\\/registro\\\/producto\\\/medik8-clarity-facial\\\/#primaryimage\",\"url\":\"https:\\\/\\\/lederme.com.mx\\\/registro\\\/wp-content\\\/uploads\\\/2026\\\/01\\\/CLARITY.jpg\",\"contentUrl\":\"https:\\\/\\\/lederme.com.mx\\\/registro\\\/wp-content\\\/uploads\\\/2026\\\/01\\\/CLARITY.jpg\",\"width\":778,\"height\":1080},{\"@type\":\"BreadcrumbList\",\"@id\":\"https:\\\/\\\/lederme.com.mx\\\/registro\\\/producto\\\/medik8-clarity-facial\\\/#breadcrumb\",\"itemListElement\":[{\"@type\":\"ListItem\",\"position\":1,\"name\":\"Portada\",\"item\":\"https:\\\/\\\/lederme.com.mx\\\/registro\\\/\"},{\"@type\":\"ListItem\",\"position\":2,\"name\":\"Tienda\",\"item\":\"https:\\\/\\\/lederme.com.mx\\\/registro\\\/tienda\\\/\"},{\"@type\":\"ListItem\",\"position\":3,\"name\":\"MEDIK8 CLARITY FACIAL\"}]},{\"@type\":\"WebSite\",\"@id\":\"https:\\\/\\\/lederme.com.mx\\\/registro\\\/#website\",\"url\":\"https:\\\/\\\/lederme.com.mx\\\/registro\\\/\",\"name\":\"LeDerme\",\"description\":\"Agenda tu cita en l\u00ednea\",\"potentialAction\":[{\"@type\":\"SearchAction\",\"target\":{\"@type\":\"EntryPoint\",\"urlTemplate\":\"https:\\\/\\\/lederme.com.mx\\\/registro\\\/?s={search_term_string}\"},\"query-input\":{\"@type\":\"PropertyValueSpecification\",\"valueRequired\":true,\"valueName\":\"search_term_string\"}}],\"inLanguage\":\"es\"}]}<\/script>\n<meta property=\"product:price:amount\" content=\"2400.00\" \/>\n<meta property=\"product:price:currency\" content=\"MXN\" \/>\n<meta property=\"og:availability\" content=\"instock\" \/>\n<meta property=\"product:availability\" content=\"instock\" \/>\n<meta property=\"product:condition\" content=\"new\" \/>\n<!-- \/ Yoast SEO Premium plugin. -->","yoast_head_json":{"title":"MEDIK8 CLARITY FACIAL - LeDerme","robots":{"index":"index","follow":"follow","max-snippet":"max-snippet:-1","max-image-preview":"max-image-preview:large","max-video-preview":"max-video-preview:-1"},"canonical":"https:\/\/lederme.com.mx\/registro\/producto\/medik8-clarity-facial\/","og_locale":"es_ES","og_type":"article","og_title":"MEDIK8 CLARITY FACIAL","og_description":"Descubre nuestro nuevo facial Clarity, esencial para mantener la piel limpia, equilibrada y en su mejor versi\u00f3n. Este tratamiento clarificante combina activos de limpieza profunda con f\u00f3rmulas calmantes e hidratantes que purifican la piel, regulan el exceso de grasa y mejoran su textura, logrando un rostro m\u00e1s uniforme, fresco y luminoso. Restableciendo el equilibrio de tu piel, lo que necesitas para calmar y brindar una complexi\u00f3n m\u00e1s limpia y suave a tu piel. Ideal como tratamiento de mantenimiento o para pieles grasas, mixtas y congestionadas. Sin tiempo de recuperaci\u00f3n y con resultados inmediatos. Realizado en su totalidad con productos de la l\u00ednea Medik8. Duraci\u00f3n: 90 mins.","og_url":"https:\/\/lederme.com.mx\/registro\/producto\/medik8-clarity-facial\/","og_site_name":"LeDerme","article_modified_time":"2026-03-16T01:25:34+00:00","og_image":[{"width":778,"height":1080,"url":"https:\/\/lederme.com.mx\/registro\/wp-content\/uploads\/2026\/01\/CLARITY.jpg","type":"image\/jpeg"}],"twitter_card":"summary_large_image","twitter_misc":{"Precio":"&#36;2,400.00 impuestos incluidos","Disponibilidad":"Disponible"},"schema":{"@context":"https:\/\/schema.org","@graph":[{"@type":"WebPage","@id":"https:\/\/lederme.com.mx\/registro\/producto\/medik8-clarity-facial\/","url":"https:\/\/lederme.com.mx\/registro\/producto\/medik8-clarity-facial\/","name":"MEDIK8 CLARITY FACIAL - LeDerme","isPartOf":{"@id":"https:\/\/lederme.com.mx\/registro\/#website"},"primaryImageOfPage":{"@id":"https:\/\/lederme.com.mx\/registro\/producto\/medik8-clarity-facial\/#primaryimage"},"image":{"@id":"https:\/\/lederme.com.mx\/registro\/producto\/medik8-clarity-facial\/#primaryimage"},"thumbnailUrl":"https:\/\/lederme.com.mx\/registro\/wp-content\/uploads\/2026\/01\/CLARITY.jpg","datePublished":"2026-01-30T16:08:44+00:00","dateModified":"2026-03-16T01:25:34+00:00","breadcrumb":{"@id":"https:\/\/lederme.com.mx\/registro\/producto\/medik8-clarity-facial\/#breadcrumb"},"inLanguage":"es","potentialAction":[{"@type":"ReadAction","target":["https:\/\/lederme.com.mx\/registro\/producto\/medik8-clarity-facial\/"]}]},{"@type":"ImageObject","inLanguage":"es","@id":"https:\/\/lederme.com.mx\/registro\/producto\/medik8-clarity-facial\/#primaryimage","url":"https:\/\/lederme.com.mx\/registro\/wp-content\/uploads\/2026\/01\/CLARITY.jpg","contentUrl":"https:\/\/lederme.com.mx\/registro\/wp-content\/uploads\/2026\/01\/CLARITY.jpg","width":778,"height":1080},{"@type":"BreadcrumbList","@id":"https:\/\/lederme.com.mx\/registro\/producto\/medik8-clarity-facial\/#breadcrumb","itemListElement":[{"@type":"ListItem","position":1,"name":"Portada","item":"https:\/\/lederme.com.mx\/registro\/"},{"@type":"ListItem","position":2,"name":"Tienda","item":"https:\/\/lederme.com.mx\/registro\/tienda\/"},{"@type":"ListItem","position":3,"name":"MEDIK8 CLARITY FACIAL"}]},{"@type":"WebSite","@id":"https:\/\/lederme.com.mx\/registro\/#website","url":"https:\/\/lederme.com.mx\/registro\/","name":"LeDerme","description":"Agenda tu cita en l\u00ednea","potentialAction":[{"@type":"SearchAction","target":{"@type":"EntryPoint","urlTemplate":"https:\/\/lederme.com.mx\/registro\/?s={search_term_string}"},"query-input":{"@type":"PropertyValueSpecification","valueRequired":true,"valueName":"search_term_string"}}],"inLanguage":"es"}]},"product_price_amount":"2400.00","product_price_currency":"MXN","og_availability":"instock","product_availability":"instock","product_condition":"new"},"_links":{"self":[{"href":"https:\/\/lederme.com.mx\/registro\/wp-json\/wp\/v2\/product\/4876","targetHints":{"allow":["GET"]}}],"collection":[{"href":"https:\/\/lederme.com.mx\/registro\/wp-json\/wp\/v2\/product"}],"about":[{"href":"https:\/\/lederme.com.mx\/registro\/wp-json\/wp\/v2\/types\/product"}],"wp:featuredmedia":[{"embeddable":true,"href":"https:\/\/lederme.com.mx\/registro\/wp-json\/wp\/v2\/media\/4877"}],"wp:attachment":[{"href":"https:\/\/lederme.com.mx\/registro\/wp-json\/wp\/v2\/media?parent=4876"}],"wp:term":[{"taxonomy":"product_brand","embeddable":true,"href":"https:\/\/lederme.com.mx\/registro\/wp-json\/wp\/v2\/product_brand?post=4876"},{"taxonomy":"product_cat","embeddable":true,"href":"https:\/\/lederme.com.mx\/registro\/wp-json\/wp\/v2\/product_cat?post=4876"},{"taxonomy":"product_tag","embeddable":true,"href":"https:\/\/lederme.com.mx\/registro\/wp-json\/wp\/v2\/product_tag?post=4876"}],"curies":[{"name":"wp","href":"https:\/\/api.w.org\/{rel}","templated":true}]}}