{"id":467,"date":"2024-09-11T21:36:41","date_gmt":"2024-09-12T03:36:41","guid":{"rendered":"https:\/\/lederme.com.mx\/registro\/?post_type=product&#038;p=467"},"modified":"2026-03-15T20:16:29","modified_gmt":"2026-03-16T02:16:29","slug":"clear-lift-laser","status":"publish","type":"product","link":"https:\/\/lederme.com.mx\/registro\/producto\/clear-lift-laser\/","title":{"rendered":"THE CLEARLIFT L\u00c1SER FACIAL"},"content":{"rendered":"","protected":false},"excerpt":{"rendered":"<p><span style=\"font-weight: 400;\">ClearLift es nuestro nuevo tratamiento laser de despigmentaci\u00f3n, antienvejecimiento,liftng y revitalizaci\u00f3n del rostro. Nos ayuda a devolver la vitalidad a la piel desde las capas m\u00e1s profundas hasta la superficie. A trav\u00e9s de micro lesiones, que se logran de manera <\/span><span style=\"font-weight: 400;\">controlada, por su efecto fotoac\u00fastico, de manera segura y sin lastimar la piel. Estas lesi\u00f3nes provocan el aumento en la creaci\u00f3n de col\u00e1geno y elastina, reestructurando el tejido a nivel interno y remodelando por completo la piel, adem\u00e1s elimina los tonos <\/span><span style=\"font-weight: 400;\">desiguales y pigmentaciones, elimina las impurezas y mejora peque\u00f1as imperfecciones como poros abiertos para dar un acabado homog\u00e9neo, aportando gran luminosidad.<\/span><\/p>\n<p><span style=\"font-weight: 400;\">Realizado con tecnolog\u00eda Alma Q<\/span><\/p>\n<p>\u2713AGE CONTROL<br \/>\n\u2713 DISMINUCI\u00d3N DE POROS<br \/>\n\u2713 TONOS DESIGUALES<br \/>\n\u2713 FIRMEZA Y DEFINICI\u00d3N<br \/>\n\u2713 RENOVACI\u00d3N Y TONIFICACI\u00d3N L\u00c1SER<\/p>\n","protected":false},"featured_media":3885,"template":"","meta":[],"product_brand":[],"product_cat":[33],"product_tag":[],"class_list":{"0":"post-467","1":"product","2":"type-product","3":"status-publish","4":"has-post-thumbnail","6":"product_cat-clearlift","8":"first","9":"instock","10":"sale","11":"taxable","12":"shipping-taxable","13":"purchasable","14":"product-type-simple"},"yoast_head":"<!-- This site is optimized with the Yoast SEO Premium plugin v26.9 (Yoast SEO v27.3) - https:\/\/yoast.com\/product\/yoast-seo-premium-wordpress\/ -->\n<title>THE CLEARLIFT L\u00c1SER FACIAL - LeDerme<\/title>\n<meta name=\"robots\" content=\"index, follow, max-snippet:-1, max-image-preview:large, max-video-preview:-1\" \/>\n<link rel=\"canonical\" href=\"https:\/\/lederme.com.mx\/registro\/producto\/clear-lift-laser\/\" \/>\n<meta property=\"og:locale\" content=\"es_ES\" \/>\n<meta property=\"og:type\" content=\"article\" \/>\n<meta property=\"og:title\" content=\"THE CLEARLIFT L\u00c1SER FACIAL\" \/>\n<meta property=\"og:description\" content=\"ClearLift es nuestro nuevo tratamiento laser de despigmentaci\u00f3n, antienvejecimiento,liftng y revitalizaci\u00f3n del rostro. Nos ayuda a devolver la vitalidad a la piel desde las capas m\u00e1s profundas hasta la superficie. A trav\u00e9s de micro lesiones, que se logran de manera controlada, por su efecto fotoac\u00fastico, de manera segura y sin lastimar la piel. Estas lesi\u00f3nes provocan el aumento en la creaci\u00f3n de col\u00e1geno y elastina, reestructurando el tejido a nivel interno y remodelando por completo la piel, adem\u00e1s elimina los tonos desiguales y pigmentaciones, elimina las impurezas y mejora peque\u00f1as imperfecciones como poros abiertos para dar un acabado homog\u00e9neo, aportando gran luminosidad.  Realizado con tecnolog\u00eda Alma Q  \u2713AGE CONTROL \u2713 DISMINUCI\u00d3N DE POROS \u2713 TONOS DESIGUALES \u2713 FIRMEZA Y DEFINICI\u00d3N \u2713 RENOVACI\u00d3N Y TONIFICACI\u00d3N L\u00c1SER\" \/>\n<meta property=\"og:url\" content=\"https:\/\/lederme.com.mx\/registro\/producto\/clear-lift-laser\/\" \/>\n<meta property=\"og:site_name\" content=\"LeDerme\" \/>\n<meta property=\"article:modified_time\" content=\"2026-03-16T02:16:29+00:00\" \/>\n<meta property=\"og:image\" content=\"https:\/\/lederme.com.mx\/registro\/wp-content\/uploads\/2024\/09\/CLEARLIFT-CUADRADAjpg.jpg\" \/>\n\t<meta property=\"og:image:width\" content=\"580\" \/>\n\t<meta property=\"og:image:height\" content=\"580\" \/>\n\t<meta property=\"og:image:type\" content=\"image\/jpeg\" \/>\n<meta name=\"twitter:card\" content=\"summary_large_image\" \/>\n<meta name=\"twitter:label1\" content=\"Precio\" \/>\n\t<meta name=\"twitter:data1\" content=\"&#036;1,875.00 impuestos incluidos\" \/>\n\t<meta name=\"twitter:label2\" content=\"Disponibilidad\" \/>\n\t<meta name=\"twitter:data2\" content=\"Disponible\" \/>\n<script type=\"application\/ld+json\" class=\"yoast-schema-graph\">{\"@context\":\"https:\\\/\\\/schema.org\",\"@graph\":[{\"@type\":\"WebPage\",\"@id\":\"https:\\\/\\\/lederme.com.mx\\\/registro\\\/producto\\\/clear-lift-laser\\\/\",\"url\":\"https:\\\/\\\/lederme.com.mx\\\/registro\\\/producto\\\/clear-lift-laser\\\/\",\"name\":\"THE CLEARLIFT L\u00c1SER FACIAL - LeDerme\",\"isPartOf\":{\"@id\":\"https:\\\/\\\/lederme.com.mx\\\/registro\\\/#website\"},\"primaryImageOfPage\":{\"@id\":\"https:\\\/\\\/lederme.com.mx\\\/registro\\\/producto\\\/clear-lift-laser\\\/#primaryimage\"},\"image\":{\"@id\":\"https:\\\/\\\/lederme.com.mx\\\/registro\\\/producto\\\/clear-lift-laser\\\/#primaryimage\"},\"thumbnailUrl\":\"https:\\\/\\\/lederme.com.mx\\\/registro\\\/wp-content\\\/uploads\\\/2024\\\/09\\\/CLEARLIFT-CUADRADAjpg.jpg\",\"datePublished\":\"2024-09-12T03:36:41+00:00\",\"dateModified\":\"2026-03-16T02:16:29+00:00\",\"breadcrumb\":{\"@id\":\"https:\\\/\\\/lederme.com.mx\\\/registro\\\/producto\\\/clear-lift-laser\\\/#breadcrumb\"},\"inLanguage\":\"es\",\"potentialAction\":[{\"@type\":\"ReadAction\",\"target\":[\"https:\\\/\\\/lederme.com.mx\\\/registro\\\/producto\\\/clear-lift-laser\\\/\"]}]},{\"@type\":\"ImageObject\",\"inLanguage\":\"es\",\"@id\":\"https:\\\/\\\/lederme.com.mx\\\/registro\\\/producto\\\/clear-lift-laser\\\/#primaryimage\",\"url\":\"https:\\\/\\\/lederme.com.mx\\\/registro\\\/wp-content\\\/uploads\\\/2024\\\/09\\\/CLEARLIFT-CUADRADAjpg.jpg\",\"contentUrl\":\"https:\\\/\\\/lederme.com.mx\\\/registro\\\/wp-content\\\/uploads\\\/2024\\\/09\\\/CLEARLIFT-CUADRADAjpg.jpg\",\"width\":580,\"height\":580},{\"@type\":\"BreadcrumbList\",\"@id\":\"https:\\\/\\\/lederme.com.mx\\\/registro\\\/producto\\\/clear-lift-laser\\\/#breadcrumb\",\"itemListElement\":[{\"@type\":\"ListItem\",\"position\":1,\"name\":\"Portada\",\"item\":\"https:\\\/\\\/lederme.com.mx\\\/registro\\\/\"},{\"@type\":\"ListItem\",\"position\":2,\"name\":\"Tienda\",\"item\":\"https:\\\/\\\/lederme.com.mx\\\/registro\\\/tienda\\\/\"},{\"@type\":\"ListItem\",\"position\":3,\"name\":\"THE CLEARLIFT L\u00c1SER FACIAL\"}]},{\"@type\":\"WebSite\",\"@id\":\"https:\\\/\\\/lederme.com.mx\\\/registro\\\/#website\",\"url\":\"https:\\\/\\\/lederme.com.mx\\\/registro\\\/\",\"name\":\"LeDerme\",\"description\":\"Agenda tu cita en l\u00ednea\",\"potentialAction\":[{\"@type\":\"SearchAction\",\"target\":{\"@type\":\"EntryPoint\",\"urlTemplate\":\"https:\\\/\\\/lederme.com.mx\\\/registro\\\/?s={search_term_string}\"},\"query-input\":{\"@type\":\"PropertyValueSpecification\",\"valueRequired\":true,\"valueName\":\"search_term_string\"}}],\"inLanguage\":\"es\"}]}<\/script>\n<meta property=\"product:price:amount\" content=\"1875.00\" \/>\n<meta property=\"product:price:currency\" content=\"MXN\" \/>\n<meta property=\"og:availability\" content=\"instock\" \/>\n<meta property=\"product:availability\" content=\"instock\" \/>\n<meta property=\"product:condition\" content=\"new\" \/>\n<!-- \/ Yoast SEO Premium plugin. -->","yoast_head_json":{"title":"THE CLEARLIFT L\u00c1SER FACIAL - LeDerme","robots":{"index":"index","follow":"follow","max-snippet":"max-snippet:-1","max-image-preview":"max-image-preview:large","max-video-preview":"max-video-preview:-1"},"canonical":"https:\/\/lederme.com.mx\/registro\/producto\/clear-lift-laser\/","og_locale":"es_ES","og_type":"article","og_title":"THE CLEARLIFT L\u00c1SER FACIAL","og_description":"ClearLift es nuestro nuevo tratamiento laser de despigmentaci\u00f3n, antienvejecimiento,liftng y revitalizaci\u00f3n del rostro. Nos ayuda a devolver la vitalidad a la piel desde las capas m\u00e1s profundas hasta la superficie. A trav\u00e9s de micro lesiones, que se logran de manera controlada, por su efecto fotoac\u00fastico, de manera segura y sin lastimar la piel. Estas lesi\u00f3nes provocan el aumento en la creaci\u00f3n de col\u00e1geno y elastina, reestructurando el tejido a nivel interno y remodelando por completo la piel, adem\u00e1s elimina los tonos desiguales y pigmentaciones, elimina las impurezas y mejora peque\u00f1as imperfecciones como poros abiertos para dar un acabado homog\u00e9neo, aportando gran luminosidad.  Realizado con tecnolog\u00eda Alma Q  \u2713AGE CONTROL \u2713 DISMINUCI\u00d3N DE POROS \u2713 TONOS DESIGUALES \u2713 FIRMEZA Y DEFINICI\u00d3N \u2713 RENOVACI\u00d3N Y TONIFICACI\u00d3N L\u00c1SER","og_url":"https:\/\/lederme.com.mx\/registro\/producto\/clear-lift-laser\/","og_site_name":"LeDerme","article_modified_time":"2026-03-16T02:16:29+00:00","og_image":[{"width":580,"height":580,"url":"https:\/\/lederme.com.mx\/registro\/wp-content\/uploads\/2024\/09\/CLEARLIFT-CUADRADAjpg.jpg","type":"image\/jpeg"}],"twitter_card":"summary_large_image","twitter_misc":{"Precio":"&#36;1,875.00 impuestos incluidos","Disponibilidad":"Disponible"},"schema":{"@context":"https:\/\/schema.org","@graph":[{"@type":"WebPage","@id":"https:\/\/lederme.com.mx\/registro\/producto\/clear-lift-laser\/","url":"https:\/\/lederme.com.mx\/registro\/producto\/clear-lift-laser\/","name":"THE CLEARLIFT L\u00c1SER FACIAL - LeDerme","isPartOf":{"@id":"https:\/\/lederme.com.mx\/registro\/#website"},"primaryImageOfPage":{"@id":"https:\/\/lederme.com.mx\/registro\/producto\/clear-lift-laser\/#primaryimage"},"image":{"@id":"https:\/\/lederme.com.mx\/registro\/producto\/clear-lift-laser\/#primaryimage"},"thumbnailUrl":"https:\/\/lederme.com.mx\/registro\/wp-content\/uploads\/2024\/09\/CLEARLIFT-CUADRADAjpg.jpg","datePublished":"2024-09-12T03:36:41+00:00","dateModified":"2026-03-16T02:16:29+00:00","breadcrumb":{"@id":"https:\/\/lederme.com.mx\/registro\/producto\/clear-lift-laser\/#breadcrumb"},"inLanguage":"es","potentialAction":[{"@type":"ReadAction","target":["https:\/\/lederme.com.mx\/registro\/producto\/clear-lift-laser\/"]}]},{"@type":"ImageObject","inLanguage":"es","@id":"https:\/\/lederme.com.mx\/registro\/producto\/clear-lift-laser\/#primaryimage","url":"https:\/\/lederme.com.mx\/registro\/wp-content\/uploads\/2024\/09\/CLEARLIFT-CUADRADAjpg.jpg","contentUrl":"https:\/\/lederme.com.mx\/registro\/wp-content\/uploads\/2024\/09\/CLEARLIFT-CUADRADAjpg.jpg","width":580,"height":580},{"@type":"BreadcrumbList","@id":"https:\/\/lederme.com.mx\/registro\/producto\/clear-lift-laser\/#breadcrumb","itemListElement":[{"@type":"ListItem","position":1,"name":"Portada","item":"https:\/\/lederme.com.mx\/registro\/"},{"@type":"ListItem","position":2,"name":"Tienda","item":"https:\/\/lederme.com.mx\/registro\/tienda\/"},{"@type":"ListItem","position":3,"name":"THE CLEARLIFT L\u00c1SER FACIAL"}]},{"@type":"WebSite","@id":"https:\/\/lederme.com.mx\/registro\/#website","url":"https:\/\/lederme.com.mx\/registro\/","name":"LeDerme","description":"Agenda tu cita en l\u00ednea","potentialAction":[{"@type":"SearchAction","target":{"@type":"EntryPoint","urlTemplate":"https:\/\/lederme.com.mx\/registro\/?s={search_term_string}"},"query-input":{"@type":"PropertyValueSpecification","valueRequired":true,"valueName":"search_term_string"}}],"inLanguage":"es"}]},"product_price_amount":"1875.00","product_price_currency":"MXN","og_availability":"instock","product_availability":"instock","product_condition":"new"},"_links":{"self":[{"href":"https:\/\/lederme.com.mx\/registro\/wp-json\/wp\/v2\/product\/467","targetHints":{"allow":["GET"]}}],"collection":[{"href":"https:\/\/lederme.com.mx\/registro\/wp-json\/wp\/v2\/product"}],"about":[{"href":"https:\/\/lederme.com.mx\/registro\/wp-json\/wp\/v2\/types\/product"}],"wp:featuredmedia":[{"embeddable":true,"href":"https:\/\/lederme.com.mx\/registro\/wp-json\/wp\/v2\/media\/3885"}],"wp:attachment":[{"href":"https:\/\/lederme.com.mx\/registro\/wp-json\/wp\/v2\/media?parent=467"}],"wp:term":[{"taxonomy":"product_brand","embeddable":true,"href":"https:\/\/lederme.com.mx\/registro\/wp-json\/wp\/v2\/product_brand?post=467"},{"taxonomy":"product_cat","embeddable":true,"href":"https:\/\/lederme.com.mx\/registro\/wp-json\/wp\/v2\/product_cat?post=467"},{"taxonomy":"product_tag","embeddable":true,"href":"https:\/\/lederme.com.mx\/registro\/wp-json\/wp\/v2\/product_tag?post=467"}],"curies":[{"name":"wp","href":"https:\/\/api.w.org\/{rel}","templated":true}]}}