{"id":459,"date":"2024-09-11T21:18:54","date_gmt":"2024-09-12T03:18:54","guid":{"rendered":"https:\/\/lederme.com.mx\/registro\/?post_type=product&#038;p=459"},"modified":"2026-03-15T20:39:44","modified_gmt":"2026-03-16T02:39:44","slug":"hydrafacial-oil-control-90-mins","status":"publish","type":"product","link":"https:\/\/lederme.com.mx\/registro\/producto\/hydrafacial-oil-control-90-mins\/","title":{"rendered":"HYDRAFACIAL OIL CONTROL 90 MINS"},"content":{"rendered":"<p><span style=\"font-weight: 400;\">\u00bfBuscas un tratamiento eficaz para pieles grasas, mixtas o con tendencia a desarrollar puntos negros? No te preocupes nuestro protocolo Hydrafacial Oil Control es para ti.\u00a0<\/span><\/p>\n<p><span style=\"font-weight: 400;\">\u2713 Limpieza profunda Hydrafacial MD<\/span><\/p>\n<p><span style=\"font-weight: 400;\">\u2713 Descongestiona los poros y Extraer impurezas<\/span><\/p>\n<p><span style=\"font-weight: 400;\">\u2713 Reduce el tama\u00f1o de los poros<\/span><\/p>\n<p><span style=\"font-weight: 400;\">\u2713 Regula la producci\u00f3n de grasa<\/span><\/p>\n<p><span style=\"font-weight: 400;\">\u2713 Evita nuevos brotes<\/span><\/p>\n<p><span style=\"font-weight: 400;\">\u2713 Mantiene tu piel balanceada por m\u00e1s tiempo<\/span><\/p>\n<p><span style=\"font-weight: 400;\">\u2713 Microdermoabrasi\u00f3n punta de diamante<\/span><\/p>\n<p><span style=\"font-weight: 400;\">\u2713 Mascarilla de carb\u00f3n activado CIRCADIA<\/span><\/p>\n<p><span style=\"font-weight: 400;\">\u2713 BLUE LIGHT LED THERAPY DERMALUX<\/span><\/p>\n<p><b>Paso a paso<\/b><span style=\"font-weight: 400;\">:\u00a0 CON NUESTRA TECNOLOGIA HYDRAFACIAL MD REALIZAREMOS UNA LIMPIEZA PROFUNDA, DESCONGESTIONAREMOS LOS POROS DE TU PIEL ELIMINANDO IMPUREZAS Y PUNTOS NEGROS UTILIZANDO EXTRACCIONES AUTOMATICAS POR SUCCION, APLICAREMOS E INFUNDIREMOS\u00a0 GLYSAL PEEL BOOSTER SERUM RICO EN AC. SALIC\u00cdLICO ,ADEM\u00c1S REALIZAREMOS UNA REALIZAREMOS UNA\u00a0 EXFOLIACI\u00d3N E HIDRATACION\u00a0 PROFUNDA UTILIZANDO SOLUCIONES PATENTADAS RICAS EN ANTIOXIDANTES Y \u00c1CIDO HIALUR\u00d3NICO, MANTENIENDO TU PIEL M\u00c1S LIMPIA , SUAVE\u00a0 Y EN BALANCE POR MAS TIEMPO; EVITANDO ASI LA APARICI\u00d3N DE BROTES , LESIONES ACNEICAS O INFLAMATORIAS; COMPLEMENTAREMOS TU TRATAMIENTO CON LA REALIZACI\u00d3N DE\u00a0 <\/span><b>MICRODERMOABRASI\u00d3N CON PUNTA DIAMANTE ( PRISTINE)\u00a0 <\/b><span style=\"font-weight: 400;\">PARA LIMPIAR A\u00daN M\u00c1S TU PIEL\u00a0 , APLICAREMOS\u00a0 <\/span><b><span style=\"font-weight: 400;\">Mascarilla de carb\u00f3n activado CIRCADIA<\/span><\/b><span style=\"font-weight: 400;\">,\u00a0 ESPEC\u00cdFICA PARA CONTROL DE GRASA.<\/span><\/p>\n","protected":false},"excerpt":{"rendered":"<p><span style=\"font-weight: 400;\">\u00bfBuscas un tratamiento eficaz para pieles grasas, mixtas o con tendencia a desarrollar puntos negros? No te preocupes nuestro protocolo Hydrafacial Oil Control es para ti.\u00a0<\/span><\/p>\n<p><span style=\"font-weight: 400;\">\u2713 Limpieza profunda<\/span><\/p>\n<p><span style=\"font-weight: 400;\">\u2713 Descongestiona los poros y Extraer impurezas<\/span><\/p>\n<p><span style=\"font-weight: 400;\">\u2713 Reduce el tama\u00f1o de los poros<\/span><\/p>\n<p><span style=\"font-weight: 400;\">\u2713 Regula la producci\u00f3n de grasa<\/span><\/p>\n<p><span style=\"font-weight: 400;\">\u2713 Evita nuevos brotes<\/span><\/p>\n<p><span style=\"font-weight: 400;\">\u2713 Mantiene tu piel balanceada por m\u00e1s tiempo<\/span><\/p>\n<p><span style=\"font-weight: 400;\">\u2713 Microdermoabrasi\u00f3n punta de diamante<\/span><\/p>\n<p><span style=\"font-weight: 400;\">\u2713 Mascarilla Seborreguladora<\/span><\/p>\n","protected":false},"featured_media":3867,"template":"","meta":[],"product_brand":[],"product_cat":[17],"product_tag":[],"class_list":{"0":"post-459","1":"product","2":"type-product","3":"status-publish","4":"has-post-thumbnail","6":"product_cat-hydrafacial","8":"first","9":"instock","10":"sale","11":"taxable","12":"shipping-taxable","13":"purchasable","14":"product-type-simple"},"yoast_head":"<!-- This site is optimized with the Yoast SEO Premium plugin v26.9 (Yoast SEO v27.3) - https:\/\/yoast.com\/product\/yoast-seo-premium-wordpress\/ -->\n<title>HYDRAFACIAL OIL CONTROL 90 MINS - LeDerme<\/title>\n<meta name=\"robots\" content=\"index, follow, max-snippet:-1, max-image-preview:large, max-video-preview:-1\" \/>\n<link rel=\"canonical\" href=\"https:\/\/lederme.com.mx\/registro\/producto\/hydrafacial-oil-control-90-mins\/\" \/>\n<meta property=\"og:locale\" content=\"es_ES\" \/>\n<meta property=\"og:type\" content=\"article\" \/>\n<meta property=\"og:title\" content=\"HYDRAFACIAL OIL CONTROL 90 MINS\" \/>\n<meta property=\"og:description\" content=\"\u00bfBuscas un tratamiento eficaz para pieles grasas, mixtas o con tendencia a desarrollar puntos negros? No te preocupes nuestro protocolo Hydrafacial Oil Control es para ti.\u00a0  \u2713 Limpieza profunda  \u2713 Descongestiona los poros y Extraer impurezas  \u2713 Reduce el tama\u00f1o de los poros  \u2713 Regula la producci\u00f3n de grasa  \u2713 Evita nuevos brotes  \u2713 Mantiene tu piel balanceada por m\u00e1s tiempo  \u2713 Microdermoabrasi\u00f3n punta de diamante  \u2713 Mascarilla Seborreguladora\" \/>\n<meta property=\"og:url\" content=\"https:\/\/lederme.com.mx\/registro\/producto\/hydrafacial-oil-control-90-mins\/\" \/>\n<meta property=\"og:site_name\" content=\"LeDerme\" \/>\n<meta property=\"article:modified_time\" content=\"2026-03-16T02:39:44+00:00\" \/>\n<meta property=\"og:image\" content=\"https:\/\/lederme.com.mx\/registro\/wp-content\/uploads\/2024\/09\/hydraoilcontrol2.jpg\" \/>\n\t<meta property=\"og:image:width\" content=\"580\" \/>\n\t<meta property=\"og:image:height\" content=\"580\" \/>\n\t<meta property=\"og:image:type\" content=\"image\/jpeg\" \/>\n<meta name=\"twitter:card\" content=\"summary_large_image\" \/>\n<meta name=\"twitter:label1\" content=\"Precio\" \/>\n\t<meta name=\"twitter:data1\" content=\"&#036;2,590.00 impuestos incluidos\" \/>\n\t<meta name=\"twitter:label2\" content=\"Disponibilidad\" \/>\n\t<meta name=\"twitter:data2\" content=\"Disponible\" \/>\n<script type=\"application\/ld+json\" class=\"yoast-schema-graph\">{\"@context\":\"https:\\\/\\\/schema.org\",\"@graph\":[{\"@type\":\"WebPage\",\"@id\":\"https:\\\/\\\/lederme.com.mx\\\/registro\\\/producto\\\/hydrafacial-oil-control-90-mins\\\/\",\"url\":\"https:\\\/\\\/lederme.com.mx\\\/registro\\\/producto\\\/hydrafacial-oil-control-90-mins\\\/\",\"name\":\"HYDRAFACIAL OIL CONTROL 90 MINS - LeDerme\",\"isPartOf\":{\"@id\":\"https:\\\/\\\/lederme.com.mx\\\/registro\\\/#website\"},\"primaryImageOfPage\":{\"@id\":\"https:\\\/\\\/lederme.com.mx\\\/registro\\\/producto\\\/hydrafacial-oil-control-90-mins\\\/#primaryimage\"},\"image\":{\"@id\":\"https:\\\/\\\/lederme.com.mx\\\/registro\\\/producto\\\/hydrafacial-oil-control-90-mins\\\/#primaryimage\"},\"thumbnailUrl\":\"https:\\\/\\\/lederme.com.mx\\\/registro\\\/wp-content\\\/uploads\\\/2024\\\/09\\\/hydraoilcontrol2.jpg\",\"datePublished\":\"2024-09-12T03:18:54+00:00\",\"dateModified\":\"2026-03-16T02:39:44+00:00\",\"breadcrumb\":{\"@id\":\"https:\\\/\\\/lederme.com.mx\\\/registro\\\/producto\\\/hydrafacial-oil-control-90-mins\\\/#breadcrumb\"},\"inLanguage\":\"es\",\"potentialAction\":[{\"@type\":\"ReadAction\",\"target\":[\"https:\\\/\\\/lederme.com.mx\\\/registro\\\/producto\\\/hydrafacial-oil-control-90-mins\\\/\"]}]},{\"@type\":\"ImageObject\",\"inLanguage\":\"es\",\"@id\":\"https:\\\/\\\/lederme.com.mx\\\/registro\\\/producto\\\/hydrafacial-oil-control-90-mins\\\/#primaryimage\",\"url\":\"https:\\\/\\\/lederme.com.mx\\\/registro\\\/wp-content\\\/uploads\\\/2024\\\/09\\\/hydraoilcontrol2.jpg\",\"contentUrl\":\"https:\\\/\\\/lederme.com.mx\\\/registro\\\/wp-content\\\/uploads\\\/2024\\\/09\\\/hydraoilcontrol2.jpg\",\"width\":580,\"height\":580},{\"@type\":\"BreadcrumbList\",\"@id\":\"https:\\\/\\\/lederme.com.mx\\\/registro\\\/producto\\\/hydrafacial-oil-control-90-mins\\\/#breadcrumb\",\"itemListElement\":[{\"@type\":\"ListItem\",\"position\":1,\"name\":\"Portada\",\"item\":\"https:\\\/\\\/lederme.com.mx\\\/registro\\\/\"},{\"@type\":\"ListItem\",\"position\":2,\"name\":\"Tienda\",\"item\":\"https:\\\/\\\/lederme.com.mx\\\/registro\\\/tienda\\\/\"},{\"@type\":\"ListItem\",\"position\":3,\"name\":\"HYDRAFACIAL OIL CONTROL 90 MINS\"}]},{\"@type\":\"WebSite\",\"@id\":\"https:\\\/\\\/lederme.com.mx\\\/registro\\\/#website\",\"url\":\"https:\\\/\\\/lederme.com.mx\\\/registro\\\/\",\"name\":\"LeDerme\",\"description\":\"Agenda tu cita en l\u00ednea\",\"potentialAction\":[{\"@type\":\"SearchAction\",\"target\":{\"@type\":\"EntryPoint\",\"urlTemplate\":\"https:\\\/\\\/lederme.com.mx\\\/registro\\\/?s={search_term_string}\"},\"query-input\":{\"@type\":\"PropertyValueSpecification\",\"valueRequired\":true,\"valueName\":\"search_term_string\"}}],\"inLanguage\":\"es\"}]}<\/script>\n<meta property=\"product:price:amount\" content=\"2590.00\" \/>\n<meta property=\"product:price:currency\" content=\"MXN\" \/>\n<meta property=\"og:availability\" content=\"instock\" \/>\n<meta property=\"product:availability\" content=\"instock\" \/>\n<meta property=\"product:condition\" content=\"new\" \/>\n<!-- \/ Yoast SEO Premium plugin. -->","yoast_head_json":{"title":"HYDRAFACIAL OIL CONTROL 90 MINS - LeDerme","robots":{"index":"index","follow":"follow","max-snippet":"max-snippet:-1","max-image-preview":"max-image-preview:large","max-video-preview":"max-video-preview:-1"},"canonical":"https:\/\/lederme.com.mx\/registro\/producto\/hydrafacial-oil-control-90-mins\/","og_locale":"es_ES","og_type":"article","og_title":"HYDRAFACIAL OIL CONTROL 90 MINS","og_description":"\u00bfBuscas un tratamiento eficaz para pieles grasas, mixtas o con tendencia a desarrollar puntos negros? No te preocupes nuestro protocolo Hydrafacial Oil Control es para ti.\u00a0  \u2713 Limpieza profunda  \u2713 Descongestiona los poros y Extraer impurezas  \u2713 Reduce el tama\u00f1o de los poros  \u2713 Regula la producci\u00f3n de grasa  \u2713 Evita nuevos brotes  \u2713 Mantiene tu piel balanceada por m\u00e1s tiempo  \u2713 Microdermoabrasi\u00f3n punta de diamante  \u2713 Mascarilla Seborreguladora","og_url":"https:\/\/lederme.com.mx\/registro\/producto\/hydrafacial-oil-control-90-mins\/","og_site_name":"LeDerme","article_modified_time":"2026-03-16T02:39:44+00:00","og_image":[{"width":580,"height":580,"url":"https:\/\/lederme.com.mx\/registro\/wp-content\/uploads\/2024\/09\/hydraoilcontrol2.jpg","type":"image\/jpeg"}],"twitter_card":"summary_large_image","twitter_misc":{"Precio":"&#36;2,590.00 impuestos incluidos","Disponibilidad":"Disponible"},"schema":{"@context":"https:\/\/schema.org","@graph":[{"@type":"WebPage","@id":"https:\/\/lederme.com.mx\/registro\/producto\/hydrafacial-oil-control-90-mins\/","url":"https:\/\/lederme.com.mx\/registro\/producto\/hydrafacial-oil-control-90-mins\/","name":"HYDRAFACIAL OIL CONTROL 90 MINS - LeDerme","isPartOf":{"@id":"https:\/\/lederme.com.mx\/registro\/#website"},"primaryImageOfPage":{"@id":"https:\/\/lederme.com.mx\/registro\/producto\/hydrafacial-oil-control-90-mins\/#primaryimage"},"image":{"@id":"https:\/\/lederme.com.mx\/registro\/producto\/hydrafacial-oil-control-90-mins\/#primaryimage"},"thumbnailUrl":"https:\/\/lederme.com.mx\/registro\/wp-content\/uploads\/2024\/09\/hydraoilcontrol2.jpg","datePublished":"2024-09-12T03:18:54+00:00","dateModified":"2026-03-16T02:39:44+00:00","breadcrumb":{"@id":"https:\/\/lederme.com.mx\/registro\/producto\/hydrafacial-oil-control-90-mins\/#breadcrumb"},"inLanguage":"es","potentialAction":[{"@type":"ReadAction","target":["https:\/\/lederme.com.mx\/registro\/producto\/hydrafacial-oil-control-90-mins\/"]}]},{"@type":"ImageObject","inLanguage":"es","@id":"https:\/\/lederme.com.mx\/registro\/producto\/hydrafacial-oil-control-90-mins\/#primaryimage","url":"https:\/\/lederme.com.mx\/registro\/wp-content\/uploads\/2024\/09\/hydraoilcontrol2.jpg","contentUrl":"https:\/\/lederme.com.mx\/registro\/wp-content\/uploads\/2024\/09\/hydraoilcontrol2.jpg","width":580,"height":580},{"@type":"BreadcrumbList","@id":"https:\/\/lederme.com.mx\/registro\/producto\/hydrafacial-oil-control-90-mins\/#breadcrumb","itemListElement":[{"@type":"ListItem","position":1,"name":"Portada","item":"https:\/\/lederme.com.mx\/registro\/"},{"@type":"ListItem","position":2,"name":"Tienda","item":"https:\/\/lederme.com.mx\/registro\/tienda\/"},{"@type":"ListItem","position":3,"name":"HYDRAFACIAL OIL CONTROL 90 MINS"}]},{"@type":"WebSite","@id":"https:\/\/lederme.com.mx\/registro\/#website","url":"https:\/\/lederme.com.mx\/registro\/","name":"LeDerme","description":"Agenda tu cita en l\u00ednea","potentialAction":[{"@type":"SearchAction","target":{"@type":"EntryPoint","urlTemplate":"https:\/\/lederme.com.mx\/registro\/?s={search_term_string}"},"query-input":{"@type":"PropertyValueSpecification","valueRequired":true,"valueName":"search_term_string"}}],"inLanguage":"es"}]},"product_price_amount":"2590.00","product_price_currency":"MXN","og_availability":"instock","product_availability":"instock","product_condition":"new"},"_links":{"self":[{"href":"https:\/\/lederme.com.mx\/registro\/wp-json\/wp\/v2\/product\/459","targetHints":{"allow":["GET"]}}],"collection":[{"href":"https:\/\/lederme.com.mx\/registro\/wp-json\/wp\/v2\/product"}],"about":[{"href":"https:\/\/lederme.com.mx\/registro\/wp-json\/wp\/v2\/types\/product"}],"wp:featuredmedia":[{"embeddable":true,"href":"https:\/\/lederme.com.mx\/registro\/wp-json\/wp\/v2\/media\/3867"}],"wp:attachment":[{"href":"https:\/\/lederme.com.mx\/registro\/wp-json\/wp\/v2\/media?parent=459"}],"wp:term":[{"taxonomy":"product_brand","embeddable":true,"href":"https:\/\/lederme.com.mx\/registro\/wp-json\/wp\/v2\/product_brand?post=459"},{"taxonomy":"product_cat","embeddable":true,"href":"https:\/\/lederme.com.mx\/registro\/wp-json\/wp\/v2\/product_cat?post=459"},{"taxonomy":"product_tag","embeddable":true,"href":"https:\/\/lederme.com.mx\/registro\/wp-json\/wp\/v2\/product_tag?post=459"}],"curies":[{"name":"wp","href":"https:\/\/api.w.org\/{rel}","templated":true}]}}