{"id":4108,"date":"2025-11-02T21:29:08","date_gmt":"2025-11-03T03:29:08","guid":{"rendered":"https:\/\/lederme.com.mx\/registro\/?post_type=product&#038;p=4108"},"modified":"2026-04-23T17:33:05","modified_gmt":"2026-04-23T23:33:05","slug":"the-skin-longevity-facial-by-emfusion","status":"publish","type":"product","link":"https:\/\/lederme.com.mx\/registro\/producto\/the-skin-longevity-facial-by-emfusion\/","title":{"rendered":"THE SKIN LONGEVITY FACIAL by EMFUSION"},"content":{"rendered":"","protected":false},"excerpt":{"rendered":"<p data-start=\"155\" data-end=\"380\">Eleva la salud y la calidad de tu piel con <strong data-start=\"198\" data-end=\"211\">EMFUSION\u2122<\/strong>, el tratamiento cl\u00ednico de nueva generaci\u00f3n que utiliza la tecnolog\u00eda <strong data-start=\"282\" data-end=\"294\">DYNAMiQ\u2122<\/strong> de resonancia, fusi\u00f3n e infusi\u00f3n transd\u00e9rmica para potenciar la longevidad cut\u00e1nea.<\/p>\n<p data-start=\"382\" data-end=\"742\">Sin agujas, sin dolor y sin tiempo de recuperaci\u00f3n, <strong data-start=\"434\" data-end=\"447\">EMFUSION\u2122<\/strong> act\u00faa profundamente para reparar hasta el 80% de la barrera cut\u00e1nea, fortalecer las defensas naturales de la piel e infundir hidrataci\u00f3n y nutrientes esenciales, resultando en una piel luminosa, suave, el\u00e1stica y visiblemente m\u00e1s saludable, con un <em data-start=\"696\" data-end=\"702\">glow<\/em> que se mantiene por mucho m\u00e1s tiempo.<\/p>\n<p data-start=\"744\" data-end=\"897\">\u2713 Revitaliza y suaviza la piel<br data-start=\"774\" data-end=\"777\" \/>\u2713 Restaura la barrera de la piel<br data-start=\"809\" data-end=\"812\" \/>\u2713 Nutre e hidrata<br data-start=\"829\" data-end=\"832\" \/>\u2713 Piel fresca y radiante<br data-start=\"856\" data-end=\"859\" data-is-only-node=\"\" \/>\u2713 Luminosidad<br data-start=\"872\" data-end=\"875\" \/>\u2713 Antienvejecimiento<\/p>\n","protected":false},"featured_media":4109,"template":"","meta":[],"product_brand":[],"product_cat":[35],"product_tag":[],"class_list":{"0":"post-4108","1":"product","2":"type-product","3":"status-publish","4":"has-post-thumbnail","6":"product_cat-emfusion","8":"first","9":"instock","10":"sale","11":"taxable","12":"shipping-taxable","13":"purchasable","14":"product-type-simple"},"yoast_head":"<!-- This site is optimized with the Yoast SEO Premium plugin v26.9 (Yoast SEO v27.5) - https:\/\/yoast.com\/product\/yoast-seo-premium-wordpress\/ -->\n<title>THE SKIN LONGEVITY FACIAL by EMFUSION - LeDerme<\/title>\n<meta name=\"robots\" content=\"index, follow, max-snippet:-1, max-image-preview:large, max-video-preview:-1\" \/>\n<link rel=\"canonical\" href=\"https:\/\/lederme.com.mx\/registro\/producto\/the-skin-longevity-facial-by-emfusion\/\" \/>\n<meta property=\"og:locale\" content=\"es_ES\" \/>\n<meta property=\"og:type\" content=\"article\" \/>\n<meta property=\"og:title\" content=\"THE SKIN LONGEVITY FACIAL by EMFUSION\" \/>\n<meta property=\"og:description\" content=\"Eleva la salud y la calidad de tu piel con EMFUSION\u2122, el tratamiento cl\u00ednico de nueva generaci\u00f3n que utiliza la tecnolog\u00eda DYNAMiQ\u2122 de resonancia, fusi\u00f3n e infusi\u00f3n transd\u00e9rmica para potenciar la longevidad cut\u00e1nea. Sin agujas, sin dolor y sin tiempo de recuperaci\u00f3n, EMFUSION\u2122 act\u00faa profundamente para reparar hasta el 80% de la barrera cut\u00e1nea, fortalecer las defensas naturales de la piel e infundir hidrataci\u00f3n y nutrientes esenciales, resultando en una piel luminosa, suave, el\u00e1stica y visiblemente m\u00e1s saludable, con un glow que se mantiene por mucho m\u00e1s tiempo. \u2713 Revitaliza y suaviza la piel\u2713 Restaura la barrera de la piel\u2713 Nutre e hidrata\u2713 Piel fresca y radiante\u2713 Luminosidad\u2713 Antienvejecimiento\" \/>\n<meta property=\"og:url\" content=\"https:\/\/lederme.com.mx\/registro\/producto\/the-skin-longevity-facial-by-emfusion\/\" \/>\n<meta property=\"og:site_name\" content=\"LeDerme\" \/>\n<meta property=\"article:modified_time\" content=\"2026-04-23T23:33:05+00:00\" \/>\n<meta property=\"og:image\" content=\"https:\/\/lederme.com.mx\/registro\/wp-content\/uploads\/2025\/11\/emfusion2.jpg\" \/>\n\t<meta property=\"og:image:width\" content=\"580\" \/>\n\t<meta property=\"og:image:height\" content=\"580\" \/>\n\t<meta property=\"og:image:type\" content=\"image\/jpeg\" \/>\n<meta name=\"twitter:card\" content=\"summary_large_image\" \/>\n<meta name=\"twitter:label1\" content=\"Precio\" \/>\n\t<meta name=\"twitter:data1\" content=\"&#036;2,400.00 impuestos incluidos\" \/>\n\t<meta name=\"twitter:label2\" content=\"Disponibilidad\" \/>\n\t<meta name=\"twitter:data2\" content=\"Disponible\" \/>\n<script type=\"application\/ld+json\" class=\"yoast-schema-graph\">{\"@context\":\"https:\\\/\\\/schema.org\",\"@graph\":[{\"@type\":\"WebPage\",\"@id\":\"https:\\\/\\\/lederme.com.mx\\\/registro\\\/producto\\\/the-skin-longevity-facial-by-emfusion\\\/\",\"url\":\"https:\\\/\\\/lederme.com.mx\\\/registro\\\/producto\\\/the-skin-longevity-facial-by-emfusion\\\/\",\"name\":\"THE SKIN LONGEVITY FACIAL by EMFUSION - LeDerme\",\"isPartOf\":{\"@id\":\"https:\\\/\\\/lederme.com.mx\\\/registro\\\/#website\"},\"primaryImageOfPage\":{\"@id\":\"https:\\\/\\\/lederme.com.mx\\\/registro\\\/producto\\\/the-skin-longevity-facial-by-emfusion\\\/#primaryimage\"},\"image\":{\"@id\":\"https:\\\/\\\/lederme.com.mx\\\/registro\\\/producto\\\/the-skin-longevity-facial-by-emfusion\\\/#primaryimage\"},\"thumbnailUrl\":\"https:\\\/\\\/lederme.com.mx\\\/registro\\\/wp-content\\\/uploads\\\/2025\\\/11\\\/emfusion2.jpg\",\"datePublished\":\"2025-11-03T03:29:08+00:00\",\"dateModified\":\"2026-04-23T23:33:05+00:00\",\"breadcrumb\":{\"@id\":\"https:\\\/\\\/lederme.com.mx\\\/registro\\\/producto\\\/the-skin-longevity-facial-by-emfusion\\\/#breadcrumb\"},\"inLanguage\":\"es\",\"potentialAction\":[{\"@type\":\"ReadAction\",\"target\":[\"https:\\\/\\\/lederme.com.mx\\\/registro\\\/producto\\\/the-skin-longevity-facial-by-emfusion\\\/\"]}]},{\"@type\":\"ImageObject\",\"inLanguage\":\"es\",\"@id\":\"https:\\\/\\\/lederme.com.mx\\\/registro\\\/producto\\\/the-skin-longevity-facial-by-emfusion\\\/#primaryimage\",\"url\":\"https:\\\/\\\/lederme.com.mx\\\/registro\\\/wp-content\\\/uploads\\\/2025\\\/11\\\/emfusion2.jpg\",\"contentUrl\":\"https:\\\/\\\/lederme.com.mx\\\/registro\\\/wp-content\\\/uploads\\\/2025\\\/11\\\/emfusion2.jpg\",\"width\":580,\"height\":580},{\"@type\":\"BreadcrumbList\",\"@id\":\"https:\\\/\\\/lederme.com.mx\\\/registro\\\/producto\\\/the-skin-longevity-facial-by-emfusion\\\/#breadcrumb\",\"itemListElement\":[{\"@type\":\"ListItem\",\"position\":1,\"name\":\"Portada\",\"item\":\"https:\\\/\\\/lederme.com.mx\\\/registro\\\/\"},{\"@type\":\"ListItem\",\"position\":2,\"name\":\"Tienda\",\"item\":\"https:\\\/\\\/lederme.com.mx\\\/registro\\\/tienda\\\/\"},{\"@type\":\"ListItem\",\"position\":3,\"name\":\"THE SKIN LONGEVITY FACIAL by EMFUSION\"}]},{\"@type\":\"WebSite\",\"@id\":\"https:\\\/\\\/lederme.com.mx\\\/registro\\\/#website\",\"url\":\"https:\\\/\\\/lederme.com.mx\\\/registro\\\/\",\"name\":\"LeDerme\",\"description\":\"Agenda tu cita en l\u00ednea\",\"potentialAction\":[{\"@type\":\"SearchAction\",\"target\":{\"@type\":\"EntryPoint\",\"urlTemplate\":\"https:\\\/\\\/lederme.com.mx\\\/registro\\\/?s={search_term_string}\"},\"query-input\":{\"@type\":\"PropertyValueSpecification\",\"valueRequired\":true,\"valueName\":\"search_term_string\"}}],\"inLanguage\":\"es\"}]}<\/script>\n<meta property=\"product:price:amount\" content=\"2400.00\" \/>\n<meta property=\"product:price:currency\" content=\"MXN\" \/>\n<meta property=\"og:availability\" content=\"instock\" \/>\n<meta property=\"product:availability\" content=\"instock\" \/>\n<meta property=\"product:condition\" content=\"new\" \/>\n<!-- \/ Yoast SEO Premium plugin. -->","yoast_head_json":{"title":"THE SKIN LONGEVITY FACIAL by EMFUSION - LeDerme","robots":{"index":"index","follow":"follow","max-snippet":"max-snippet:-1","max-image-preview":"max-image-preview:large","max-video-preview":"max-video-preview:-1"},"canonical":"https:\/\/lederme.com.mx\/registro\/producto\/the-skin-longevity-facial-by-emfusion\/","og_locale":"es_ES","og_type":"article","og_title":"THE SKIN LONGEVITY FACIAL by EMFUSION","og_description":"Eleva la salud y la calidad de tu piel con EMFUSION\u2122, el tratamiento cl\u00ednico de nueva generaci\u00f3n que utiliza la tecnolog\u00eda DYNAMiQ\u2122 de resonancia, fusi\u00f3n e infusi\u00f3n transd\u00e9rmica para potenciar la longevidad cut\u00e1nea. Sin agujas, sin dolor y sin tiempo de recuperaci\u00f3n, EMFUSION\u2122 act\u00faa profundamente para reparar hasta el 80% de la barrera cut\u00e1nea, fortalecer las defensas naturales de la piel e infundir hidrataci\u00f3n y nutrientes esenciales, resultando en una piel luminosa, suave, el\u00e1stica y visiblemente m\u00e1s saludable, con un glow que se mantiene por mucho m\u00e1s tiempo. \u2713 Revitaliza y suaviza la piel\u2713 Restaura la barrera de la piel\u2713 Nutre e hidrata\u2713 Piel fresca y radiante\u2713 Luminosidad\u2713 Antienvejecimiento","og_url":"https:\/\/lederme.com.mx\/registro\/producto\/the-skin-longevity-facial-by-emfusion\/","og_site_name":"LeDerme","article_modified_time":"2026-04-23T23:33:05+00:00","og_image":[{"width":580,"height":580,"url":"https:\/\/lederme.com.mx\/registro\/wp-content\/uploads\/2025\/11\/emfusion2.jpg","type":"image\/jpeg"}],"twitter_card":"summary_large_image","twitter_misc":{"Precio":"&#36;2,400.00 impuestos incluidos","Disponibilidad":"Disponible"},"schema":{"@context":"https:\/\/schema.org","@graph":[{"@type":"WebPage","@id":"https:\/\/lederme.com.mx\/registro\/producto\/the-skin-longevity-facial-by-emfusion\/","url":"https:\/\/lederme.com.mx\/registro\/producto\/the-skin-longevity-facial-by-emfusion\/","name":"THE SKIN LONGEVITY FACIAL by EMFUSION - LeDerme","isPartOf":{"@id":"https:\/\/lederme.com.mx\/registro\/#website"},"primaryImageOfPage":{"@id":"https:\/\/lederme.com.mx\/registro\/producto\/the-skin-longevity-facial-by-emfusion\/#primaryimage"},"image":{"@id":"https:\/\/lederme.com.mx\/registro\/producto\/the-skin-longevity-facial-by-emfusion\/#primaryimage"},"thumbnailUrl":"https:\/\/lederme.com.mx\/registro\/wp-content\/uploads\/2025\/11\/emfusion2.jpg","datePublished":"2025-11-03T03:29:08+00:00","dateModified":"2026-04-23T23:33:05+00:00","breadcrumb":{"@id":"https:\/\/lederme.com.mx\/registro\/producto\/the-skin-longevity-facial-by-emfusion\/#breadcrumb"},"inLanguage":"es","potentialAction":[{"@type":"ReadAction","target":["https:\/\/lederme.com.mx\/registro\/producto\/the-skin-longevity-facial-by-emfusion\/"]}]},{"@type":"ImageObject","inLanguage":"es","@id":"https:\/\/lederme.com.mx\/registro\/producto\/the-skin-longevity-facial-by-emfusion\/#primaryimage","url":"https:\/\/lederme.com.mx\/registro\/wp-content\/uploads\/2025\/11\/emfusion2.jpg","contentUrl":"https:\/\/lederme.com.mx\/registro\/wp-content\/uploads\/2025\/11\/emfusion2.jpg","width":580,"height":580},{"@type":"BreadcrumbList","@id":"https:\/\/lederme.com.mx\/registro\/producto\/the-skin-longevity-facial-by-emfusion\/#breadcrumb","itemListElement":[{"@type":"ListItem","position":1,"name":"Portada","item":"https:\/\/lederme.com.mx\/registro\/"},{"@type":"ListItem","position":2,"name":"Tienda","item":"https:\/\/lederme.com.mx\/registro\/tienda\/"},{"@type":"ListItem","position":3,"name":"THE SKIN LONGEVITY FACIAL by EMFUSION"}]},{"@type":"WebSite","@id":"https:\/\/lederme.com.mx\/registro\/#website","url":"https:\/\/lederme.com.mx\/registro\/","name":"LeDerme","description":"Agenda tu cita en l\u00ednea","potentialAction":[{"@type":"SearchAction","target":{"@type":"EntryPoint","urlTemplate":"https:\/\/lederme.com.mx\/registro\/?s={search_term_string}"},"query-input":{"@type":"PropertyValueSpecification","valueRequired":true,"valueName":"search_term_string"}}],"inLanguage":"es"}]},"product_price_amount":"2400.00","product_price_currency":"MXN","og_availability":"instock","product_availability":"instock","product_condition":"new"},"_links":{"self":[{"href":"https:\/\/lederme.com.mx\/registro\/wp-json\/wp\/v2\/product\/4108","targetHints":{"allow":["GET"]}}],"collection":[{"href":"https:\/\/lederme.com.mx\/registro\/wp-json\/wp\/v2\/product"}],"about":[{"href":"https:\/\/lederme.com.mx\/registro\/wp-json\/wp\/v2\/types\/product"}],"wp:featuredmedia":[{"embeddable":true,"href":"https:\/\/lederme.com.mx\/registro\/wp-json\/wp\/v2\/media\/4109"}],"wp:attachment":[{"href":"https:\/\/lederme.com.mx\/registro\/wp-json\/wp\/v2\/media?parent=4108"}],"wp:term":[{"taxonomy":"product_brand","embeddable":true,"href":"https:\/\/lederme.com.mx\/registro\/wp-json\/wp\/v2\/product_brand?post=4108"},{"taxonomy":"product_cat","embeddable":true,"href":"https:\/\/lederme.com.mx\/registro\/wp-json\/wp\/v2\/product_cat?post=4108"},{"taxonomy":"product_tag","embeddable":true,"href":"https:\/\/lederme.com.mx\/registro\/wp-json\/wp\/v2\/product_tag?post=4108"}],"curies":[{"name":"wp","href":"https:\/\/api.w.org\/{rel}","templated":true}]}}