{"id":3542,"date":"2025-08-29T13:01:57","date_gmt":"2025-08-29T19:01:57","guid":{"rendered":"https:\/\/lederme.com.mx\/registro\/?post_type=product&#038;p=3542"},"modified":"2026-03-15T20:32:06","modified_gmt":"2026-03-16T02:32:06","slug":"the-hydrafillic-pep9-hydrafacial","status":"publish","type":"product","link":"https:\/\/lederme.com.mx\/registro\/producto\/the-hydrafillic-pep9-hydrafacial\/","title":{"rendered":"THE HYDRAFILLIC-PEP9 HYDRAFACIAL"},"content":{"rendered":"","protected":false},"excerpt":{"rendered":"<p data-start=\"136\" data-end=\"514\">\u00a1Revitaliza y rejuvenece tu piel! Dale un boost de vitalidad e hidrataci\u00f3n probando nuestro <strong data-start=\"228\" data-end=\"256\">HYDRAFILLIC-PEP9 BOOSTER<\/strong>, cargado con 9 p\u00e9ptidos, antioxidantes, vitamina B5, \u00e1cido hialur\u00f3nico y extracto de frutas, que trabajan juntos para fortalecer y reparar la barrera de tu piel, devolverle firmeza, hidrataci\u00f3n, luminosidad y vitalidad a tu piel. Un glow natural y duradero.<\/p>\n<p data-start=\"516\" data-end=\"686\">\u2713 Limpieza profunda<br data-start=\"535\" data-end=\"538\" \/>\u2713 Reafirma &amp; rejuvenece<br data-start=\"561\" data-end=\"564\" \/>\u2713 Descongestiona y minimiza los poros<br data-start=\"601\" data-end=\"604\" \/>\u2713 Hidrata profundamente<br data-start=\"627\" data-end=\"630\" data-is-only-node=\"\" \/>\u2713 Ilumina y protege<br data-start=\"649\" data-end=\"652\" \/>\u2713 Piel fresca, radiante y luminosa<\/p>\n","protected":false},"featured_media":3544,"template":"","meta":[],"product_brand":[],"product_cat":[17],"product_tag":[],"class_list":{"0":"post-3542","1":"product","2":"type-product","3":"status-publish","4":"has-post-thumbnail","6":"product_cat-hydrafacial","8":"first","9":"instock","10":"sale","11":"taxable","12":"shipping-taxable","13":"purchasable","14":"product-type-simple"},"yoast_head":"<!-- This site is optimized with the Yoast SEO Premium plugin v26.9 (Yoast SEO v27.3) - https:\/\/yoast.com\/product\/yoast-seo-premium-wordpress\/ -->\n<title>THE HYDRAFILLIC-PEP9 HYDRAFACIAL - LeDerme<\/title>\n<meta name=\"robots\" content=\"index, follow, max-snippet:-1, max-image-preview:large, max-video-preview:-1\" \/>\n<link rel=\"canonical\" href=\"https:\/\/lederme.com.mx\/registro\/producto\/the-hydrafillic-pep9-hydrafacial\/\" \/>\n<meta property=\"og:locale\" content=\"es_ES\" \/>\n<meta property=\"og:type\" content=\"article\" \/>\n<meta property=\"og:title\" content=\"THE HYDRAFILLIC-PEP9 HYDRAFACIAL\" \/>\n<meta property=\"og:description\" content=\"\u00a1Revitaliza y rejuvenece tu piel! Dale un boost de vitalidad e hidrataci\u00f3n probando nuestro HYDRAFILLIC-PEP9 BOOSTER, cargado con 9 p\u00e9ptidos, antioxidantes, vitamina B5, \u00e1cido hialur\u00f3nico y extracto de frutas, que trabajan juntos para fortalecer y reparar la barrera de tu piel, devolverle firmeza, hidrataci\u00f3n, luminosidad y vitalidad a tu piel. Un glow natural y duradero. \u2713 Limpieza profunda\u2713 Reafirma &amp; rejuvenece\u2713 Descongestiona y minimiza los poros\u2713 Hidrata profundamente\u2713 Ilumina y protege\u2713 Piel fresca, radiante y luminosa\" \/>\n<meta property=\"og:url\" content=\"https:\/\/lederme.com.mx\/registro\/producto\/the-hydrafillic-pep9-hydrafacial\/\" \/>\n<meta property=\"og:site_name\" content=\"LeDerme\" \/>\n<meta property=\"article:modified_time\" content=\"2026-03-16T02:32:06+00:00\" \/>\n<meta property=\"og:image\" content=\"https:\/\/lederme.com.mx\/registro\/wp-content\/uploads\/2025\/08\/HYDRAFILLIC-1.jpg\" \/>\n\t<meta property=\"og:image:width\" content=\"778\" \/>\n\t<meta property=\"og:image:height\" content=\"1080\" \/>\n\t<meta property=\"og:image:type\" content=\"image\/jpeg\" \/>\n<meta name=\"twitter:card\" content=\"summary_large_image\" \/>\n<meta name=\"twitter:label1\" content=\"Precio\" \/>\n\t<meta name=\"twitter:data1\" content=\"&#036;1,950.00 impuestos incluidos\" \/>\n\t<meta name=\"twitter:label2\" content=\"Disponibilidad\" \/>\n\t<meta name=\"twitter:data2\" content=\"Disponible\" \/>\n<script type=\"application\/ld+json\" class=\"yoast-schema-graph\">{\"@context\":\"https:\\\/\\\/schema.org\",\"@graph\":[{\"@type\":\"WebPage\",\"@id\":\"https:\\\/\\\/lederme.com.mx\\\/registro\\\/producto\\\/the-hydrafillic-pep9-hydrafacial\\\/\",\"url\":\"https:\\\/\\\/lederme.com.mx\\\/registro\\\/producto\\\/the-hydrafillic-pep9-hydrafacial\\\/\",\"name\":\"THE HYDRAFILLIC-PEP9 HYDRAFACIAL - LeDerme\",\"isPartOf\":{\"@id\":\"https:\\\/\\\/lederme.com.mx\\\/registro\\\/#website\"},\"primaryImageOfPage\":{\"@id\":\"https:\\\/\\\/lederme.com.mx\\\/registro\\\/producto\\\/the-hydrafillic-pep9-hydrafacial\\\/#primaryimage\"},\"image\":{\"@id\":\"https:\\\/\\\/lederme.com.mx\\\/registro\\\/producto\\\/the-hydrafillic-pep9-hydrafacial\\\/#primaryimage\"},\"thumbnailUrl\":\"https:\\\/\\\/lederme.com.mx\\\/registro\\\/wp-content\\\/uploads\\\/2025\\\/08\\\/HYDRAFILLIC-1.jpg\",\"datePublished\":\"2025-08-29T19:01:57+00:00\",\"dateModified\":\"2026-03-16T02:32:06+00:00\",\"breadcrumb\":{\"@id\":\"https:\\\/\\\/lederme.com.mx\\\/registro\\\/producto\\\/the-hydrafillic-pep9-hydrafacial\\\/#breadcrumb\"},\"inLanguage\":\"es\",\"potentialAction\":[{\"@type\":\"ReadAction\",\"target\":[\"https:\\\/\\\/lederme.com.mx\\\/registro\\\/producto\\\/the-hydrafillic-pep9-hydrafacial\\\/\"]}]},{\"@type\":\"ImageObject\",\"inLanguage\":\"es\",\"@id\":\"https:\\\/\\\/lederme.com.mx\\\/registro\\\/producto\\\/the-hydrafillic-pep9-hydrafacial\\\/#primaryimage\",\"url\":\"https:\\\/\\\/lederme.com.mx\\\/registro\\\/wp-content\\\/uploads\\\/2025\\\/08\\\/HYDRAFILLIC-1.jpg\",\"contentUrl\":\"https:\\\/\\\/lederme.com.mx\\\/registro\\\/wp-content\\\/uploads\\\/2025\\\/08\\\/HYDRAFILLIC-1.jpg\",\"width\":778,\"height\":1080},{\"@type\":\"BreadcrumbList\",\"@id\":\"https:\\\/\\\/lederme.com.mx\\\/registro\\\/producto\\\/the-hydrafillic-pep9-hydrafacial\\\/#breadcrumb\",\"itemListElement\":[{\"@type\":\"ListItem\",\"position\":1,\"name\":\"Portada\",\"item\":\"https:\\\/\\\/lederme.com.mx\\\/registro\\\/\"},{\"@type\":\"ListItem\",\"position\":2,\"name\":\"Tienda\",\"item\":\"https:\\\/\\\/lederme.com.mx\\\/registro\\\/tienda\\\/\"},{\"@type\":\"ListItem\",\"position\":3,\"name\":\"THE HYDRAFILLIC-PEP9 HYDRAFACIAL\"}]},{\"@type\":\"WebSite\",\"@id\":\"https:\\\/\\\/lederme.com.mx\\\/registro\\\/#website\",\"url\":\"https:\\\/\\\/lederme.com.mx\\\/registro\\\/\",\"name\":\"LeDerme\",\"description\":\"Agenda tu cita en l\u00ednea\",\"potentialAction\":[{\"@type\":\"SearchAction\",\"target\":{\"@type\":\"EntryPoint\",\"urlTemplate\":\"https:\\\/\\\/lederme.com.mx\\\/registro\\\/?s={search_term_string}\"},\"query-input\":{\"@type\":\"PropertyValueSpecification\",\"valueRequired\":true,\"valueName\":\"search_term_string\"}}],\"inLanguage\":\"es\"}]}<\/script>\n<meta property=\"product:price:amount\" content=\"1950.00\" \/>\n<meta property=\"product:price:currency\" content=\"MXN\" \/>\n<meta property=\"og:availability\" content=\"instock\" \/>\n<meta property=\"product:availability\" content=\"instock\" \/>\n<meta property=\"product:condition\" content=\"new\" \/>\n<!-- \/ Yoast SEO Premium plugin. -->","yoast_head_json":{"title":"THE HYDRAFILLIC-PEP9 HYDRAFACIAL - LeDerme","robots":{"index":"index","follow":"follow","max-snippet":"max-snippet:-1","max-image-preview":"max-image-preview:large","max-video-preview":"max-video-preview:-1"},"canonical":"https:\/\/lederme.com.mx\/registro\/producto\/the-hydrafillic-pep9-hydrafacial\/","og_locale":"es_ES","og_type":"article","og_title":"THE HYDRAFILLIC-PEP9 HYDRAFACIAL","og_description":"\u00a1Revitaliza y rejuvenece tu piel! Dale un boost de vitalidad e hidrataci\u00f3n probando nuestro HYDRAFILLIC-PEP9 BOOSTER, cargado con 9 p\u00e9ptidos, antioxidantes, vitamina B5, \u00e1cido hialur\u00f3nico y extracto de frutas, que trabajan juntos para fortalecer y reparar la barrera de tu piel, devolverle firmeza, hidrataci\u00f3n, luminosidad y vitalidad a tu piel. Un glow natural y duradero. \u2713 Limpieza profunda\u2713 Reafirma &amp; rejuvenece\u2713 Descongestiona y minimiza los poros\u2713 Hidrata profundamente\u2713 Ilumina y protege\u2713 Piel fresca, radiante y luminosa","og_url":"https:\/\/lederme.com.mx\/registro\/producto\/the-hydrafillic-pep9-hydrafacial\/","og_site_name":"LeDerme","article_modified_time":"2026-03-16T02:32:06+00:00","og_image":[{"width":778,"height":1080,"url":"https:\/\/lederme.com.mx\/registro\/wp-content\/uploads\/2025\/08\/HYDRAFILLIC-1.jpg","type":"image\/jpeg"}],"twitter_card":"summary_large_image","twitter_misc":{"Precio":"&#36;1,950.00 impuestos incluidos","Disponibilidad":"Disponible"},"schema":{"@context":"https:\/\/schema.org","@graph":[{"@type":"WebPage","@id":"https:\/\/lederme.com.mx\/registro\/producto\/the-hydrafillic-pep9-hydrafacial\/","url":"https:\/\/lederme.com.mx\/registro\/producto\/the-hydrafillic-pep9-hydrafacial\/","name":"THE HYDRAFILLIC-PEP9 HYDRAFACIAL - LeDerme","isPartOf":{"@id":"https:\/\/lederme.com.mx\/registro\/#website"},"primaryImageOfPage":{"@id":"https:\/\/lederme.com.mx\/registro\/producto\/the-hydrafillic-pep9-hydrafacial\/#primaryimage"},"image":{"@id":"https:\/\/lederme.com.mx\/registro\/producto\/the-hydrafillic-pep9-hydrafacial\/#primaryimage"},"thumbnailUrl":"https:\/\/lederme.com.mx\/registro\/wp-content\/uploads\/2025\/08\/HYDRAFILLIC-1.jpg","datePublished":"2025-08-29T19:01:57+00:00","dateModified":"2026-03-16T02:32:06+00:00","breadcrumb":{"@id":"https:\/\/lederme.com.mx\/registro\/producto\/the-hydrafillic-pep9-hydrafacial\/#breadcrumb"},"inLanguage":"es","potentialAction":[{"@type":"ReadAction","target":["https:\/\/lederme.com.mx\/registro\/producto\/the-hydrafillic-pep9-hydrafacial\/"]}]},{"@type":"ImageObject","inLanguage":"es","@id":"https:\/\/lederme.com.mx\/registro\/producto\/the-hydrafillic-pep9-hydrafacial\/#primaryimage","url":"https:\/\/lederme.com.mx\/registro\/wp-content\/uploads\/2025\/08\/HYDRAFILLIC-1.jpg","contentUrl":"https:\/\/lederme.com.mx\/registro\/wp-content\/uploads\/2025\/08\/HYDRAFILLIC-1.jpg","width":778,"height":1080},{"@type":"BreadcrumbList","@id":"https:\/\/lederme.com.mx\/registro\/producto\/the-hydrafillic-pep9-hydrafacial\/#breadcrumb","itemListElement":[{"@type":"ListItem","position":1,"name":"Portada","item":"https:\/\/lederme.com.mx\/registro\/"},{"@type":"ListItem","position":2,"name":"Tienda","item":"https:\/\/lederme.com.mx\/registro\/tienda\/"},{"@type":"ListItem","position":3,"name":"THE HYDRAFILLIC-PEP9 HYDRAFACIAL"}]},{"@type":"WebSite","@id":"https:\/\/lederme.com.mx\/registro\/#website","url":"https:\/\/lederme.com.mx\/registro\/","name":"LeDerme","description":"Agenda tu cita en l\u00ednea","potentialAction":[{"@type":"SearchAction","target":{"@type":"EntryPoint","urlTemplate":"https:\/\/lederme.com.mx\/registro\/?s={search_term_string}"},"query-input":{"@type":"PropertyValueSpecification","valueRequired":true,"valueName":"search_term_string"}}],"inLanguage":"es"}]},"product_price_amount":"1950.00","product_price_currency":"MXN","og_availability":"instock","product_availability":"instock","product_condition":"new"},"_links":{"self":[{"href":"https:\/\/lederme.com.mx\/registro\/wp-json\/wp\/v2\/product\/3542","targetHints":{"allow":["GET"]}}],"collection":[{"href":"https:\/\/lederme.com.mx\/registro\/wp-json\/wp\/v2\/product"}],"about":[{"href":"https:\/\/lederme.com.mx\/registro\/wp-json\/wp\/v2\/types\/product"}],"wp:featuredmedia":[{"embeddable":true,"href":"https:\/\/lederme.com.mx\/registro\/wp-json\/wp\/v2\/media\/3544"}],"wp:attachment":[{"href":"https:\/\/lederme.com.mx\/registro\/wp-json\/wp\/v2\/media?parent=3542"}],"wp:term":[{"taxonomy":"product_brand","embeddable":true,"href":"https:\/\/lederme.com.mx\/registro\/wp-json\/wp\/v2\/product_brand?post=3542"},{"taxonomy":"product_cat","embeddable":true,"href":"https:\/\/lederme.com.mx\/registro\/wp-json\/wp\/v2\/product_cat?post=3542"},{"taxonomy":"product_tag","embeddable":true,"href":"https:\/\/lederme.com.mx\/registro\/wp-json\/wp\/v2\/product_tag?post=3542"}],"curies":[{"name":"wp","href":"https:\/\/api.w.org\/{rel}","templated":true}]}}