{"id":3536,"date":"2025-08-29T12:55:11","date_gmt":"2025-08-29T18:55:11","guid":{"rendered":"https:\/\/lederme.com.mx\/registro\/?post_type=product&#038;p=3536"},"modified":"2026-03-15T20:31:23","modified_gmt":"2026-03-16T02:31:23","slug":"the-jlo-beauty-hydrafacial","status":"publish","type":"product","link":"https:\/\/lederme.com.mx\/registro\/producto\/the-jlo-beauty-hydrafacial\/","title":{"rendered":"THE JLO BEAUTY HYDRAFACIAL"},"content":{"rendered":"","protected":false},"excerpt":{"rendered":"<p data-start=\"137\" data-end=\"470\">\u00a1Glow garantizado! Si alguien sabe c\u00f3mo detener el tiempo y brillar mientras lo hace, es <strong data-start=\"226\" data-end=\"233\">JLO<\/strong>. Experimenta nuestro <strong data-start=\"255\" data-end=\"278\">JLO BEAUTY\u00ae BOOSTER<\/strong>, dise\u00f1ado e inspirado por JLO, cargado de ingredientes bot\u00e1nicos, adapt\u00f3genos y niacinamida que revitalizan e iluminan tu piel inmediatamente.<br data-start=\"421\" data-end=\"424\" \/><strong data-start=\"424\" data-end=\"438\">Resultado:<\/strong> piel radiante y glow inmediato.<\/p>\n<p data-start=\"472\" data-end=\"664\">\u2713 Limpieza profunda<br data-start=\"491\" data-end=\"494\" \/>\u2713 Descongestiona y minimiza los poros<br data-start=\"531\" data-end=\"534\" \/>\u2713 Ilumina espectacularmente<br data-start=\"561\" data-end=\"564\" \/>\u2713 Hidrata y suaviza profundamente<br data-start=\"597\" data-end=\"600\" data-is-only-node=\"\" \/>\u2713 Reafirma y tonifica tu piel<br data-start=\"629\" data-end=\"632\" \/>\u2713 Piel radiante y glow inmediato<\/p>\n","protected":false},"featured_media":3538,"template":"","meta":[],"product_brand":[],"product_cat":[17],"product_tag":[],"class_list":{"0":"post-3536","1":"product","2":"type-product","3":"status-publish","4":"has-post-thumbnail","6":"product_cat-hydrafacial","8":"first","9":"instock","10":"sale","11":"taxable","12":"shipping-taxable","13":"purchasable","14":"product-type-simple"},"yoast_head":"<!-- This site is optimized with the Yoast SEO Premium plugin v26.9 (Yoast SEO v27.3) - https:\/\/yoast.com\/product\/yoast-seo-premium-wordpress\/ -->\n<title>THE JLO BEAUTY HYDRAFACIAL - LeDerme<\/title>\n<meta name=\"robots\" content=\"index, follow, max-snippet:-1, max-image-preview:large, max-video-preview:-1\" \/>\n<link rel=\"canonical\" href=\"https:\/\/lederme.com.mx\/registro\/producto\/the-jlo-beauty-hydrafacial\/\" \/>\n<meta property=\"og:locale\" content=\"es_ES\" \/>\n<meta property=\"og:type\" content=\"article\" \/>\n<meta property=\"og:title\" content=\"THE JLO BEAUTY HYDRAFACIAL\" \/>\n<meta property=\"og:description\" content=\"\u00a1Glow garantizado! Si alguien sabe c\u00f3mo detener el tiempo y brillar mientras lo hace, es JLO. Experimenta nuestro JLO BEAUTY\u00ae BOOSTER, dise\u00f1ado e inspirado por JLO, cargado de ingredientes bot\u00e1nicos, adapt\u00f3genos y niacinamida que revitalizan e iluminan tu piel inmediatamente.Resultado: piel radiante y glow inmediato. \u2713 Limpieza profunda\u2713 Descongestiona y minimiza los poros\u2713 Ilumina espectacularmente\u2713 Hidrata y suaviza profundamente\u2713 Reafirma y tonifica tu piel\u2713 Piel radiante y glow inmediato\" \/>\n<meta property=\"og:url\" content=\"https:\/\/lederme.com.mx\/registro\/producto\/the-jlo-beauty-hydrafacial\/\" \/>\n<meta property=\"og:site_name\" content=\"LeDerme\" \/>\n<meta property=\"article:modified_time\" content=\"2026-03-16T02:31:23+00:00\" \/>\n<meta property=\"og:image\" content=\"https:\/\/lederme.com.mx\/registro\/wp-content\/uploads\/2025\/08\/JLO2.jpg\" \/>\n\t<meta property=\"og:image:width\" content=\"778\" \/>\n\t<meta property=\"og:image:height\" content=\"1080\" \/>\n\t<meta property=\"og:image:type\" content=\"image\/jpeg\" \/>\n<meta name=\"twitter:card\" content=\"summary_large_image\" \/>\n<meta name=\"twitter:label1\" content=\"Precio\" \/>\n\t<meta name=\"twitter:data1\" content=\"&#036;1,950.00 impuestos incluidos\" \/>\n\t<meta name=\"twitter:label2\" content=\"Disponibilidad\" \/>\n\t<meta name=\"twitter:data2\" content=\"Disponible\" \/>\n<script type=\"application\/ld+json\" class=\"yoast-schema-graph\">{\"@context\":\"https:\\\/\\\/schema.org\",\"@graph\":[{\"@type\":\"WebPage\",\"@id\":\"https:\\\/\\\/lederme.com.mx\\\/registro\\\/producto\\\/the-jlo-beauty-hydrafacial\\\/\",\"url\":\"https:\\\/\\\/lederme.com.mx\\\/registro\\\/producto\\\/the-jlo-beauty-hydrafacial\\\/\",\"name\":\"THE JLO BEAUTY HYDRAFACIAL - LeDerme\",\"isPartOf\":{\"@id\":\"https:\\\/\\\/lederme.com.mx\\\/registro\\\/#website\"},\"primaryImageOfPage\":{\"@id\":\"https:\\\/\\\/lederme.com.mx\\\/registro\\\/producto\\\/the-jlo-beauty-hydrafacial\\\/#primaryimage\"},\"image\":{\"@id\":\"https:\\\/\\\/lederme.com.mx\\\/registro\\\/producto\\\/the-jlo-beauty-hydrafacial\\\/#primaryimage\"},\"thumbnailUrl\":\"https:\\\/\\\/lederme.com.mx\\\/registro\\\/wp-content\\\/uploads\\\/2025\\\/08\\\/JLO2.jpg\",\"datePublished\":\"2025-08-29T18:55:11+00:00\",\"dateModified\":\"2026-03-16T02:31:23+00:00\",\"breadcrumb\":{\"@id\":\"https:\\\/\\\/lederme.com.mx\\\/registro\\\/producto\\\/the-jlo-beauty-hydrafacial\\\/#breadcrumb\"},\"inLanguage\":\"es\",\"potentialAction\":[{\"@type\":\"ReadAction\",\"target\":[\"https:\\\/\\\/lederme.com.mx\\\/registro\\\/producto\\\/the-jlo-beauty-hydrafacial\\\/\"]}]},{\"@type\":\"ImageObject\",\"inLanguage\":\"es\",\"@id\":\"https:\\\/\\\/lederme.com.mx\\\/registro\\\/producto\\\/the-jlo-beauty-hydrafacial\\\/#primaryimage\",\"url\":\"https:\\\/\\\/lederme.com.mx\\\/registro\\\/wp-content\\\/uploads\\\/2025\\\/08\\\/JLO2.jpg\",\"contentUrl\":\"https:\\\/\\\/lederme.com.mx\\\/registro\\\/wp-content\\\/uploads\\\/2025\\\/08\\\/JLO2.jpg\",\"width\":778,\"height\":1080},{\"@type\":\"BreadcrumbList\",\"@id\":\"https:\\\/\\\/lederme.com.mx\\\/registro\\\/producto\\\/the-jlo-beauty-hydrafacial\\\/#breadcrumb\",\"itemListElement\":[{\"@type\":\"ListItem\",\"position\":1,\"name\":\"Portada\",\"item\":\"https:\\\/\\\/lederme.com.mx\\\/registro\\\/\"},{\"@type\":\"ListItem\",\"position\":2,\"name\":\"Tienda\",\"item\":\"https:\\\/\\\/lederme.com.mx\\\/registro\\\/tienda\\\/\"},{\"@type\":\"ListItem\",\"position\":3,\"name\":\"THE JLO BEAUTY HYDRAFACIAL\"}]},{\"@type\":\"WebSite\",\"@id\":\"https:\\\/\\\/lederme.com.mx\\\/registro\\\/#website\",\"url\":\"https:\\\/\\\/lederme.com.mx\\\/registro\\\/\",\"name\":\"LeDerme\",\"description\":\"Agenda tu cita en l\u00ednea\",\"potentialAction\":[{\"@type\":\"SearchAction\",\"target\":{\"@type\":\"EntryPoint\",\"urlTemplate\":\"https:\\\/\\\/lederme.com.mx\\\/registro\\\/?s={search_term_string}\"},\"query-input\":{\"@type\":\"PropertyValueSpecification\",\"valueRequired\":true,\"valueName\":\"search_term_string\"}}],\"inLanguage\":\"es\"}]}<\/script>\n<meta property=\"product:price:amount\" content=\"1950.00\" \/>\n<meta property=\"product:price:currency\" content=\"MXN\" \/>\n<meta property=\"og:availability\" content=\"instock\" \/>\n<meta property=\"product:availability\" content=\"instock\" \/>\n<meta property=\"product:condition\" content=\"new\" \/>\n<!-- \/ Yoast SEO Premium plugin. -->","yoast_head_json":{"title":"THE JLO BEAUTY HYDRAFACIAL - LeDerme","robots":{"index":"index","follow":"follow","max-snippet":"max-snippet:-1","max-image-preview":"max-image-preview:large","max-video-preview":"max-video-preview:-1"},"canonical":"https:\/\/lederme.com.mx\/registro\/producto\/the-jlo-beauty-hydrafacial\/","og_locale":"es_ES","og_type":"article","og_title":"THE JLO BEAUTY HYDRAFACIAL","og_description":"\u00a1Glow garantizado! Si alguien sabe c\u00f3mo detener el tiempo y brillar mientras lo hace, es JLO. Experimenta nuestro JLO BEAUTY\u00ae BOOSTER, dise\u00f1ado e inspirado por JLO, cargado de ingredientes bot\u00e1nicos, adapt\u00f3genos y niacinamida que revitalizan e iluminan tu piel inmediatamente.Resultado: piel radiante y glow inmediato. \u2713 Limpieza profunda\u2713 Descongestiona y minimiza los poros\u2713 Ilumina espectacularmente\u2713 Hidrata y suaviza profundamente\u2713 Reafirma y tonifica tu piel\u2713 Piel radiante y glow inmediato","og_url":"https:\/\/lederme.com.mx\/registro\/producto\/the-jlo-beauty-hydrafacial\/","og_site_name":"LeDerme","article_modified_time":"2026-03-16T02:31:23+00:00","og_image":[{"width":778,"height":1080,"url":"https:\/\/lederme.com.mx\/registro\/wp-content\/uploads\/2025\/08\/JLO2.jpg","type":"image\/jpeg"}],"twitter_card":"summary_large_image","twitter_misc":{"Precio":"&#36;1,950.00 impuestos incluidos","Disponibilidad":"Disponible"},"schema":{"@context":"https:\/\/schema.org","@graph":[{"@type":"WebPage","@id":"https:\/\/lederme.com.mx\/registro\/producto\/the-jlo-beauty-hydrafacial\/","url":"https:\/\/lederme.com.mx\/registro\/producto\/the-jlo-beauty-hydrafacial\/","name":"THE JLO BEAUTY HYDRAFACIAL - LeDerme","isPartOf":{"@id":"https:\/\/lederme.com.mx\/registro\/#website"},"primaryImageOfPage":{"@id":"https:\/\/lederme.com.mx\/registro\/producto\/the-jlo-beauty-hydrafacial\/#primaryimage"},"image":{"@id":"https:\/\/lederme.com.mx\/registro\/producto\/the-jlo-beauty-hydrafacial\/#primaryimage"},"thumbnailUrl":"https:\/\/lederme.com.mx\/registro\/wp-content\/uploads\/2025\/08\/JLO2.jpg","datePublished":"2025-08-29T18:55:11+00:00","dateModified":"2026-03-16T02:31:23+00:00","breadcrumb":{"@id":"https:\/\/lederme.com.mx\/registro\/producto\/the-jlo-beauty-hydrafacial\/#breadcrumb"},"inLanguage":"es","potentialAction":[{"@type":"ReadAction","target":["https:\/\/lederme.com.mx\/registro\/producto\/the-jlo-beauty-hydrafacial\/"]}]},{"@type":"ImageObject","inLanguage":"es","@id":"https:\/\/lederme.com.mx\/registro\/producto\/the-jlo-beauty-hydrafacial\/#primaryimage","url":"https:\/\/lederme.com.mx\/registro\/wp-content\/uploads\/2025\/08\/JLO2.jpg","contentUrl":"https:\/\/lederme.com.mx\/registro\/wp-content\/uploads\/2025\/08\/JLO2.jpg","width":778,"height":1080},{"@type":"BreadcrumbList","@id":"https:\/\/lederme.com.mx\/registro\/producto\/the-jlo-beauty-hydrafacial\/#breadcrumb","itemListElement":[{"@type":"ListItem","position":1,"name":"Portada","item":"https:\/\/lederme.com.mx\/registro\/"},{"@type":"ListItem","position":2,"name":"Tienda","item":"https:\/\/lederme.com.mx\/registro\/tienda\/"},{"@type":"ListItem","position":3,"name":"THE JLO BEAUTY HYDRAFACIAL"}]},{"@type":"WebSite","@id":"https:\/\/lederme.com.mx\/registro\/#website","url":"https:\/\/lederme.com.mx\/registro\/","name":"LeDerme","description":"Agenda tu cita en l\u00ednea","potentialAction":[{"@type":"SearchAction","target":{"@type":"EntryPoint","urlTemplate":"https:\/\/lederme.com.mx\/registro\/?s={search_term_string}"},"query-input":{"@type":"PropertyValueSpecification","valueRequired":true,"valueName":"search_term_string"}}],"inLanguage":"es"}]},"product_price_amount":"1950.00","product_price_currency":"MXN","og_availability":"instock","product_availability":"instock","product_condition":"new"},"_links":{"self":[{"href":"https:\/\/lederme.com.mx\/registro\/wp-json\/wp\/v2\/product\/3536","targetHints":{"allow":["GET"]}}],"collection":[{"href":"https:\/\/lederme.com.mx\/registro\/wp-json\/wp\/v2\/product"}],"about":[{"href":"https:\/\/lederme.com.mx\/registro\/wp-json\/wp\/v2\/types\/product"}],"wp:featuredmedia":[{"embeddable":true,"href":"https:\/\/lederme.com.mx\/registro\/wp-json\/wp\/v2\/media\/3538"}],"wp:attachment":[{"href":"https:\/\/lederme.com.mx\/registro\/wp-json\/wp\/v2\/media?parent=3536"}],"wp:term":[{"taxonomy":"product_brand","embeddable":true,"href":"https:\/\/lederme.com.mx\/registro\/wp-json\/wp\/v2\/product_brand?post=3536"},{"taxonomy":"product_cat","embeddable":true,"href":"https:\/\/lederme.com.mx\/registro\/wp-json\/wp\/v2\/product_cat?post=3536"},{"taxonomy":"product_tag","embeddable":true,"href":"https:\/\/lederme.com.mx\/registro\/wp-json\/wp\/v2\/product_tag?post=3536"}],"curies":[{"name":"wp","href":"https:\/\/api.w.org\/{rel}","templated":true}]}}