{"id":3527,"date":"2025-08-29T12:33:07","date_gmt":"2025-08-29T18:33:07","guid":{"rendered":"https:\/\/lederme.com.mx\/registro\/?post_type=product&#038;p=3527"},"modified":"2026-03-15T20:29:29","modified_gmt":"2026-03-16T02:29:29","slug":"the-hydralock-hydrafacial","status":"publish","type":"product","link":"https:\/\/lederme.com.mx\/registro\/producto\/the-hydralock-hydrafacial\/","title":{"rendered":"THE HYDRALOCK HYDRAFACIAL"},"content":{"rendered":"","protected":false},"excerpt":{"rendered":"<p data-start=\"121\" data-end=\"448\">\u00a1M\u00e1xima Hidrataci\u00f3n! Adem\u00e1s de refrescar y limpiar tu piel, le damos un boost de hidrataci\u00f3n real y profunda agregando nuestro <strong data-start=\"248\" data-end=\"272\">HYDRALOCK HA BOOSTER<\/strong>, cargado 3 veces m\u00e1s con \u00e1cido hialur\u00f3nico, vitamina B5 y extracto de frutas.<br data-start=\"350\" data-end=\"353\" \/><strong data-start=\"353\" data-end=\"367\">Resultado:<\/strong> piel fresca, radiante, luminosa y profundamente hidratada, con un glow duradero.<\/p>\n<p data-start=\"450\" data-end=\"607\">\u2713 Limpieza profunda<br data-start=\"469\" data-end=\"472\" \/>\u2713 Descongestiona los poros<br data-start=\"498\" data-end=\"501\" \/>\u2713 Revitaliza &amp; suaviza la piel<br data-start=\"531\" data-end=\"534\" \/>\u2713 Hidrataci\u00f3n profunda y duradera x3<br data-start=\"570\" data-end=\"573\" data-is-only-node=\"\" \/>\u2713 Piel fresca, radiante, luminosa.<\/p>\n","protected":false},"featured_media":3528,"template":"","meta":[],"product_brand":[],"product_cat":[17],"product_tag":[],"class_list":{"0":"post-3527","1":"product","2":"type-product","3":"status-publish","4":"has-post-thumbnail","6":"product_cat-hydrafacial","8":"first","9":"instock","10":"sale","11":"taxable","12":"shipping-taxable","13":"purchasable","14":"product-type-simple"},"yoast_head":"<!-- This site is optimized with the Yoast SEO Premium plugin v26.9 (Yoast SEO v27.3) - https:\/\/yoast.com\/product\/yoast-seo-premium-wordpress\/ -->\n<title>THE HYDRALOCK HYDRAFACIAL - LeDerme<\/title>\n<meta name=\"robots\" content=\"index, follow, max-snippet:-1, max-image-preview:large, max-video-preview:-1\" \/>\n<link rel=\"canonical\" href=\"https:\/\/lederme.com.mx\/registro\/producto\/the-hydralock-hydrafacial\/\" \/>\n<meta property=\"og:locale\" content=\"es_ES\" \/>\n<meta property=\"og:type\" content=\"article\" \/>\n<meta property=\"og:title\" content=\"THE HYDRALOCK HYDRAFACIAL\" \/>\n<meta property=\"og:description\" content=\"\u00a1M\u00e1xima Hidrataci\u00f3n! Adem\u00e1s de refrescar y limpiar tu piel, le damos un boost de hidrataci\u00f3n real y profunda agregando nuestro HYDRALOCK HA BOOSTER, cargado 3 veces m\u00e1s con \u00e1cido hialur\u00f3nico, vitamina B5 y extracto de frutas.Resultado: piel fresca, radiante, luminosa y profundamente hidratada, con un glow duradero. \u2713 Limpieza profunda\u2713 Descongestiona los poros\u2713 Revitaliza &amp; suaviza la piel\u2713 Hidrataci\u00f3n profunda y duradera x3\u2713 Piel fresca, radiante, luminosa.\" \/>\n<meta property=\"og:url\" content=\"https:\/\/lederme.com.mx\/registro\/producto\/the-hydralock-hydrafacial\/\" \/>\n<meta property=\"og:site_name\" content=\"LeDerme\" \/>\n<meta property=\"article:modified_time\" content=\"2026-03-16T02:29:29+00:00\" \/>\n<meta property=\"og:image\" content=\"https:\/\/lederme.com.mx\/registro\/wp-content\/uploads\/2025\/08\/HYDRALOCK2-1.jpg\" \/>\n\t<meta property=\"og:image:width\" content=\"778\" \/>\n\t<meta property=\"og:image:height\" content=\"1080\" \/>\n\t<meta property=\"og:image:type\" content=\"image\/jpeg\" \/>\n<meta name=\"twitter:card\" content=\"summary_large_image\" \/>\n<meta name=\"twitter:label1\" content=\"Precio\" \/>\n\t<meta name=\"twitter:data1\" content=\"&#036;1,950.00 impuestos incluidos\" \/>\n\t<meta name=\"twitter:label2\" content=\"Disponibilidad\" \/>\n\t<meta name=\"twitter:data2\" content=\"Disponible\" \/>\n<script type=\"application\/ld+json\" class=\"yoast-schema-graph\">{\"@context\":\"https:\\\/\\\/schema.org\",\"@graph\":[{\"@type\":\"WebPage\",\"@id\":\"https:\\\/\\\/lederme.com.mx\\\/registro\\\/producto\\\/the-hydralock-hydrafacial\\\/\",\"url\":\"https:\\\/\\\/lederme.com.mx\\\/registro\\\/producto\\\/the-hydralock-hydrafacial\\\/\",\"name\":\"THE HYDRALOCK HYDRAFACIAL - LeDerme\",\"isPartOf\":{\"@id\":\"https:\\\/\\\/lederme.com.mx\\\/registro\\\/#website\"},\"primaryImageOfPage\":{\"@id\":\"https:\\\/\\\/lederme.com.mx\\\/registro\\\/producto\\\/the-hydralock-hydrafacial\\\/#primaryimage\"},\"image\":{\"@id\":\"https:\\\/\\\/lederme.com.mx\\\/registro\\\/producto\\\/the-hydralock-hydrafacial\\\/#primaryimage\"},\"thumbnailUrl\":\"https:\\\/\\\/lederme.com.mx\\\/registro\\\/wp-content\\\/uploads\\\/2025\\\/08\\\/HYDRALOCK2-1.jpg\",\"datePublished\":\"2025-08-29T18:33:07+00:00\",\"dateModified\":\"2026-03-16T02:29:29+00:00\",\"breadcrumb\":{\"@id\":\"https:\\\/\\\/lederme.com.mx\\\/registro\\\/producto\\\/the-hydralock-hydrafacial\\\/#breadcrumb\"},\"inLanguage\":\"es\",\"potentialAction\":[{\"@type\":\"ReadAction\",\"target\":[\"https:\\\/\\\/lederme.com.mx\\\/registro\\\/producto\\\/the-hydralock-hydrafacial\\\/\"]}]},{\"@type\":\"ImageObject\",\"inLanguage\":\"es\",\"@id\":\"https:\\\/\\\/lederme.com.mx\\\/registro\\\/producto\\\/the-hydralock-hydrafacial\\\/#primaryimage\",\"url\":\"https:\\\/\\\/lederme.com.mx\\\/registro\\\/wp-content\\\/uploads\\\/2025\\\/08\\\/HYDRALOCK2-1.jpg\",\"contentUrl\":\"https:\\\/\\\/lederme.com.mx\\\/registro\\\/wp-content\\\/uploads\\\/2025\\\/08\\\/HYDRALOCK2-1.jpg\",\"width\":778,\"height\":1080},{\"@type\":\"BreadcrumbList\",\"@id\":\"https:\\\/\\\/lederme.com.mx\\\/registro\\\/producto\\\/the-hydralock-hydrafacial\\\/#breadcrumb\",\"itemListElement\":[{\"@type\":\"ListItem\",\"position\":1,\"name\":\"Portada\",\"item\":\"https:\\\/\\\/lederme.com.mx\\\/registro\\\/\"},{\"@type\":\"ListItem\",\"position\":2,\"name\":\"Tienda\",\"item\":\"https:\\\/\\\/lederme.com.mx\\\/registro\\\/tienda\\\/\"},{\"@type\":\"ListItem\",\"position\":3,\"name\":\"THE HYDRALOCK HYDRAFACIAL\"}]},{\"@type\":\"WebSite\",\"@id\":\"https:\\\/\\\/lederme.com.mx\\\/registro\\\/#website\",\"url\":\"https:\\\/\\\/lederme.com.mx\\\/registro\\\/\",\"name\":\"LeDerme\",\"description\":\"Agenda tu cita en l\u00ednea\",\"potentialAction\":[{\"@type\":\"SearchAction\",\"target\":{\"@type\":\"EntryPoint\",\"urlTemplate\":\"https:\\\/\\\/lederme.com.mx\\\/registro\\\/?s={search_term_string}\"},\"query-input\":{\"@type\":\"PropertyValueSpecification\",\"valueRequired\":true,\"valueName\":\"search_term_string\"}}],\"inLanguage\":\"es\"}]}<\/script>\n<meta property=\"product:price:amount\" content=\"1950.00\" \/>\n<meta property=\"product:price:currency\" content=\"MXN\" \/>\n<meta property=\"og:availability\" content=\"instock\" \/>\n<meta property=\"product:availability\" content=\"instock\" \/>\n<meta property=\"product:condition\" content=\"new\" \/>\n<!-- \/ Yoast SEO Premium plugin. -->","yoast_head_json":{"title":"THE HYDRALOCK HYDRAFACIAL - LeDerme","robots":{"index":"index","follow":"follow","max-snippet":"max-snippet:-1","max-image-preview":"max-image-preview:large","max-video-preview":"max-video-preview:-1"},"canonical":"https:\/\/lederme.com.mx\/registro\/producto\/the-hydralock-hydrafacial\/","og_locale":"es_ES","og_type":"article","og_title":"THE HYDRALOCK HYDRAFACIAL","og_description":"\u00a1M\u00e1xima Hidrataci\u00f3n! Adem\u00e1s de refrescar y limpiar tu piel, le damos un boost de hidrataci\u00f3n real y profunda agregando nuestro HYDRALOCK HA BOOSTER, cargado 3 veces m\u00e1s con \u00e1cido hialur\u00f3nico, vitamina B5 y extracto de frutas.Resultado: piel fresca, radiante, luminosa y profundamente hidratada, con un glow duradero. \u2713 Limpieza profunda\u2713 Descongestiona los poros\u2713 Revitaliza &amp; suaviza la piel\u2713 Hidrataci\u00f3n profunda y duradera x3\u2713 Piel fresca, radiante, luminosa.","og_url":"https:\/\/lederme.com.mx\/registro\/producto\/the-hydralock-hydrafacial\/","og_site_name":"LeDerme","article_modified_time":"2026-03-16T02:29:29+00:00","og_image":[{"width":778,"height":1080,"url":"https:\/\/lederme.com.mx\/registro\/wp-content\/uploads\/2025\/08\/HYDRALOCK2-1.jpg","type":"image\/jpeg"}],"twitter_card":"summary_large_image","twitter_misc":{"Precio":"&#36;1,950.00 impuestos incluidos","Disponibilidad":"Disponible"},"schema":{"@context":"https:\/\/schema.org","@graph":[{"@type":"WebPage","@id":"https:\/\/lederme.com.mx\/registro\/producto\/the-hydralock-hydrafacial\/","url":"https:\/\/lederme.com.mx\/registro\/producto\/the-hydralock-hydrafacial\/","name":"THE HYDRALOCK HYDRAFACIAL - LeDerme","isPartOf":{"@id":"https:\/\/lederme.com.mx\/registro\/#website"},"primaryImageOfPage":{"@id":"https:\/\/lederme.com.mx\/registro\/producto\/the-hydralock-hydrafacial\/#primaryimage"},"image":{"@id":"https:\/\/lederme.com.mx\/registro\/producto\/the-hydralock-hydrafacial\/#primaryimage"},"thumbnailUrl":"https:\/\/lederme.com.mx\/registro\/wp-content\/uploads\/2025\/08\/HYDRALOCK2-1.jpg","datePublished":"2025-08-29T18:33:07+00:00","dateModified":"2026-03-16T02:29:29+00:00","breadcrumb":{"@id":"https:\/\/lederme.com.mx\/registro\/producto\/the-hydralock-hydrafacial\/#breadcrumb"},"inLanguage":"es","potentialAction":[{"@type":"ReadAction","target":["https:\/\/lederme.com.mx\/registro\/producto\/the-hydralock-hydrafacial\/"]}]},{"@type":"ImageObject","inLanguage":"es","@id":"https:\/\/lederme.com.mx\/registro\/producto\/the-hydralock-hydrafacial\/#primaryimage","url":"https:\/\/lederme.com.mx\/registro\/wp-content\/uploads\/2025\/08\/HYDRALOCK2-1.jpg","contentUrl":"https:\/\/lederme.com.mx\/registro\/wp-content\/uploads\/2025\/08\/HYDRALOCK2-1.jpg","width":778,"height":1080},{"@type":"BreadcrumbList","@id":"https:\/\/lederme.com.mx\/registro\/producto\/the-hydralock-hydrafacial\/#breadcrumb","itemListElement":[{"@type":"ListItem","position":1,"name":"Portada","item":"https:\/\/lederme.com.mx\/registro\/"},{"@type":"ListItem","position":2,"name":"Tienda","item":"https:\/\/lederme.com.mx\/registro\/tienda\/"},{"@type":"ListItem","position":3,"name":"THE HYDRALOCK HYDRAFACIAL"}]},{"@type":"WebSite","@id":"https:\/\/lederme.com.mx\/registro\/#website","url":"https:\/\/lederme.com.mx\/registro\/","name":"LeDerme","description":"Agenda tu cita en l\u00ednea","potentialAction":[{"@type":"SearchAction","target":{"@type":"EntryPoint","urlTemplate":"https:\/\/lederme.com.mx\/registro\/?s={search_term_string}"},"query-input":{"@type":"PropertyValueSpecification","valueRequired":true,"valueName":"search_term_string"}}],"inLanguage":"es"}]},"product_price_amount":"1950.00","product_price_currency":"MXN","og_availability":"instock","product_availability":"instock","product_condition":"new"},"_links":{"self":[{"href":"https:\/\/lederme.com.mx\/registro\/wp-json\/wp\/v2\/product\/3527","targetHints":{"allow":["GET"]}}],"collection":[{"href":"https:\/\/lederme.com.mx\/registro\/wp-json\/wp\/v2\/product"}],"about":[{"href":"https:\/\/lederme.com.mx\/registro\/wp-json\/wp\/v2\/types\/product"}],"wp:featuredmedia":[{"embeddable":true,"href":"https:\/\/lederme.com.mx\/registro\/wp-json\/wp\/v2\/media\/3528"}],"wp:attachment":[{"href":"https:\/\/lederme.com.mx\/registro\/wp-json\/wp\/v2\/media?parent=3527"}],"wp:term":[{"taxonomy":"product_brand","embeddable":true,"href":"https:\/\/lederme.com.mx\/registro\/wp-json\/wp\/v2\/product_brand?post=3527"},{"taxonomy":"product_cat","embeddable":true,"href":"https:\/\/lederme.com.mx\/registro\/wp-json\/wp\/v2\/product_cat?post=3527"},{"taxonomy":"product_tag","embeddable":true,"href":"https:\/\/lederme.com.mx\/registro\/wp-json\/wp\/v2\/product_tag?post=3527"}],"curies":[{"name":"wp","href":"https:\/\/api.w.org\/{rel}","templated":true}]}}