{"id":3479,"date":"2025-08-26T17:31:34","date_gmt":"2025-08-26T23:31:34","guid":{"rendered":"https:\/\/lederme.com.mx\/registro\/?post_type=product&#038;p=3479"},"modified":"2026-03-15T20:38:54","modified_gmt":"2026-03-16T02:38:54","slug":"the-polished-hydrafacial","status":"publish","type":"product","link":"https:\/\/lederme.com.mx\/registro\/producto\/the-polished-hydrafacial\/","title":{"rendered":"THE POLISHED HYDRAFACIAL"},"content":{"rendered":"<p>Paso a paso: En nuestra experiencia Deluxe, nos enfocaremos en desintoxicar, eliminar y extraer las impurezas de los poros de tu piel; realizaremos una limpieza suave y profunda, sin causar irritaci\u00f3n o inflamaci\u00f3n; descongestionaremos y haremos un detox profundo de los poros de tu piel, eliminando sus toxinas, impurezas y puntos negros utilizando extracciones autom\u00e1ticas por succi\u00f3n; aplicaremos e infundiremos glysal peel prep booster serum, rico en \u00e1cido salic\u00edlico, para renovar y desinflamar tu piel; a\u00f1adiremos PRISTINE, nuestro sistema de microdermoabrasi\u00f3n capaz de renovar las capas superficiales de tu piel con suavidad y control; concluiremos con la aplicaci\u00f3n de terapia de luz LED para desinflamar y protecci\u00f3n solar.<\/p>\n","protected":false},"excerpt":{"rendered":"<p data-start=\"129\" data-end=\"497\">\u00a1Limpieza Total! Adem\u00e1s de refrescar, limpiar e hidratar tu piel, le damos a tu piel un boost de suavidad con PRISTINE, nuestro sistema de microdermoabrasi\u00f3n capaz de renovar las capas superficiales de tu piel con suavidad y control, dejando atr\u00e1s su apariencia apagada y revelando su luminosidad y suavidad. Piel fresca, luminosa y ultra suave con un glow duradero.<\/p>\n<p data-start=\"499\" data-end=\"701\">\u2713 Limpieza profunda<br data-start=\"518\" data-end=\"521\" \/>\u2713 Exfolia suave y profundamente<br data-start=\"552\" data-end=\"555\" \/>\u2713 Descongestiona y disminuye los poros<br data-start=\"593\" data-end=\"596\" \/>\u2713 Suaviza y mejora la textura<br data-start=\"625\" data-end=\"628\" data-is-only-node=\"\" \/>\u2713 Renueva e ilumina<br data-start=\"647\" data-end=\"650\" \/>\u2713 Piel fresca y ultra suave con un glow duradero.<\/p>\n","protected":false},"featured_media":3613,"template":"","meta":[],"product_brand":[],"product_cat":[17],"product_tag":[],"class_list":{"0":"post-3479","1":"product","2":"type-product","3":"status-publish","4":"has-post-thumbnail","6":"product_cat-hydrafacial","8":"first","9":"instock","10":"sale","11":"taxable","12":"shipping-taxable","13":"purchasable","14":"product-type-simple"},"yoast_head":"<!-- This site is optimized with the Yoast SEO Premium plugin v26.9 (Yoast SEO v27.3) - https:\/\/yoast.com\/product\/yoast-seo-premium-wordpress\/ -->\n<title>THE POLISHED HYDRAFACIAL - LeDerme<\/title>\n<meta name=\"robots\" content=\"index, follow, max-snippet:-1, max-image-preview:large, max-video-preview:-1\" \/>\n<link rel=\"canonical\" href=\"https:\/\/lederme.com.mx\/registro\/producto\/the-polished-hydrafacial\/\" \/>\n<meta property=\"og:locale\" content=\"es_ES\" \/>\n<meta property=\"og:type\" content=\"article\" \/>\n<meta property=\"og:title\" content=\"THE POLISHED HYDRAFACIAL\" \/>\n<meta property=\"og:description\" content=\"\u00a1Limpieza Total! Adem\u00e1s de refrescar, limpiar e hidratar tu piel, le damos a tu piel un boost de suavidad con PRISTINE, nuestro sistema de microdermoabrasi\u00f3n capaz de renovar las capas superficiales de tu piel con suavidad y control, dejando atr\u00e1s su apariencia apagada y revelando su luminosidad y suavidad. Piel fresca, luminosa y ultra suave con un glow duradero. \u2713 Limpieza profunda\u2713 Exfolia suave y profundamente\u2713 Descongestiona y disminuye los poros\u2713 Suaviza y mejora la textura\u2713 Renueva e ilumina\u2713 Piel fresca y ultra suave con un glow duradero.\" \/>\n<meta property=\"og:url\" content=\"https:\/\/lederme.com.mx\/registro\/producto\/the-polished-hydrafacial\/\" \/>\n<meta property=\"og:site_name\" content=\"LeDerme\" \/>\n<meta property=\"article:modified_time\" content=\"2026-03-16T02:38:54+00:00\" \/>\n<meta property=\"og:image\" content=\"https:\/\/lederme.com.mx\/registro\/wp-content\/uploads\/2025\/08\/thepolish-3.jpg\" \/>\n\t<meta property=\"og:image:width\" content=\"580\" \/>\n\t<meta property=\"og:image:height\" content=\"580\" \/>\n\t<meta property=\"og:image:type\" content=\"image\/jpeg\" \/>\n<meta name=\"twitter:card\" content=\"summary_large_image\" \/>\n<meta name=\"twitter:label1\" content=\"Precio\" \/>\n\t<meta name=\"twitter:data1\" content=\"&#036;2,210.00 impuestos incluidos\" \/>\n\t<meta name=\"twitter:label2\" content=\"Disponibilidad\" \/>\n\t<meta name=\"twitter:data2\" content=\"Disponible\" \/>\n<script type=\"application\/ld+json\" class=\"yoast-schema-graph\">{\"@context\":\"https:\\\/\\\/schema.org\",\"@graph\":[{\"@type\":\"WebPage\",\"@id\":\"https:\\\/\\\/lederme.com.mx\\\/registro\\\/producto\\\/the-polished-hydrafacial\\\/\",\"url\":\"https:\\\/\\\/lederme.com.mx\\\/registro\\\/producto\\\/the-polished-hydrafacial\\\/\",\"name\":\"THE POLISHED HYDRAFACIAL - LeDerme\",\"isPartOf\":{\"@id\":\"https:\\\/\\\/lederme.com.mx\\\/registro\\\/#website\"},\"primaryImageOfPage\":{\"@id\":\"https:\\\/\\\/lederme.com.mx\\\/registro\\\/producto\\\/the-polished-hydrafacial\\\/#primaryimage\"},\"image\":{\"@id\":\"https:\\\/\\\/lederme.com.mx\\\/registro\\\/producto\\\/the-polished-hydrafacial\\\/#primaryimage\"},\"thumbnailUrl\":\"https:\\\/\\\/lederme.com.mx\\\/registro\\\/wp-content\\\/uploads\\\/2025\\\/08\\\/thepolish-3.jpg\",\"datePublished\":\"2025-08-26T23:31:34+00:00\",\"dateModified\":\"2026-03-16T02:38:54+00:00\",\"breadcrumb\":{\"@id\":\"https:\\\/\\\/lederme.com.mx\\\/registro\\\/producto\\\/the-polished-hydrafacial\\\/#breadcrumb\"},\"inLanguage\":\"es\",\"potentialAction\":[{\"@type\":\"ReadAction\",\"target\":[\"https:\\\/\\\/lederme.com.mx\\\/registro\\\/producto\\\/the-polished-hydrafacial\\\/\"]}]},{\"@type\":\"ImageObject\",\"inLanguage\":\"es\",\"@id\":\"https:\\\/\\\/lederme.com.mx\\\/registro\\\/producto\\\/the-polished-hydrafacial\\\/#primaryimage\",\"url\":\"https:\\\/\\\/lederme.com.mx\\\/registro\\\/wp-content\\\/uploads\\\/2025\\\/08\\\/thepolish-3.jpg\",\"contentUrl\":\"https:\\\/\\\/lederme.com.mx\\\/registro\\\/wp-content\\\/uploads\\\/2025\\\/08\\\/thepolish-3.jpg\",\"width\":580,\"height\":580},{\"@type\":\"BreadcrumbList\",\"@id\":\"https:\\\/\\\/lederme.com.mx\\\/registro\\\/producto\\\/the-polished-hydrafacial\\\/#breadcrumb\",\"itemListElement\":[{\"@type\":\"ListItem\",\"position\":1,\"name\":\"Portada\",\"item\":\"https:\\\/\\\/lederme.com.mx\\\/registro\\\/\"},{\"@type\":\"ListItem\",\"position\":2,\"name\":\"Tienda\",\"item\":\"https:\\\/\\\/lederme.com.mx\\\/registro\\\/tienda\\\/\"},{\"@type\":\"ListItem\",\"position\":3,\"name\":\"THE POLISHED HYDRAFACIAL\"}]},{\"@type\":\"WebSite\",\"@id\":\"https:\\\/\\\/lederme.com.mx\\\/registro\\\/#website\",\"url\":\"https:\\\/\\\/lederme.com.mx\\\/registro\\\/\",\"name\":\"LeDerme\",\"description\":\"Agenda tu cita en l\u00ednea\",\"potentialAction\":[{\"@type\":\"SearchAction\",\"target\":{\"@type\":\"EntryPoint\",\"urlTemplate\":\"https:\\\/\\\/lederme.com.mx\\\/registro\\\/?s={search_term_string}\"},\"query-input\":{\"@type\":\"PropertyValueSpecification\",\"valueRequired\":true,\"valueName\":\"search_term_string\"}}],\"inLanguage\":\"es\"}]}<\/script>\n<meta property=\"product:price:amount\" content=\"2210.00\" \/>\n<meta property=\"product:price:currency\" content=\"MXN\" \/>\n<meta property=\"og:availability\" content=\"instock\" \/>\n<meta property=\"product:availability\" content=\"instock\" \/>\n<meta property=\"product:condition\" content=\"new\" \/>\n<!-- \/ Yoast SEO Premium plugin. -->","yoast_head_json":{"title":"THE POLISHED HYDRAFACIAL - LeDerme","robots":{"index":"index","follow":"follow","max-snippet":"max-snippet:-1","max-image-preview":"max-image-preview:large","max-video-preview":"max-video-preview:-1"},"canonical":"https:\/\/lederme.com.mx\/registro\/producto\/the-polished-hydrafacial\/","og_locale":"es_ES","og_type":"article","og_title":"THE POLISHED HYDRAFACIAL","og_description":"\u00a1Limpieza Total! Adem\u00e1s de refrescar, limpiar e hidratar tu piel, le damos a tu piel un boost de suavidad con PRISTINE, nuestro sistema de microdermoabrasi\u00f3n capaz de renovar las capas superficiales de tu piel con suavidad y control, dejando atr\u00e1s su apariencia apagada y revelando su luminosidad y suavidad. Piel fresca, luminosa y ultra suave con un glow duradero. \u2713 Limpieza profunda\u2713 Exfolia suave y profundamente\u2713 Descongestiona y disminuye los poros\u2713 Suaviza y mejora la textura\u2713 Renueva e ilumina\u2713 Piel fresca y ultra suave con un glow duradero.","og_url":"https:\/\/lederme.com.mx\/registro\/producto\/the-polished-hydrafacial\/","og_site_name":"LeDerme","article_modified_time":"2026-03-16T02:38:54+00:00","og_image":[{"width":580,"height":580,"url":"https:\/\/lederme.com.mx\/registro\/wp-content\/uploads\/2025\/08\/thepolish-3.jpg","type":"image\/jpeg"}],"twitter_card":"summary_large_image","twitter_misc":{"Precio":"&#36;2,210.00 impuestos incluidos","Disponibilidad":"Disponible"},"schema":{"@context":"https:\/\/schema.org","@graph":[{"@type":"WebPage","@id":"https:\/\/lederme.com.mx\/registro\/producto\/the-polished-hydrafacial\/","url":"https:\/\/lederme.com.mx\/registro\/producto\/the-polished-hydrafacial\/","name":"THE POLISHED HYDRAFACIAL - LeDerme","isPartOf":{"@id":"https:\/\/lederme.com.mx\/registro\/#website"},"primaryImageOfPage":{"@id":"https:\/\/lederme.com.mx\/registro\/producto\/the-polished-hydrafacial\/#primaryimage"},"image":{"@id":"https:\/\/lederme.com.mx\/registro\/producto\/the-polished-hydrafacial\/#primaryimage"},"thumbnailUrl":"https:\/\/lederme.com.mx\/registro\/wp-content\/uploads\/2025\/08\/thepolish-3.jpg","datePublished":"2025-08-26T23:31:34+00:00","dateModified":"2026-03-16T02:38:54+00:00","breadcrumb":{"@id":"https:\/\/lederme.com.mx\/registro\/producto\/the-polished-hydrafacial\/#breadcrumb"},"inLanguage":"es","potentialAction":[{"@type":"ReadAction","target":["https:\/\/lederme.com.mx\/registro\/producto\/the-polished-hydrafacial\/"]}]},{"@type":"ImageObject","inLanguage":"es","@id":"https:\/\/lederme.com.mx\/registro\/producto\/the-polished-hydrafacial\/#primaryimage","url":"https:\/\/lederme.com.mx\/registro\/wp-content\/uploads\/2025\/08\/thepolish-3.jpg","contentUrl":"https:\/\/lederme.com.mx\/registro\/wp-content\/uploads\/2025\/08\/thepolish-3.jpg","width":580,"height":580},{"@type":"BreadcrumbList","@id":"https:\/\/lederme.com.mx\/registro\/producto\/the-polished-hydrafacial\/#breadcrumb","itemListElement":[{"@type":"ListItem","position":1,"name":"Portada","item":"https:\/\/lederme.com.mx\/registro\/"},{"@type":"ListItem","position":2,"name":"Tienda","item":"https:\/\/lederme.com.mx\/registro\/tienda\/"},{"@type":"ListItem","position":3,"name":"THE POLISHED HYDRAFACIAL"}]},{"@type":"WebSite","@id":"https:\/\/lederme.com.mx\/registro\/#website","url":"https:\/\/lederme.com.mx\/registro\/","name":"LeDerme","description":"Agenda tu cita en l\u00ednea","potentialAction":[{"@type":"SearchAction","target":{"@type":"EntryPoint","urlTemplate":"https:\/\/lederme.com.mx\/registro\/?s={search_term_string}"},"query-input":{"@type":"PropertyValueSpecification","valueRequired":true,"valueName":"search_term_string"}}],"inLanguage":"es"}]},"product_price_amount":"2210.00","product_price_currency":"MXN","og_availability":"instock","product_availability":"instock","product_condition":"new"},"_links":{"self":[{"href":"https:\/\/lederme.com.mx\/registro\/wp-json\/wp\/v2\/product\/3479","targetHints":{"allow":["GET"]}}],"collection":[{"href":"https:\/\/lederme.com.mx\/registro\/wp-json\/wp\/v2\/product"}],"about":[{"href":"https:\/\/lederme.com.mx\/registro\/wp-json\/wp\/v2\/types\/product"}],"wp:featuredmedia":[{"embeddable":true,"href":"https:\/\/lederme.com.mx\/registro\/wp-json\/wp\/v2\/media\/3613"}],"wp:attachment":[{"href":"https:\/\/lederme.com.mx\/registro\/wp-json\/wp\/v2\/media?parent=3479"}],"wp:term":[{"taxonomy":"product_brand","embeddable":true,"href":"https:\/\/lederme.com.mx\/registro\/wp-json\/wp\/v2\/product_brand?post=3479"},{"taxonomy":"product_cat","embeddable":true,"href":"https:\/\/lederme.com.mx\/registro\/wp-json\/wp\/v2\/product_cat?post=3479"},{"taxonomy":"product_tag","embeddable":true,"href":"https:\/\/lederme.com.mx\/registro\/wp-json\/wp\/v2\/product_tag?post=3479"}],"curies":[{"name":"wp","href":"https:\/\/api.w.org\/{rel}","templated":true}]}}