{"id":3298,"date":"2025-08-05T18:11:59","date_gmt":"2025-08-06T00:11:59","guid":{"rendered":"https:\/\/lederme.com.mx\/registro\/?post_type=product&#038;p=3298"},"modified":"2025-08-05T18:12:02","modified_gmt":"2025-08-06T00:12:02","slug":"the-antiox-hydrafacial-with-glutation","status":"publish","type":"product","link":"https:\/\/lederme.com.mx\/registro\/producto\/the-antiox-hydrafacial-with-glutation\/","title":{"rendered":"THE ANTIOX HYDRAFACIAL WITH GLUTATION"},"content":{"rendered":"","protected":false},"excerpt":{"rendered":"<p data-start=\"127\" data-end=\"596\">\u00a1Revitaliza tu rostro por completo! Devu\u00e9lvele el brillo y la vitalidad que ha perdido, renu\u00e9valo y dale un <em data-start=\"289\" data-end=\"296\">boost<\/em> de frescura y luminosidad con nuestra experiencia <strong data-start=\"347\" data-end=\"369\">Hydrafacial Antiox<\/strong>. \u00a1<em data-start=\"372\" data-end=\"393\">Bring back the Glow<\/em>! Prepararemos tu piel para infundir y absorber poderosos antioxidantes (Glutati\u00f3n), limpi\u00e1ndola, exfoli\u00e1ndola e hidrat\u00e1ndola profundamente, ideal para recuperar su brillo y revitalizarla por completo.<\/p>\n<p data-start=\"598\" data-end=\"816\">\u2713 Limpieza profunda<br data-start=\"617\" data-end=\"620\" \/>\u2713 Revitaliza &amp; reafirma<br data-start=\"643\" data-end=\"646\" \/>\u2713 Descongestiona &amp; disminuye los poros<br data-start=\"684\" data-end=\"687\" \/>\u2713 Mejora textura y tono<br data-start=\"710\" data-end=\"713\" data-is-only-node=\"\" \/>\u2713 Hidrata e ilumina<br data-start=\"732\" data-end=\"735\" \/>\u2713 Mascarilla Antiox<br data-start=\"754\" data-end=\"757\" \/>\u2713 Genera col\u00e1geno &amp; rejuvenece<br data-start=\"787\" data-end=\"790\" \/>\u2713 Piel fresca &amp; radiante<\/p>\n","protected":false},"featured_media":3299,"template":"","meta":[],"product_brand":[],"product_cat":[17],"product_tag":[],"class_list":{"0":"post-3298","1":"product","2":"type-product","3":"status-publish","4":"has-post-thumbnail","6":"product_cat-hydrafacial","8":"first","9":"instock","10":"sale","11":"taxable","12":"shipping-taxable","13":"purchasable","14":"product-type-simple"},"yoast_head":"<!-- This site is optimized with the Yoast SEO Premium plugin v26.9 (Yoast SEO v27.3) - https:\/\/yoast.com\/product\/yoast-seo-premium-wordpress\/ -->\n<title>THE ANTIOX HYDRAFACIAL WITH GLUTATION - LeDerme<\/title>\n<meta name=\"robots\" content=\"index, follow, max-snippet:-1, max-image-preview:large, max-video-preview:-1\" \/>\n<link rel=\"canonical\" href=\"https:\/\/lederme.com.mx\/registro\/producto\/the-antiox-hydrafacial-with-glutation\/\" \/>\n<meta property=\"og:locale\" content=\"es_ES\" \/>\n<meta property=\"og:type\" content=\"article\" \/>\n<meta property=\"og:title\" content=\"THE ANTIOX HYDRAFACIAL WITH GLUTATION\" \/>\n<meta property=\"og:description\" content=\"\u00a1Revitaliza tu rostro por completo! Devu\u00e9lvele el brillo y la vitalidad que ha perdido, renu\u00e9valo y dale un boost de frescura y luminosidad con nuestra experiencia Hydrafacial Antiox. \u00a1Bring back the Glow! Prepararemos tu piel para infundir y absorber poderosos antioxidantes (Glutati\u00f3n), limpi\u00e1ndola, exfoli\u00e1ndola e hidrat\u00e1ndola profundamente, ideal para recuperar su brillo y revitalizarla por completo. \u2713 Limpieza profunda\u2713 Revitaliza &amp; reafirma\u2713 Descongestiona &amp; disminuye los poros\u2713 Mejora textura y tono\u2713 Hidrata e ilumina\u2713 Mascarilla Antiox\u2713 Genera col\u00e1geno &amp; rejuvenece\u2713 Piel fresca &amp; radiante\" \/>\n<meta property=\"og:url\" content=\"https:\/\/lederme.com.mx\/registro\/producto\/the-antiox-hydrafacial-with-glutation\/\" \/>\n<meta property=\"og:site_name\" content=\"LeDerme\" \/>\n<meta property=\"article:modified_time\" content=\"2025-08-06T00:12:02+00:00\" \/>\n<meta property=\"og:image\" content=\"https:\/\/lederme.com.mx\/registro\/wp-content\/uploads\/2025\/08\/hydraantiox2.jpg\" \/>\n\t<meta property=\"og:image:width\" content=\"580\" \/>\n\t<meta property=\"og:image:height\" content=\"580\" \/>\n\t<meta property=\"og:image:type\" content=\"image\/jpeg\" \/>\n<meta name=\"twitter:card\" content=\"summary_large_image\" \/>\n<meta name=\"twitter:label1\" content=\"Precio\" \/>\n\t<meta name=\"twitter:data1\" content=\"&#036;2,325.00 impuestos incluidos\" \/>\n\t<meta name=\"twitter:label2\" content=\"Disponibilidad\" \/>\n\t<meta name=\"twitter:data2\" content=\"Disponible\" \/>\n<script type=\"application\/ld+json\" class=\"yoast-schema-graph\">{\"@context\":\"https:\\\/\\\/schema.org\",\"@graph\":[{\"@type\":\"WebPage\",\"@id\":\"https:\\\/\\\/lederme.com.mx\\\/registro\\\/producto\\\/the-antiox-hydrafacial-with-glutation\\\/\",\"url\":\"https:\\\/\\\/lederme.com.mx\\\/registro\\\/producto\\\/the-antiox-hydrafacial-with-glutation\\\/\",\"name\":\"THE ANTIOX HYDRAFACIAL WITH GLUTATION - LeDerme\",\"isPartOf\":{\"@id\":\"https:\\\/\\\/lederme.com.mx\\\/registro\\\/#website\"},\"primaryImageOfPage\":{\"@id\":\"https:\\\/\\\/lederme.com.mx\\\/registro\\\/producto\\\/the-antiox-hydrafacial-with-glutation\\\/#primaryimage\"},\"image\":{\"@id\":\"https:\\\/\\\/lederme.com.mx\\\/registro\\\/producto\\\/the-antiox-hydrafacial-with-glutation\\\/#primaryimage\"},\"thumbnailUrl\":\"https:\\\/\\\/lederme.com.mx\\\/registro\\\/wp-content\\\/uploads\\\/2025\\\/08\\\/hydraantiox2.jpg\",\"datePublished\":\"2025-08-06T00:11:59+00:00\",\"dateModified\":\"2025-08-06T00:12:02+00:00\",\"breadcrumb\":{\"@id\":\"https:\\\/\\\/lederme.com.mx\\\/registro\\\/producto\\\/the-antiox-hydrafacial-with-glutation\\\/#breadcrumb\"},\"inLanguage\":\"es\",\"potentialAction\":[{\"@type\":\"ReadAction\",\"target\":[\"https:\\\/\\\/lederme.com.mx\\\/registro\\\/producto\\\/the-antiox-hydrafacial-with-glutation\\\/\"]}]},{\"@type\":\"ImageObject\",\"inLanguage\":\"es\",\"@id\":\"https:\\\/\\\/lederme.com.mx\\\/registro\\\/producto\\\/the-antiox-hydrafacial-with-glutation\\\/#primaryimage\",\"url\":\"https:\\\/\\\/lederme.com.mx\\\/registro\\\/wp-content\\\/uploads\\\/2025\\\/08\\\/hydraantiox2.jpg\",\"contentUrl\":\"https:\\\/\\\/lederme.com.mx\\\/registro\\\/wp-content\\\/uploads\\\/2025\\\/08\\\/hydraantiox2.jpg\",\"width\":580,\"height\":580},{\"@type\":\"BreadcrumbList\",\"@id\":\"https:\\\/\\\/lederme.com.mx\\\/registro\\\/producto\\\/the-antiox-hydrafacial-with-glutation\\\/#breadcrumb\",\"itemListElement\":[{\"@type\":\"ListItem\",\"position\":1,\"name\":\"Portada\",\"item\":\"https:\\\/\\\/lederme.com.mx\\\/registro\\\/\"},{\"@type\":\"ListItem\",\"position\":2,\"name\":\"Tienda\",\"item\":\"https:\\\/\\\/lederme.com.mx\\\/registro\\\/tienda\\\/\"},{\"@type\":\"ListItem\",\"position\":3,\"name\":\"THE ANTIOX HYDRAFACIAL WITH GLUTATION\"}]},{\"@type\":\"WebSite\",\"@id\":\"https:\\\/\\\/lederme.com.mx\\\/registro\\\/#website\",\"url\":\"https:\\\/\\\/lederme.com.mx\\\/registro\\\/\",\"name\":\"LeDerme\",\"description\":\"Agenda tu cita en l\u00ednea\",\"potentialAction\":[{\"@type\":\"SearchAction\",\"target\":{\"@type\":\"EntryPoint\",\"urlTemplate\":\"https:\\\/\\\/lederme.com.mx\\\/registro\\\/?s={search_term_string}\"},\"query-input\":{\"@type\":\"PropertyValueSpecification\",\"valueRequired\":true,\"valueName\":\"search_term_string\"}}],\"inLanguage\":\"es\"}]}<\/script>\n<meta property=\"product:price:amount\" content=\"2325.00\" \/>\n<meta property=\"product:price:currency\" content=\"MXN\" \/>\n<meta property=\"og:availability\" content=\"instock\" \/>\n<meta property=\"product:availability\" content=\"instock\" \/>\n<meta property=\"product:condition\" content=\"new\" \/>\n<!-- \/ Yoast SEO Premium plugin. -->","yoast_head_json":{"title":"THE ANTIOX HYDRAFACIAL WITH GLUTATION - LeDerme","robots":{"index":"index","follow":"follow","max-snippet":"max-snippet:-1","max-image-preview":"max-image-preview:large","max-video-preview":"max-video-preview:-1"},"canonical":"https:\/\/lederme.com.mx\/registro\/producto\/the-antiox-hydrafacial-with-glutation\/","og_locale":"es_ES","og_type":"article","og_title":"THE ANTIOX HYDRAFACIAL WITH GLUTATION","og_description":"\u00a1Revitaliza tu rostro por completo! Devu\u00e9lvele el brillo y la vitalidad que ha perdido, renu\u00e9valo y dale un boost de frescura y luminosidad con nuestra experiencia Hydrafacial Antiox. \u00a1Bring back the Glow! Prepararemos tu piel para infundir y absorber poderosos antioxidantes (Glutati\u00f3n), limpi\u00e1ndola, exfoli\u00e1ndola e hidrat\u00e1ndola profundamente, ideal para recuperar su brillo y revitalizarla por completo. \u2713 Limpieza profunda\u2713 Revitaliza &amp; reafirma\u2713 Descongestiona &amp; disminuye los poros\u2713 Mejora textura y tono\u2713 Hidrata e ilumina\u2713 Mascarilla Antiox\u2713 Genera col\u00e1geno &amp; rejuvenece\u2713 Piel fresca &amp; radiante","og_url":"https:\/\/lederme.com.mx\/registro\/producto\/the-antiox-hydrafacial-with-glutation\/","og_site_name":"LeDerme","article_modified_time":"2025-08-06T00:12:02+00:00","og_image":[{"width":580,"height":580,"url":"https:\/\/lederme.com.mx\/registro\/wp-content\/uploads\/2025\/08\/hydraantiox2.jpg","type":"image\/jpeg"}],"twitter_card":"summary_large_image","twitter_misc":{"Precio":"&#36;2,325.00 impuestos incluidos","Disponibilidad":"Disponible"},"schema":{"@context":"https:\/\/schema.org","@graph":[{"@type":"WebPage","@id":"https:\/\/lederme.com.mx\/registro\/producto\/the-antiox-hydrafacial-with-glutation\/","url":"https:\/\/lederme.com.mx\/registro\/producto\/the-antiox-hydrafacial-with-glutation\/","name":"THE ANTIOX HYDRAFACIAL WITH GLUTATION - LeDerme","isPartOf":{"@id":"https:\/\/lederme.com.mx\/registro\/#website"},"primaryImageOfPage":{"@id":"https:\/\/lederme.com.mx\/registro\/producto\/the-antiox-hydrafacial-with-glutation\/#primaryimage"},"image":{"@id":"https:\/\/lederme.com.mx\/registro\/producto\/the-antiox-hydrafacial-with-glutation\/#primaryimage"},"thumbnailUrl":"https:\/\/lederme.com.mx\/registro\/wp-content\/uploads\/2025\/08\/hydraantiox2.jpg","datePublished":"2025-08-06T00:11:59+00:00","dateModified":"2025-08-06T00:12:02+00:00","breadcrumb":{"@id":"https:\/\/lederme.com.mx\/registro\/producto\/the-antiox-hydrafacial-with-glutation\/#breadcrumb"},"inLanguage":"es","potentialAction":[{"@type":"ReadAction","target":["https:\/\/lederme.com.mx\/registro\/producto\/the-antiox-hydrafacial-with-glutation\/"]}]},{"@type":"ImageObject","inLanguage":"es","@id":"https:\/\/lederme.com.mx\/registro\/producto\/the-antiox-hydrafacial-with-glutation\/#primaryimage","url":"https:\/\/lederme.com.mx\/registro\/wp-content\/uploads\/2025\/08\/hydraantiox2.jpg","contentUrl":"https:\/\/lederme.com.mx\/registro\/wp-content\/uploads\/2025\/08\/hydraantiox2.jpg","width":580,"height":580},{"@type":"BreadcrumbList","@id":"https:\/\/lederme.com.mx\/registro\/producto\/the-antiox-hydrafacial-with-glutation\/#breadcrumb","itemListElement":[{"@type":"ListItem","position":1,"name":"Portada","item":"https:\/\/lederme.com.mx\/registro\/"},{"@type":"ListItem","position":2,"name":"Tienda","item":"https:\/\/lederme.com.mx\/registro\/tienda\/"},{"@type":"ListItem","position":3,"name":"THE ANTIOX HYDRAFACIAL WITH GLUTATION"}]},{"@type":"WebSite","@id":"https:\/\/lederme.com.mx\/registro\/#website","url":"https:\/\/lederme.com.mx\/registro\/","name":"LeDerme","description":"Agenda tu cita en l\u00ednea","potentialAction":[{"@type":"SearchAction","target":{"@type":"EntryPoint","urlTemplate":"https:\/\/lederme.com.mx\/registro\/?s={search_term_string}"},"query-input":{"@type":"PropertyValueSpecification","valueRequired":true,"valueName":"search_term_string"}}],"inLanguage":"es"}]},"product_price_amount":"2325.00","product_price_currency":"MXN","og_availability":"instock","product_availability":"instock","product_condition":"new"},"_links":{"self":[{"href":"https:\/\/lederme.com.mx\/registro\/wp-json\/wp\/v2\/product\/3298","targetHints":{"allow":["GET"]}}],"collection":[{"href":"https:\/\/lederme.com.mx\/registro\/wp-json\/wp\/v2\/product"}],"about":[{"href":"https:\/\/lederme.com.mx\/registro\/wp-json\/wp\/v2\/types\/product"}],"wp:featuredmedia":[{"embeddable":true,"href":"https:\/\/lederme.com.mx\/registro\/wp-json\/wp\/v2\/media\/3299"}],"wp:attachment":[{"href":"https:\/\/lederme.com.mx\/registro\/wp-json\/wp\/v2\/media?parent=3298"}],"wp:term":[{"taxonomy":"product_brand","embeddable":true,"href":"https:\/\/lederme.com.mx\/registro\/wp-json\/wp\/v2\/product_brand?post=3298"},{"taxonomy":"product_cat","embeddable":true,"href":"https:\/\/lederme.com.mx\/registro\/wp-json\/wp\/v2\/product_cat?post=3298"},{"taxonomy":"product_tag","embeddable":true,"href":"https:\/\/lederme.com.mx\/registro\/wp-json\/wp\/v2\/product_tag?post=3298"}],"curies":[{"name":"wp","href":"https:\/\/api.w.org\/{rel}","templated":true}]}}