{"id":3294,"date":"2025-08-05T18:01:57","date_gmt":"2025-08-06T00:01:57","guid":{"rendered":"https:\/\/lederme.com.mx\/registro\/?post_type=product&#038;p=3294"},"modified":"2026-03-15T20:37:05","modified_gmt":"2026-03-16T02:37:05","slug":"the-exosome-hydrafacial-powered-by-exoscrt","status":"publish","type":"product","link":"https:\/\/lederme.com.mx\/registro\/producto\/the-exosome-hydrafacial-powered-by-exoscrt\/","title":{"rendered":"THE EXOSOME HYDRAFACIAL POWERED BY EXOSCRT"},"content":{"rendered":"","protected":false},"excerpt":{"rendered":"<p data-start=\"148\" data-end=\"916\">\u00a1Vuelve a sentir tu piel fresca, juvenil, vibrante &amp; radiante con un <em data-start=\"277\" data-end=\"283\">glow<\/em> natural! Limpia, hidrata y revitaliza tu piel a profundidad con nuestra nueva experiencia <strong data-start=\"374\" data-end=\"402\">THE EXOSOME HYDRAFACIAL\u2122<\/strong>. Limpiaremos e hidrataremos profundamente tu piel para que absorba todos los beneficios de nuestra exclusiva <em data-start=\"512\" data-end=\"527\">soothing mask<\/em> con tecnolog\u00eda <strong data-start=\"543\" data-end=\"555\" data-is-only-node=\"\">EXOSCRT\u2122<\/strong>, cargada y recargada de poderosos exosomas (<em data-start=\"600\" data-end=\"637\">Human Adipose Stromal Cell Exosomes<\/em>), p\u00e9ptidos (<em data-start=\"650\" data-end=\"693\">Copper Tripeptide-1, Acetyl Hexapeptide-8<\/em>), antioxidantes e ingredientes bot\u00e1nicos calmantes e hidratantes, adem\u00e1s de potenciarla con nuestro panel LED. Ideal para reparar la barrera cut\u00e1nea de tu piel, hidratarla intensamente y recuperar su brillo por completo.<\/p>\n<p data-start=\"918\" data-end=\"1271\">\u2713 Limpieza profunda<br data-start=\"937\" data-end=\"940\" \/>\u2713 Revitaliza<br data-start=\"952\" data-end=\"955\" \/>\u2713 Descongestiona &amp; disminuye los poros<br data-start=\"993\" data-end=\"996\" \/>\u2713 Textura suave<br data-start=\"1011\" data-end=\"1014\" data-is-only-node=\"\" \/>\u2713 Hidrataci\u00f3n intensa &amp; profunda<br data-start=\"1046\" data-end=\"1049\" \/>\u2713 Reduce la inflamaci\u00f3n &amp; rojeces<br data-start=\"1082\" data-end=\"1085\" \/>\u2713 Piel fresca, vibrante &amp; radiante, <em data-start=\"1121\" data-end=\"1127\">glow<\/em> natural<br data-start=\"1135\" data-end=\"1138\" \/>\u2713 Aplicaci\u00f3n de mascarilla con tecnolog\u00eda <strong data-start=\"1180\" data-end=\"1192\">EXOSCRT\u2122<\/strong> cargada de exosomas, antioxidantes &amp; p\u00e9ptidos<br data-start=\"1238\" data-end=\"1241\" \/>\u2713 Genera col\u00e1geno &amp; elastina<\/p>\n","protected":false},"featured_media":3296,"template":"","meta":[],"product_brand":[],"product_cat":[17],"product_tag":[],"class_list":{"0":"post-3294","1":"product","2":"type-product","3":"status-publish","4":"has-post-thumbnail","6":"product_cat-hydrafacial","8":"first","9":"instock","10":"sale","11":"taxable","12":"shipping-taxable","13":"purchasable","14":"product-type-simple"},"yoast_head":"<!-- This site is optimized with the Yoast SEO Premium plugin v26.9 (Yoast SEO v27.3) - https:\/\/yoast.com\/product\/yoast-seo-premium-wordpress\/ -->\n<title>THE EXOSOME HYDRAFACIAL POWERED BY EXOSCRT - LeDerme<\/title>\n<meta name=\"robots\" content=\"index, follow, max-snippet:-1, max-image-preview:large, max-video-preview:-1\" \/>\n<link rel=\"canonical\" href=\"https:\/\/lederme.com.mx\/registro\/producto\/the-exosome-hydrafacial-powered-by-exoscrt\/\" \/>\n<meta property=\"og:locale\" content=\"es_ES\" \/>\n<meta property=\"og:type\" content=\"article\" \/>\n<meta property=\"og:title\" content=\"THE EXOSOME HYDRAFACIAL POWERED BY EXOSCRT\" \/>\n<meta property=\"og:description\" content=\"\u00a1Vuelve a sentir tu piel fresca, juvenil, vibrante &amp; radiante con un glow natural! Limpia, hidrata y revitaliza tu piel a profundidad con nuestra nueva experiencia THE EXOSOME HYDRAFACIAL\u2122. Limpiaremos e hidrataremos profundamente tu piel para que absorba todos los beneficios de nuestra exclusiva soothing mask con tecnolog\u00eda EXOSCRT\u2122, cargada y recargada de poderosos exosomas (Human Adipose Stromal Cell Exosomes), p\u00e9ptidos (Copper Tripeptide-1, Acetyl Hexapeptide-8), antioxidantes e ingredientes bot\u00e1nicos calmantes e hidratantes, adem\u00e1s de potenciarla con nuestro panel LED. Ideal para reparar la barrera cut\u00e1nea de tu piel, hidratarla intensamente y recuperar su brillo por completo. \u2713 Limpieza profunda\u2713 Revitaliza\u2713 Descongestiona &amp; disminuye los poros\u2713 Textura suave\u2713 Hidrataci\u00f3n intensa &amp; profunda\u2713 Reduce la inflamaci\u00f3n &amp; rojeces\u2713 Piel fresca, vibrante &amp; radiante, glow natural\u2713 Aplicaci\u00f3n de mascarilla con tecnolog\u00eda EXOSCRT\u2122 cargada de exosomas, antioxidantes &amp; p\u00e9ptidos\u2713 Genera col\u00e1geno &amp; elastina\" \/>\n<meta property=\"og:url\" content=\"https:\/\/lederme.com.mx\/registro\/producto\/the-exosome-hydrafacial-powered-by-exoscrt\/\" \/>\n<meta property=\"og:site_name\" content=\"LeDerme\" \/>\n<meta property=\"article:modified_time\" content=\"2026-03-16T02:37:05+00:00\" \/>\n<meta property=\"og:image\" content=\"https:\/\/lederme.com.mx\/registro\/wp-content\/uploads\/2025\/08\/hydraexosomes2.jpg\" \/>\n\t<meta property=\"og:image:width\" content=\"580\" \/>\n\t<meta property=\"og:image:height\" content=\"580\" \/>\n\t<meta property=\"og:image:type\" content=\"image\/jpeg\" \/>\n<meta name=\"twitter:card\" content=\"summary_large_image\" \/>\n<meta name=\"twitter:label1\" content=\"Precio\" \/>\n\t<meta name=\"twitter:data1\" content=\"&#036;2,240.00 impuestos incluidos\" \/>\n\t<meta name=\"twitter:label2\" content=\"Disponibilidad\" \/>\n\t<meta name=\"twitter:data2\" content=\"Disponible\" \/>\n<script type=\"application\/ld+json\" class=\"yoast-schema-graph\">{\"@context\":\"https:\\\/\\\/schema.org\",\"@graph\":[{\"@type\":\"WebPage\",\"@id\":\"https:\\\/\\\/lederme.com.mx\\\/registro\\\/producto\\\/the-exosome-hydrafacial-powered-by-exoscrt\\\/\",\"url\":\"https:\\\/\\\/lederme.com.mx\\\/registro\\\/producto\\\/the-exosome-hydrafacial-powered-by-exoscrt\\\/\",\"name\":\"THE EXOSOME HYDRAFACIAL POWERED BY EXOSCRT - LeDerme\",\"isPartOf\":{\"@id\":\"https:\\\/\\\/lederme.com.mx\\\/registro\\\/#website\"},\"primaryImageOfPage\":{\"@id\":\"https:\\\/\\\/lederme.com.mx\\\/registro\\\/producto\\\/the-exosome-hydrafacial-powered-by-exoscrt\\\/#primaryimage\"},\"image\":{\"@id\":\"https:\\\/\\\/lederme.com.mx\\\/registro\\\/producto\\\/the-exosome-hydrafacial-powered-by-exoscrt\\\/#primaryimage\"},\"thumbnailUrl\":\"https:\\\/\\\/lederme.com.mx\\\/registro\\\/wp-content\\\/uploads\\\/2025\\\/08\\\/hydraexosomes2.jpg\",\"datePublished\":\"2025-08-06T00:01:57+00:00\",\"dateModified\":\"2026-03-16T02:37:05+00:00\",\"breadcrumb\":{\"@id\":\"https:\\\/\\\/lederme.com.mx\\\/registro\\\/producto\\\/the-exosome-hydrafacial-powered-by-exoscrt\\\/#breadcrumb\"},\"inLanguage\":\"es\",\"potentialAction\":[{\"@type\":\"ReadAction\",\"target\":[\"https:\\\/\\\/lederme.com.mx\\\/registro\\\/producto\\\/the-exosome-hydrafacial-powered-by-exoscrt\\\/\"]}]},{\"@type\":\"ImageObject\",\"inLanguage\":\"es\",\"@id\":\"https:\\\/\\\/lederme.com.mx\\\/registro\\\/producto\\\/the-exosome-hydrafacial-powered-by-exoscrt\\\/#primaryimage\",\"url\":\"https:\\\/\\\/lederme.com.mx\\\/registro\\\/wp-content\\\/uploads\\\/2025\\\/08\\\/hydraexosomes2.jpg\",\"contentUrl\":\"https:\\\/\\\/lederme.com.mx\\\/registro\\\/wp-content\\\/uploads\\\/2025\\\/08\\\/hydraexosomes2.jpg\",\"width\":580,\"height\":580},{\"@type\":\"BreadcrumbList\",\"@id\":\"https:\\\/\\\/lederme.com.mx\\\/registro\\\/producto\\\/the-exosome-hydrafacial-powered-by-exoscrt\\\/#breadcrumb\",\"itemListElement\":[{\"@type\":\"ListItem\",\"position\":1,\"name\":\"Portada\",\"item\":\"https:\\\/\\\/lederme.com.mx\\\/registro\\\/\"},{\"@type\":\"ListItem\",\"position\":2,\"name\":\"Tienda\",\"item\":\"https:\\\/\\\/lederme.com.mx\\\/registro\\\/tienda\\\/\"},{\"@type\":\"ListItem\",\"position\":3,\"name\":\"THE EXOSOME HYDRAFACIAL POWERED BY EXOSCRT\"}]},{\"@type\":\"WebSite\",\"@id\":\"https:\\\/\\\/lederme.com.mx\\\/registro\\\/#website\",\"url\":\"https:\\\/\\\/lederme.com.mx\\\/registro\\\/\",\"name\":\"LeDerme\",\"description\":\"Agenda tu cita en l\u00ednea\",\"potentialAction\":[{\"@type\":\"SearchAction\",\"target\":{\"@type\":\"EntryPoint\",\"urlTemplate\":\"https:\\\/\\\/lederme.com.mx\\\/registro\\\/?s={search_term_string}\"},\"query-input\":{\"@type\":\"PropertyValueSpecification\",\"valueRequired\":true,\"valueName\":\"search_term_string\"}}],\"inLanguage\":\"es\"}]}<\/script>\n<meta property=\"product:price:amount\" content=\"2240.00\" \/>\n<meta property=\"product:price:currency\" content=\"MXN\" \/>\n<meta property=\"og:availability\" content=\"instock\" \/>\n<meta property=\"product:availability\" content=\"instock\" \/>\n<meta property=\"product:condition\" content=\"new\" \/>\n<!-- \/ Yoast SEO Premium plugin. -->","yoast_head_json":{"title":"THE EXOSOME HYDRAFACIAL POWERED BY EXOSCRT - LeDerme","robots":{"index":"index","follow":"follow","max-snippet":"max-snippet:-1","max-image-preview":"max-image-preview:large","max-video-preview":"max-video-preview:-1"},"canonical":"https:\/\/lederme.com.mx\/registro\/producto\/the-exosome-hydrafacial-powered-by-exoscrt\/","og_locale":"es_ES","og_type":"article","og_title":"THE EXOSOME HYDRAFACIAL POWERED BY EXOSCRT","og_description":"\u00a1Vuelve a sentir tu piel fresca, juvenil, vibrante &amp; radiante con un glow natural! Limpia, hidrata y revitaliza tu piel a profundidad con nuestra nueva experiencia THE EXOSOME HYDRAFACIAL\u2122. Limpiaremos e hidrataremos profundamente tu piel para que absorba todos los beneficios de nuestra exclusiva soothing mask con tecnolog\u00eda EXOSCRT\u2122, cargada y recargada de poderosos exosomas (Human Adipose Stromal Cell Exosomes), p\u00e9ptidos (Copper Tripeptide-1, Acetyl Hexapeptide-8), antioxidantes e ingredientes bot\u00e1nicos calmantes e hidratantes, adem\u00e1s de potenciarla con nuestro panel LED. Ideal para reparar la barrera cut\u00e1nea de tu piel, hidratarla intensamente y recuperar su brillo por completo. \u2713 Limpieza profunda\u2713 Revitaliza\u2713 Descongestiona &amp; disminuye los poros\u2713 Textura suave\u2713 Hidrataci\u00f3n intensa &amp; profunda\u2713 Reduce la inflamaci\u00f3n &amp; rojeces\u2713 Piel fresca, vibrante &amp; radiante, glow natural\u2713 Aplicaci\u00f3n de mascarilla con tecnolog\u00eda EXOSCRT\u2122 cargada de exosomas, antioxidantes &amp; p\u00e9ptidos\u2713 Genera col\u00e1geno &amp; elastina","og_url":"https:\/\/lederme.com.mx\/registro\/producto\/the-exosome-hydrafacial-powered-by-exoscrt\/","og_site_name":"LeDerme","article_modified_time":"2026-03-16T02:37:05+00:00","og_image":[{"width":580,"height":580,"url":"https:\/\/lederme.com.mx\/registro\/wp-content\/uploads\/2025\/08\/hydraexosomes2.jpg","type":"image\/jpeg"}],"twitter_card":"summary_large_image","twitter_misc":{"Precio":"&#36;2,240.00 impuestos incluidos","Disponibilidad":"Disponible"},"schema":{"@context":"https:\/\/schema.org","@graph":[{"@type":"WebPage","@id":"https:\/\/lederme.com.mx\/registro\/producto\/the-exosome-hydrafacial-powered-by-exoscrt\/","url":"https:\/\/lederme.com.mx\/registro\/producto\/the-exosome-hydrafacial-powered-by-exoscrt\/","name":"THE EXOSOME HYDRAFACIAL POWERED BY EXOSCRT - LeDerme","isPartOf":{"@id":"https:\/\/lederme.com.mx\/registro\/#website"},"primaryImageOfPage":{"@id":"https:\/\/lederme.com.mx\/registro\/producto\/the-exosome-hydrafacial-powered-by-exoscrt\/#primaryimage"},"image":{"@id":"https:\/\/lederme.com.mx\/registro\/producto\/the-exosome-hydrafacial-powered-by-exoscrt\/#primaryimage"},"thumbnailUrl":"https:\/\/lederme.com.mx\/registro\/wp-content\/uploads\/2025\/08\/hydraexosomes2.jpg","datePublished":"2025-08-06T00:01:57+00:00","dateModified":"2026-03-16T02:37:05+00:00","breadcrumb":{"@id":"https:\/\/lederme.com.mx\/registro\/producto\/the-exosome-hydrafacial-powered-by-exoscrt\/#breadcrumb"},"inLanguage":"es","potentialAction":[{"@type":"ReadAction","target":["https:\/\/lederme.com.mx\/registro\/producto\/the-exosome-hydrafacial-powered-by-exoscrt\/"]}]},{"@type":"ImageObject","inLanguage":"es","@id":"https:\/\/lederme.com.mx\/registro\/producto\/the-exosome-hydrafacial-powered-by-exoscrt\/#primaryimage","url":"https:\/\/lederme.com.mx\/registro\/wp-content\/uploads\/2025\/08\/hydraexosomes2.jpg","contentUrl":"https:\/\/lederme.com.mx\/registro\/wp-content\/uploads\/2025\/08\/hydraexosomes2.jpg","width":580,"height":580},{"@type":"BreadcrumbList","@id":"https:\/\/lederme.com.mx\/registro\/producto\/the-exosome-hydrafacial-powered-by-exoscrt\/#breadcrumb","itemListElement":[{"@type":"ListItem","position":1,"name":"Portada","item":"https:\/\/lederme.com.mx\/registro\/"},{"@type":"ListItem","position":2,"name":"Tienda","item":"https:\/\/lederme.com.mx\/registro\/tienda\/"},{"@type":"ListItem","position":3,"name":"THE EXOSOME HYDRAFACIAL POWERED BY EXOSCRT"}]},{"@type":"WebSite","@id":"https:\/\/lederme.com.mx\/registro\/#website","url":"https:\/\/lederme.com.mx\/registro\/","name":"LeDerme","description":"Agenda tu cita en l\u00ednea","potentialAction":[{"@type":"SearchAction","target":{"@type":"EntryPoint","urlTemplate":"https:\/\/lederme.com.mx\/registro\/?s={search_term_string}"},"query-input":{"@type":"PropertyValueSpecification","valueRequired":true,"valueName":"search_term_string"}}],"inLanguage":"es"}]},"product_price_amount":"2240.00","product_price_currency":"MXN","og_availability":"instock","product_availability":"instock","product_condition":"new"},"_links":{"self":[{"href":"https:\/\/lederme.com.mx\/registro\/wp-json\/wp\/v2\/product\/3294","targetHints":{"allow":["GET"]}}],"collection":[{"href":"https:\/\/lederme.com.mx\/registro\/wp-json\/wp\/v2\/product"}],"about":[{"href":"https:\/\/lederme.com.mx\/registro\/wp-json\/wp\/v2\/types\/product"}],"wp:featuredmedia":[{"embeddable":true,"href":"https:\/\/lederme.com.mx\/registro\/wp-json\/wp\/v2\/media\/3296"}],"wp:attachment":[{"href":"https:\/\/lederme.com.mx\/registro\/wp-json\/wp\/v2\/media?parent=3294"}],"wp:term":[{"taxonomy":"product_brand","embeddable":true,"href":"https:\/\/lederme.com.mx\/registro\/wp-json\/wp\/v2\/product_brand?post=3294"},{"taxonomy":"product_cat","embeddable":true,"href":"https:\/\/lederme.com.mx\/registro\/wp-json\/wp\/v2\/product_cat?post=3294"},{"taxonomy":"product_tag","embeddable":true,"href":"https:\/\/lederme.com.mx\/registro\/wp-json\/wp\/v2\/product_tag?post=3294"}],"curies":[{"name":"wp","href":"https:\/\/api.w.org\/{rel}","templated":true}]}}