{"id":298,"date":"2024-06-25T22:21:30","date_gmt":"2024-06-26T04:21:30","guid":{"rendered":"https:\/\/lederme.com.mx\/registro\/?post_type=product&#038;p=298"},"modified":"2026-02-17T15:58:23","modified_gmt":"2026-02-17T21:58:23","slug":"faciales-clinicos","status":"publish","type":"product","link":"https:\/\/lederme.com.mx\/registro\/producto\/faciales-clinicos\/","title":{"rendered":"FACIALES CL\u00cdNICOS"},"content":{"rendered":"<h2 style=\"font-weight: 400;\"><strong>\u00bfQU\u00c9 FACIAL CL\u00cdNICO ES IDEAL PARA MI PIEL?<\/strong><\/h2>\n<h3><b>1) HONEY ENZYME IS CLINICAL<\/b><\/h3>\n<p><span style=\"font-weight: 400;\">Hidrataci\u00f3n y nutrici\u00f3n profunda + Limpieza, ideal para pieles secas\u00a0 e irritadas o reactivas<\/span><\/p>\n<h3><b>2) FOAMING ENZYME IS CLINICAL<\/b><\/h3>\n<p><span style=\"font-weight: 400;\">Limpieza profunda, regula la producci\u00f3n grasa de la piel, suave, exfolia , refresca y reueva la piel\u00a0<\/span><\/p>\n<h3><b>3)\u00a0 Fire and ice\u00a0 IS CLINICAL<\/b><\/h3>\n<p><span style=\"font-weight: 400;\">Enfocado en la renovaci\u00f3n celular, limpia y exfolia gentilmente tu piel con ingredientes naturales que realzan la suavidad y tonicidad de la piel.<\/span><\/p>\n<h3><b>4)Harmony\u00a0 IS CLINICAL<\/b><\/h3>\n<p><span style=\"font-weight: 400;\">Facial calmante y muy hidratante, est\u00e1 dise\u00f1ado para despertar los sentidos y restaurar el equilibrio de la piel, ya que renueva el tono, la claridad y la resistencia.<\/span><\/p>\n<h3><b>5) Exfoliating Clear Skin\u00a0 IS CLINICAL<\/b><\/h3>\n<p><span style=\"font-weight: 400;\">Obt\u00e9n una piel suave y m\u00e1s uniforme\u00a0 con el facial exfoliante para piel clara. La exfoliaci\u00f3n suave combinada con una hidrataci\u00f3n calmante mejora la piel grasa, congestionada y propensa a imperfecciones.<\/span><\/p>\n<h3><b>6) Brightening Red Carpet Zo Skinhealth<\/b><\/h3>\n<p><span style=\"font-weight: 400;\">Facial cl\u00ednico enfocado en devolver la luminosidad al rostro, mejorar la apariencia y minimizar poros. Ideal para todo tipo de piel<\/span><\/p>\n<h3><b>7) Ultrahydration Zo Skinhealth<\/b><\/h3>\n<p><span style=\"font-weight: 400;\">Enfocado en tratar la deshidrataci\u00f3n, desvitalizaci\u00f3n y falta de luminosidad en tu piel al hidratar profundamente a trav\u00e9s de sus poderosos\u00a0 ingredientes.<\/span><\/p>\n<h3><b>8) Acn\u00e9 and Oil control\u00a0 Zo Skinhealth<\/b><\/h3>\n<p><span style=\"font-weight: 400;\">Facial cl\u00ednico ideal para pieles con\u00a0 acn\u00e9 o tendencia acne,acneicas con brotes Pieles grasas, oleosas ideal para controlar la producci\u00f3n de acn\u00e9 o apagar brotes activos.<\/span><\/p>\n<h3><b>9) Vibrant C Hydropeptide<\/b><\/h3>\n<p><span style=\"font-weight: 400;\">Facial cl\u00ednico ideal para pieles que presentan, falta de brillo o luminosidad, nec firmeza,l\u00edneas finas y arrugas tono uniforme.<\/span><\/p>\n<h3><b>10) Blueberry Hydropeptide<\/b><\/h3>\n<p><span style=\"font-weight: 400;\">Ideal para pieles sensibles, sensibilizadas, post l\u00e1ser, cuperosis y barrera alterada. El facial perfecto post Verano o exposici\u00f3n prolongada al sol<\/span><\/p>\n<h3><b>11) Patyka Organic Facial<\/b><\/h3>\n<p><span style=\"font-weight: 400;\">\u00a0Limpieza facial, extracci\u00f3n, exfoliaci\u00f3n, hidrataci\u00f3n realizado en su totalidad con productos 100% org\u00e1nicos y cruelty free<\/span><\/p>\n<h3><b>12) Age Element Mesoestetic<\/b><\/h3>\n<p><span style=\"font-weight: 400;\">Pieles con tono desigual, falta de luminosidad, firmeza, arrugas.<\/span><\/p>\n<h3><b>13) PCA DETOX PORES<\/b><\/h3>\n<p><span style=\"font-weight: 400;\">Limpieza facial profunda dise\u00f1ada para apagar acn\u00e9 activo, manchas post acn\u00e9 y\u00a0 tratar poros saturados. Ideal para pieles grasas o con tendencia grasa y producci\u00f3n de comedones.<\/span><\/p>\n<p>&nbsp;<\/p>\n","protected":false},"excerpt":{"rendered":"<p>Hay un facial cl\u00ednico ideal para tu piel<\/p>\n","protected":false},"featured_media":2437,"template":"","meta":[],"product_brand":[],"product_cat":[20],"product_tag":[],"class_list":{"0":"post-298","1":"product","2":"type-product","3":"status-publish","4":"has-post-thumbnail","6":"product_cat-faciales-clinicos","8":"first","9":"instock","10":"sale","11":"taxable","12":"shipping-taxable","13":"purchasable","14":"product-type-variable"},"yoast_head":"<!-- This site is optimized with the Yoast SEO Premium plugin v26.9 (Yoast SEO v27.3) - https:\/\/yoast.com\/product\/yoast-seo-premium-wordpress\/ -->\n<title>FACIALES CL\u00cdNICOS - LeDerme<\/title>\n<meta name=\"robots\" content=\"index, follow, max-snippet:-1, max-image-preview:large, max-video-preview:-1\" \/>\n<link rel=\"canonical\" href=\"https:\/\/lederme.com.mx\/registro\/producto\/faciales-clinicos\/\" \/>\n<meta property=\"og:locale\" content=\"es_ES\" \/>\n<meta property=\"og:type\" content=\"article\" \/>\n<meta property=\"og:title\" content=\"FACIALES CL\u00cdNICOS\" \/>\n<meta property=\"og:description\" content=\"Hay un facial cl\u00ednico ideal para tu piel\" \/>\n<meta property=\"og:url\" content=\"https:\/\/lederme.com.mx\/registro\/producto\/faciales-clinicos\/\" \/>\n<meta property=\"og:site_name\" content=\"LeDerme\" \/>\n<meta property=\"article:modified_time\" content=\"2026-02-17T21:58:23+00:00\" \/>\n<meta property=\"og:image\" content=\"https:\/\/lederme.com.mx\/registro\/wp-content\/uploads\/2024\/06\/CHONEY.jpg\" \/>\n\t<meta property=\"og:image:width\" content=\"520\" \/>\n\t<meta property=\"og:image:height\" content=\"520\" \/>\n\t<meta property=\"og:image:type\" content=\"image\/jpeg\" \/>\n<meta name=\"twitter:card\" content=\"summary_large_image\" \/>\n<meta name=\"twitter:label1\" content=\"Disponibilidad\" \/>\n\t<meta name=\"twitter:data1\" content=\"Disponible\" \/>\n<script type=\"application\/ld+json\" class=\"yoast-schema-graph\">{\"@context\":\"https:\\\/\\\/schema.org\",\"@graph\":[{\"@type\":\"WebPage\",\"@id\":\"https:\\\/\\\/lederme.com.mx\\\/registro\\\/producto\\\/faciales-clinicos\\\/\",\"url\":\"https:\\\/\\\/lederme.com.mx\\\/registro\\\/producto\\\/faciales-clinicos\\\/\",\"name\":\"FACIALES CL\u00cdNICOS - LeDerme\",\"isPartOf\":{\"@id\":\"https:\\\/\\\/lederme.com.mx\\\/registro\\\/#website\"},\"primaryImageOfPage\":{\"@id\":\"https:\\\/\\\/lederme.com.mx\\\/registro\\\/producto\\\/faciales-clinicos\\\/#primaryimage\"},\"image\":{\"@id\":\"https:\\\/\\\/lederme.com.mx\\\/registro\\\/producto\\\/faciales-clinicos\\\/#primaryimage\"},\"thumbnailUrl\":\"https:\\\/\\\/lederme.com.mx\\\/registro\\\/wp-content\\\/uploads\\\/2024\\\/06\\\/CHONEY.jpg\",\"datePublished\":\"2024-06-26T04:21:30+00:00\",\"dateModified\":\"2026-02-17T21:58:23+00:00\",\"breadcrumb\":{\"@id\":\"https:\\\/\\\/lederme.com.mx\\\/registro\\\/producto\\\/faciales-clinicos\\\/#breadcrumb\"},\"inLanguage\":\"es\",\"potentialAction\":[{\"@type\":\"ReadAction\",\"target\":[\"https:\\\/\\\/lederme.com.mx\\\/registro\\\/producto\\\/faciales-clinicos\\\/\"]}]},{\"@type\":\"ImageObject\",\"inLanguage\":\"es\",\"@id\":\"https:\\\/\\\/lederme.com.mx\\\/registro\\\/producto\\\/faciales-clinicos\\\/#primaryimage\",\"url\":\"https:\\\/\\\/lederme.com.mx\\\/registro\\\/wp-content\\\/uploads\\\/2024\\\/06\\\/CHONEY.jpg\",\"contentUrl\":\"https:\\\/\\\/lederme.com.mx\\\/registro\\\/wp-content\\\/uploads\\\/2024\\\/06\\\/CHONEY.jpg\",\"width\":520,\"height\":520},{\"@type\":\"BreadcrumbList\",\"@id\":\"https:\\\/\\\/lederme.com.mx\\\/registro\\\/producto\\\/faciales-clinicos\\\/#breadcrumb\",\"itemListElement\":[{\"@type\":\"ListItem\",\"position\":1,\"name\":\"Portada\",\"item\":\"https:\\\/\\\/lederme.com.mx\\\/registro\\\/\"},{\"@type\":\"ListItem\",\"position\":2,\"name\":\"Tienda\",\"item\":\"https:\\\/\\\/lederme.com.mx\\\/registro\\\/tienda\\\/\"},{\"@type\":\"ListItem\",\"position\":3,\"name\":\"FACIALES CL\u00cdNICOS\"}]},{\"@type\":\"WebSite\",\"@id\":\"https:\\\/\\\/lederme.com.mx\\\/registro\\\/#website\",\"url\":\"https:\\\/\\\/lederme.com.mx\\\/registro\\\/\",\"name\":\"LeDerme\",\"description\":\"Agenda tu cita en l\u00ednea\",\"potentialAction\":[{\"@type\":\"SearchAction\",\"target\":{\"@type\":\"EntryPoint\",\"urlTemplate\":\"https:\\\/\\\/lederme.com.mx\\\/registro\\\/?s={search_term_string}\"},\"query-input\":{\"@type\":\"PropertyValueSpecification\",\"valueRequired\":true,\"valueName\":\"search_term_string\"}}],\"inLanguage\":\"es\"}]}<\/script>\n<meta property=\"og:availability\" content=\"instock\" \/>\n<meta property=\"product:availability\" content=\"instock\" \/>\n<meta property=\"product:condition\" content=\"new\" \/>\n<!-- \/ Yoast SEO Premium plugin. -->","yoast_head_json":{"title":"FACIALES CL\u00cdNICOS - LeDerme","robots":{"index":"index","follow":"follow","max-snippet":"max-snippet:-1","max-image-preview":"max-image-preview:large","max-video-preview":"max-video-preview:-1"},"canonical":"https:\/\/lederme.com.mx\/registro\/producto\/faciales-clinicos\/","og_locale":"es_ES","og_type":"article","og_title":"FACIALES CL\u00cdNICOS","og_description":"Hay un facial cl\u00ednico ideal para tu piel","og_url":"https:\/\/lederme.com.mx\/registro\/producto\/faciales-clinicos\/","og_site_name":"LeDerme","article_modified_time":"2026-02-17T21:58:23+00:00","og_image":[{"width":520,"height":520,"url":"https:\/\/lederme.com.mx\/registro\/wp-content\/uploads\/2024\/06\/CHONEY.jpg","type":"image\/jpeg"}],"twitter_card":"summary_large_image","twitter_misc":{"Disponibilidad":"Disponible"},"schema":{"@context":"https:\/\/schema.org","@graph":[{"@type":"WebPage","@id":"https:\/\/lederme.com.mx\/registro\/producto\/faciales-clinicos\/","url":"https:\/\/lederme.com.mx\/registro\/producto\/faciales-clinicos\/","name":"FACIALES CL\u00cdNICOS - LeDerme","isPartOf":{"@id":"https:\/\/lederme.com.mx\/registro\/#website"},"primaryImageOfPage":{"@id":"https:\/\/lederme.com.mx\/registro\/producto\/faciales-clinicos\/#primaryimage"},"image":{"@id":"https:\/\/lederme.com.mx\/registro\/producto\/faciales-clinicos\/#primaryimage"},"thumbnailUrl":"https:\/\/lederme.com.mx\/registro\/wp-content\/uploads\/2024\/06\/CHONEY.jpg","datePublished":"2024-06-26T04:21:30+00:00","dateModified":"2026-02-17T21:58:23+00:00","breadcrumb":{"@id":"https:\/\/lederme.com.mx\/registro\/producto\/faciales-clinicos\/#breadcrumb"},"inLanguage":"es","potentialAction":[{"@type":"ReadAction","target":["https:\/\/lederme.com.mx\/registro\/producto\/faciales-clinicos\/"]}]},{"@type":"ImageObject","inLanguage":"es","@id":"https:\/\/lederme.com.mx\/registro\/producto\/faciales-clinicos\/#primaryimage","url":"https:\/\/lederme.com.mx\/registro\/wp-content\/uploads\/2024\/06\/CHONEY.jpg","contentUrl":"https:\/\/lederme.com.mx\/registro\/wp-content\/uploads\/2024\/06\/CHONEY.jpg","width":520,"height":520},{"@type":"BreadcrumbList","@id":"https:\/\/lederme.com.mx\/registro\/producto\/faciales-clinicos\/#breadcrumb","itemListElement":[{"@type":"ListItem","position":1,"name":"Portada","item":"https:\/\/lederme.com.mx\/registro\/"},{"@type":"ListItem","position":2,"name":"Tienda","item":"https:\/\/lederme.com.mx\/registro\/tienda\/"},{"@type":"ListItem","position":3,"name":"FACIALES CL\u00cdNICOS"}]},{"@type":"WebSite","@id":"https:\/\/lederme.com.mx\/registro\/#website","url":"https:\/\/lederme.com.mx\/registro\/","name":"LeDerme","description":"Agenda tu cita en l\u00ednea","potentialAction":[{"@type":"SearchAction","target":{"@type":"EntryPoint","urlTemplate":"https:\/\/lederme.com.mx\/registro\/?s={search_term_string}"},"query-input":{"@type":"PropertyValueSpecification","valueRequired":true,"valueName":"search_term_string"}}],"inLanguage":"es"}]},"og_availability":"instock","product_availability":"instock","product_condition":"new"},"_links":{"self":[{"href":"https:\/\/lederme.com.mx\/registro\/wp-json\/wp\/v2\/product\/298","targetHints":{"allow":["GET"]}}],"collection":[{"href":"https:\/\/lederme.com.mx\/registro\/wp-json\/wp\/v2\/product"}],"about":[{"href":"https:\/\/lederme.com.mx\/registro\/wp-json\/wp\/v2\/types\/product"}],"wp:featuredmedia":[{"embeddable":true,"href":"https:\/\/lederme.com.mx\/registro\/wp-json\/wp\/v2\/media\/2437"}],"wp:attachment":[{"href":"https:\/\/lederme.com.mx\/registro\/wp-json\/wp\/v2\/media?parent=298"}],"wp:term":[{"taxonomy":"product_brand","embeddable":true,"href":"https:\/\/lederme.com.mx\/registro\/wp-json\/wp\/v2\/product_brand?post=298"},{"taxonomy":"product_cat","embeddable":true,"href":"https:\/\/lederme.com.mx\/registro\/wp-json\/wp\/v2\/product_cat?post=298"},{"taxonomy":"product_tag","embeddable":true,"href":"https:\/\/lederme.com.mx\/registro\/wp-json\/wp\/v2\/product_tag?post=298"}],"curies":[{"name":"wp","href":"https:\/\/api.w.org\/{rel}","templated":true}]}}