{"id":2853,"date":"2025-06-16T17:44:44","date_gmt":"2025-06-16T23:44:44","guid":{"rendered":"https:\/\/lederme.com.mx\/registro\/?post_type=product&#038;p=2853"},"modified":"2025-12-03T16:01:02","modified_gmt":"2025-12-03T22:01:02","slug":"facial-radiance","status":"publish","type":"product","link":"https:\/\/lederme.com.mx\/registro\/producto\/facial-radiance\/","title":{"rendered":"FACIAL RADIANCE"},"content":{"rendered":"","protected":false},"excerpt":{"rendered":"<p><b>RADIANCE \u2122<\/b><span style=\"font-weight: 400;\"> es nuestro protocolo facial cl\u00ednico enfocado en devolverle de manera inmediata luminosidad, brillo, vitalidad y suavidad a tu piel. A Trav\u00e9s de una experiencia centrada en la limpieza y preparaci\u00f3n de tu piel, agregaremos y aplicaremos nuestra tecnolog\u00eda\u00a0 de foto bio modulaci\u00f3n <\/span><b>Lumixa + Healite<\/b><span style=\"font-weight: 400;\"> para darle a tu piel m\u00e1s del doble de energ\u00eda lum\u00ednica Fluorescente desinflam\u00e1ndola, renov\u00e1ndola y restaur\u00e1ndola de forma precisa, indolora e inmediata, revierte la inflamaci\u00f3n, calma el enrojecimiento y la ros\u00e1cea, estimula la producci\u00f3n de col\u00e1geno y mejora su proceso biol\u00f3gico de reparaci\u00f3n, para una piel m\u00e1s clara y luminosa, firme y sana m\u00e1s r\u00e1pidamente. Adem\u00e1s, los beneficios del <\/span><b><i>Radiance <\/i><\/b><span style=\"font-weight: 400;\">son inmediatos y acumulativos.<\/span><\/p>\n<p><span style=\"font-weight: 400;\">\u2713 Limpieza<br \/>\n<\/span><span style=\"font-weight: 400;\">\u2713 Exfoliaci\u00f3n<br \/>\n<\/span><span style=\"font-weight: 400;\">\u2713 Prevenci\u00f3n y correcci\u00f3n de los signos del inflammaging (inflamaci\u00f3n cr\u00f3nica de bajo grado)<br \/>\n<\/span><span style=\"font-weight: 400;\">\u2713 Prevenci\u00f3n y correcci\u00f3n de los signos del envejecimiento<br \/>\n<\/span><span style=\"font-weight: 400;\">\u2713 Efecto energizante y revitalizante<br \/>\n<\/span><span style=\"font-weight: 400;\">\u2713 Efecto anti rojeces.<br \/>\n<\/span><span style=\"font-weight: 400;\">\u2713 Mejora de la densidad cut\u00e1nea.<br \/>\n<\/span><span style=\"font-weight: 400;\">\u2713 Refuerza los mecanismos de defensa de la piel.<br \/>\n<\/span><span style=\"font-weight: 400;\">\u2713 Mejora la luminosidad<br \/>\n<\/span><span style=\"font-weight: 400;\">\u2713 Revitaliza y suaviza la piel<\/span><\/p>\n","protected":false},"featured_media":2854,"template":"","meta":[],"product_brand":[],"product_cat":[20],"product_tag":[],"class_list":{"0":"post-2853","1":"product","2":"type-product","3":"status-publish","4":"has-post-thumbnail","6":"product_cat-faciales-clinicos","8":"first","9":"instock","10":"sale","11":"taxable","12":"shipping-taxable","13":"purchasable","14":"product-type-simple"},"yoast_head":"<!-- This site is optimized with the Yoast SEO Premium plugin v26.9 (Yoast SEO v27.3) - https:\/\/yoast.com\/product\/yoast-seo-premium-wordpress\/ -->\n<title>FACIAL RADIANCE - LeDerme<\/title>\n<meta name=\"robots\" content=\"index, follow, max-snippet:-1, max-image-preview:large, max-video-preview:-1\" \/>\n<link rel=\"canonical\" href=\"https:\/\/lederme.com.mx\/registro\/producto\/facial-radiance\/\" \/>\n<meta property=\"og:locale\" content=\"es_ES\" \/>\n<meta property=\"og:type\" content=\"article\" \/>\n<meta property=\"og:title\" content=\"FACIAL RADIANCE\" \/>\n<meta property=\"og:description\" content=\"RADIANCE \u2122 es nuestro protocolo facial cl\u00ednico enfocado en devolverle de manera inmediata luminosidad, brillo, vitalidad y suavidad a tu piel. A Trav\u00e9s de una experiencia centrada en la limpieza y preparaci\u00f3n de tu piel, agregaremos y aplicaremos nuestra tecnolog\u00eda\u00a0 de foto bio modulaci\u00f3n Lumixa + Healite para darle a tu piel m\u00e1s del doble de energ\u00eda lum\u00ednica Fluorescente desinflam\u00e1ndola, renov\u00e1ndola y restaur\u00e1ndola de forma precisa, indolora e inmediata, revierte la inflamaci\u00f3n, calma el enrojecimiento y la ros\u00e1cea, estimula la producci\u00f3n de col\u00e1geno y mejora su proceso biol\u00f3gico de reparaci\u00f3n, para una piel m\u00e1s clara y luminosa, firme y sana m\u00e1s r\u00e1pidamente. Adem\u00e1s, los beneficios del Radiance son inmediatos y acumulativos.  \u2713 Limpieza \u2713 Exfoliaci\u00f3n \u2713 Prevenci\u00f3n y correcci\u00f3n de los signos del inflammaging (inflamaci\u00f3n cr\u00f3nica de bajo grado) \u2713 Prevenci\u00f3n y correcci\u00f3n de los signos del envejecimiento \u2713 Efecto energizante y revitalizante \u2713 Efecto anti rojeces. \u2713 Mejora de la densidad cut\u00e1nea. \u2713 Refuerza los mecanismos de defensa de la piel. \u2713 Mejora la luminosidad \u2713 Revitaliza y suaviza la piel\" \/>\n<meta property=\"og:url\" content=\"https:\/\/lederme.com.mx\/registro\/producto\/facial-radiance\/\" \/>\n<meta property=\"og:site_name\" content=\"LeDerme\" \/>\n<meta property=\"article:modified_time\" content=\"2025-12-03T22:01:02+00:00\" \/>\n<meta property=\"og:image\" content=\"https:\/\/lederme.com.mx\/registro\/wp-content\/uploads\/2025\/06\/FACIALRADIANCE.jpg\" \/>\n\t<meta property=\"og:image:width\" content=\"778\" \/>\n\t<meta property=\"og:image:height\" content=\"1080\" \/>\n\t<meta property=\"og:image:type\" content=\"image\/jpeg\" \/>\n<meta name=\"twitter:card\" content=\"summary_large_image\" \/>\n<meta name=\"twitter:label1\" content=\"Precio\" \/>\n\t<meta name=\"twitter:data1\" content=\"&#036;1,400.00 impuestos incluidos\" \/>\n\t<meta name=\"twitter:label2\" content=\"Disponibilidad\" \/>\n\t<meta name=\"twitter:data2\" content=\"Disponible\" \/>\n<script type=\"application\/ld+json\" class=\"yoast-schema-graph\">{\"@context\":\"https:\\\/\\\/schema.org\",\"@graph\":[{\"@type\":\"WebPage\",\"@id\":\"https:\\\/\\\/lederme.com.mx\\\/registro\\\/producto\\\/facial-radiance\\\/\",\"url\":\"https:\\\/\\\/lederme.com.mx\\\/registro\\\/producto\\\/facial-radiance\\\/\",\"name\":\"FACIAL RADIANCE - LeDerme\",\"isPartOf\":{\"@id\":\"https:\\\/\\\/lederme.com.mx\\\/registro\\\/#website\"},\"primaryImageOfPage\":{\"@id\":\"https:\\\/\\\/lederme.com.mx\\\/registro\\\/producto\\\/facial-radiance\\\/#primaryimage\"},\"image\":{\"@id\":\"https:\\\/\\\/lederme.com.mx\\\/registro\\\/producto\\\/facial-radiance\\\/#primaryimage\"},\"thumbnailUrl\":\"https:\\\/\\\/lederme.com.mx\\\/registro\\\/wp-content\\\/uploads\\\/2025\\\/06\\\/FACIALRADIANCE.jpg\",\"datePublished\":\"2025-06-16T23:44:44+00:00\",\"dateModified\":\"2025-12-03T22:01:02+00:00\",\"breadcrumb\":{\"@id\":\"https:\\\/\\\/lederme.com.mx\\\/registro\\\/producto\\\/facial-radiance\\\/#breadcrumb\"},\"inLanguage\":\"es\",\"potentialAction\":[{\"@type\":\"ReadAction\",\"target\":[\"https:\\\/\\\/lederme.com.mx\\\/registro\\\/producto\\\/facial-radiance\\\/\"]}]},{\"@type\":\"ImageObject\",\"inLanguage\":\"es\",\"@id\":\"https:\\\/\\\/lederme.com.mx\\\/registro\\\/producto\\\/facial-radiance\\\/#primaryimage\",\"url\":\"https:\\\/\\\/lederme.com.mx\\\/registro\\\/wp-content\\\/uploads\\\/2025\\\/06\\\/FACIALRADIANCE.jpg\",\"contentUrl\":\"https:\\\/\\\/lederme.com.mx\\\/registro\\\/wp-content\\\/uploads\\\/2025\\\/06\\\/FACIALRADIANCE.jpg\",\"width\":778,\"height\":1080},{\"@type\":\"BreadcrumbList\",\"@id\":\"https:\\\/\\\/lederme.com.mx\\\/registro\\\/producto\\\/facial-radiance\\\/#breadcrumb\",\"itemListElement\":[{\"@type\":\"ListItem\",\"position\":1,\"name\":\"Portada\",\"item\":\"https:\\\/\\\/lederme.com.mx\\\/registro\\\/\"},{\"@type\":\"ListItem\",\"position\":2,\"name\":\"Tienda\",\"item\":\"https:\\\/\\\/lederme.com.mx\\\/registro\\\/tienda\\\/\"},{\"@type\":\"ListItem\",\"position\":3,\"name\":\"FACIAL RADIANCE\"}]},{\"@type\":\"WebSite\",\"@id\":\"https:\\\/\\\/lederme.com.mx\\\/registro\\\/#website\",\"url\":\"https:\\\/\\\/lederme.com.mx\\\/registro\\\/\",\"name\":\"LeDerme\",\"description\":\"Agenda tu cita en l\u00ednea\",\"potentialAction\":[{\"@type\":\"SearchAction\",\"target\":{\"@type\":\"EntryPoint\",\"urlTemplate\":\"https:\\\/\\\/lederme.com.mx\\\/registro\\\/?s={search_term_string}\"},\"query-input\":{\"@type\":\"PropertyValueSpecification\",\"valueRequired\":true,\"valueName\":\"search_term_string\"}}],\"inLanguage\":\"es\"}]}<\/script>\n<meta property=\"product:price:amount\" content=\"1400.00\" \/>\n<meta property=\"product:price:currency\" content=\"MXN\" \/>\n<meta property=\"og:availability\" content=\"instock\" \/>\n<meta property=\"product:availability\" content=\"instock\" \/>\n<meta property=\"product:condition\" content=\"new\" \/>\n<!-- \/ Yoast SEO Premium plugin. -->","yoast_head_json":{"title":"FACIAL RADIANCE - LeDerme","robots":{"index":"index","follow":"follow","max-snippet":"max-snippet:-1","max-image-preview":"max-image-preview:large","max-video-preview":"max-video-preview:-1"},"canonical":"https:\/\/lederme.com.mx\/registro\/producto\/facial-radiance\/","og_locale":"es_ES","og_type":"article","og_title":"FACIAL RADIANCE","og_description":"RADIANCE \u2122 es nuestro protocolo facial cl\u00ednico enfocado en devolverle de manera inmediata luminosidad, brillo, vitalidad y suavidad a tu piel. A Trav\u00e9s de una experiencia centrada en la limpieza y preparaci\u00f3n de tu piel, agregaremos y aplicaremos nuestra tecnolog\u00eda\u00a0 de foto bio modulaci\u00f3n Lumixa + Healite para darle a tu piel m\u00e1s del doble de energ\u00eda lum\u00ednica Fluorescente desinflam\u00e1ndola, renov\u00e1ndola y restaur\u00e1ndola de forma precisa, indolora e inmediata, revierte la inflamaci\u00f3n, calma el enrojecimiento y la ros\u00e1cea, estimula la producci\u00f3n de col\u00e1geno y mejora su proceso biol\u00f3gico de reparaci\u00f3n, para una piel m\u00e1s clara y luminosa, firme y sana m\u00e1s r\u00e1pidamente. Adem\u00e1s, los beneficios del Radiance son inmediatos y acumulativos.  \u2713 Limpieza \u2713 Exfoliaci\u00f3n \u2713 Prevenci\u00f3n y correcci\u00f3n de los signos del inflammaging (inflamaci\u00f3n cr\u00f3nica de bajo grado) \u2713 Prevenci\u00f3n y correcci\u00f3n de los signos del envejecimiento \u2713 Efecto energizante y revitalizante \u2713 Efecto anti rojeces. \u2713 Mejora de la densidad cut\u00e1nea. \u2713 Refuerza los mecanismos de defensa de la piel. \u2713 Mejora la luminosidad \u2713 Revitaliza y suaviza la piel","og_url":"https:\/\/lederme.com.mx\/registro\/producto\/facial-radiance\/","og_site_name":"LeDerme","article_modified_time":"2025-12-03T22:01:02+00:00","og_image":[{"width":778,"height":1080,"url":"https:\/\/lederme.com.mx\/registro\/wp-content\/uploads\/2025\/06\/FACIALRADIANCE.jpg","type":"image\/jpeg"}],"twitter_card":"summary_large_image","twitter_misc":{"Precio":"&#36;1,400.00 impuestos incluidos","Disponibilidad":"Disponible"},"schema":{"@context":"https:\/\/schema.org","@graph":[{"@type":"WebPage","@id":"https:\/\/lederme.com.mx\/registro\/producto\/facial-radiance\/","url":"https:\/\/lederme.com.mx\/registro\/producto\/facial-radiance\/","name":"FACIAL RADIANCE - LeDerme","isPartOf":{"@id":"https:\/\/lederme.com.mx\/registro\/#website"},"primaryImageOfPage":{"@id":"https:\/\/lederme.com.mx\/registro\/producto\/facial-radiance\/#primaryimage"},"image":{"@id":"https:\/\/lederme.com.mx\/registro\/producto\/facial-radiance\/#primaryimage"},"thumbnailUrl":"https:\/\/lederme.com.mx\/registro\/wp-content\/uploads\/2025\/06\/FACIALRADIANCE.jpg","datePublished":"2025-06-16T23:44:44+00:00","dateModified":"2025-12-03T22:01:02+00:00","breadcrumb":{"@id":"https:\/\/lederme.com.mx\/registro\/producto\/facial-radiance\/#breadcrumb"},"inLanguage":"es","potentialAction":[{"@type":"ReadAction","target":["https:\/\/lederme.com.mx\/registro\/producto\/facial-radiance\/"]}]},{"@type":"ImageObject","inLanguage":"es","@id":"https:\/\/lederme.com.mx\/registro\/producto\/facial-radiance\/#primaryimage","url":"https:\/\/lederme.com.mx\/registro\/wp-content\/uploads\/2025\/06\/FACIALRADIANCE.jpg","contentUrl":"https:\/\/lederme.com.mx\/registro\/wp-content\/uploads\/2025\/06\/FACIALRADIANCE.jpg","width":778,"height":1080},{"@type":"BreadcrumbList","@id":"https:\/\/lederme.com.mx\/registro\/producto\/facial-radiance\/#breadcrumb","itemListElement":[{"@type":"ListItem","position":1,"name":"Portada","item":"https:\/\/lederme.com.mx\/registro\/"},{"@type":"ListItem","position":2,"name":"Tienda","item":"https:\/\/lederme.com.mx\/registro\/tienda\/"},{"@type":"ListItem","position":3,"name":"FACIAL RADIANCE"}]},{"@type":"WebSite","@id":"https:\/\/lederme.com.mx\/registro\/#website","url":"https:\/\/lederme.com.mx\/registro\/","name":"LeDerme","description":"Agenda tu cita en l\u00ednea","potentialAction":[{"@type":"SearchAction","target":{"@type":"EntryPoint","urlTemplate":"https:\/\/lederme.com.mx\/registro\/?s={search_term_string}"},"query-input":{"@type":"PropertyValueSpecification","valueRequired":true,"valueName":"search_term_string"}}],"inLanguage":"es"}]},"product_price_amount":"1400.00","product_price_currency":"MXN","og_availability":"instock","product_availability":"instock","product_condition":"new"},"_links":{"self":[{"href":"https:\/\/lederme.com.mx\/registro\/wp-json\/wp\/v2\/product\/2853","targetHints":{"allow":["GET"]}}],"collection":[{"href":"https:\/\/lederme.com.mx\/registro\/wp-json\/wp\/v2\/product"}],"about":[{"href":"https:\/\/lederme.com.mx\/registro\/wp-json\/wp\/v2\/types\/product"}],"wp:featuredmedia":[{"embeddable":true,"href":"https:\/\/lederme.com.mx\/registro\/wp-json\/wp\/v2\/media\/2854"}],"wp:attachment":[{"href":"https:\/\/lederme.com.mx\/registro\/wp-json\/wp\/v2\/media?parent=2853"}],"wp:term":[{"taxonomy":"product_brand","embeddable":true,"href":"https:\/\/lederme.com.mx\/registro\/wp-json\/wp\/v2\/product_brand?post=2853"},{"taxonomy":"product_cat","embeddable":true,"href":"https:\/\/lederme.com.mx\/registro\/wp-json\/wp\/v2\/product_cat?post=2853"},{"taxonomy":"product_tag","embeddable":true,"href":"https:\/\/lederme.com.mx\/registro\/wp-json\/wp\/v2\/product_tag?post=2853"}],"curies":[{"name":"wp","href":"https:\/\/api.w.org\/{rel}","templated":true}]}}