{"id":2849,"date":"2025-06-16T17:38:16","date_gmt":"2025-06-16T23:38:16","guid":{"rendered":"https:\/\/lederme.com.mx\/registro\/?post_type=product&#038;p=2849"},"modified":"2026-03-15T20:19:54","modified_gmt":"2026-03-16T02:19:54","slug":"power-duo-facial","status":"publish","type":"product","link":"https:\/\/lederme.com.mx\/registro\/producto\/power-duo-facial\/","title":{"rendered":"POWER DUO FACIAL"},"content":{"rendered":"","protected":false},"excerpt":{"rendered":"<p><b>THE POWER DUO FACIAL\u2122<\/b><span style=\"font-weight: 400;\">\u00a0 Lo mejor de 2 mundos! Disfruta de tu piel profundamente limpia, renovada, fresca, revitalizada e hidratada con un nuestra tecnolog\u00eda HYDRAFACIAL y prepararla para recibir inmediatamente\u00a0 toda la energ\u00eda de nuestro <\/span><b>HOLLYWOOD PEEL LASER, <\/b><span style=\"font-weight: 400;\">renovando tu piel inmediatamente, eliminando completamente,\u00a0 con el poder de la energ\u00eda l\u00e1ser, todas las c\u00e9lulas muertas, impurezas y toxinas que opacan y le roban el brillo a la\u00a0 superficie de tu piel, devolvi\u00e9ndole su luminosidad y brillo, minimizando la apariencia de poros alargados,<\/span> <span style=\"font-weight: 400;\">unificando su tono y textura. Adem\u00e1s controla la producci\u00f3n de grasa\u00a0 y brillo no deseado de tu piel para darle una apariencia m\u00e1s unificada, suave y en completo\u00a0 balance.<\/span><\/p>\n<p><b>TODO TIPO DE PIEL A EXCEPCI\u00d3N DE PIEL SENSIBLE, ACN\u00c9 ACTIVO O DESCONTROLADO<\/b><\/p>\n<p><span style=\"font-weight: 400;\">\u2713 Limpia\u00a0 e hidrata\u00a0 profundamente<br \/>\n<\/span><span style=\"font-weight: 400;\">\u2713 Revitaliza y suaviza la piel<br \/>\n<\/span>\u2713 Mejora luminosidad y brillo<br \/>\n<span style=\"font-weight: 400;\">\u2713Descongestiona los poros<br \/>\n<\/span><span style=\"font-weight: 400;\">\u2713 Disminuye el tama\u00f1o de los poros<br \/>\n<\/span><span style=\"font-weight: 400;\">\u2713 Controla la producci\u00f3n de grasa<br \/>\n<\/span><span style=\"font-weight: 400;\">\u2713 Piel fresca, limpia y radiante\u00a0<\/span><\/p>\n","protected":false},"featured_media":2850,"template":"","meta":[],"product_brand":[],"product_cat":[20,17],"product_tag":[],"class_list":{"0":"post-2849","1":"product","2":"type-product","3":"status-publish","4":"has-post-thumbnail","6":"product_cat-faciales-clinicos","7":"product_cat-hydrafacial","9":"first","10":"instock","11":"sale","12":"taxable","13":"shipping-taxable","14":"purchasable","15":"product-type-simple"},"yoast_head":"<!-- This site is optimized with the Yoast SEO Premium plugin v26.9 (Yoast SEO v27.3) - https:\/\/yoast.com\/product\/yoast-seo-premium-wordpress\/ -->\n<title>POWER DUO FACIAL - LeDerme<\/title>\n<meta name=\"robots\" content=\"index, follow, max-snippet:-1, max-image-preview:large, max-video-preview:-1\" \/>\n<link rel=\"canonical\" href=\"https:\/\/lederme.com.mx\/registro\/producto\/power-duo-facial\/\" \/>\n<meta property=\"og:locale\" content=\"es_ES\" \/>\n<meta property=\"og:type\" content=\"article\" \/>\n<meta property=\"og:title\" content=\"POWER DUO FACIAL\" \/>\n<meta property=\"og:description\" content=\"THE POWER DUO FACIAL\u2122\u00a0 Lo mejor de 2 mundos! Disfruta de tu piel profundamente limpia, renovada, fresca, revitalizada e hidratada con un nuestra tecnolog\u00eda HYDRAFACIAL y prepararla para recibir inmediatamente\u00a0 toda la energ\u00eda de nuestro HOLLYWOOD PEEL LASER, renovando tu piel inmediatamente, eliminando completamente,\u00a0 con el poder de la energ\u00eda l\u00e1ser, todas las c\u00e9lulas muertas, impurezas y toxinas que opacan y le roban el brillo a la\u00a0 superficie de tu piel, devolvi\u00e9ndole su luminosidad y brillo, minimizando la apariencia de poros alargados, unificando su tono y textura. Adem\u00e1s controla la producci\u00f3n de grasa\u00a0 y brillo no deseado de tu piel para darle una apariencia m\u00e1s unificada, suave y en completo\u00a0 balance.  TODO TIPO DE PIEL A EXCEPCI\u00d3N DE PIEL SENSIBLE, ACN\u00c9 ACTIVO O DESCONTROLADO  \u2713 Limpia\u00a0 e hidrata\u00a0 profundamente \u2713 Revitaliza y suaviza la piel \u2713 Mejora luminosidad y brillo \u2713Descongestiona los poros \u2713 Disminuye el tama\u00f1o de los poros \u2713 Controla la producci\u00f3n de grasa \u2713 Piel fresca, limpia y radiante\u00a0\" \/>\n<meta property=\"og:url\" content=\"https:\/\/lederme.com.mx\/registro\/producto\/power-duo-facial\/\" \/>\n<meta property=\"og:site_name\" content=\"LeDerme\" \/>\n<meta property=\"article:modified_time\" content=\"2026-03-16T02:19:54+00:00\" \/>\n<meta property=\"og:image\" content=\"https:\/\/lederme.com.mx\/registro\/wp-content\/uploads\/2025\/06\/POWERDUO.jpg\" \/>\n\t<meta property=\"og:image:width\" content=\"778\" \/>\n\t<meta property=\"og:image:height\" content=\"1080\" \/>\n\t<meta property=\"og:image:type\" content=\"image\/jpeg\" \/>\n<meta name=\"twitter:card\" content=\"summary_large_image\" \/>\n<meta name=\"twitter:label1\" content=\"Precio\" \/>\n\t<meta name=\"twitter:data1\" content=\"&#036;3,255.00 impuestos incluidos\" \/>\n\t<meta name=\"twitter:label2\" content=\"Disponibilidad\" \/>\n\t<meta name=\"twitter:data2\" content=\"Disponible\" \/>\n<script type=\"application\/ld+json\" class=\"yoast-schema-graph\">{\"@context\":\"https:\\\/\\\/schema.org\",\"@graph\":[{\"@type\":\"WebPage\",\"@id\":\"https:\\\/\\\/lederme.com.mx\\\/registro\\\/producto\\\/power-duo-facial\\\/\",\"url\":\"https:\\\/\\\/lederme.com.mx\\\/registro\\\/producto\\\/power-duo-facial\\\/\",\"name\":\"POWER DUO FACIAL - LeDerme\",\"isPartOf\":{\"@id\":\"https:\\\/\\\/lederme.com.mx\\\/registro\\\/#website\"},\"primaryImageOfPage\":{\"@id\":\"https:\\\/\\\/lederme.com.mx\\\/registro\\\/producto\\\/power-duo-facial\\\/#primaryimage\"},\"image\":{\"@id\":\"https:\\\/\\\/lederme.com.mx\\\/registro\\\/producto\\\/power-duo-facial\\\/#primaryimage\"},\"thumbnailUrl\":\"https:\\\/\\\/lederme.com.mx\\\/registro\\\/wp-content\\\/uploads\\\/2025\\\/06\\\/POWERDUO.jpg\",\"datePublished\":\"2025-06-16T23:38:16+00:00\",\"dateModified\":\"2026-03-16T02:19:54+00:00\",\"breadcrumb\":{\"@id\":\"https:\\\/\\\/lederme.com.mx\\\/registro\\\/producto\\\/power-duo-facial\\\/#breadcrumb\"},\"inLanguage\":\"es\",\"potentialAction\":[{\"@type\":\"ReadAction\",\"target\":[\"https:\\\/\\\/lederme.com.mx\\\/registro\\\/producto\\\/power-duo-facial\\\/\"]}]},{\"@type\":\"ImageObject\",\"inLanguage\":\"es\",\"@id\":\"https:\\\/\\\/lederme.com.mx\\\/registro\\\/producto\\\/power-duo-facial\\\/#primaryimage\",\"url\":\"https:\\\/\\\/lederme.com.mx\\\/registro\\\/wp-content\\\/uploads\\\/2025\\\/06\\\/POWERDUO.jpg\",\"contentUrl\":\"https:\\\/\\\/lederme.com.mx\\\/registro\\\/wp-content\\\/uploads\\\/2025\\\/06\\\/POWERDUO.jpg\",\"width\":778,\"height\":1080},{\"@type\":\"BreadcrumbList\",\"@id\":\"https:\\\/\\\/lederme.com.mx\\\/registro\\\/producto\\\/power-duo-facial\\\/#breadcrumb\",\"itemListElement\":[{\"@type\":\"ListItem\",\"position\":1,\"name\":\"Portada\",\"item\":\"https:\\\/\\\/lederme.com.mx\\\/registro\\\/\"},{\"@type\":\"ListItem\",\"position\":2,\"name\":\"Tienda\",\"item\":\"https:\\\/\\\/lederme.com.mx\\\/registro\\\/tienda\\\/\"},{\"@type\":\"ListItem\",\"position\":3,\"name\":\"POWER DUO FACIAL\"}]},{\"@type\":\"WebSite\",\"@id\":\"https:\\\/\\\/lederme.com.mx\\\/registro\\\/#website\",\"url\":\"https:\\\/\\\/lederme.com.mx\\\/registro\\\/\",\"name\":\"LeDerme\",\"description\":\"Agenda tu cita en l\u00ednea\",\"potentialAction\":[{\"@type\":\"SearchAction\",\"target\":{\"@type\":\"EntryPoint\",\"urlTemplate\":\"https:\\\/\\\/lederme.com.mx\\\/registro\\\/?s={search_term_string}\"},\"query-input\":{\"@type\":\"PropertyValueSpecification\",\"valueRequired\":true,\"valueName\":\"search_term_string\"}}],\"inLanguage\":\"es\"}]}<\/script>\n<meta property=\"product:price:amount\" content=\"3255.00\" \/>\n<meta property=\"product:price:currency\" content=\"MXN\" \/>\n<meta property=\"og:availability\" content=\"instock\" \/>\n<meta property=\"product:availability\" content=\"instock\" \/>\n<meta property=\"product:condition\" content=\"new\" \/>\n<!-- \/ Yoast SEO Premium plugin. -->","yoast_head_json":{"title":"POWER DUO FACIAL - LeDerme","robots":{"index":"index","follow":"follow","max-snippet":"max-snippet:-1","max-image-preview":"max-image-preview:large","max-video-preview":"max-video-preview:-1"},"canonical":"https:\/\/lederme.com.mx\/registro\/producto\/power-duo-facial\/","og_locale":"es_ES","og_type":"article","og_title":"POWER DUO FACIAL","og_description":"THE POWER DUO FACIAL\u2122\u00a0 Lo mejor de 2 mundos! Disfruta de tu piel profundamente limpia, renovada, fresca, revitalizada e hidratada con un nuestra tecnolog\u00eda HYDRAFACIAL y prepararla para recibir inmediatamente\u00a0 toda la energ\u00eda de nuestro HOLLYWOOD PEEL LASER, renovando tu piel inmediatamente, eliminando completamente,\u00a0 con el poder de la energ\u00eda l\u00e1ser, todas las c\u00e9lulas muertas, impurezas y toxinas que opacan y le roban el brillo a la\u00a0 superficie de tu piel, devolvi\u00e9ndole su luminosidad y brillo, minimizando la apariencia de poros alargados, unificando su tono y textura. Adem\u00e1s controla la producci\u00f3n de grasa\u00a0 y brillo no deseado de tu piel para darle una apariencia m\u00e1s unificada, suave y en completo\u00a0 balance.  TODO TIPO DE PIEL A EXCEPCI\u00d3N DE PIEL SENSIBLE, ACN\u00c9 ACTIVO O DESCONTROLADO  \u2713 Limpia\u00a0 e hidrata\u00a0 profundamente \u2713 Revitaliza y suaviza la piel \u2713 Mejora luminosidad y brillo \u2713Descongestiona los poros \u2713 Disminuye el tama\u00f1o de los poros \u2713 Controla la producci\u00f3n de grasa \u2713 Piel fresca, limpia y radiante\u00a0","og_url":"https:\/\/lederme.com.mx\/registro\/producto\/power-duo-facial\/","og_site_name":"LeDerme","article_modified_time":"2026-03-16T02:19:54+00:00","og_image":[{"width":778,"height":1080,"url":"https:\/\/lederme.com.mx\/registro\/wp-content\/uploads\/2025\/06\/POWERDUO.jpg","type":"image\/jpeg"}],"twitter_card":"summary_large_image","twitter_misc":{"Precio":"&#36;3,255.00 impuestos incluidos","Disponibilidad":"Disponible"},"schema":{"@context":"https:\/\/schema.org","@graph":[{"@type":"WebPage","@id":"https:\/\/lederme.com.mx\/registro\/producto\/power-duo-facial\/","url":"https:\/\/lederme.com.mx\/registro\/producto\/power-duo-facial\/","name":"POWER DUO FACIAL - LeDerme","isPartOf":{"@id":"https:\/\/lederme.com.mx\/registro\/#website"},"primaryImageOfPage":{"@id":"https:\/\/lederme.com.mx\/registro\/producto\/power-duo-facial\/#primaryimage"},"image":{"@id":"https:\/\/lederme.com.mx\/registro\/producto\/power-duo-facial\/#primaryimage"},"thumbnailUrl":"https:\/\/lederme.com.mx\/registro\/wp-content\/uploads\/2025\/06\/POWERDUO.jpg","datePublished":"2025-06-16T23:38:16+00:00","dateModified":"2026-03-16T02:19:54+00:00","breadcrumb":{"@id":"https:\/\/lederme.com.mx\/registro\/producto\/power-duo-facial\/#breadcrumb"},"inLanguage":"es","potentialAction":[{"@type":"ReadAction","target":["https:\/\/lederme.com.mx\/registro\/producto\/power-duo-facial\/"]}]},{"@type":"ImageObject","inLanguage":"es","@id":"https:\/\/lederme.com.mx\/registro\/producto\/power-duo-facial\/#primaryimage","url":"https:\/\/lederme.com.mx\/registro\/wp-content\/uploads\/2025\/06\/POWERDUO.jpg","contentUrl":"https:\/\/lederme.com.mx\/registro\/wp-content\/uploads\/2025\/06\/POWERDUO.jpg","width":778,"height":1080},{"@type":"BreadcrumbList","@id":"https:\/\/lederme.com.mx\/registro\/producto\/power-duo-facial\/#breadcrumb","itemListElement":[{"@type":"ListItem","position":1,"name":"Portada","item":"https:\/\/lederme.com.mx\/registro\/"},{"@type":"ListItem","position":2,"name":"Tienda","item":"https:\/\/lederme.com.mx\/registro\/tienda\/"},{"@type":"ListItem","position":3,"name":"POWER DUO FACIAL"}]},{"@type":"WebSite","@id":"https:\/\/lederme.com.mx\/registro\/#website","url":"https:\/\/lederme.com.mx\/registro\/","name":"LeDerme","description":"Agenda tu cita en l\u00ednea","potentialAction":[{"@type":"SearchAction","target":{"@type":"EntryPoint","urlTemplate":"https:\/\/lederme.com.mx\/registro\/?s={search_term_string}"},"query-input":{"@type":"PropertyValueSpecification","valueRequired":true,"valueName":"search_term_string"}}],"inLanguage":"es"}]},"product_price_amount":"3255.00","product_price_currency":"MXN","og_availability":"instock","product_availability":"instock","product_condition":"new"},"_links":{"self":[{"href":"https:\/\/lederme.com.mx\/registro\/wp-json\/wp\/v2\/product\/2849","targetHints":{"allow":["GET"]}}],"collection":[{"href":"https:\/\/lederme.com.mx\/registro\/wp-json\/wp\/v2\/product"}],"about":[{"href":"https:\/\/lederme.com.mx\/registro\/wp-json\/wp\/v2\/types\/product"}],"wp:featuredmedia":[{"embeddable":true,"href":"https:\/\/lederme.com.mx\/registro\/wp-json\/wp\/v2\/media\/2850"}],"wp:attachment":[{"href":"https:\/\/lederme.com.mx\/registro\/wp-json\/wp\/v2\/media?parent=2849"}],"wp:term":[{"taxonomy":"product_brand","embeddable":true,"href":"https:\/\/lederme.com.mx\/registro\/wp-json\/wp\/v2\/product_brand?post=2849"},{"taxonomy":"product_cat","embeddable":true,"href":"https:\/\/lederme.com.mx\/registro\/wp-json\/wp\/v2\/product_cat?post=2849"},{"taxonomy":"product_tag","embeddable":true,"href":"https:\/\/lederme.com.mx\/registro\/wp-json\/wp\/v2\/product_tag?post=2849"}],"curies":[{"name":"wp","href":"https:\/\/api.w.org\/{rel}","templated":true}]}}