{"id":2231,"date":"2025-04-29T19:03:45","date_gmt":"2025-04-30T01:03:45","guid":{"rendered":"https:\/\/lederme.com.mx\/registro\/?post_type=product&#038;p=2231"},"modified":"2026-03-15T19:40:08","modified_gmt":"2026-03-16T01:40:08","slug":"hydraglow-facial","status":"publish","type":"product","link":"https:\/\/lederme.com.mx\/registro\/producto\/hydraglow-facial\/","title":{"rendered":"HYDROGLOW FACIAL"},"content":{"rendered":"<p><b>HYDROGLOW\u2122<\/b><span style=\"font-weight: 400;\">\u00a0 es nuestro\u00a0 facial\u00a0 hidratante e iluminador , cargado de poderosos p\u00e9ptidos , vitaminas y\u00a0 antioxidantes dise\u00f1ado por <\/span><b>HYDROPEPTIDE<\/b><span style=\"font-weight: 400;\">\u00a0 para dejar su piel equilibrada , radiante y fresca . Exfolia suavemente e devuelve la vitalidad de la piel con \u00e1cido l\u00e1ctico\u00a0 e infunde una doble dosis de vitamina c combinada con una potente mezcla de extractos de t\u00e9 verde japon\u00e9s, manzanilla, pepino, gayuba, romero y equin\u00e1cea, que proporciona una rica fuente de antioxidantes para nutrir y proteger la barrera cut\u00e1nea. Para finalizar, una potente combinaci\u00f3n de \u00e1cido hialur\u00f3nico, p\u00e9ptidos antiarrugas y factores de crecimiento ayuda a hidratar, y reafirmar tu piel. Este facial incluye una mascarilla patentada que contiene vitamina C pura, administrada mediante una revolucionaria tecnolog\u00eda de puntos secos para garantizar la m\u00e1xima estabilidad y potencia.<\/span><\/p>\n<ul>\n<li style=\"font-weight: 400;\" aria-level=\"1\"><span style=\"font-weight: 400;\">Mejora Tono y textura\u00a0<\/span><\/li>\n<li style=\"font-weight: 400;\" aria-level=\"1\"><span style=\"font-weight: 400;\">Luminosidad y brillo<\/span><\/li>\n<li style=\"font-weight: 400;\" aria-level=\"1\"><span style=\"font-weight: 400;\">Renueva<\/span><\/li>\n<li style=\"font-weight: 400;\" aria-level=\"1\"><span style=\"font-weight: 400;\">Hidrata y protege<\/span><\/li>\n<\/ul>\n","protected":false},"excerpt":{"rendered":"<p><b>HYDROGLOW\u2122<\/b><span style=\"font-weight: 400;\">\u00a0 es nuestro\u00a0 facial\u00a0 hidratante e iluminador, cargado de poderosos p\u00e9ptidos, vitaminas y\u00a0 antioxidantes dise\u00f1ado por <\/span><b>HYDROPEPTIDE<\/b><span style=\"font-weight: 400;\">\u00a0 para dejar su piel equilibrada , radiante y fresca.<\/span><\/p>\n<ul>\n<li style=\"font-weight: 400;\" aria-level=\"1\"><span style=\"font-weight: 400;\">Mejora Tono y textura\u00a0<\/span><\/li>\n<li style=\"font-weight: 400;\" aria-level=\"1\"><span style=\"font-weight: 400;\">Luminosidad y brillo<\/span><\/li>\n<li style=\"font-weight: 400;\" aria-level=\"1\"><span style=\"font-weight: 400;\">Renueva<\/span><\/li>\n<li style=\"font-weight: 400;\" aria-level=\"1\"><span style=\"font-weight: 400;\">Hidrata y protege<\/span><\/li>\n<\/ul>\n","protected":false},"featured_media":2471,"template":"","meta":[],"product_brand":[],"product_cat":[20],"product_tag":[],"class_list":{"0":"post-2231","1":"product","2":"type-product","3":"status-publish","4":"has-post-thumbnail","6":"product_cat-faciales-clinicos","8":"first","9":"instock","10":"sale","11":"taxable","12":"shipping-taxable","13":"purchasable","14":"product-type-simple"},"yoast_head":"<!-- This site is optimized with the Yoast SEO Premium plugin v26.9 (Yoast SEO v27.3) - https:\/\/yoast.com\/product\/yoast-seo-premium-wordpress\/ -->\n<title>HYDROGLOW FACIAL - LeDerme<\/title>\n<meta name=\"robots\" content=\"index, follow, max-snippet:-1, max-image-preview:large, max-video-preview:-1\" \/>\n<link rel=\"canonical\" href=\"https:\/\/lederme.com.mx\/registro\/producto\/hydraglow-facial\/\" \/>\n<meta property=\"og:locale\" content=\"es_ES\" \/>\n<meta property=\"og:type\" content=\"article\" \/>\n<meta property=\"og:title\" content=\"HYDROGLOW FACIAL\" \/>\n<meta property=\"og:description\" content=\"HYDROGLOW\u2122\u00a0 es nuestro\u00a0 facial\u00a0 hidratante e iluminador, cargado de poderosos p\u00e9ptidos, vitaminas y\u00a0 antioxidantes dise\u00f1ado por HYDROPEPTIDE\u00a0 para dejar su piel equilibrada , radiante y fresca.   Mejora Tono y textura\u00a0  Luminosidad y brillo  Renueva  Hidrata y protege\" \/>\n<meta property=\"og:url\" content=\"https:\/\/lederme.com.mx\/registro\/producto\/hydraglow-facial\/\" \/>\n<meta property=\"og:site_name\" content=\"LeDerme\" \/>\n<meta property=\"article:modified_time\" content=\"2026-03-16T01:40:08+00:00\" \/>\n<meta property=\"og:image\" content=\"https:\/\/lederme.com.mx\/registro\/wp-content\/uploads\/2025\/04\/CHYDROGLOW.jpg\" \/>\n\t<meta property=\"og:image:width\" content=\"520\" \/>\n\t<meta property=\"og:image:height\" content=\"520\" \/>\n\t<meta property=\"og:image:type\" content=\"image\/jpeg\" \/>\n<meta name=\"twitter:card\" content=\"summary_large_image\" \/>\n<meta name=\"twitter:label1\" content=\"Precio\" \/>\n\t<meta name=\"twitter:data1\" content=\"&#036;1,200.00 impuestos incluidos\" \/>\n\t<meta name=\"twitter:label2\" content=\"Disponibilidad\" \/>\n\t<meta name=\"twitter:data2\" content=\"Disponible\" \/>\n<script type=\"application\/ld+json\" class=\"yoast-schema-graph\">{\"@context\":\"https:\\\/\\\/schema.org\",\"@graph\":[{\"@type\":\"WebPage\",\"@id\":\"https:\\\/\\\/lederme.com.mx\\\/registro\\\/producto\\\/hydraglow-facial\\\/\",\"url\":\"https:\\\/\\\/lederme.com.mx\\\/registro\\\/producto\\\/hydraglow-facial\\\/\",\"name\":\"HYDROGLOW FACIAL - LeDerme\",\"isPartOf\":{\"@id\":\"https:\\\/\\\/lederme.com.mx\\\/registro\\\/#website\"},\"primaryImageOfPage\":{\"@id\":\"https:\\\/\\\/lederme.com.mx\\\/registro\\\/producto\\\/hydraglow-facial\\\/#primaryimage\"},\"image\":{\"@id\":\"https:\\\/\\\/lederme.com.mx\\\/registro\\\/producto\\\/hydraglow-facial\\\/#primaryimage\"},\"thumbnailUrl\":\"https:\\\/\\\/lederme.com.mx\\\/registro\\\/wp-content\\\/uploads\\\/2025\\\/04\\\/CHYDROGLOW.jpg\",\"datePublished\":\"2025-04-30T01:03:45+00:00\",\"dateModified\":\"2026-03-16T01:40:08+00:00\",\"breadcrumb\":{\"@id\":\"https:\\\/\\\/lederme.com.mx\\\/registro\\\/producto\\\/hydraglow-facial\\\/#breadcrumb\"},\"inLanguage\":\"es\",\"potentialAction\":[{\"@type\":\"ReadAction\",\"target\":[\"https:\\\/\\\/lederme.com.mx\\\/registro\\\/producto\\\/hydraglow-facial\\\/\"]}]},{\"@type\":\"ImageObject\",\"inLanguage\":\"es\",\"@id\":\"https:\\\/\\\/lederme.com.mx\\\/registro\\\/producto\\\/hydraglow-facial\\\/#primaryimage\",\"url\":\"https:\\\/\\\/lederme.com.mx\\\/registro\\\/wp-content\\\/uploads\\\/2025\\\/04\\\/CHYDROGLOW.jpg\",\"contentUrl\":\"https:\\\/\\\/lederme.com.mx\\\/registro\\\/wp-content\\\/uploads\\\/2025\\\/04\\\/CHYDROGLOW.jpg\",\"width\":520,\"height\":520},{\"@type\":\"BreadcrumbList\",\"@id\":\"https:\\\/\\\/lederme.com.mx\\\/registro\\\/producto\\\/hydraglow-facial\\\/#breadcrumb\",\"itemListElement\":[{\"@type\":\"ListItem\",\"position\":1,\"name\":\"Portada\",\"item\":\"https:\\\/\\\/lederme.com.mx\\\/registro\\\/\"},{\"@type\":\"ListItem\",\"position\":2,\"name\":\"Tienda\",\"item\":\"https:\\\/\\\/lederme.com.mx\\\/registro\\\/tienda\\\/\"},{\"@type\":\"ListItem\",\"position\":3,\"name\":\"HYDROGLOW FACIAL\"}]},{\"@type\":\"WebSite\",\"@id\":\"https:\\\/\\\/lederme.com.mx\\\/registro\\\/#website\",\"url\":\"https:\\\/\\\/lederme.com.mx\\\/registro\\\/\",\"name\":\"LeDerme\",\"description\":\"Agenda tu cita en l\u00ednea\",\"potentialAction\":[{\"@type\":\"SearchAction\",\"target\":{\"@type\":\"EntryPoint\",\"urlTemplate\":\"https:\\\/\\\/lederme.com.mx\\\/registro\\\/?s={search_term_string}\"},\"query-input\":{\"@type\":\"PropertyValueSpecification\",\"valueRequired\":true,\"valueName\":\"search_term_string\"}}],\"inLanguage\":\"es\"}]}<\/script>\n<meta property=\"product:price:amount\" content=\"1200.00\" \/>\n<meta property=\"product:price:currency\" content=\"MXN\" \/>\n<meta property=\"og:availability\" content=\"instock\" \/>\n<meta property=\"product:availability\" content=\"instock\" \/>\n<meta property=\"product:condition\" content=\"new\" \/>\n<!-- \/ Yoast SEO Premium plugin. -->","yoast_head_json":{"title":"HYDROGLOW FACIAL - LeDerme","robots":{"index":"index","follow":"follow","max-snippet":"max-snippet:-1","max-image-preview":"max-image-preview:large","max-video-preview":"max-video-preview:-1"},"canonical":"https:\/\/lederme.com.mx\/registro\/producto\/hydraglow-facial\/","og_locale":"es_ES","og_type":"article","og_title":"HYDROGLOW FACIAL","og_description":"HYDROGLOW\u2122\u00a0 es nuestro\u00a0 facial\u00a0 hidratante e iluminador, cargado de poderosos p\u00e9ptidos, vitaminas y\u00a0 antioxidantes dise\u00f1ado por HYDROPEPTIDE\u00a0 para dejar su piel equilibrada , radiante y fresca.   Mejora Tono y textura\u00a0  Luminosidad y brillo  Renueva  Hidrata y protege","og_url":"https:\/\/lederme.com.mx\/registro\/producto\/hydraglow-facial\/","og_site_name":"LeDerme","article_modified_time":"2026-03-16T01:40:08+00:00","og_image":[{"width":520,"height":520,"url":"https:\/\/lederme.com.mx\/registro\/wp-content\/uploads\/2025\/04\/CHYDROGLOW.jpg","type":"image\/jpeg"}],"twitter_card":"summary_large_image","twitter_misc":{"Precio":"&#36;1,200.00 impuestos incluidos","Disponibilidad":"Disponible"},"schema":{"@context":"https:\/\/schema.org","@graph":[{"@type":"WebPage","@id":"https:\/\/lederme.com.mx\/registro\/producto\/hydraglow-facial\/","url":"https:\/\/lederme.com.mx\/registro\/producto\/hydraglow-facial\/","name":"HYDROGLOW FACIAL - LeDerme","isPartOf":{"@id":"https:\/\/lederme.com.mx\/registro\/#website"},"primaryImageOfPage":{"@id":"https:\/\/lederme.com.mx\/registro\/producto\/hydraglow-facial\/#primaryimage"},"image":{"@id":"https:\/\/lederme.com.mx\/registro\/producto\/hydraglow-facial\/#primaryimage"},"thumbnailUrl":"https:\/\/lederme.com.mx\/registro\/wp-content\/uploads\/2025\/04\/CHYDROGLOW.jpg","datePublished":"2025-04-30T01:03:45+00:00","dateModified":"2026-03-16T01:40:08+00:00","breadcrumb":{"@id":"https:\/\/lederme.com.mx\/registro\/producto\/hydraglow-facial\/#breadcrumb"},"inLanguage":"es","potentialAction":[{"@type":"ReadAction","target":["https:\/\/lederme.com.mx\/registro\/producto\/hydraglow-facial\/"]}]},{"@type":"ImageObject","inLanguage":"es","@id":"https:\/\/lederme.com.mx\/registro\/producto\/hydraglow-facial\/#primaryimage","url":"https:\/\/lederme.com.mx\/registro\/wp-content\/uploads\/2025\/04\/CHYDROGLOW.jpg","contentUrl":"https:\/\/lederme.com.mx\/registro\/wp-content\/uploads\/2025\/04\/CHYDROGLOW.jpg","width":520,"height":520},{"@type":"BreadcrumbList","@id":"https:\/\/lederme.com.mx\/registro\/producto\/hydraglow-facial\/#breadcrumb","itemListElement":[{"@type":"ListItem","position":1,"name":"Portada","item":"https:\/\/lederme.com.mx\/registro\/"},{"@type":"ListItem","position":2,"name":"Tienda","item":"https:\/\/lederme.com.mx\/registro\/tienda\/"},{"@type":"ListItem","position":3,"name":"HYDROGLOW FACIAL"}]},{"@type":"WebSite","@id":"https:\/\/lederme.com.mx\/registro\/#website","url":"https:\/\/lederme.com.mx\/registro\/","name":"LeDerme","description":"Agenda tu cita en l\u00ednea","potentialAction":[{"@type":"SearchAction","target":{"@type":"EntryPoint","urlTemplate":"https:\/\/lederme.com.mx\/registro\/?s={search_term_string}"},"query-input":{"@type":"PropertyValueSpecification","valueRequired":true,"valueName":"search_term_string"}}],"inLanguage":"es"}]},"product_price_amount":"1200.00","product_price_currency":"MXN","og_availability":"instock","product_availability":"instock","product_condition":"new"},"_links":{"self":[{"href":"https:\/\/lederme.com.mx\/registro\/wp-json\/wp\/v2\/product\/2231","targetHints":{"allow":["GET"]}}],"collection":[{"href":"https:\/\/lederme.com.mx\/registro\/wp-json\/wp\/v2\/product"}],"about":[{"href":"https:\/\/lederme.com.mx\/registro\/wp-json\/wp\/v2\/types\/product"}],"wp:featuredmedia":[{"embeddable":true,"href":"https:\/\/lederme.com.mx\/registro\/wp-json\/wp\/v2\/media\/2471"}],"wp:attachment":[{"href":"https:\/\/lederme.com.mx\/registro\/wp-json\/wp\/v2\/media?parent=2231"}],"wp:term":[{"taxonomy":"product_brand","embeddable":true,"href":"https:\/\/lederme.com.mx\/registro\/wp-json\/wp\/v2\/product_brand?post=2231"},{"taxonomy":"product_cat","embeddable":true,"href":"https:\/\/lederme.com.mx\/registro\/wp-json\/wp\/v2\/product_cat?post=2231"},{"taxonomy":"product_tag","embeddable":true,"href":"https:\/\/lederme.com.mx\/registro\/wp-json\/wp\/v2\/product_tag?post=2231"}],"curies":[{"name":"wp","href":"https:\/\/api.w.org\/{rel}","templated":true}]}}