{"id":2226,"date":"2025-04-29T19:01:23","date_gmt":"2025-04-30T01:01:23","guid":{"rendered":"https:\/\/lederme.com.mx\/registro\/?post_type=product&#038;p=2226"},"modified":"2026-03-15T18:16:48","modified_gmt":"2026-03-16T00:16:48","slug":"renew-recover-facial","status":"publish","type":"product","link":"https:\/\/lederme.com.mx\/registro\/producto\/renew-recover-facial\/","title":{"rendered":"RENEW &#038; RECOVER FACIAL: ROSTRO"},"content":{"rendered":"<p><b>EPICUTIS RENEW &amp; RECOVER \u2122<\/b><span style=\"font-weight: 400;\">\u00a0 es nuestra incre\u00edblemente relajante y calmante\u00a0 experiencia facial\u00a0 , cl\u00ednicamente activa dise\u00f1ada por <\/span><b>EPICUTIS<\/b><span style=\"font-weight: 400;\"> . Enfocado en la reparaci\u00f3n del manto lip\u00eddico ,\u00a0 y la barrera cut\u00e1nea ,\u00a0 este tratamiento est\u00e1 cargado de\u00a0 vitamina C, hidroxi\u00e1cidos y enzimas mezclados en una base de aloe vera para acelerar la renovaci\u00f3n celular, utiliza ingredientes bot\u00e1nicos antiinflamatorios para reducir el enrojecimiento as\u00ed como combatir la degradaci\u00f3n del col\u00e1geno a nivel celular. Epicutis es la primera l\u00ednea de cuidado de la piel profesional con certificaci\u00f3n EWG.<\/span><\/p>\n<ul>\n<li style=\"font-weight: 400;\" aria-level=\"1\"><span style=\"font-weight: 400;\">Repara y Restaura<\/span><\/li>\n<li style=\"font-weight: 400;\" aria-level=\"1\"><span style=\"font-weight: 400;\">Calma y desinflama<\/span><\/li>\n<li style=\"font-weight: 400;\" aria-level=\"1\"><span style=\"font-weight: 400;\">Hidrata y humecta<\/span><\/li>\n<li style=\"font-weight: 400;\" aria-level=\"1\"><span style=\"font-weight: 400;\">Ilumina y suaviza<\/span><\/li>\n<li style=\"font-weight: 400;\" aria-level=\"1\"><span style=\"font-weight: 400;\">Glow inmediato<\/span><\/li>\n<\/ul>\n","protected":false},"excerpt":{"rendered":"<p><b>EPICUTIS RENEW &amp; RECOVER \u2122<\/b><span style=\"font-weight: 400;\">\u00a0 es nuestra incre\u00edblemente relajante y calmante\u00a0 experiencia facial\u00a0 , cl\u00ednicamente activa dise\u00f1ada por <\/span><b>EPICUTIS<\/b><span style=\"font-weight: 400;\"> . Enfocado en la reparaci\u00f3n del manto lip\u00eddico ,\u00a0 y la barrera cut\u00e1nea.<\/span><\/p>\n<ul>\n<li style=\"font-weight: 400;\" aria-level=\"1\"><span style=\"font-weight: 400;\">Repara y Restaura<\/span><\/li>\n<li style=\"font-weight: 400;\" aria-level=\"1\"><span style=\"font-weight: 400;\">Calma y desinflama<\/span><\/li>\n<li style=\"font-weight: 400;\" aria-level=\"1\"><span style=\"font-weight: 400;\">Hidrata y humecta<\/span><\/li>\n<li style=\"font-weight: 400;\" aria-level=\"1\"><span style=\"font-weight: 400;\">Ilumina y suaviza<\/span><\/li>\n<li style=\"font-weight: 400;\" aria-level=\"1\"><span style=\"font-weight: 400;\">Glow inmediato<\/span><\/li>\n<\/ul>\n","protected":false},"featured_media":2464,"template":"","meta":[],"product_brand":[],"product_cat":[20],"product_tag":[],"class_list":{"0":"post-2226","1":"product","2":"type-product","3":"status-publish","4":"has-post-thumbnail","6":"product_cat-faciales-clinicos","8":"first","9":"instock","10":"sale","11":"taxable","12":"shipping-taxable","13":"purchasable","14":"product-type-simple"},"yoast_head":"<!-- This site is optimized with the Yoast SEO Premium plugin v26.9 (Yoast SEO v27.3) - https:\/\/yoast.com\/product\/yoast-seo-premium-wordpress\/ -->\n<title>RENEW &amp; RECOVER FACIAL: ROSTRO - LeDerme<\/title>\n<meta name=\"robots\" content=\"index, follow, max-snippet:-1, max-image-preview:large, max-video-preview:-1\" \/>\n<link rel=\"canonical\" href=\"https:\/\/lederme.com.mx\/registro\/producto\/renew-recover-facial\/\" \/>\n<meta property=\"og:locale\" content=\"es_ES\" \/>\n<meta property=\"og:type\" content=\"article\" \/>\n<meta property=\"og:title\" content=\"RENEW &amp; RECOVER FACIAL: ROSTRO\" \/>\n<meta property=\"og:description\" content=\"EPICUTIS RENEW &amp; RECOVER \u2122\u00a0 es nuestra incre\u00edblemente relajante y calmante\u00a0 experiencia facial\u00a0 , cl\u00ednicamente activa dise\u00f1ada por EPICUTIS . Enfocado en la reparaci\u00f3n del manto lip\u00eddico ,\u00a0 y la barrera cut\u00e1nea.   Repara y Restaura  Calma y desinflama  Hidrata y humecta  Ilumina y suaviza  Glow inmediato\" \/>\n<meta property=\"og:url\" content=\"https:\/\/lederme.com.mx\/registro\/producto\/renew-recover-facial\/\" \/>\n<meta property=\"og:site_name\" content=\"LeDerme\" \/>\n<meta property=\"article:modified_time\" content=\"2026-03-16T00:16:48+00:00\" \/>\n<meta property=\"og:image\" content=\"https:\/\/lederme.com.mx\/registro\/wp-content\/uploads\/2025\/04\/CRENEWREFRESH.jpg\" \/>\n\t<meta property=\"og:image:width\" content=\"520\" \/>\n\t<meta property=\"og:image:height\" content=\"520\" \/>\n\t<meta property=\"og:image:type\" content=\"image\/jpeg\" \/>\n<meta name=\"twitter:card\" content=\"summary_large_image\" \/>\n<meta name=\"twitter:label1\" content=\"Precio\" \/>\n\t<meta name=\"twitter:data1\" content=\"&#036;1,500.00 impuestos incluidos\" \/>\n\t<meta name=\"twitter:label2\" content=\"Disponibilidad\" \/>\n\t<meta name=\"twitter:data2\" content=\"Disponible\" \/>\n<script type=\"application\/ld+json\" class=\"yoast-schema-graph\">{\"@context\":\"https:\\\/\\\/schema.org\",\"@graph\":[{\"@type\":\"WebPage\",\"@id\":\"https:\\\/\\\/lederme.com.mx\\\/registro\\\/producto\\\/renew-recover-facial\\\/\",\"url\":\"https:\\\/\\\/lederme.com.mx\\\/registro\\\/producto\\\/renew-recover-facial\\\/\",\"name\":\"RENEW & RECOVER FACIAL: ROSTRO - LeDerme\",\"isPartOf\":{\"@id\":\"https:\\\/\\\/lederme.com.mx\\\/registro\\\/#website\"},\"primaryImageOfPage\":{\"@id\":\"https:\\\/\\\/lederme.com.mx\\\/registro\\\/producto\\\/renew-recover-facial\\\/#primaryimage\"},\"image\":{\"@id\":\"https:\\\/\\\/lederme.com.mx\\\/registro\\\/producto\\\/renew-recover-facial\\\/#primaryimage\"},\"thumbnailUrl\":\"https:\\\/\\\/lederme.com.mx\\\/registro\\\/wp-content\\\/uploads\\\/2025\\\/04\\\/CRENEWREFRESH.jpg\",\"datePublished\":\"2025-04-30T01:01:23+00:00\",\"dateModified\":\"2026-03-16T00:16:48+00:00\",\"breadcrumb\":{\"@id\":\"https:\\\/\\\/lederme.com.mx\\\/registro\\\/producto\\\/renew-recover-facial\\\/#breadcrumb\"},\"inLanguage\":\"es\",\"potentialAction\":[{\"@type\":\"ReadAction\",\"target\":[\"https:\\\/\\\/lederme.com.mx\\\/registro\\\/producto\\\/renew-recover-facial\\\/\"]}]},{\"@type\":\"ImageObject\",\"inLanguage\":\"es\",\"@id\":\"https:\\\/\\\/lederme.com.mx\\\/registro\\\/producto\\\/renew-recover-facial\\\/#primaryimage\",\"url\":\"https:\\\/\\\/lederme.com.mx\\\/registro\\\/wp-content\\\/uploads\\\/2025\\\/04\\\/CRENEWREFRESH.jpg\",\"contentUrl\":\"https:\\\/\\\/lederme.com.mx\\\/registro\\\/wp-content\\\/uploads\\\/2025\\\/04\\\/CRENEWREFRESH.jpg\",\"width\":520,\"height\":520},{\"@type\":\"BreadcrumbList\",\"@id\":\"https:\\\/\\\/lederme.com.mx\\\/registro\\\/producto\\\/renew-recover-facial\\\/#breadcrumb\",\"itemListElement\":[{\"@type\":\"ListItem\",\"position\":1,\"name\":\"Portada\",\"item\":\"https:\\\/\\\/lederme.com.mx\\\/registro\\\/\"},{\"@type\":\"ListItem\",\"position\":2,\"name\":\"Tienda\",\"item\":\"https:\\\/\\\/lederme.com.mx\\\/registro\\\/tienda\\\/\"},{\"@type\":\"ListItem\",\"position\":3,\"name\":\"RENEW &#038; RECOVER FACIAL: ROSTRO\"}]},{\"@type\":\"WebSite\",\"@id\":\"https:\\\/\\\/lederme.com.mx\\\/registro\\\/#website\",\"url\":\"https:\\\/\\\/lederme.com.mx\\\/registro\\\/\",\"name\":\"LeDerme\",\"description\":\"Agenda tu cita en l\u00ednea\",\"potentialAction\":[{\"@type\":\"SearchAction\",\"target\":{\"@type\":\"EntryPoint\",\"urlTemplate\":\"https:\\\/\\\/lederme.com.mx\\\/registro\\\/?s={search_term_string}\"},\"query-input\":{\"@type\":\"PropertyValueSpecification\",\"valueRequired\":true,\"valueName\":\"search_term_string\"}}],\"inLanguage\":\"es\"}]}<\/script>\n<meta property=\"product:price:amount\" content=\"1500.00\" \/>\n<meta property=\"product:price:currency\" content=\"MXN\" \/>\n<meta property=\"og:availability\" content=\"instock\" \/>\n<meta property=\"product:availability\" content=\"instock\" \/>\n<meta property=\"product:condition\" content=\"new\" \/>\n<!-- \/ Yoast SEO Premium plugin. -->","yoast_head_json":{"title":"RENEW & RECOVER FACIAL: ROSTRO - LeDerme","robots":{"index":"index","follow":"follow","max-snippet":"max-snippet:-1","max-image-preview":"max-image-preview:large","max-video-preview":"max-video-preview:-1"},"canonical":"https:\/\/lederme.com.mx\/registro\/producto\/renew-recover-facial\/","og_locale":"es_ES","og_type":"article","og_title":"RENEW & RECOVER FACIAL: ROSTRO","og_description":"EPICUTIS RENEW &amp; RECOVER \u2122\u00a0 es nuestra incre\u00edblemente relajante y calmante\u00a0 experiencia facial\u00a0 , cl\u00ednicamente activa dise\u00f1ada por EPICUTIS . Enfocado en la reparaci\u00f3n del manto lip\u00eddico ,\u00a0 y la barrera cut\u00e1nea.   Repara y Restaura  Calma y desinflama  Hidrata y humecta  Ilumina y suaviza  Glow inmediato","og_url":"https:\/\/lederme.com.mx\/registro\/producto\/renew-recover-facial\/","og_site_name":"LeDerme","article_modified_time":"2026-03-16T00:16:48+00:00","og_image":[{"width":520,"height":520,"url":"https:\/\/lederme.com.mx\/registro\/wp-content\/uploads\/2025\/04\/CRENEWREFRESH.jpg","type":"image\/jpeg"}],"twitter_card":"summary_large_image","twitter_misc":{"Precio":"&#36;1,500.00 impuestos incluidos","Disponibilidad":"Disponible"},"schema":{"@context":"https:\/\/schema.org","@graph":[{"@type":"WebPage","@id":"https:\/\/lederme.com.mx\/registro\/producto\/renew-recover-facial\/","url":"https:\/\/lederme.com.mx\/registro\/producto\/renew-recover-facial\/","name":"RENEW & RECOVER FACIAL: ROSTRO - LeDerme","isPartOf":{"@id":"https:\/\/lederme.com.mx\/registro\/#website"},"primaryImageOfPage":{"@id":"https:\/\/lederme.com.mx\/registro\/producto\/renew-recover-facial\/#primaryimage"},"image":{"@id":"https:\/\/lederme.com.mx\/registro\/producto\/renew-recover-facial\/#primaryimage"},"thumbnailUrl":"https:\/\/lederme.com.mx\/registro\/wp-content\/uploads\/2025\/04\/CRENEWREFRESH.jpg","datePublished":"2025-04-30T01:01:23+00:00","dateModified":"2026-03-16T00:16:48+00:00","breadcrumb":{"@id":"https:\/\/lederme.com.mx\/registro\/producto\/renew-recover-facial\/#breadcrumb"},"inLanguage":"es","potentialAction":[{"@type":"ReadAction","target":["https:\/\/lederme.com.mx\/registro\/producto\/renew-recover-facial\/"]}]},{"@type":"ImageObject","inLanguage":"es","@id":"https:\/\/lederme.com.mx\/registro\/producto\/renew-recover-facial\/#primaryimage","url":"https:\/\/lederme.com.mx\/registro\/wp-content\/uploads\/2025\/04\/CRENEWREFRESH.jpg","contentUrl":"https:\/\/lederme.com.mx\/registro\/wp-content\/uploads\/2025\/04\/CRENEWREFRESH.jpg","width":520,"height":520},{"@type":"BreadcrumbList","@id":"https:\/\/lederme.com.mx\/registro\/producto\/renew-recover-facial\/#breadcrumb","itemListElement":[{"@type":"ListItem","position":1,"name":"Portada","item":"https:\/\/lederme.com.mx\/registro\/"},{"@type":"ListItem","position":2,"name":"Tienda","item":"https:\/\/lederme.com.mx\/registro\/tienda\/"},{"@type":"ListItem","position":3,"name":"RENEW &#038; RECOVER FACIAL: ROSTRO"}]},{"@type":"WebSite","@id":"https:\/\/lederme.com.mx\/registro\/#website","url":"https:\/\/lederme.com.mx\/registro\/","name":"LeDerme","description":"Agenda tu cita en l\u00ednea","potentialAction":[{"@type":"SearchAction","target":{"@type":"EntryPoint","urlTemplate":"https:\/\/lederme.com.mx\/registro\/?s={search_term_string}"},"query-input":{"@type":"PropertyValueSpecification","valueRequired":true,"valueName":"search_term_string"}}],"inLanguage":"es"}]},"product_price_amount":"1500.00","product_price_currency":"MXN","og_availability":"instock","product_availability":"instock","product_condition":"new"},"_links":{"self":[{"href":"https:\/\/lederme.com.mx\/registro\/wp-json\/wp\/v2\/product\/2226","targetHints":{"allow":["GET"]}}],"collection":[{"href":"https:\/\/lederme.com.mx\/registro\/wp-json\/wp\/v2\/product"}],"about":[{"href":"https:\/\/lederme.com.mx\/registro\/wp-json\/wp\/v2\/types\/product"}],"wp:featuredmedia":[{"embeddable":true,"href":"https:\/\/lederme.com.mx\/registro\/wp-json\/wp\/v2\/media\/2464"}],"wp:attachment":[{"href":"https:\/\/lederme.com.mx\/registro\/wp-json\/wp\/v2\/media?parent=2226"}],"wp:term":[{"taxonomy":"product_brand","embeddable":true,"href":"https:\/\/lederme.com.mx\/registro\/wp-json\/wp\/v2\/product_brand?post=2226"},{"taxonomy":"product_cat","embeddable":true,"href":"https:\/\/lederme.com.mx\/registro\/wp-json\/wp\/v2\/product_cat?post=2226"},{"taxonomy":"product_tag","embeddable":true,"href":"https:\/\/lederme.com.mx\/registro\/wp-json\/wp\/v2\/product_tag?post=2226"}],"curies":[{"name":"wp","href":"https:\/\/api.w.org\/{rel}","templated":true}]}}