{"id":2078,"date":"2025-04-11T13:07:44","date_gmt":"2025-04-11T19:07:44","guid":{"rendered":"https:\/\/lederme.com.mx\/registro\/?post_type=product&#038;p=2078"},"modified":"2025-04-11T13:29:29","modified_gmt":"2025-04-11T19:29:29","slug":"is-clinical-cleanse-laser","status":"publish","type":"product","link":"https:\/\/lederme.com.mx\/registro\/producto\/is-clinical-cleanse-laser\/","title":{"rendered":"IS CLINICAL CLEANSE &#038; LASER"},"content":{"rendered":"","protected":false},"excerpt":{"rendered":"<p data-start=\"138\" data-end=\"239\"><strong>INCLUYE LIMPIEZA FACIAL Y HOLLYWOOD PEEL<\/strong><\/p>\n<p class=\"\" data-start=\"138\" data-end=\"239\"><strong data-start=\"138\" data-end=\"239\">\u00a1Olv\u00eddate de no poder realizar tu tratamiento l\u00e1ser porque tu piel simplemente no est\u00e1 preparada!<\/strong><\/p>\n<p class=\"\" data-start=\"241\" data-end=\"474\">\u00a1No te preocupes! Nosotros nos encargamos. Con <strong data-start=\"288\" data-end=\"305\">CLEAN &amp; LASER<\/strong> preparamos tu piel, limpi\u00e1ndola adecuadamente, humect\u00e1ndola e hidrat\u00e1ndola, dej\u00e1ndola lista para recibir los beneficios de nuestro tratamiento l\u00e1ser <strong data-start=\"455\" data-end=\"473\">Hollywood Peel<\/strong>.<\/p>\n<p class=\"\" data-start=\"476\" data-end=\"633\">Este tratamiento est\u00e1 enfocado en reducir tus poros, controlar la producci\u00f3n de grasa, disminuir los tonos desiguales de tu piel y devolverle su luminosidad.<\/p>\n<p data-start=\"476\" data-end=\"633\"><strong><em>\u2713\u00a0 <\/em>Limpieza<br \/>\n<\/strong><strong><em>\u2713 <\/em>Apariencia opaca, desvitalizada o cansada.<br \/>\n<\/strong><strong><em>\u2713 <\/em>Piel mixta o grasa<br \/>\n<\/strong><strong><em>\u2713 <\/em>Control de grasa<\/strong><\/p>\n","protected":false},"featured_media":2080,"template":"","meta":[],"product_brand":[],"product_cat":[30],"product_tag":[],"class_list":{"0":"post-2078","1":"product","2":"type-product","3":"status-publish","4":"has-post-thumbnail","6":"product_cat-promo","8":"first","9":"instock","10":"sale","11":"taxable","12":"shipping-taxable","13":"purchasable","14":"product-type-simple"},"yoast_head":"<!-- This site is optimized with the Yoast SEO Premium plugin v26.9 (Yoast SEO v27.3) - https:\/\/yoast.com\/product\/yoast-seo-premium-wordpress\/ -->\n<title>IS CLINICAL CLEANSE &amp; LASER - LeDerme<\/title>\n<meta name=\"robots\" content=\"index, follow, max-snippet:-1, max-image-preview:large, max-video-preview:-1\" \/>\n<link rel=\"canonical\" href=\"https:\/\/lederme.com.mx\/registro\/producto\/is-clinical-cleanse-laser\/\" \/>\n<meta property=\"og:locale\" content=\"es_ES\" \/>\n<meta property=\"og:type\" content=\"article\" \/>\n<meta property=\"og:title\" content=\"IS CLINICAL CLEANSE &amp; LASER\" \/>\n<meta property=\"og:description\" content=\"INCLUYE LIMPIEZA FACIAL Y HOLLYWOOD PEEL \u00a1Olv\u00eddate de no poder realizar tu tratamiento l\u00e1ser porque tu piel simplemente no est\u00e1 preparada! \u00a1No te preocupes! Nosotros nos encargamos. Con CLEAN &amp; LASER preparamos tu piel, limpi\u00e1ndola adecuadamente, humect\u00e1ndola e hidrat\u00e1ndola, dej\u00e1ndola lista para recibir los beneficios de nuestro tratamiento l\u00e1ser Hollywood Peel. Este tratamiento est\u00e1 enfocado en reducir tus poros, controlar la producci\u00f3n de grasa, disminuir los tonos desiguales de tu piel y devolverle su luminosidad. \u2713\u00a0 Limpieza \u2713 Apariencia opaca, desvitalizada o cansada. \u2713 Piel mixta o grasa \u2713 Control de grasa\" \/>\n<meta property=\"og:url\" content=\"https:\/\/lederme.com.mx\/registro\/producto\/is-clinical-cleanse-laser\/\" \/>\n<meta property=\"og:site_name\" content=\"LeDerme\" \/>\n<meta property=\"article:modified_time\" content=\"2025-04-11T19:29:29+00:00\" \/>\n<meta property=\"og:image\" content=\"https:\/\/lederme.com.mx\/registro\/wp-content\/uploads\/2025\/04\/ISCLINICALLASER.jpg\" \/>\n\t<meta property=\"og:image:width\" content=\"798\" \/>\n\t<meta property=\"og:image:height\" content=\"765\" \/>\n\t<meta property=\"og:image:type\" content=\"image\/jpeg\" \/>\n<meta name=\"twitter:card\" content=\"summary_large_image\" \/>\n<meta name=\"twitter:label1\" content=\"Precio\" \/>\n\t<meta name=\"twitter:data1\" content=\"&#036;2,475.00 impuestos incluidos\" \/>\n\t<meta name=\"twitter:label2\" content=\"Disponibilidad\" \/>\n\t<meta name=\"twitter:data2\" content=\"Disponible\" \/>\n<script type=\"application\/ld+json\" class=\"yoast-schema-graph\">{\"@context\":\"https:\\\/\\\/schema.org\",\"@graph\":[{\"@type\":\"WebPage\",\"@id\":\"https:\\\/\\\/lederme.com.mx\\\/registro\\\/producto\\\/is-clinical-cleanse-laser\\\/\",\"url\":\"https:\\\/\\\/lederme.com.mx\\\/registro\\\/producto\\\/is-clinical-cleanse-laser\\\/\",\"name\":\"IS CLINICAL CLEANSE & LASER - LeDerme\",\"isPartOf\":{\"@id\":\"https:\\\/\\\/lederme.com.mx\\\/registro\\\/#website\"},\"primaryImageOfPage\":{\"@id\":\"https:\\\/\\\/lederme.com.mx\\\/registro\\\/producto\\\/is-clinical-cleanse-laser\\\/#primaryimage\"},\"image\":{\"@id\":\"https:\\\/\\\/lederme.com.mx\\\/registro\\\/producto\\\/is-clinical-cleanse-laser\\\/#primaryimage\"},\"thumbnailUrl\":\"https:\\\/\\\/lederme.com.mx\\\/registro\\\/wp-content\\\/uploads\\\/2025\\\/04\\\/ISCLINICALLASER.jpg\",\"datePublished\":\"2025-04-11T19:07:44+00:00\",\"dateModified\":\"2025-04-11T19:29:29+00:00\",\"breadcrumb\":{\"@id\":\"https:\\\/\\\/lederme.com.mx\\\/registro\\\/producto\\\/is-clinical-cleanse-laser\\\/#breadcrumb\"},\"inLanguage\":\"es\",\"potentialAction\":[{\"@type\":\"ReadAction\",\"target\":[\"https:\\\/\\\/lederme.com.mx\\\/registro\\\/producto\\\/is-clinical-cleanse-laser\\\/\"]}]},{\"@type\":\"ImageObject\",\"inLanguage\":\"es\",\"@id\":\"https:\\\/\\\/lederme.com.mx\\\/registro\\\/producto\\\/is-clinical-cleanse-laser\\\/#primaryimage\",\"url\":\"https:\\\/\\\/lederme.com.mx\\\/registro\\\/wp-content\\\/uploads\\\/2025\\\/04\\\/ISCLINICALLASER.jpg\",\"contentUrl\":\"https:\\\/\\\/lederme.com.mx\\\/registro\\\/wp-content\\\/uploads\\\/2025\\\/04\\\/ISCLINICALLASER.jpg\",\"width\":798,\"height\":765},{\"@type\":\"BreadcrumbList\",\"@id\":\"https:\\\/\\\/lederme.com.mx\\\/registro\\\/producto\\\/is-clinical-cleanse-laser\\\/#breadcrumb\",\"itemListElement\":[{\"@type\":\"ListItem\",\"position\":1,\"name\":\"Portada\",\"item\":\"https:\\\/\\\/lederme.com.mx\\\/registro\\\/\"},{\"@type\":\"ListItem\",\"position\":2,\"name\":\"Tienda\",\"item\":\"https:\\\/\\\/lederme.com.mx\\\/registro\\\/tienda\\\/\"},{\"@type\":\"ListItem\",\"position\":3,\"name\":\"IS CLINICAL CLEANSE &#038; LASER\"}]},{\"@type\":\"WebSite\",\"@id\":\"https:\\\/\\\/lederme.com.mx\\\/registro\\\/#website\",\"url\":\"https:\\\/\\\/lederme.com.mx\\\/registro\\\/\",\"name\":\"LeDerme\",\"description\":\"Agenda tu cita en l\u00ednea\",\"potentialAction\":[{\"@type\":\"SearchAction\",\"target\":{\"@type\":\"EntryPoint\",\"urlTemplate\":\"https:\\\/\\\/lederme.com.mx\\\/registro\\\/?s={search_term_string}\"},\"query-input\":{\"@type\":\"PropertyValueSpecification\",\"valueRequired\":true,\"valueName\":\"search_term_string\"}}],\"inLanguage\":\"es\"}]}<\/script>\n<meta property=\"product:price:amount\" content=\"2475.00\" \/>\n<meta property=\"product:price:currency\" content=\"MXN\" \/>\n<meta property=\"og:availability\" content=\"instock\" \/>\n<meta property=\"product:availability\" content=\"instock\" \/>\n<meta property=\"product:condition\" content=\"new\" \/>\n<!-- \/ Yoast SEO Premium plugin. -->","yoast_head_json":{"title":"IS CLINICAL CLEANSE & LASER - LeDerme","robots":{"index":"index","follow":"follow","max-snippet":"max-snippet:-1","max-image-preview":"max-image-preview:large","max-video-preview":"max-video-preview:-1"},"canonical":"https:\/\/lederme.com.mx\/registro\/producto\/is-clinical-cleanse-laser\/","og_locale":"es_ES","og_type":"article","og_title":"IS CLINICAL CLEANSE & LASER","og_description":"INCLUYE LIMPIEZA FACIAL Y HOLLYWOOD PEEL \u00a1Olv\u00eddate de no poder realizar tu tratamiento l\u00e1ser porque tu piel simplemente no est\u00e1 preparada! \u00a1No te preocupes! Nosotros nos encargamos. Con CLEAN &amp; LASER preparamos tu piel, limpi\u00e1ndola adecuadamente, humect\u00e1ndola e hidrat\u00e1ndola, dej\u00e1ndola lista para recibir los beneficios de nuestro tratamiento l\u00e1ser Hollywood Peel. Este tratamiento est\u00e1 enfocado en reducir tus poros, controlar la producci\u00f3n de grasa, disminuir los tonos desiguales de tu piel y devolverle su luminosidad. \u2713\u00a0 Limpieza \u2713 Apariencia opaca, desvitalizada o cansada. \u2713 Piel mixta o grasa \u2713 Control de grasa","og_url":"https:\/\/lederme.com.mx\/registro\/producto\/is-clinical-cleanse-laser\/","og_site_name":"LeDerme","article_modified_time":"2025-04-11T19:29:29+00:00","og_image":[{"width":798,"height":765,"url":"https:\/\/lederme.com.mx\/registro\/wp-content\/uploads\/2025\/04\/ISCLINICALLASER.jpg","type":"image\/jpeg"}],"twitter_card":"summary_large_image","twitter_misc":{"Precio":"&#36;2,475.00 impuestos incluidos","Disponibilidad":"Disponible"},"schema":{"@context":"https:\/\/schema.org","@graph":[{"@type":"WebPage","@id":"https:\/\/lederme.com.mx\/registro\/producto\/is-clinical-cleanse-laser\/","url":"https:\/\/lederme.com.mx\/registro\/producto\/is-clinical-cleanse-laser\/","name":"IS CLINICAL CLEANSE & LASER - LeDerme","isPartOf":{"@id":"https:\/\/lederme.com.mx\/registro\/#website"},"primaryImageOfPage":{"@id":"https:\/\/lederme.com.mx\/registro\/producto\/is-clinical-cleanse-laser\/#primaryimage"},"image":{"@id":"https:\/\/lederme.com.mx\/registro\/producto\/is-clinical-cleanse-laser\/#primaryimage"},"thumbnailUrl":"https:\/\/lederme.com.mx\/registro\/wp-content\/uploads\/2025\/04\/ISCLINICALLASER.jpg","datePublished":"2025-04-11T19:07:44+00:00","dateModified":"2025-04-11T19:29:29+00:00","breadcrumb":{"@id":"https:\/\/lederme.com.mx\/registro\/producto\/is-clinical-cleanse-laser\/#breadcrumb"},"inLanguage":"es","potentialAction":[{"@type":"ReadAction","target":["https:\/\/lederme.com.mx\/registro\/producto\/is-clinical-cleanse-laser\/"]}]},{"@type":"ImageObject","inLanguage":"es","@id":"https:\/\/lederme.com.mx\/registro\/producto\/is-clinical-cleanse-laser\/#primaryimage","url":"https:\/\/lederme.com.mx\/registro\/wp-content\/uploads\/2025\/04\/ISCLINICALLASER.jpg","contentUrl":"https:\/\/lederme.com.mx\/registro\/wp-content\/uploads\/2025\/04\/ISCLINICALLASER.jpg","width":798,"height":765},{"@type":"BreadcrumbList","@id":"https:\/\/lederme.com.mx\/registro\/producto\/is-clinical-cleanse-laser\/#breadcrumb","itemListElement":[{"@type":"ListItem","position":1,"name":"Portada","item":"https:\/\/lederme.com.mx\/registro\/"},{"@type":"ListItem","position":2,"name":"Tienda","item":"https:\/\/lederme.com.mx\/registro\/tienda\/"},{"@type":"ListItem","position":3,"name":"IS CLINICAL CLEANSE &#038; LASER"}]},{"@type":"WebSite","@id":"https:\/\/lederme.com.mx\/registro\/#website","url":"https:\/\/lederme.com.mx\/registro\/","name":"LeDerme","description":"Agenda tu cita en l\u00ednea","potentialAction":[{"@type":"SearchAction","target":{"@type":"EntryPoint","urlTemplate":"https:\/\/lederme.com.mx\/registro\/?s={search_term_string}"},"query-input":{"@type":"PropertyValueSpecification","valueRequired":true,"valueName":"search_term_string"}}],"inLanguage":"es"}]},"product_price_amount":"2475.00","product_price_currency":"MXN","og_availability":"instock","product_availability":"instock","product_condition":"new"},"_links":{"self":[{"href":"https:\/\/lederme.com.mx\/registro\/wp-json\/wp\/v2\/product\/2078","targetHints":{"allow":["GET"]}}],"collection":[{"href":"https:\/\/lederme.com.mx\/registro\/wp-json\/wp\/v2\/product"}],"about":[{"href":"https:\/\/lederme.com.mx\/registro\/wp-json\/wp\/v2\/types\/product"}],"wp:featuredmedia":[{"embeddable":true,"href":"https:\/\/lederme.com.mx\/registro\/wp-json\/wp\/v2\/media\/2080"}],"wp:attachment":[{"href":"https:\/\/lederme.com.mx\/registro\/wp-json\/wp\/v2\/media?parent=2078"}],"wp:term":[{"taxonomy":"product_brand","embeddable":true,"href":"https:\/\/lederme.com.mx\/registro\/wp-json\/wp\/v2\/product_brand?post=2078"},{"taxonomy":"product_cat","embeddable":true,"href":"https:\/\/lederme.com.mx\/registro\/wp-json\/wp\/v2\/product_cat?post=2078"},{"taxonomy":"product_tag","embeddable":true,"href":"https:\/\/lederme.com.mx\/registro\/wp-json\/wp\/v2\/product_tag?post=2078"}],"curies":[{"name":"wp","href":"https:\/\/api.w.org\/{rel}","templated":true}]}}