{"id":2066,"date":"2025-04-11T12:43:00","date_gmt":"2025-04-11T18:43:00","guid":{"rendered":"https:\/\/lederme.com.mx\/registro\/?post_type=product&#038;p=2066"},"modified":"2025-06-17T08:22:31","modified_gmt":"2025-06-17T14:22:31","slug":"hydrafacial-md-masked","status":"publish","type":"product","link":"https:\/\/lederme.com.mx\/registro\/producto\/hydrafacial-md-masked\/","title":{"rendered":"HYDRAFACIAL MD MASKED"},"content":{"rendered":"<p><span style=\"font-weight: 400;\">\u00a1Con su versi\u00f3n Masked, hemos llevado nuestra experiencia Hydrafacial a\u00fan m\u00e1s all\u00e1!\u00a0 Ahora adem\u00e1s de limpiar, exfoliar y descongestionar tu piel, nos enfocaremos tambi\u00e9n en repararla, calmarla, desinflamar la, hidratarla y restaurarla, a\u00f1adiendo nuestra selecci\u00f3n de mascarillas cl\u00ednicas, cargadas de activos antioxidantes, antiinflamatorios, p\u00e9ptidos y nutrientes, ideales para sellar tu tratamiento y prolongar sus resultados \u00a1no m\u00e1s rostro apagado, cansado, deshidratado y sin luminosidad!<\/span><\/p>\n<p><span style=\"font-weight: 400;\">\u2713 Limpieza Profunda<\/span><\/p>\n<p><span style=\"font-weight: 400;\">\u2713 Calma y Desinflama<\/span><\/p>\n<p><span style=\"font-weight: 400;\">\u2713 Restaura y repara<\/span><\/p>\n<p><span style=\"font-weight: 400;\">\u2713 Descongestiona los poros<\/span><\/p>\n<p><span style=\"font-weight: 400;\">\u2713 Nutre y Protege<\/span><\/p>\n<p><span style=\"font-weight: 400;\">\u2713 Hidrata profundamente<\/span><\/p>\n<p><span style=\"font-weight: 400;\">\u2713 Piel fresca y Radiante\u00a0<\/span><\/p>\n<p><span style=\"font-weight: 400;\">\u2713 Ilumina<\/span><\/p>\n<p><span style=\"font-weight: 400;\">\u2713 Rejuvenece\u00a0<\/span><\/p>\n<p><b>Paso a paso<\/b><span style=\"font-weight: 400;\"> : En nuestra experiencia Hydrafacial Deluxe, nos enfocaremos en desintoxicar , eliminar y extraer las impurezas de los poros de tu piel, realizaremos una limpieza suave y profunda, sin causar irritaci\u00f3n o inflamaci\u00f3n, descongestionaremos y haremos un detox profundo de los poros de tu piel eliminando sus toxinas, impurezas y puntos negros utilizando extracciones autom\u00e1ticas por succi\u00f3n, aplicaremos e infundiremos\u00a0 glysal peel prep booster serum rico en \u00e1cido salic\u00edlico para renovar y desinflamar\u00a0 tu piel, complementaremos tu tratamiento , <\/span><b>escoge y agrega una mascarilla cl\u00ednica <\/b><span style=\"font-weight: 400;\">especifica a las necesidades de tu piel,\u00a0 cargada de activos antioxidantes, anti inflamatorios, p\u00e9ptidos y nutrientes ,\u00a0 ideales para sellar tu tratamiento y prolongar sus resultados ; Finalizaremos estimulando tu piel con terapia de luz led y aplicaci\u00f3n de protecci\u00f3n solar.<\/span><\/p>\n<h2>HYDROPEPTIDE BRIGHTEN &amp; GLOW JELLY MASK<\/h2>\n<p><strong>BENEFICIOS CLAVE:<\/strong><br \/>\nIncrementa y sella la hidrataci\u00f3n en la piel Efecto iluminador inmediato Refresca tu piel.<\/p>\n<p><strong>SKIN CONCERN<\/strong><\/p>\n<p>Apariencia opaca, desvitalizada o cansada. Piel deshidratada o acartonada.<\/p>\n<p><strong>INGREDIENTES CLAVE:<\/strong><\/p>\n<p>Alginato Aloe Barbadensis Persea Gratissima (aguacate ) Ac. tranexamico Niacinamida Colageno hidrolizado Peptidos: Hexapeptido-8 Pentapeptide-4 Tetrapeptide-7 Tripeptide-1<\/p>\n<h2><\/h2>\n<h2>HYDROPEPTIDE FIRMING VITAMIN C MASK<\/h2>\n<p><strong>BENEFICIOS CLAVE:<\/strong><\/p>\n<p>Luminosidad inmediata Boost Antioxidante Reduce la inflamaci\u00f3n<\/p>\n<p><strong>SKIN CONCERN<\/strong><\/p>\n<p>Apariencia opaca, desvitalizada o cansada Tonos desiguales Falta de firmeza<\/p>\n<p><strong>INGREDIENTES CLAVE:<\/strong><\/p>\n<p>Vitamina C (700,000 ppm) Gotu Kola (Centella Asiatica) H.Rhamnoides Arginina Ac.citrico Peptidos: Hexapeptido-8, Palmitoyl Pentapeptido 4, Gotu Kola Alantoina<\/p>\n<p>&nbsp;<\/p>\n<h2>HYDROPEPTIDE POLYPEPTIDE COLLAGEL MASK<\/h2>\n<p><strong>BENEFICIOS CLAVE:<\/strong><\/p>\n<p>Disminuye las lineas d eexpresi\u00f3n y arrugas Hidrataci\u00f3n inmediata Calma y refresca tu piel<\/p>\n<p><strong> SKIN CONCERN<\/strong><\/p>\n<p>Signos prematuros de la edad Piel deshidratada y acartonada Reduce la inflamaci\u00f3n<\/p>\n<p><strong>INGREDIENTES CLAVE:<\/strong><\/p>\n<p>Extraxcto de caviar Vitamina E Colageno Hidrolizado Factores de Crecimiento Niacinamida Peptidos: h-Oligopeptido-1 Oligopeptido-2 Polypeptido-1 Polypeptido-11 Polypeptido-9<\/p>\n<p>&nbsp;<\/p>\n<h2>EPICUTIS + LIPID RECOVERY MASK<\/h2>\n<p><strong>BENEFICIOS CLAVE: <\/strong><\/p>\n<p>Ideal para piel sensible o reactiva Calma y desinflama Repara y restaura Humecta e hidrata Suaviza<\/p>\n<p><strong>SKIN CONCERN <\/strong><\/p>\n<p>Piel sensible Piel reactiva o enrojecida Piel deshidratada y acartonada<\/p>\n<p>INGREDIENTES CLAVE:<\/p>\n<p>Ultra concetrado de Suero lipidico : TSC (Disodio tetrametilhexadecenil succinol cisteina) Ac.Hialuronico Gluconato de zinc Ac.Citrico<\/p>\n<p>&nbsp;<\/p>\n<h2>IS CLINICAL REJUVENATING MASK<\/h2>\n<p><strong>BENEFICIOS CLAVE:<\/strong><\/p>\n<p>Calma y desinflama Revitaliza y repara Boost Antioxidante Hidrata profundamente Refresca<\/p>\n<p><strong>SKIN CONCERN<\/strong><\/p>\n<p>Piel sensible Piel reactiva o enrojecida Piel deshidratada y acartonada<\/p>\n<p><strong>INGREDIENTES CLAVE: <\/strong><\/p>\n<p>Aloe Barbadensis Camellia Oleifera (Green Tea) Rosmarinus Officinalis Vitis Vinifera Mentha Piperita<\/p>\n","protected":false},"excerpt":{"rendered":"<p><span style=\"font-weight: 400;\">\u00a1Con su versi\u00f3n Masked, hemos llevado nuestra experiencia Hydrafacial a\u00fan m\u00e1s all\u00e1!\u00a0 Ahora adem\u00e1s de limpiar, exfoliar y descongestionar tu piel, nos enfocaremos tambi\u00e9n en repararla, calmarla, desinflamar la, hidratarla y restaurarla, a\u00f1adiendo nuestra selecci\u00f3n de mascarillas cl\u00ednicas, cargadas de activos antioxidantes, antiinflamatorios, p\u00e9ptidos y nutrientes, ideales para sellar tu tratamiento y prolongar sus resultados \u00a1no m\u00e1s rostro apagado, cansado, deshidratado y sin luminosidad!<\/span><\/p>\n<p><span style=\"font-weight: 400;\">\u2713 Limpieza Profunda<\/span><\/p>\n<p><span style=\"font-weight: 400;\">\u2713 Calma y Desinflama<\/span><\/p>\n<p><span style=\"font-weight: 400;\">\u2713 Restaura y repara<\/span><\/p>\n<p><span style=\"font-weight: 400;\">\u2713 Descongestiona los poros<\/span><\/p>\n<p><span style=\"font-weight: 400;\">\u2713 Nutre y Protege<\/span><\/p>\n<p><span style=\"font-weight: 400;\">\u2713 Hidrata profundamente<\/span><\/p>\n<p><span style=\"font-weight: 400;\">\u2713 Piel fresca y Radiante\u00a0<\/span><\/p>\n<p><span style=\"font-weight: 400;\">\u2713 Ilumina<\/span><\/p>\n<p><span style=\"font-weight: 400;\">\u2713 Rejuvenece\u00a0<\/span><\/p>\n","protected":false},"featured_media":2384,"template":"","meta":[],"product_brand":[],"product_cat":[17],"product_tag":[],"class_list":{"0":"post-2066","1":"product","2":"type-product","3":"status-publish","4":"has-post-thumbnail","6":"product_cat-hydrafacial","8":"first","9":"instock","10":"sale","11":"taxable","12":"shipping-taxable","13":"purchasable","14":"product-type-variable"},"yoast_head":"<!-- This site is optimized with the Yoast SEO Premium plugin v26.9 (Yoast SEO v27.3) - https:\/\/yoast.com\/product\/yoast-seo-premium-wordpress\/ -->\n<title>HYDRAFACIAL MD MASKED - LeDerme<\/title>\n<meta name=\"robots\" content=\"index, follow, max-snippet:-1, max-image-preview:large, max-video-preview:-1\" \/>\n<link rel=\"canonical\" href=\"https:\/\/lederme.com.mx\/registro\/producto\/hydrafacial-md-masked\/\" \/>\n<meta property=\"og:locale\" content=\"es_ES\" \/>\n<meta property=\"og:type\" content=\"article\" \/>\n<meta property=\"og:title\" content=\"HYDRAFACIAL MD MASKED\" \/>\n<meta property=\"og:description\" content=\"\u00a1Con su versi\u00f3n Masked, hemos llevado nuestra experiencia Hydrafacial a\u00fan m\u00e1s all\u00e1!\u00a0 Ahora adem\u00e1s de limpiar, exfoliar y descongestionar tu piel, nos enfocaremos tambi\u00e9n en repararla, calmarla, desinflamar la, hidratarla y restaurarla, a\u00f1adiendo nuestra selecci\u00f3n de mascarillas cl\u00ednicas, cargadas de activos antioxidantes, antiinflamatorios, p\u00e9ptidos y nutrientes, ideales para sellar tu tratamiento y prolongar sus resultados \u00a1no m\u00e1s rostro apagado, cansado, deshidratado y sin luminosidad!  \u2713 Limpieza Profunda  \u2713 Calma y Desinflama  \u2713 Restaura y repara  \u2713 Descongestiona los poros  \u2713 Nutre y Protege  \u2713 Hidrata profundamente  \u2713 Piel fresca y Radiante\u00a0  \u2713 Ilumina  \u2713 Rejuvenece\u00a0\" \/>\n<meta property=\"og:url\" content=\"https:\/\/lederme.com.mx\/registro\/producto\/hydrafacial-md-masked\/\" \/>\n<meta property=\"og:site_name\" content=\"LeDerme\" \/>\n<meta property=\"article:modified_time\" content=\"2025-06-17T14:22:31+00:00\" \/>\n<meta property=\"og:image\" content=\"https:\/\/lederme.com.mx\/registro\/wp-content\/uploads\/2025\/04\/CMASKED.jpg\" \/>\n\t<meta property=\"og:image:width\" content=\"520\" \/>\n\t<meta property=\"og:image:height\" content=\"520\" \/>\n\t<meta property=\"og:image:type\" content=\"image\/jpeg\" \/>\n<meta name=\"twitter:card\" content=\"summary_large_image\" \/>\n<meta name=\"twitter:label1\" content=\"Disponibilidad\" \/>\n\t<meta name=\"twitter:data1\" content=\"Disponible\" \/>\n<script type=\"application\/ld+json\" class=\"yoast-schema-graph\">{\"@context\":\"https:\\\/\\\/schema.org\",\"@graph\":[{\"@type\":\"WebPage\",\"@id\":\"https:\\\/\\\/lederme.com.mx\\\/registro\\\/producto\\\/hydrafacial-md-masked\\\/\",\"url\":\"https:\\\/\\\/lederme.com.mx\\\/registro\\\/producto\\\/hydrafacial-md-masked\\\/\",\"name\":\"HYDRAFACIAL MD MASKED - LeDerme\",\"isPartOf\":{\"@id\":\"https:\\\/\\\/lederme.com.mx\\\/registro\\\/#website\"},\"primaryImageOfPage\":{\"@id\":\"https:\\\/\\\/lederme.com.mx\\\/registro\\\/producto\\\/hydrafacial-md-masked\\\/#primaryimage\"},\"image\":{\"@id\":\"https:\\\/\\\/lederme.com.mx\\\/registro\\\/producto\\\/hydrafacial-md-masked\\\/#primaryimage\"},\"thumbnailUrl\":\"https:\\\/\\\/lederme.com.mx\\\/registro\\\/wp-content\\\/uploads\\\/2025\\\/04\\\/CMASKED.jpg\",\"datePublished\":\"2025-04-11T18:43:00+00:00\",\"dateModified\":\"2025-06-17T14:22:31+00:00\",\"breadcrumb\":{\"@id\":\"https:\\\/\\\/lederme.com.mx\\\/registro\\\/producto\\\/hydrafacial-md-masked\\\/#breadcrumb\"},\"inLanguage\":\"es\",\"potentialAction\":[{\"@type\":\"ReadAction\",\"target\":[\"https:\\\/\\\/lederme.com.mx\\\/registro\\\/producto\\\/hydrafacial-md-masked\\\/\"]}]},{\"@type\":\"ImageObject\",\"inLanguage\":\"es\",\"@id\":\"https:\\\/\\\/lederme.com.mx\\\/registro\\\/producto\\\/hydrafacial-md-masked\\\/#primaryimage\",\"url\":\"https:\\\/\\\/lederme.com.mx\\\/registro\\\/wp-content\\\/uploads\\\/2025\\\/04\\\/CMASKED.jpg\",\"contentUrl\":\"https:\\\/\\\/lederme.com.mx\\\/registro\\\/wp-content\\\/uploads\\\/2025\\\/04\\\/CMASKED.jpg\",\"width\":520,\"height\":520},{\"@type\":\"BreadcrumbList\",\"@id\":\"https:\\\/\\\/lederme.com.mx\\\/registro\\\/producto\\\/hydrafacial-md-masked\\\/#breadcrumb\",\"itemListElement\":[{\"@type\":\"ListItem\",\"position\":1,\"name\":\"Portada\",\"item\":\"https:\\\/\\\/lederme.com.mx\\\/registro\\\/\"},{\"@type\":\"ListItem\",\"position\":2,\"name\":\"Tienda\",\"item\":\"https:\\\/\\\/lederme.com.mx\\\/registro\\\/tienda\\\/\"},{\"@type\":\"ListItem\",\"position\":3,\"name\":\"HYDRAFACIAL MD MASKED\"}]},{\"@type\":\"WebSite\",\"@id\":\"https:\\\/\\\/lederme.com.mx\\\/registro\\\/#website\",\"url\":\"https:\\\/\\\/lederme.com.mx\\\/registro\\\/\",\"name\":\"LeDerme\",\"description\":\"Agenda tu cita en l\u00ednea\",\"potentialAction\":[{\"@type\":\"SearchAction\",\"target\":{\"@type\":\"EntryPoint\",\"urlTemplate\":\"https:\\\/\\\/lederme.com.mx\\\/registro\\\/?s={search_term_string}\"},\"query-input\":{\"@type\":\"PropertyValueSpecification\",\"valueRequired\":true,\"valueName\":\"search_term_string\"}}],\"inLanguage\":\"es\"}]}<\/script>\n<meta property=\"og:availability\" content=\"instock\" \/>\n<meta property=\"product:availability\" content=\"instock\" \/>\n<meta property=\"product:condition\" content=\"new\" \/>\n<!-- \/ Yoast SEO Premium plugin. -->","yoast_head_json":{"title":"HYDRAFACIAL MD MASKED - LeDerme","robots":{"index":"index","follow":"follow","max-snippet":"max-snippet:-1","max-image-preview":"max-image-preview:large","max-video-preview":"max-video-preview:-1"},"canonical":"https:\/\/lederme.com.mx\/registro\/producto\/hydrafacial-md-masked\/","og_locale":"es_ES","og_type":"article","og_title":"HYDRAFACIAL MD MASKED","og_description":"\u00a1Con su versi\u00f3n Masked, hemos llevado nuestra experiencia Hydrafacial a\u00fan m\u00e1s all\u00e1!\u00a0 Ahora adem\u00e1s de limpiar, exfoliar y descongestionar tu piel, nos enfocaremos tambi\u00e9n en repararla, calmarla, desinflamar la, hidratarla y restaurarla, a\u00f1adiendo nuestra selecci\u00f3n de mascarillas cl\u00ednicas, cargadas de activos antioxidantes, antiinflamatorios, p\u00e9ptidos y nutrientes, ideales para sellar tu tratamiento y prolongar sus resultados \u00a1no m\u00e1s rostro apagado, cansado, deshidratado y sin luminosidad!  \u2713 Limpieza Profunda  \u2713 Calma y Desinflama  \u2713 Restaura y repara  \u2713 Descongestiona los poros  \u2713 Nutre y Protege  \u2713 Hidrata profundamente  \u2713 Piel fresca y Radiante\u00a0  \u2713 Ilumina  \u2713 Rejuvenece\u00a0","og_url":"https:\/\/lederme.com.mx\/registro\/producto\/hydrafacial-md-masked\/","og_site_name":"LeDerme","article_modified_time":"2025-06-17T14:22:31+00:00","og_image":[{"width":520,"height":520,"url":"https:\/\/lederme.com.mx\/registro\/wp-content\/uploads\/2025\/04\/CMASKED.jpg","type":"image\/jpeg"}],"twitter_card":"summary_large_image","twitter_misc":{"Disponibilidad":"Disponible"},"schema":{"@context":"https:\/\/schema.org","@graph":[{"@type":"WebPage","@id":"https:\/\/lederme.com.mx\/registro\/producto\/hydrafacial-md-masked\/","url":"https:\/\/lederme.com.mx\/registro\/producto\/hydrafacial-md-masked\/","name":"HYDRAFACIAL MD MASKED - LeDerme","isPartOf":{"@id":"https:\/\/lederme.com.mx\/registro\/#website"},"primaryImageOfPage":{"@id":"https:\/\/lederme.com.mx\/registro\/producto\/hydrafacial-md-masked\/#primaryimage"},"image":{"@id":"https:\/\/lederme.com.mx\/registro\/producto\/hydrafacial-md-masked\/#primaryimage"},"thumbnailUrl":"https:\/\/lederme.com.mx\/registro\/wp-content\/uploads\/2025\/04\/CMASKED.jpg","datePublished":"2025-04-11T18:43:00+00:00","dateModified":"2025-06-17T14:22:31+00:00","breadcrumb":{"@id":"https:\/\/lederme.com.mx\/registro\/producto\/hydrafacial-md-masked\/#breadcrumb"},"inLanguage":"es","potentialAction":[{"@type":"ReadAction","target":["https:\/\/lederme.com.mx\/registro\/producto\/hydrafacial-md-masked\/"]}]},{"@type":"ImageObject","inLanguage":"es","@id":"https:\/\/lederme.com.mx\/registro\/producto\/hydrafacial-md-masked\/#primaryimage","url":"https:\/\/lederme.com.mx\/registro\/wp-content\/uploads\/2025\/04\/CMASKED.jpg","contentUrl":"https:\/\/lederme.com.mx\/registro\/wp-content\/uploads\/2025\/04\/CMASKED.jpg","width":520,"height":520},{"@type":"BreadcrumbList","@id":"https:\/\/lederme.com.mx\/registro\/producto\/hydrafacial-md-masked\/#breadcrumb","itemListElement":[{"@type":"ListItem","position":1,"name":"Portada","item":"https:\/\/lederme.com.mx\/registro\/"},{"@type":"ListItem","position":2,"name":"Tienda","item":"https:\/\/lederme.com.mx\/registro\/tienda\/"},{"@type":"ListItem","position":3,"name":"HYDRAFACIAL MD MASKED"}]},{"@type":"WebSite","@id":"https:\/\/lederme.com.mx\/registro\/#website","url":"https:\/\/lederme.com.mx\/registro\/","name":"LeDerme","description":"Agenda tu cita en l\u00ednea","potentialAction":[{"@type":"SearchAction","target":{"@type":"EntryPoint","urlTemplate":"https:\/\/lederme.com.mx\/registro\/?s={search_term_string}"},"query-input":{"@type":"PropertyValueSpecification","valueRequired":true,"valueName":"search_term_string"}}],"inLanguage":"es"}]},"og_availability":"instock","product_availability":"instock","product_condition":"new"},"_links":{"self":[{"href":"https:\/\/lederme.com.mx\/registro\/wp-json\/wp\/v2\/product\/2066","targetHints":{"allow":["GET"]}}],"collection":[{"href":"https:\/\/lederme.com.mx\/registro\/wp-json\/wp\/v2\/product"}],"about":[{"href":"https:\/\/lederme.com.mx\/registro\/wp-json\/wp\/v2\/types\/product"}],"wp:featuredmedia":[{"embeddable":true,"href":"https:\/\/lederme.com.mx\/registro\/wp-json\/wp\/v2\/media\/2384"}],"wp:attachment":[{"href":"https:\/\/lederme.com.mx\/registro\/wp-json\/wp\/v2\/media?parent=2066"}],"wp:term":[{"taxonomy":"product_brand","embeddable":true,"href":"https:\/\/lederme.com.mx\/registro\/wp-json\/wp\/v2\/product_brand?post=2066"},{"taxonomy":"product_cat","embeddable":true,"href":"https:\/\/lederme.com.mx\/registro\/wp-json\/wp\/v2\/product_cat?post=2066"},{"taxonomy":"product_tag","embeddable":true,"href":"https:\/\/lederme.com.mx\/registro\/wp-json\/wp\/v2\/product_tag?post=2066"}],"curies":[{"name":"wp","href":"https:\/\/api.w.org\/{rel}","templated":true}]}}