{"id":1897,"date":"2025-03-15T12:32:57","date_gmt":"2025-03-15T18:32:57","guid":{"rendered":"https:\/\/lederme.com.mx\/registro\/?post_type=product&#038;p=1897"},"modified":"2025-11-22T10:03:51","modified_gmt":"2025-11-22T16:03:51","slug":"glass-skin-protocol-pdrn-de-salmon-microneedling-antiox-mask","status":"publish","type":"product","link":"https:\/\/lederme.com.mx\/registro\/producto\/glass-skin-protocol-pdrn-de-salmon-microneedling-antiox-mask\/","title":{"rendered":"GLASS SKIN PROTOCOL + PDRN DE SALMON +Microneedling + Antiox Mask"},"content":{"rendered":"<h2>GLASS SKIN PROTOCOL + MASK ANTIOX PASO A PASO<\/h2>\n<div><\/div>\n<div>Realizaremos nuestro tratamiento de micropunci\u00f3n para abrir micro canales en tu piel y entregar nuestro serum de PDRN de Salm\u00f3n al 7.5% , para revitalizar profundamente tu piel y finalizaremos sellando el tratamiento aplicando nuestra antiox Mask rica en poderosos ingredientes antioxidantes e hidratantes.<\/div>\n<div><\/div>\n<div><strong>INGREDIENTES CLAVE:<\/strong><\/div>\n<ul>\n<li>Glutati\u00f3n<\/li>\n<li>PDRN de Salm\u00f3n al 7.5%<\/li>\n<li>Niacinamida al 2.5%<\/li>\n<li>\u00c1cido Hialur\u00f3nico al 2%<\/li>\n<\/ul>\n<div><\/div>\n<div><strong>OBJETIVOS:<\/strong><\/div>\n<ul>\n<li>Reduccion de oxidaci\u00f3n celular prematura<\/li>\n<li>Aumento de brillo e iluminaci \u0301n (Glass Skin)<\/li>\n<li>Disminucionn de pigmentaci\u00f3n<\/li>\n<li>Aumento de grosor y firmeza<\/li>\n<li>Apoyo en despigmentaci\u00f3n y aclaramiento<\/li>\n<\/ul>\n","protected":false},"excerpt":{"rendered":"<div>Lleva la revitalizaci\u00f3n de tu piel al siguiente nivel con nuestra formulaci\u00f3n \u00fanica a base de PDRN de Salm\u00f3n al 7.5%, \u00a1la concentraci\u00f3n m\u00e1s alta de PDRN disponible! mejora notablemente la calidad de tu piel, disminuyendo signos visibles de la edad .<\/div>\n<div><\/div>\n<div>Acompa\u00f1ado de activos como Niacinamida al 2.5% y \u00c1cido Hialur\u00f3nico (no reticulado) de alta y baja densidad al 2%. para un efecto antioxidante, seborregulador y m\u00e1xima hidrataci\u00f3n sin volumen, entregado directamente a tu piel a traves de micropunci\u00f3n.<\/div>\n<div>\n<ul>\n<li><strong>Microneedling<\/strong><\/li>\n<li><strong>PDRN SERUM<\/strong><\/li>\n<li><strong>Mask Antiox<\/strong><\/li>\n<li><strong>Terapia de Luz LED Manual<\/strong><\/li>\n<\/ul>\n<\/div>\n","protected":false},"featured_media":1898,"template":"","meta":[],"product_brand":[],"product_cat":[29],"product_tag":[],"class_list":{"0":"post-1897","1":"product","2":"type-product","3":"status-publish","4":"has-post-thumbnail","6":"product_cat-glass-skin","8":"first","9":"instock","10":"sale","11":"taxable","12":"shipping-taxable","13":"purchasable","14":"product-type-simple"},"yoast_head":"<!-- This site is optimized with the Yoast SEO Premium plugin v26.9 (Yoast SEO v27.3) - https:\/\/yoast.com\/product\/yoast-seo-premium-wordpress\/ -->\n<title>GLASS SKIN PROTOCOL + PDRN DE SALMON +Microneedling + Antiox Mask - LeDerme<\/title>\n<meta name=\"robots\" content=\"index, follow, max-snippet:-1, max-image-preview:large, max-video-preview:-1\" \/>\n<link rel=\"canonical\" href=\"https:\/\/lederme.com.mx\/registro\/producto\/glass-skin-protocol-pdrn-de-salmon-microneedling-antiox-mask\/\" \/>\n<meta property=\"og:locale\" content=\"es_ES\" \/>\n<meta property=\"og:type\" content=\"article\" \/>\n<meta property=\"og:title\" content=\"GLASS SKIN PROTOCOL + PDRN DE SALMON +Microneedling + Antiox Mask\" \/>\n<meta property=\"og:description\" content=\"Lleva la revitalizaci\u00f3n de tu piel al siguiente nivel con nuestra formulaci\u00f3n \u00fanica a base de PDRN de Salm\u00f3n al 7.5%, \u00a1la concentraci\u00f3n m\u00e1s alta de PDRN disponible! mejora notablemente la calidad de tu piel, disminuyendo signos visibles de la edad .  Acompa\u00f1ado de activos como Niacinamida al 2.5% y \u00c1cido Hialur\u00f3nico (no reticulado) de alta y baja densidad al 2%. para un efecto antioxidante, seborregulador y m\u00e1xima hidrataci\u00f3n sin volumen, entregado directamente a tu piel a traves de micropunci\u00f3n.    Microneedling  PDRN SERUM  Mask Antiox  Terapia de Luz LED Manual\" \/>\n<meta property=\"og:url\" content=\"https:\/\/lederme.com.mx\/registro\/producto\/glass-skin-protocol-pdrn-de-salmon-microneedling-antiox-mask\/\" \/>\n<meta property=\"og:site_name\" content=\"LeDerme\" \/>\n<meta property=\"article:modified_time\" content=\"2025-11-22T16:03:51+00:00\" \/>\n<meta property=\"og:image\" content=\"https:\/\/lederme.com.mx\/registro\/wp-content\/uploads\/2025\/03\/GLASS-SKIN.jpg\" \/>\n\t<meta property=\"og:image:width\" content=\"1080\" \/>\n\t<meta property=\"og:image:height\" content=\"1080\" \/>\n\t<meta property=\"og:image:type\" content=\"image\/jpeg\" \/>\n<meta name=\"twitter:card\" content=\"summary_large_image\" \/>\n<meta name=\"twitter:label1\" content=\"Precio\" \/>\n\t<meta name=\"twitter:data1\" content=\"&#036;3,150.00 impuestos incluidos\" \/>\n\t<meta name=\"twitter:label2\" content=\"Disponibilidad\" \/>\n\t<meta name=\"twitter:data2\" content=\"Disponible\" \/>\n<script type=\"application\/ld+json\" class=\"yoast-schema-graph\">{\"@context\":\"https:\\\/\\\/schema.org\",\"@graph\":[{\"@type\":\"WebPage\",\"@id\":\"https:\\\/\\\/lederme.com.mx\\\/registro\\\/producto\\\/glass-skin-protocol-pdrn-de-salmon-microneedling-antiox-mask\\\/\",\"url\":\"https:\\\/\\\/lederme.com.mx\\\/registro\\\/producto\\\/glass-skin-protocol-pdrn-de-salmon-microneedling-antiox-mask\\\/\",\"name\":\"GLASS SKIN PROTOCOL + PDRN DE SALMON +Microneedling + Antiox Mask - LeDerme\",\"isPartOf\":{\"@id\":\"https:\\\/\\\/lederme.com.mx\\\/registro\\\/#website\"},\"primaryImageOfPage\":{\"@id\":\"https:\\\/\\\/lederme.com.mx\\\/registro\\\/producto\\\/glass-skin-protocol-pdrn-de-salmon-microneedling-antiox-mask\\\/#primaryimage\"},\"image\":{\"@id\":\"https:\\\/\\\/lederme.com.mx\\\/registro\\\/producto\\\/glass-skin-protocol-pdrn-de-salmon-microneedling-antiox-mask\\\/#primaryimage\"},\"thumbnailUrl\":\"https:\\\/\\\/lederme.com.mx\\\/registro\\\/wp-content\\\/uploads\\\/2025\\\/03\\\/GLASS-SKIN.jpg\",\"datePublished\":\"2025-03-15T18:32:57+00:00\",\"dateModified\":\"2025-11-22T16:03:51+00:00\",\"breadcrumb\":{\"@id\":\"https:\\\/\\\/lederme.com.mx\\\/registro\\\/producto\\\/glass-skin-protocol-pdrn-de-salmon-microneedling-antiox-mask\\\/#breadcrumb\"},\"inLanguage\":\"es\",\"potentialAction\":[{\"@type\":\"ReadAction\",\"target\":[\"https:\\\/\\\/lederme.com.mx\\\/registro\\\/producto\\\/glass-skin-protocol-pdrn-de-salmon-microneedling-antiox-mask\\\/\"]}]},{\"@type\":\"ImageObject\",\"inLanguage\":\"es\",\"@id\":\"https:\\\/\\\/lederme.com.mx\\\/registro\\\/producto\\\/glass-skin-protocol-pdrn-de-salmon-microneedling-antiox-mask\\\/#primaryimage\",\"url\":\"https:\\\/\\\/lederme.com.mx\\\/registro\\\/wp-content\\\/uploads\\\/2025\\\/03\\\/GLASS-SKIN.jpg\",\"contentUrl\":\"https:\\\/\\\/lederme.com.mx\\\/registro\\\/wp-content\\\/uploads\\\/2025\\\/03\\\/GLASS-SKIN.jpg\",\"width\":1080,\"height\":1080},{\"@type\":\"BreadcrumbList\",\"@id\":\"https:\\\/\\\/lederme.com.mx\\\/registro\\\/producto\\\/glass-skin-protocol-pdrn-de-salmon-microneedling-antiox-mask\\\/#breadcrumb\",\"itemListElement\":[{\"@type\":\"ListItem\",\"position\":1,\"name\":\"Portada\",\"item\":\"https:\\\/\\\/lederme.com.mx\\\/registro\\\/\"},{\"@type\":\"ListItem\",\"position\":2,\"name\":\"Tienda\",\"item\":\"https:\\\/\\\/lederme.com.mx\\\/registro\\\/tienda\\\/\"},{\"@type\":\"ListItem\",\"position\":3,\"name\":\"GLASS SKIN PROTOCOL + PDRN DE SALMON +Microneedling + Antiox Mask\"}]},{\"@type\":\"WebSite\",\"@id\":\"https:\\\/\\\/lederme.com.mx\\\/registro\\\/#website\",\"url\":\"https:\\\/\\\/lederme.com.mx\\\/registro\\\/\",\"name\":\"LeDerme\",\"description\":\"Agenda tu cita en l\u00ednea\",\"potentialAction\":[{\"@type\":\"SearchAction\",\"target\":{\"@type\":\"EntryPoint\",\"urlTemplate\":\"https:\\\/\\\/lederme.com.mx\\\/registro\\\/?s={search_term_string}\"},\"query-input\":{\"@type\":\"PropertyValueSpecification\",\"valueRequired\":true,\"valueName\":\"search_term_string\"}}],\"inLanguage\":\"es\"}]}<\/script>\n<meta property=\"product:price:amount\" content=\"3150.00\" \/>\n<meta property=\"product:price:currency\" content=\"MXN\" \/>\n<meta property=\"og:availability\" content=\"instock\" \/>\n<meta property=\"product:availability\" content=\"instock\" \/>\n<meta property=\"product:condition\" content=\"new\" \/>\n<!-- \/ Yoast SEO Premium plugin. -->","yoast_head_json":{"title":"GLASS SKIN PROTOCOL + PDRN DE SALMON +Microneedling + Antiox Mask - LeDerme","robots":{"index":"index","follow":"follow","max-snippet":"max-snippet:-1","max-image-preview":"max-image-preview:large","max-video-preview":"max-video-preview:-1"},"canonical":"https:\/\/lederme.com.mx\/registro\/producto\/glass-skin-protocol-pdrn-de-salmon-microneedling-antiox-mask\/","og_locale":"es_ES","og_type":"article","og_title":"GLASS SKIN PROTOCOL + PDRN DE SALMON +Microneedling + Antiox Mask","og_description":"Lleva la revitalizaci\u00f3n de tu piel al siguiente nivel con nuestra formulaci\u00f3n \u00fanica a base de PDRN de Salm\u00f3n al 7.5%, \u00a1la concentraci\u00f3n m\u00e1s alta de PDRN disponible! mejora notablemente la calidad de tu piel, disminuyendo signos visibles de la edad .  Acompa\u00f1ado de activos como Niacinamida al 2.5% y \u00c1cido Hialur\u00f3nico (no reticulado) de alta y baja densidad al 2%. para un efecto antioxidante, seborregulador y m\u00e1xima hidrataci\u00f3n sin volumen, entregado directamente a tu piel a traves de micropunci\u00f3n.    Microneedling  PDRN SERUM  Mask Antiox  Terapia de Luz LED Manual","og_url":"https:\/\/lederme.com.mx\/registro\/producto\/glass-skin-protocol-pdrn-de-salmon-microneedling-antiox-mask\/","og_site_name":"LeDerme","article_modified_time":"2025-11-22T16:03:51+00:00","og_image":[{"width":1080,"height":1080,"url":"https:\/\/lederme.com.mx\/registro\/wp-content\/uploads\/2025\/03\/GLASS-SKIN.jpg","type":"image\/jpeg"}],"twitter_card":"summary_large_image","twitter_misc":{"Precio":"&#36;3,150.00 impuestos incluidos","Disponibilidad":"Disponible"},"schema":{"@context":"https:\/\/schema.org","@graph":[{"@type":"WebPage","@id":"https:\/\/lederme.com.mx\/registro\/producto\/glass-skin-protocol-pdrn-de-salmon-microneedling-antiox-mask\/","url":"https:\/\/lederme.com.mx\/registro\/producto\/glass-skin-protocol-pdrn-de-salmon-microneedling-antiox-mask\/","name":"GLASS SKIN PROTOCOL + PDRN DE SALMON +Microneedling + Antiox Mask - LeDerme","isPartOf":{"@id":"https:\/\/lederme.com.mx\/registro\/#website"},"primaryImageOfPage":{"@id":"https:\/\/lederme.com.mx\/registro\/producto\/glass-skin-protocol-pdrn-de-salmon-microneedling-antiox-mask\/#primaryimage"},"image":{"@id":"https:\/\/lederme.com.mx\/registro\/producto\/glass-skin-protocol-pdrn-de-salmon-microneedling-antiox-mask\/#primaryimage"},"thumbnailUrl":"https:\/\/lederme.com.mx\/registro\/wp-content\/uploads\/2025\/03\/GLASS-SKIN.jpg","datePublished":"2025-03-15T18:32:57+00:00","dateModified":"2025-11-22T16:03:51+00:00","breadcrumb":{"@id":"https:\/\/lederme.com.mx\/registro\/producto\/glass-skin-protocol-pdrn-de-salmon-microneedling-antiox-mask\/#breadcrumb"},"inLanguage":"es","potentialAction":[{"@type":"ReadAction","target":["https:\/\/lederme.com.mx\/registro\/producto\/glass-skin-protocol-pdrn-de-salmon-microneedling-antiox-mask\/"]}]},{"@type":"ImageObject","inLanguage":"es","@id":"https:\/\/lederme.com.mx\/registro\/producto\/glass-skin-protocol-pdrn-de-salmon-microneedling-antiox-mask\/#primaryimage","url":"https:\/\/lederme.com.mx\/registro\/wp-content\/uploads\/2025\/03\/GLASS-SKIN.jpg","contentUrl":"https:\/\/lederme.com.mx\/registro\/wp-content\/uploads\/2025\/03\/GLASS-SKIN.jpg","width":1080,"height":1080},{"@type":"BreadcrumbList","@id":"https:\/\/lederme.com.mx\/registro\/producto\/glass-skin-protocol-pdrn-de-salmon-microneedling-antiox-mask\/#breadcrumb","itemListElement":[{"@type":"ListItem","position":1,"name":"Portada","item":"https:\/\/lederme.com.mx\/registro\/"},{"@type":"ListItem","position":2,"name":"Tienda","item":"https:\/\/lederme.com.mx\/registro\/tienda\/"},{"@type":"ListItem","position":3,"name":"GLASS SKIN PROTOCOL + PDRN DE SALMON +Microneedling + Antiox Mask"}]},{"@type":"WebSite","@id":"https:\/\/lederme.com.mx\/registro\/#website","url":"https:\/\/lederme.com.mx\/registro\/","name":"LeDerme","description":"Agenda tu cita en l\u00ednea","potentialAction":[{"@type":"SearchAction","target":{"@type":"EntryPoint","urlTemplate":"https:\/\/lederme.com.mx\/registro\/?s={search_term_string}"},"query-input":{"@type":"PropertyValueSpecification","valueRequired":true,"valueName":"search_term_string"}}],"inLanguage":"es"}]},"product_price_amount":"3150.00","product_price_currency":"MXN","og_availability":"instock","product_availability":"instock","product_condition":"new"},"_links":{"self":[{"href":"https:\/\/lederme.com.mx\/registro\/wp-json\/wp\/v2\/product\/1897","targetHints":{"allow":["GET"]}}],"collection":[{"href":"https:\/\/lederme.com.mx\/registro\/wp-json\/wp\/v2\/product"}],"about":[{"href":"https:\/\/lederme.com.mx\/registro\/wp-json\/wp\/v2\/types\/product"}],"wp:featuredmedia":[{"embeddable":true,"href":"https:\/\/lederme.com.mx\/registro\/wp-json\/wp\/v2\/media\/1898"}],"wp:attachment":[{"href":"https:\/\/lederme.com.mx\/registro\/wp-json\/wp\/v2\/media?parent=1897"}],"wp:term":[{"taxonomy":"product_brand","embeddable":true,"href":"https:\/\/lederme.com.mx\/registro\/wp-json\/wp\/v2\/product_brand?post=1897"},{"taxonomy":"product_cat","embeddable":true,"href":"https:\/\/lederme.com.mx\/registro\/wp-json\/wp\/v2\/product_cat?post=1897"},{"taxonomy":"product_tag","embeddable":true,"href":"https:\/\/lederme.com.mx\/registro\/wp-json\/wp\/v2\/product_tag?post=1897"}],"curies":[{"name":"wp","href":"https:\/\/api.w.org\/{rel}","templated":true}]}}