{"id":1890,"date":"2025-03-15T12:04:50","date_gmt":"2025-03-15T18:04:50","guid":{"rendered":"https:\/\/lederme.com.mx\/registro\/?post_type=product&#038;p=1890"},"modified":"2025-03-19T18:15:30","modified_gmt":"2025-03-20T00:15:30","slug":"hydrafacial-md-glass-skin-protocol-pdrn-de-salmon-microneedling-antiox-mask","status":"publish","type":"product","link":"https:\/\/lederme.com.mx\/registro\/producto\/hydrafacial-md-glass-skin-protocol-pdrn-de-salmon-microneedling-antiox-mask\/","title":{"rendered":"HYDRAFACIAL MD + GLASS SKIN PROTOCOL + PDRN de Salmon + Microneedling + Antiox Mask"},"content":{"rendered":"<h2 style=\"font-weight: 400;\"><strong>\u00bfQu\u00e9 es HYDRAFACIAL MD?<\/strong><\/h2>\n<p style=\"font-weight: 400;\"><span style=\"font-size: 105%;\">Hydrafacial MD es nuestro tratamiento cl\u00ednico, enfocado en brindarle a tu piel una limpieza y renovaci\u00f3n profunda, minimizando su manipulaci\u00f3n, evitando lastimarla. Hydrafacial MD exfolia suavemente tu piel utilizando soluciones patentadas ricas en activos bot\u00e1nicos anti inflamatorios y desintoxicantes para tu piel (hidrodermoabrasi\u00f3n) evitando que se enrojezca, o se descame.<\/span><\/p>\n<p style=\"font-weight: 400;\"><span style=\"font-size: 105%;\">Al mismo tiempo, Hydrafacial MD logra extraer las impurezas, puntos negros que saturan y le quitan el brillo a tu piel utilizando su tecnolog\u00eda de succi\u00f3n suave con tu piel, descongestionando tus poros sin dolor; adem\u00e1s Hydrafacial MD hidrata tu piel, infundiendo soluciones ricas en \u00e1cido hialur\u00f3nico y antioxidantes polifen\u00f3licos los cuales protegen tu piel y revierten el da\u00f1o causado por el sol y los factores ambientales en tu piel.<\/span><\/p>\n<p>&nbsp;<\/p>\n<h2>HYDRAFACIAL MD +GLASS SKIN PROTOCOL + MASK ANTIOX PASO A PASO<\/h2>\n<div>Con nuestra tecnolog\u00eda Hydrafacial MD, nos enfocaremos en desintoxicar , eliminar y extraer las impurezas de los poros de tu piel, realizaremos una limpieza suave y profunda, sin causar irritaci\u00f3n o inflamaci\u00f3n, descongestionaremos y haremos un detox profundo de los poros de tu piel eliminando sus toxinas, impurezas y puntos negros utilizando extracciones autom\u00e1ticas por succi\u00f3n; Ademas realizaremos nuestro tratamiento de micropunci\u00f3n para abrir micro canales en tu piel y entregar nuestro serum de PDRN de Salm\u00f3n al 7.5% , para revitalizar profundamente tu piel y analizaremos sellando el tratamiento aplicando nuestra antiox Mask rica en poderosos ingredientes antioxidantes e hidratantes adem\u00e1s finalizaremos estimulando tu piel con terapia de luz led manual.<\/div>\n<div><\/div>\n<div><strong>INGREDIENTES CLAVE:<\/strong><\/div>\n<div><\/div>\n<ul>\n<li><strong>Glutati\u00f3n<\/strong><\/li>\n<li><strong>PDRN de Salm\u00f3n al 7.5%<\/strong><\/li>\n<li><strong>Niacinamida al 2.5%<\/strong><\/li>\n<li><strong>\u00c1cido Hialur\u00f3nico al 2%<\/strong><\/li>\n<\/ul>\n<div><\/div>\n<div><strong>OBJETIVOS:<\/strong><\/div>\n<div><\/div>\n<ul>\n<li>Reduccion de oxidacionn celular prematura<\/li>\n<li>Aumento de brillo e iluminacion (Glass Skin)<\/li>\n<li>Disminucionn de pigmentacionn<\/li>\n<li>Aumento de grosor y firmeza<\/li>\n<li>Apoyo en despigmentacionn y aclaramiento<\/li>\n<\/ul>\n<p style=\"font-weight: 400;\"><span style=\"font-size: 105%;\">\u00a0<\/span><\/p>\n","protected":false},"excerpt":{"rendered":"<p><img loading=\"lazy\" decoding=\"async\" class=\"alignnone wp-image-1611\" src=\"https:\/\/lederme.com.mx\/registro\/wp-content\/uploads\/2025\/03\/piel-grasa.jpg\" alt=\"\" width=\"366\" height=\"52\" srcset=\"https:\/\/lederme.com.mx\/registro\/wp-content\/uploads\/2025\/03\/piel-grasa.jpg 774w, https:\/\/lederme.com.mx\/registro\/wp-content\/uploads\/2025\/03\/piel-grasa-300x43.jpg 300w, https:\/\/lederme.com.mx\/registro\/wp-content\/uploads\/2025\/03\/piel-grasa-768x109.jpg 768w, https:\/\/lederme.com.mx\/registro\/wp-content\/uploads\/2025\/03\/piel-grasa-600x85.jpg 600w\" sizes=\"auto, (max-width: 366px) 100vw, 366px\" \/><\/p>\n<div>Lleva la revitalizaci\u00f3n de tu piel al siguiente nivel combinando tu hydrafacial con nuestra formulaci\u00f3n \u00fanica a base de PDRN de Salm\u00f3n al 7.5%, \u00a1la concentraci\u00f3n m\u00e1s alta de PDRN<\/div>\n<div>disponible! mejora notablemente la calidad de tu piel, disminuyendo signos visibles de la edad .<\/div>\n<div><\/div>\n<div>Acompa\u00f1ado de activos como Niacinamida al 2.5%. y \u00c1cido Hialur\u00f3nico (no reticulado) de alta y baja densidad al 2%. para un efecto antioxidante, seborregulador y m\u00e1xima hidrataci\u00f3n sin volumen, entregado directamente a tu piel a traves de micropunci\u00f3n.<\/div>\n<ul>\n<li><strong>Glysal Prep (booster serum rico en \u00e1cido salic\u00edlico)<\/strong><\/li>\n<li><strong>Serums y Antioxidantes patentados<\/strong><\/li>\n<li><strong>Microneedling<\/strong><\/li>\n<li><strong>Mask Antiox<br \/>\n<\/strong><\/li>\n<li><strong>PDRN SERUM<\/strong><\/li>\n<\/ul>\n","protected":false},"featured_media":1891,"template":"","meta":[],"product_brand":[],"product_cat":[17],"product_tag":[],"class_list":{"0":"post-1890","1":"product","2":"type-product","3":"status-publish","4":"has-post-thumbnail","6":"product_cat-hydrafacial","8":"first","9":"instock","10":"sale","11":"taxable","12":"shipping-taxable","13":"purchasable","14":"product-type-simple"},"yoast_head":"<!-- This site is optimized with the Yoast SEO Premium plugin v26.9 (Yoast SEO v27.3) - https:\/\/yoast.com\/product\/yoast-seo-premium-wordpress\/ -->\n<title>HYDRAFACIAL MD + GLASS SKIN PROTOCOL + PDRN de Salmon + Microneedling + Antiox Mask - LeDerme<\/title>\n<meta name=\"robots\" content=\"index, follow, max-snippet:-1, max-image-preview:large, max-video-preview:-1\" \/>\n<link rel=\"canonical\" href=\"https:\/\/lederme.com.mx\/registro\/producto\/hydrafacial-md-glass-skin-protocol-pdrn-de-salmon-microneedling-antiox-mask\/\" \/>\n<meta property=\"og:locale\" content=\"es_ES\" \/>\n<meta property=\"og:type\" content=\"article\" \/>\n<meta property=\"og:title\" content=\"HYDRAFACIAL MD + GLASS SKIN PROTOCOL + PDRN de Salmon + Microneedling + Antiox Mask\" \/>\n<meta property=\"og:description\" content=\"Lleva la revitalizaci\u00f3n de tu piel al siguiente nivel combinando tu hydrafacial con nuestra formulaci\u00f3n \u00fanica a base de PDRN de Salm\u00f3n al 7.5%, \u00a1la concentraci\u00f3n m\u00e1s alta de PDRN disponible! mejora notablemente la calidad de tu piel, disminuyendo signos visibles de la edad .  Acompa\u00f1ado de activos como Niacinamida al 2.5%. y \u00c1cido Hialur\u00f3nico (no reticulado) de alta y baja densidad al 2%. para un efecto antioxidante, seborregulador y m\u00e1xima hidrataci\u00f3n sin volumen, entregado directamente a tu piel a traves de micropunci\u00f3n.   Glysal Prep (booster serum rico en \u00e1cido salic\u00edlico)  Serums y Antioxidantes patentados  Microneedling  Mask Antiox   PDRN SERUM\" \/>\n<meta property=\"og:url\" content=\"https:\/\/lederme.com.mx\/registro\/producto\/hydrafacial-md-glass-skin-protocol-pdrn-de-salmon-microneedling-antiox-mask\/\" \/>\n<meta property=\"og:site_name\" content=\"LeDerme\" \/>\n<meta property=\"article:modified_time\" content=\"2025-03-20T00:15:30+00:00\" \/>\n<meta property=\"og:image\" content=\"https:\/\/lederme.com.mx\/registro\/wp-content\/uploads\/2025\/03\/MICRONE.jpg\" \/>\n\t<meta property=\"og:image:width\" content=\"1080\" \/>\n\t<meta property=\"og:image:height\" content=\"1080\" \/>\n\t<meta property=\"og:image:type\" content=\"image\/jpeg\" \/>\n<meta name=\"twitter:card\" content=\"summary_large_image\" \/>\n<meta name=\"twitter:label1\" content=\"Precio\" \/>\n\t<meta name=\"twitter:data1\" content=\"&#036;4,900.00 impuestos incluidos\" \/>\n\t<meta name=\"twitter:label2\" content=\"Disponibilidad\" \/>\n\t<meta name=\"twitter:data2\" content=\"Disponible\" \/>\n<script type=\"application\/ld+json\" class=\"yoast-schema-graph\">{\"@context\":\"https:\\\/\\\/schema.org\",\"@graph\":[{\"@type\":\"WebPage\",\"@id\":\"https:\\\/\\\/lederme.com.mx\\\/registro\\\/producto\\\/hydrafacial-md-glass-skin-protocol-pdrn-de-salmon-microneedling-antiox-mask\\\/\",\"url\":\"https:\\\/\\\/lederme.com.mx\\\/registro\\\/producto\\\/hydrafacial-md-glass-skin-protocol-pdrn-de-salmon-microneedling-antiox-mask\\\/\",\"name\":\"HYDRAFACIAL MD + GLASS SKIN PROTOCOL + PDRN de Salmon + Microneedling + Antiox Mask - LeDerme\",\"isPartOf\":{\"@id\":\"https:\\\/\\\/lederme.com.mx\\\/registro\\\/#website\"},\"primaryImageOfPage\":{\"@id\":\"https:\\\/\\\/lederme.com.mx\\\/registro\\\/producto\\\/hydrafacial-md-glass-skin-protocol-pdrn-de-salmon-microneedling-antiox-mask\\\/#primaryimage\"},\"image\":{\"@id\":\"https:\\\/\\\/lederme.com.mx\\\/registro\\\/producto\\\/hydrafacial-md-glass-skin-protocol-pdrn-de-salmon-microneedling-antiox-mask\\\/#primaryimage\"},\"thumbnailUrl\":\"https:\\\/\\\/lederme.com.mx\\\/registro\\\/wp-content\\\/uploads\\\/2025\\\/03\\\/MICRONE.jpg\",\"datePublished\":\"2025-03-15T18:04:50+00:00\",\"dateModified\":\"2025-03-20T00:15:30+00:00\",\"breadcrumb\":{\"@id\":\"https:\\\/\\\/lederme.com.mx\\\/registro\\\/producto\\\/hydrafacial-md-glass-skin-protocol-pdrn-de-salmon-microneedling-antiox-mask\\\/#breadcrumb\"},\"inLanguage\":\"es\",\"potentialAction\":[{\"@type\":\"ReadAction\",\"target\":[\"https:\\\/\\\/lederme.com.mx\\\/registro\\\/producto\\\/hydrafacial-md-glass-skin-protocol-pdrn-de-salmon-microneedling-antiox-mask\\\/\"]}]},{\"@type\":\"ImageObject\",\"inLanguage\":\"es\",\"@id\":\"https:\\\/\\\/lederme.com.mx\\\/registro\\\/producto\\\/hydrafacial-md-glass-skin-protocol-pdrn-de-salmon-microneedling-antiox-mask\\\/#primaryimage\",\"url\":\"https:\\\/\\\/lederme.com.mx\\\/registro\\\/wp-content\\\/uploads\\\/2025\\\/03\\\/MICRONE.jpg\",\"contentUrl\":\"https:\\\/\\\/lederme.com.mx\\\/registro\\\/wp-content\\\/uploads\\\/2025\\\/03\\\/MICRONE.jpg\",\"width\":1080,\"height\":1080},{\"@type\":\"BreadcrumbList\",\"@id\":\"https:\\\/\\\/lederme.com.mx\\\/registro\\\/producto\\\/hydrafacial-md-glass-skin-protocol-pdrn-de-salmon-microneedling-antiox-mask\\\/#breadcrumb\",\"itemListElement\":[{\"@type\":\"ListItem\",\"position\":1,\"name\":\"Portada\",\"item\":\"https:\\\/\\\/lederme.com.mx\\\/registro\\\/\"},{\"@type\":\"ListItem\",\"position\":2,\"name\":\"Tienda\",\"item\":\"https:\\\/\\\/lederme.com.mx\\\/registro\\\/tienda\\\/\"},{\"@type\":\"ListItem\",\"position\":3,\"name\":\"HYDRAFACIAL MD + GLASS SKIN PROTOCOL + PDRN de Salmon + Microneedling + Antiox Mask\"}]},{\"@type\":\"WebSite\",\"@id\":\"https:\\\/\\\/lederme.com.mx\\\/registro\\\/#website\",\"url\":\"https:\\\/\\\/lederme.com.mx\\\/registro\\\/\",\"name\":\"LeDerme\",\"description\":\"Agenda tu cita en l\u00ednea\",\"potentialAction\":[{\"@type\":\"SearchAction\",\"target\":{\"@type\":\"EntryPoint\",\"urlTemplate\":\"https:\\\/\\\/lederme.com.mx\\\/registro\\\/?s={search_term_string}\"},\"query-input\":{\"@type\":\"PropertyValueSpecification\",\"valueRequired\":true,\"valueName\":\"search_term_string\"}}],\"inLanguage\":\"es\"}]}<\/script>\n<meta property=\"product:price:amount\" content=\"4900.00\" \/>\n<meta property=\"product:price:currency\" content=\"MXN\" \/>\n<meta property=\"og:availability\" content=\"instock\" \/>\n<meta property=\"product:availability\" content=\"instock\" \/>\n<meta property=\"product:condition\" content=\"new\" \/>\n<!-- \/ Yoast SEO Premium plugin. -->","yoast_head_json":{"title":"HYDRAFACIAL MD + GLASS SKIN PROTOCOL + PDRN de Salmon + Microneedling + Antiox Mask - LeDerme","robots":{"index":"index","follow":"follow","max-snippet":"max-snippet:-1","max-image-preview":"max-image-preview:large","max-video-preview":"max-video-preview:-1"},"canonical":"https:\/\/lederme.com.mx\/registro\/producto\/hydrafacial-md-glass-skin-protocol-pdrn-de-salmon-microneedling-antiox-mask\/","og_locale":"es_ES","og_type":"article","og_title":"HYDRAFACIAL MD + GLASS SKIN PROTOCOL + PDRN de Salmon + Microneedling + Antiox Mask","og_description":"Lleva la revitalizaci\u00f3n de tu piel al siguiente nivel combinando tu hydrafacial con nuestra formulaci\u00f3n \u00fanica a base de PDRN de Salm\u00f3n al 7.5%, \u00a1la concentraci\u00f3n m\u00e1s alta de PDRN disponible! mejora notablemente la calidad de tu piel, disminuyendo signos visibles de la edad .  Acompa\u00f1ado de activos como Niacinamida al 2.5%. y \u00c1cido Hialur\u00f3nico (no reticulado) de alta y baja densidad al 2%. para un efecto antioxidante, seborregulador y m\u00e1xima hidrataci\u00f3n sin volumen, entregado directamente a tu piel a traves de micropunci\u00f3n.   Glysal Prep (booster serum rico en \u00e1cido salic\u00edlico)  Serums y Antioxidantes patentados  Microneedling  Mask Antiox   PDRN SERUM","og_url":"https:\/\/lederme.com.mx\/registro\/producto\/hydrafacial-md-glass-skin-protocol-pdrn-de-salmon-microneedling-antiox-mask\/","og_site_name":"LeDerme","article_modified_time":"2025-03-20T00:15:30+00:00","og_image":[{"width":1080,"height":1080,"url":"https:\/\/lederme.com.mx\/registro\/wp-content\/uploads\/2025\/03\/MICRONE.jpg","type":"image\/jpeg"}],"twitter_card":"summary_large_image","twitter_misc":{"Precio":"&#36;4,900.00 impuestos incluidos","Disponibilidad":"Disponible"},"schema":{"@context":"https:\/\/schema.org","@graph":[{"@type":"WebPage","@id":"https:\/\/lederme.com.mx\/registro\/producto\/hydrafacial-md-glass-skin-protocol-pdrn-de-salmon-microneedling-antiox-mask\/","url":"https:\/\/lederme.com.mx\/registro\/producto\/hydrafacial-md-glass-skin-protocol-pdrn-de-salmon-microneedling-antiox-mask\/","name":"HYDRAFACIAL MD + GLASS SKIN PROTOCOL + PDRN de Salmon + Microneedling + Antiox Mask - LeDerme","isPartOf":{"@id":"https:\/\/lederme.com.mx\/registro\/#website"},"primaryImageOfPage":{"@id":"https:\/\/lederme.com.mx\/registro\/producto\/hydrafacial-md-glass-skin-protocol-pdrn-de-salmon-microneedling-antiox-mask\/#primaryimage"},"image":{"@id":"https:\/\/lederme.com.mx\/registro\/producto\/hydrafacial-md-glass-skin-protocol-pdrn-de-salmon-microneedling-antiox-mask\/#primaryimage"},"thumbnailUrl":"https:\/\/lederme.com.mx\/registro\/wp-content\/uploads\/2025\/03\/MICRONE.jpg","datePublished":"2025-03-15T18:04:50+00:00","dateModified":"2025-03-20T00:15:30+00:00","breadcrumb":{"@id":"https:\/\/lederme.com.mx\/registro\/producto\/hydrafacial-md-glass-skin-protocol-pdrn-de-salmon-microneedling-antiox-mask\/#breadcrumb"},"inLanguage":"es","potentialAction":[{"@type":"ReadAction","target":["https:\/\/lederme.com.mx\/registro\/producto\/hydrafacial-md-glass-skin-protocol-pdrn-de-salmon-microneedling-antiox-mask\/"]}]},{"@type":"ImageObject","inLanguage":"es","@id":"https:\/\/lederme.com.mx\/registro\/producto\/hydrafacial-md-glass-skin-protocol-pdrn-de-salmon-microneedling-antiox-mask\/#primaryimage","url":"https:\/\/lederme.com.mx\/registro\/wp-content\/uploads\/2025\/03\/MICRONE.jpg","contentUrl":"https:\/\/lederme.com.mx\/registro\/wp-content\/uploads\/2025\/03\/MICRONE.jpg","width":1080,"height":1080},{"@type":"BreadcrumbList","@id":"https:\/\/lederme.com.mx\/registro\/producto\/hydrafacial-md-glass-skin-protocol-pdrn-de-salmon-microneedling-antiox-mask\/#breadcrumb","itemListElement":[{"@type":"ListItem","position":1,"name":"Portada","item":"https:\/\/lederme.com.mx\/registro\/"},{"@type":"ListItem","position":2,"name":"Tienda","item":"https:\/\/lederme.com.mx\/registro\/tienda\/"},{"@type":"ListItem","position":3,"name":"HYDRAFACIAL MD + GLASS SKIN PROTOCOL + PDRN de Salmon + Microneedling + Antiox Mask"}]},{"@type":"WebSite","@id":"https:\/\/lederme.com.mx\/registro\/#website","url":"https:\/\/lederme.com.mx\/registro\/","name":"LeDerme","description":"Agenda tu cita en l\u00ednea","potentialAction":[{"@type":"SearchAction","target":{"@type":"EntryPoint","urlTemplate":"https:\/\/lederme.com.mx\/registro\/?s={search_term_string}"},"query-input":{"@type":"PropertyValueSpecification","valueRequired":true,"valueName":"search_term_string"}}],"inLanguage":"es"}]},"product_price_amount":"4900.00","product_price_currency":"MXN","og_availability":"instock","product_availability":"instock","product_condition":"new"},"_links":{"self":[{"href":"https:\/\/lederme.com.mx\/registro\/wp-json\/wp\/v2\/product\/1890","targetHints":{"allow":["GET"]}}],"collection":[{"href":"https:\/\/lederme.com.mx\/registro\/wp-json\/wp\/v2\/product"}],"about":[{"href":"https:\/\/lederme.com.mx\/registro\/wp-json\/wp\/v2\/types\/product"}],"wp:featuredmedia":[{"embeddable":true,"href":"https:\/\/lederme.com.mx\/registro\/wp-json\/wp\/v2\/media\/1891"}],"wp:attachment":[{"href":"https:\/\/lederme.com.mx\/registro\/wp-json\/wp\/v2\/media?parent=1890"}],"wp:term":[{"taxonomy":"product_brand","embeddable":true,"href":"https:\/\/lederme.com.mx\/registro\/wp-json\/wp\/v2\/product_brand?post=1890"},{"taxonomy":"product_cat","embeddable":true,"href":"https:\/\/lederme.com.mx\/registro\/wp-json\/wp\/v2\/product_cat?post=1890"},{"taxonomy":"product_tag","embeddable":true,"href":"https:\/\/lederme.com.mx\/registro\/wp-json\/wp\/v2\/product_tag?post=1890"}],"curies":[{"name":"wp","href":"https:\/\/api.w.org\/{rel}","templated":true}]}}