{"id":1882,"date":"2025-03-15T11:42:34","date_gmt":"2025-03-15T17:42:34","guid":{"rendered":"https:\/\/lederme.com.mx\/registro\/?post_type=product&#038;p=1882"},"modified":"2026-03-15T20:42:42","modified_gmt":"2026-03-16T02:42:42","slug":"hydrafacial-md-pdrn-glow-serum-glutation-mask-antiox","status":"publish","type":"product","link":"https:\/\/lederme.com.mx\/registro\/producto\/hydrafacial-md-pdrn-glow-serum-glutation-mask-antiox\/","title":{"rendered":"HYDRAFACIAL MD PDRN GLOW"},"content":{"rendered":"<p><span style=\"font-weight: 400;\">\u00a1Revitaliza tu rostro por completo! Devu\u00e9lvele el brillo y la vitalidad que ha perdido, renueva y dale un boost de frescura y luminosidad con nuestra experiencia <\/span><b><i>Hydrafacial PDRN GLOW<\/i><\/b><span style=\"font-weight: 400;\"> .\u00a0 \u00a1Bring back the Glow! Prepararemos tu piel para\u00a0 INFUNDIR Y absorber nuestro poderoso <\/span><b>PDRN GLOW SERUM <\/b><span style=\"font-weight: 400;\">(concentrado de PDRN de Salm\u00f3n, Glutati\u00f3n, P\u00e9ptidos, Factores de Crecimiento y \u00c1c. Hialur\u00f3nico) limpiando, exfoliando e hidratando profundamente, ideal para recuperar su brillo y revitalizarla por completo.\u00a0<\/span><\/p>\n<p><span style=\"font-weight: 400;\">\u2713 Limpieza profunda<\/span><\/p>\n<p><span style=\"font-weight: 400;\">\u2713 Revitaliza y Reafirma<\/span><\/p>\n<p><span style=\"font-weight: 400;\">\u2713 Descongestiona\u00a0 &amp; disminuye los poros<\/span><\/p>\n<p><span style=\"font-weight: 400;\">\u2713 Mejora textura y tono<\/span><\/p>\n<p><span style=\"font-weight: 400;\">\u2713 Hidrata e ilumina<\/span><b>\u00a0<\/b><\/p>\n<p><span style=\"font-weight: 400;\">\u2713 <\/span><b>Efecto Glass Skin (PDRN GLOW SERUM)<\/b><\/p>\n<p><span style=\"font-weight: 400;\">\u2713 \u00a0 <\/span><b>Mascarilla Antiox<\/b><\/p>\n<p><span style=\"font-weight: 400;\">\u2713 Genera col\u00e1geno y Rejuvenece<\/span><\/p>\n<p><span style=\"font-weight: 400;\">\u2713 Piel fresca y radiante\u00a0\u00a0<\/span><\/p>\n<p><b>Paso a paso<\/b><span style=\"font-weight: 400;\">: con nuestra tecnolog\u00eda Hydrafacial MD, nos enfocaremos en desintoxicar , eliminar y extraer las impurezas de los poros de tu piel, realizaremos una limpieza suave y profunda, sin causar irritaci\u00f3n o inflamaci\u00f3n, descongestionaremos y haremos un detox profundo de los poros de tu piel eliminando sus toxinas, impurezas y puntos negros utilizando extracciones autom\u00e1ticas por succi\u00f3n; Ademas agregaremos nuestro poderoso <\/span><b>PDRN de Salmon Glow Serum<\/b><span style=\"font-weight: 400;\">, para revitalizar profundamente tu piel y\u00a0 finalizaremos sellando el tratamiento aplicando nuestra <\/span><b>antiox Mask<\/b><span style=\"font-weight: 400;\"> rica en poderosos \u00a0 antioxidantes e hidratantes adem\u00e1s finalizaremos estimulando tu piel con terapia de luz led manual y aplicando protector solar.<\/span><\/p>\n<p style=\"font-weight: 400;\"><span style=\"font-size: 105%;\">\u00a0<\/span><\/p>\n","protected":false},"excerpt":{"rendered":"<p><span style=\"font-weight: 400;\">\u00a1Revitaliza tu rostro por completo! Devu\u00e9lvele el brillo y la vitalidad que ha perdido, renueva y dale un boost de frescura y luminosidad con nuestra experiencia <\/span><b><i>Hydrafacial PDRN GLOW<\/i><\/b><span style=\"font-weight: 400;\"> .\u00a0 \u00a1Bring back the Glow! Prepararemos tu piel para\u00a0 INFUNDIR Y absorber nuestro poderoso <\/span><b>PDRN GLOW SERUM <\/b><span style=\"font-weight: 400;\">(concentrado de PDRN de Salm\u00f3n, Glutati\u00f3n ,\u00a0 P\u00e9ptidos , Factores de Crecimiento y \u00c1c. Hialur\u00f3nico) limpiando, exfoliando e hidratando profundamente, ideal para recuperar su brillo y revitalizarla por completo.\u00a0<\/span><\/p>\n<p><span style=\"font-weight: 400;\">\u2713 Limpieza profunda<\/span><\/p>\n<p><span style=\"font-weight: 400;\">\u2713 Revitaliza y Reafirma<\/span><\/p>\n<p><span style=\"font-weight: 400;\">\u2713 Descongestiona\u00a0 &amp; disminuye los poros<\/span><\/p>\n<p><span style=\"font-weight: 400;\">\u2713 Mejora textura y tono<\/span><\/p>\n<p><span style=\"font-weight: 400;\">\u2713 Hidrata e ilumina<\/span><b>\u00a0<\/b><\/p>\n<p><span style=\"font-weight: 400;\">\u2713 <\/span><b>Efecto Glass Skin (PDRN GLOW SERUM)<\/b><\/p>\n<p><span style=\"font-weight: 400;\">\u2713 \u00a0 <\/span><b>Mascarilla Antiox<\/b><\/p>\n<p><span style=\"font-weight: 400;\">\u2713 Genera col\u00e1geno y Rejuvenece<\/span><\/p>\n<p><span style=\"font-weight: 400;\">\u2713 Piel fresca y radiante\u00a0\u00a0<\/span><\/p>\n","protected":false},"featured_media":2411,"template":"","meta":[],"product_brand":[],"product_cat":[17],"product_tag":[],"class_list":{"0":"post-1882","1":"product","2":"type-product","3":"status-publish","4":"has-post-thumbnail","6":"product_cat-hydrafacial","8":"first","9":"instock","10":"sale","11":"taxable","12":"shipping-taxable","13":"purchasable","14":"product-type-simple"},"yoast_head":"<!-- This site is optimized with the Yoast SEO Premium plugin v26.9 (Yoast SEO v27.3) - https:\/\/yoast.com\/product\/yoast-seo-premium-wordpress\/ -->\n<title>HYDRAFACIAL MD PDRN GLOW - LeDerme<\/title>\n<meta name=\"robots\" content=\"index, follow, max-snippet:-1, max-image-preview:large, max-video-preview:-1\" \/>\n<link rel=\"canonical\" href=\"https:\/\/lederme.com.mx\/registro\/producto\/hydrafacial-md-pdrn-glow-serum-glutation-mask-antiox\/\" \/>\n<meta property=\"og:locale\" content=\"es_ES\" \/>\n<meta property=\"og:type\" content=\"article\" \/>\n<meta property=\"og:title\" content=\"HYDRAFACIAL MD PDRN GLOW\" \/>\n<meta property=\"og:description\" content=\"\u00a1Revitaliza tu rostro por completo! Devu\u00e9lvele el brillo y la vitalidad que ha perdido, renueva y dale un boost de frescura y luminosidad con nuestra experiencia Hydrafacial PDRN GLOW .\u00a0 \u00a1Bring back the Glow! Prepararemos tu piel para\u00a0 INFUNDIR Y absorber nuestro poderoso PDRN GLOW SERUM (concentrado de PDRN de Salm\u00f3n, Glutati\u00f3n ,\u00a0 P\u00e9ptidos , Factores de Crecimiento y \u00c1c. Hialur\u00f3nico) limpiando, exfoliando e hidratando profundamente, ideal para recuperar su brillo y revitalizarla por completo.\u00a0  \u2713 Limpieza profunda  \u2713 Revitaliza y Reafirma  \u2713 Descongestiona\u00a0 &amp; disminuye los poros  \u2713 Mejora textura y tono  \u2713 Hidrata e ilumina\u00a0  \u2713 Efecto Glass Skin (PDRN GLOW SERUM)  \u2713 \u00a0 Mascarilla Antiox  \u2713 Genera col\u00e1geno y Rejuvenece  \u2713 Piel fresca y radiante\u00a0\u00a0\" \/>\n<meta property=\"og:url\" content=\"https:\/\/lederme.com.mx\/registro\/producto\/hydrafacial-md-pdrn-glow-serum-glutation-mask-antiox\/\" \/>\n<meta property=\"og:site_name\" content=\"LeDerme\" \/>\n<meta property=\"article:modified_time\" content=\"2026-03-16T02:42:42+00:00\" \/>\n<meta property=\"og:image\" content=\"https:\/\/lederme.com.mx\/registro\/wp-content\/uploads\/2025\/05\/CPDRN.jpg\" \/>\n\t<meta property=\"og:image:width\" content=\"520\" \/>\n\t<meta property=\"og:image:height\" content=\"520\" \/>\n\t<meta property=\"og:image:type\" content=\"image\/jpeg\" \/>\n<meta name=\"twitter:card\" content=\"summary_large_image\" \/>\n<meta name=\"twitter:label1\" content=\"Precio\" \/>\n\t<meta name=\"twitter:data1\" content=\"&#036;3,255.00 impuestos incluidos\" \/>\n\t<meta name=\"twitter:label2\" content=\"Disponibilidad\" \/>\n\t<meta name=\"twitter:data2\" content=\"Disponible\" \/>\n<script type=\"application\/ld+json\" class=\"yoast-schema-graph\">{\"@context\":\"https:\\\/\\\/schema.org\",\"@graph\":[{\"@type\":\"WebPage\",\"@id\":\"https:\\\/\\\/lederme.com.mx\\\/registro\\\/producto\\\/hydrafacial-md-pdrn-glow-serum-glutation-mask-antiox\\\/\",\"url\":\"https:\\\/\\\/lederme.com.mx\\\/registro\\\/producto\\\/hydrafacial-md-pdrn-glow-serum-glutation-mask-antiox\\\/\",\"name\":\"HYDRAFACIAL MD PDRN GLOW - LeDerme\",\"isPartOf\":{\"@id\":\"https:\\\/\\\/lederme.com.mx\\\/registro\\\/#website\"},\"primaryImageOfPage\":{\"@id\":\"https:\\\/\\\/lederme.com.mx\\\/registro\\\/producto\\\/hydrafacial-md-pdrn-glow-serum-glutation-mask-antiox\\\/#primaryimage\"},\"image\":{\"@id\":\"https:\\\/\\\/lederme.com.mx\\\/registro\\\/producto\\\/hydrafacial-md-pdrn-glow-serum-glutation-mask-antiox\\\/#primaryimage\"},\"thumbnailUrl\":\"https:\\\/\\\/lederme.com.mx\\\/registro\\\/wp-content\\\/uploads\\\/2025\\\/05\\\/CPDRN.jpg\",\"datePublished\":\"2025-03-15T17:42:34+00:00\",\"dateModified\":\"2026-03-16T02:42:42+00:00\",\"breadcrumb\":{\"@id\":\"https:\\\/\\\/lederme.com.mx\\\/registro\\\/producto\\\/hydrafacial-md-pdrn-glow-serum-glutation-mask-antiox\\\/#breadcrumb\"},\"inLanguage\":\"es\",\"potentialAction\":[{\"@type\":\"ReadAction\",\"target\":[\"https:\\\/\\\/lederme.com.mx\\\/registro\\\/producto\\\/hydrafacial-md-pdrn-glow-serum-glutation-mask-antiox\\\/\"]}]},{\"@type\":\"ImageObject\",\"inLanguage\":\"es\",\"@id\":\"https:\\\/\\\/lederme.com.mx\\\/registro\\\/producto\\\/hydrafacial-md-pdrn-glow-serum-glutation-mask-antiox\\\/#primaryimage\",\"url\":\"https:\\\/\\\/lederme.com.mx\\\/registro\\\/wp-content\\\/uploads\\\/2025\\\/05\\\/CPDRN.jpg\",\"contentUrl\":\"https:\\\/\\\/lederme.com.mx\\\/registro\\\/wp-content\\\/uploads\\\/2025\\\/05\\\/CPDRN.jpg\",\"width\":520,\"height\":520},{\"@type\":\"BreadcrumbList\",\"@id\":\"https:\\\/\\\/lederme.com.mx\\\/registro\\\/producto\\\/hydrafacial-md-pdrn-glow-serum-glutation-mask-antiox\\\/#breadcrumb\",\"itemListElement\":[{\"@type\":\"ListItem\",\"position\":1,\"name\":\"Portada\",\"item\":\"https:\\\/\\\/lederme.com.mx\\\/registro\\\/\"},{\"@type\":\"ListItem\",\"position\":2,\"name\":\"Tienda\",\"item\":\"https:\\\/\\\/lederme.com.mx\\\/registro\\\/tienda\\\/\"},{\"@type\":\"ListItem\",\"position\":3,\"name\":\"HYDRAFACIAL MD PDRN GLOW\"}]},{\"@type\":\"WebSite\",\"@id\":\"https:\\\/\\\/lederme.com.mx\\\/registro\\\/#website\",\"url\":\"https:\\\/\\\/lederme.com.mx\\\/registro\\\/\",\"name\":\"LeDerme\",\"description\":\"Agenda tu cita en l\u00ednea\",\"potentialAction\":[{\"@type\":\"SearchAction\",\"target\":{\"@type\":\"EntryPoint\",\"urlTemplate\":\"https:\\\/\\\/lederme.com.mx\\\/registro\\\/?s={search_term_string}\"},\"query-input\":{\"@type\":\"PropertyValueSpecification\",\"valueRequired\":true,\"valueName\":\"search_term_string\"}}],\"inLanguage\":\"es\"}]}<\/script>\n<meta property=\"product:price:amount\" content=\"3255.00\" \/>\n<meta property=\"product:price:currency\" content=\"MXN\" \/>\n<meta property=\"og:availability\" content=\"instock\" \/>\n<meta property=\"product:availability\" content=\"instock\" \/>\n<meta property=\"product:condition\" content=\"new\" \/>\n<!-- \/ Yoast SEO Premium plugin. -->","yoast_head_json":{"title":"HYDRAFACIAL MD PDRN GLOW - LeDerme","robots":{"index":"index","follow":"follow","max-snippet":"max-snippet:-1","max-image-preview":"max-image-preview:large","max-video-preview":"max-video-preview:-1"},"canonical":"https:\/\/lederme.com.mx\/registro\/producto\/hydrafacial-md-pdrn-glow-serum-glutation-mask-antiox\/","og_locale":"es_ES","og_type":"article","og_title":"HYDRAFACIAL MD PDRN GLOW","og_description":"\u00a1Revitaliza tu rostro por completo! Devu\u00e9lvele el brillo y la vitalidad que ha perdido, renueva y dale un boost de frescura y luminosidad con nuestra experiencia Hydrafacial PDRN GLOW .\u00a0 \u00a1Bring back the Glow! Prepararemos tu piel para\u00a0 INFUNDIR Y absorber nuestro poderoso PDRN GLOW SERUM (concentrado de PDRN de Salm\u00f3n, Glutati\u00f3n ,\u00a0 P\u00e9ptidos , Factores de Crecimiento y \u00c1c. Hialur\u00f3nico) limpiando, exfoliando e hidratando profundamente, ideal para recuperar su brillo y revitalizarla por completo.\u00a0  \u2713 Limpieza profunda  \u2713 Revitaliza y Reafirma  \u2713 Descongestiona\u00a0 &amp; disminuye los poros  \u2713 Mejora textura y tono  \u2713 Hidrata e ilumina\u00a0  \u2713 Efecto Glass Skin (PDRN GLOW SERUM)  \u2713 \u00a0 Mascarilla Antiox  \u2713 Genera col\u00e1geno y Rejuvenece  \u2713 Piel fresca y radiante\u00a0\u00a0","og_url":"https:\/\/lederme.com.mx\/registro\/producto\/hydrafacial-md-pdrn-glow-serum-glutation-mask-antiox\/","og_site_name":"LeDerme","article_modified_time":"2026-03-16T02:42:42+00:00","og_image":[{"width":520,"height":520,"url":"https:\/\/lederme.com.mx\/registro\/wp-content\/uploads\/2025\/05\/CPDRN.jpg","type":"image\/jpeg"}],"twitter_card":"summary_large_image","twitter_misc":{"Precio":"&#36;3,255.00 impuestos incluidos","Disponibilidad":"Disponible"},"schema":{"@context":"https:\/\/schema.org","@graph":[{"@type":"WebPage","@id":"https:\/\/lederme.com.mx\/registro\/producto\/hydrafacial-md-pdrn-glow-serum-glutation-mask-antiox\/","url":"https:\/\/lederme.com.mx\/registro\/producto\/hydrafacial-md-pdrn-glow-serum-glutation-mask-antiox\/","name":"HYDRAFACIAL MD PDRN GLOW - LeDerme","isPartOf":{"@id":"https:\/\/lederme.com.mx\/registro\/#website"},"primaryImageOfPage":{"@id":"https:\/\/lederme.com.mx\/registro\/producto\/hydrafacial-md-pdrn-glow-serum-glutation-mask-antiox\/#primaryimage"},"image":{"@id":"https:\/\/lederme.com.mx\/registro\/producto\/hydrafacial-md-pdrn-glow-serum-glutation-mask-antiox\/#primaryimage"},"thumbnailUrl":"https:\/\/lederme.com.mx\/registro\/wp-content\/uploads\/2025\/05\/CPDRN.jpg","datePublished":"2025-03-15T17:42:34+00:00","dateModified":"2026-03-16T02:42:42+00:00","breadcrumb":{"@id":"https:\/\/lederme.com.mx\/registro\/producto\/hydrafacial-md-pdrn-glow-serum-glutation-mask-antiox\/#breadcrumb"},"inLanguage":"es","potentialAction":[{"@type":"ReadAction","target":["https:\/\/lederme.com.mx\/registro\/producto\/hydrafacial-md-pdrn-glow-serum-glutation-mask-antiox\/"]}]},{"@type":"ImageObject","inLanguage":"es","@id":"https:\/\/lederme.com.mx\/registro\/producto\/hydrafacial-md-pdrn-glow-serum-glutation-mask-antiox\/#primaryimage","url":"https:\/\/lederme.com.mx\/registro\/wp-content\/uploads\/2025\/05\/CPDRN.jpg","contentUrl":"https:\/\/lederme.com.mx\/registro\/wp-content\/uploads\/2025\/05\/CPDRN.jpg","width":520,"height":520},{"@type":"BreadcrumbList","@id":"https:\/\/lederme.com.mx\/registro\/producto\/hydrafacial-md-pdrn-glow-serum-glutation-mask-antiox\/#breadcrumb","itemListElement":[{"@type":"ListItem","position":1,"name":"Portada","item":"https:\/\/lederme.com.mx\/registro\/"},{"@type":"ListItem","position":2,"name":"Tienda","item":"https:\/\/lederme.com.mx\/registro\/tienda\/"},{"@type":"ListItem","position":3,"name":"HYDRAFACIAL MD PDRN GLOW"}]},{"@type":"WebSite","@id":"https:\/\/lederme.com.mx\/registro\/#website","url":"https:\/\/lederme.com.mx\/registro\/","name":"LeDerme","description":"Agenda tu cita en l\u00ednea","potentialAction":[{"@type":"SearchAction","target":{"@type":"EntryPoint","urlTemplate":"https:\/\/lederme.com.mx\/registro\/?s={search_term_string}"},"query-input":{"@type":"PropertyValueSpecification","valueRequired":true,"valueName":"search_term_string"}}],"inLanguage":"es"}]},"product_price_amount":"3255.00","product_price_currency":"MXN","og_availability":"instock","product_availability":"instock","product_condition":"new"},"_links":{"self":[{"href":"https:\/\/lederme.com.mx\/registro\/wp-json\/wp\/v2\/product\/1882","targetHints":{"allow":["GET"]}}],"collection":[{"href":"https:\/\/lederme.com.mx\/registro\/wp-json\/wp\/v2\/product"}],"about":[{"href":"https:\/\/lederme.com.mx\/registro\/wp-json\/wp\/v2\/types\/product"}],"wp:featuredmedia":[{"embeddable":true,"href":"https:\/\/lederme.com.mx\/registro\/wp-json\/wp\/v2\/media\/2411"}],"wp:attachment":[{"href":"https:\/\/lederme.com.mx\/registro\/wp-json\/wp\/v2\/media?parent=1882"}],"wp:term":[{"taxonomy":"product_brand","embeddable":true,"href":"https:\/\/lederme.com.mx\/registro\/wp-json\/wp\/v2\/product_brand?post=1882"},{"taxonomy":"product_cat","embeddable":true,"href":"https:\/\/lederme.com.mx\/registro\/wp-json\/wp\/v2\/product_cat?post=1882"},{"taxonomy":"product_tag","embeddable":true,"href":"https:\/\/lederme.com.mx\/registro\/wp-json\/wp\/v2\/product_tag?post=1882"}],"curies":[{"name":"wp","href":"https:\/\/api.w.org\/{rel}","templated":true}]}}