{"id":106,"date":"2024-05-11T12:57:17","date_gmt":"2024-05-11T18:57:17","guid":{"rendered":"https:\/\/lederme.com.mx\/registro\/?post_type=product&#038;p=106"},"modified":"2026-03-15T20:27:04","modified_gmt":"2026-03-16T02:27:04","slug":"hydrafacial-signature","status":"publish","type":"product","link":"https:\/\/lederme.com.mx\/registro\/producto\/hydrafacial-signature\/","title":{"rendered":"HYDRAFACIAL SIGNATURE"},"content":{"rendered":"<p><span style=\"font-weight: 400;\">\u00a1Regresa a las bases!\u00a0 maten la frescura, vitalidad , luminosidad y balance\u00a0 de tu piel con un tratamiento completo de limpieza profunda de m\u00ednima manipulaci\u00f3n\u00a0 , exfoliacion hidratacion y nutricion , sin dolor y sin tiempos de recuperaci\u00f3n con nuestra experiencia hydrafacial signature.\u00a0<\/span><\/p>\n<p><span style=\"font-weight: 400;\">\u2713 Limpieza profunda<\/span><\/p>\n<p><span style=\"font-weight: 400;\">\u2713 Revitaliza y suaviza la piel<\/span><\/p>\n<p><span style=\"font-weight: 400;\">\u2713 Descongestiona los poros<\/span><\/p>\n<p><span style=\"font-weight: 400;\">\u2713 Nutre<\/span><\/p>\n<p><span style=\"font-weight: 400;\">\u2713 Hidrata<\/span><\/p>\n<p><span style=\"font-weight: 400;\">\u2713 Piel fresca y radiante\u00a0<\/span><\/p>\n<p><span style=\"font-weight: 400;\">Paso a paso: con nuestra tecnolog\u00eda Hydrafacial MD, nos enfocaremos en desintoxicar, eliminar y extraer las impurezas de los poros de tu piel, realizaremos una limpieza suave y profunda, sin causar irritaci\u00f3n o inflamaci\u00f3n, descongestionaremos y haremos un detox profundo de los poros de tu piel eliminando sus toxinas, impurezas y puntos negros utilizando extracciones autom\u00e1ticas por succi\u00f3n, aplicaremos Glysal prep booster rico en acido salicilico para ayudar a tu piel a controlar la producci\u00f3n de sebo o grasa ademas de ayudar a desinflamarla y renovarla, la renovaremos e hidrataremos\u00a0 utilizando soluciones ricas en agentes hidratantes ( ac.hialuronico) y finalizaremos estimulando tu piel con terapia de luz led y aplicaci\u00f3n de protector solar.<\/span><\/p>\n","protected":false},"excerpt":{"rendered":"<p><span style=\"font-weight: 400;\">\u00a1Regresa a las bases! mant\u00e9n la frescura, vitalidad, luminosidad y balance\u00a0 de tu piel con un tratamiento completo de limpieza profunda de m\u00ednima manipulaci\u00f3n , exfoliaci\u00f3n, hidrataci\u00f3n y nutrici\u00f3n , sin dolor y sin tiempos de recuperaci\u00f3n con nuestra experiencia hydrafacial signature.<\/span><\/p>\n<p><span style=\"font-weight: 400;\">\u2713 Limpieza profunda<br \/>\n<\/span><span style=\"font-weight: 400;\">\u2713 Revitaliza y suaviza la piel<br \/>\n<\/span><span style=\"font-weight: 400;\">\u2713 Descongestiona los poros<br \/>\n<\/span><span style=\"font-weight: 400;\">\u2713 Nutre<br \/>\n<\/span>\u2713 Hidrata<br \/>\n\u2713 Piel fresca y radiante<\/p>\n","protected":false},"featured_media":2829,"template":"","meta":[],"product_brand":[],"product_cat":[17],"product_tag":[],"class_list":{"0":"post-106","1":"product","2":"type-product","3":"status-publish","4":"has-post-thumbnail","6":"product_cat-hydrafacial","8":"first","9":"instock","10":"sale","11":"taxable","12":"shipping-taxable","13":"purchasable","14":"product-type-simple"},"yoast_head":"<!-- This site is optimized with the Yoast SEO Premium plugin v26.9 (Yoast SEO v27.3) - https:\/\/yoast.com\/product\/yoast-seo-premium-wordpress\/ -->\n<title>HYDRAFACIAL SIGNATURE - LeDerme<\/title>\n<meta name=\"robots\" content=\"index, follow, max-snippet:-1, max-image-preview:large, max-video-preview:-1\" \/>\n<link rel=\"canonical\" href=\"https:\/\/lederme.com.mx\/registro\/producto\/hydrafacial-signature\/\" \/>\n<meta property=\"og:locale\" content=\"es_ES\" \/>\n<meta property=\"og:type\" content=\"article\" \/>\n<meta property=\"og:title\" content=\"HYDRAFACIAL SIGNATURE\" \/>\n<meta property=\"og:description\" content=\"\u00a1Regresa a las bases! mant\u00e9n la frescura, vitalidad, luminosidad y balance\u00a0 de tu piel con un tratamiento completo de limpieza profunda de m\u00ednima manipulaci\u00f3n , exfoliaci\u00f3n, hidrataci\u00f3n y nutrici\u00f3n , sin dolor y sin tiempos de recuperaci\u00f3n con nuestra experiencia hydrafacial signature.  \u2713 Limpieza profunda \u2713 Revitaliza y suaviza la piel \u2713 Descongestiona los poros \u2713 Nutre \u2713 Hidrata \u2713 Piel fresca y radiante\" \/>\n<meta property=\"og:url\" content=\"https:\/\/lederme.com.mx\/registro\/producto\/hydrafacial-signature\/\" \/>\n<meta property=\"og:site_name\" content=\"LeDerme\" \/>\n<meta property=\"article:modified_time\" content=\"2026-03-16T02:27:04+00:00\" \/>\n<meta property=\"og:image\" content=\"https:\/\/lederme.com.mx\/registro\/wp-content\/uploads\/2025\/06\/HYDRAHOME.jpg\" \/>\n\t<meta property=\"og:image:width\" content=\"1450\" \/>\n\t<meta property=\"og:image:height\" content=\"1560\" \/>\n\t<meta property=\"og:image:type\" content=\"image\/jpeg\" \/>\n<meta name=\"twitter:card\" content=\"summary_large_image\" \/>\n<meta name=\"twitter:label1\" content=\"Precio\" \/>\n\t<meta name=\"twitter:data1\" content=\"&#036;1,722.50 impuestos incluidos\" \/>\n\t<meta name=\"twitter:label2\" content=\"Disponibilidad\" \/>\n\t<meta name=\"twitter:data2\" content=\"Disponible\" \/>\n<script type=\"application\/ld+json\" class=\"yoast-schema-graph\">{\"@context\":\"https:\\\/\\\/schema.org\",\"@graph\":[{\"@type\":\"WebPage\",\"@id\":\"https:\\\/\\\/lederme.com.mx\\\/registro\\\/producto\\\/hydrafacial-signature\\\/\",\"url\":\"https:\\\/\\\/lederme.com.mx\\\/registro\\\/producto\\\/hydrafacial-signature\\\/\",\"name\":\"HYDRAFACIAL SIGNATURE - LeDerme\",\"isPartOf\":{\"@id\":\"https:\\\/\\\/lederme.com.mx\\\/registro\\\/#website\"},\"primaryImageOfPage\":{\"@id\":\"https:\\\/\\\/lederme.com.mx\\\/registro\\\/producto\\\/hydrafacial-signature\\\/#primaryimage\"},\"image\":{\"@id\":\"https:\\\/\\\/lederme.com.mx\\\/registro\\\/producto\\\/hydrafacial-signature\\\/#primaryimage\"},\"thumbnailUrl\":\"https:\\\/\\\/lederme.com.mx\\\/registro\\\/wp-content\\\/uploads\\\/2025\\\/06\\\/HYDRAHOME.jpg\",\"datePublished\":\"2024-05-11T18:57:17+00:00\",\"dateModified\":\"2026-03-16T02:27:04+00:00\",\"breadcrumb\":{\"@id\":\"https:\\\/\\\/lederme.com.mx\\\/registro\\\/producto\\\/hydrafacial-signature\\\/#breadcrumb\"},\"inLanguage\":\"es\",\"potentialAction\":[{\"@type\":\"ReadAction\",\"target\":[\"https:\\\/\\\/lederme.com.mx\\\/registro\\\/producto\\\/hydrafacial-signature\\\/\"]}]},{\"@type\":\"ImageObject\",\"inLanguage\":\"es\",\"@id\":\"https:\\\/\\\/lederme.com.mx\\\/registro\\\/producto\\\/hydrafacial-signature\\\/#primaryimage\",\"url\":\"https:\\\/\\\/lederme.com.mx\\\/registro\\\/wp-content\\\/uploads\\\/2025\\\/06\\\/HYDRAHOME.jpg\",\"contentUrl\":\"https:\\\/\\\/lederme.com.mx\\\/registro\\\/wp-content\\\/uploads\\\/2025\\\/06\\\/HYDRAHOME.jpg\",\"width\":1450,\"height\":1560},{\"@type\":\"BreadcrumbList\",\"@id\":\"https:\\\/\\\/lederme.com.mx\\\/registro\\\/producto\\\/hydrafacial-signature\\\/#breadcrumb\",\"itemListElement\":[{\"@type\":\"ListItem\",\"position\":1,\"name\":\"Portada\",\"item\":\"https:\\\/\\\/lederme.com.mx\\\/registro\\\/\"},{\"@type\":\"ListItem\",\"position\":2,\"name\":\"Tienda\",\"item\":\"https:\\\/\\\/lederme.com.mx\\\/registro\\\/tienda\\\/\"},{\"@type\":\"ListItem\",\"position\":3,\"name\":\"HYDRAFACIAL SIGNATURE\"}]},{\"@type\":\"WebSite\",\"@id\":\"https:\\\/\\\/lederme.com.mx\\\/registro\\\/#website\",\"url\":\"https:\\\/\\\/lederme.com.mx\\\/registro\\\/\",\"name\":\"LeDerme\",\"description\":\"Agenda tu cita en l\u00ednea\",\"potentialAction\":[{\"@type\":\"SearchAction\",\"target\":{\"@type\":\"EntryPoint\",\"urlTemplate\":\"https:\\\/\\\/lederme.com.mx\\\/registro\\\/?s={search_term_string}\"},\"query-input\":{\"@type\":\"PropertyValueSpecification\",\"valueRequired\":true,\"valueName\":\"search_term_string\"}}],\"inLanguage\":\"es\"}]}<\/script>\n<meta property=\"product:price:amount\" content=\"1722.50\" \/>\n<meta property=\"product:price:currency\" content=\"MXN\" \/>\n<meta property=\"og:availability\" content=\"instock\" \/>\n<meta property=\"product:availability\" content=\"instock\" \/>\n<meta property=\"product:condition\" content=\"new\" \/>\n<!-- \/ Yoast SEO Premium plugin. -->","yoast_head_json":{"title":"HYDRAFACIAL SIGNATURE - LeDerme","robots":{"index":"index","follow":"follow","max-snippet":"max-snippet:-1","max-image-preview":"max-image-preview:large","max-video-preview":"max-video-preview:-1"},"canonical":"https:\/\/lederme.com.mx\/registro\/producto\/hydrafacial-signature\/","og_locale":"es_ES","og_type":"article","og_title":"HYDRAFACIAL SIGNATURE","og_description":"\u00a1Regresa a las bases! mant\u00e9n la frescura, vitalidad, luminosidad y balance\u00a0 de tu piel con un tratamiento completo de limpieza profunda de m\u00ednima manipulaci\u00f3n , exfoliaci\u00f3n, hidrataci\u00f3n y nutrici\u00f3n , sin dolor y sin tiempos de recuperaci\u00f3n con nuestra experiencia hydrafacial signature.  \u2713 Limpieza profunda \u2713 Revitaliza y suaviza la piel \u2713 Descongestiona los poros \u2713 Nutre \u2713 Hidrata \u2713 Piel fresca y radiante","og_url":"https:\/\/lederme.com.mx\/registro\/producto\/hydrafacial-signature\/","og_site_name":"LeDerme","article_modified_time":"2026-03-16T02:27:04+00:00","og_image":[{"width":1450,"height":1560,"url":"https:\/\/lederme.com.mx\/registro\/wp-content\/uploads\/2025\/06\/HYDRAHOME.jpg","type":"image\/jpeg"}],"twitter_card":"summary_large_image","twitter_misc":{"Precio":"&#36;1,722.50 impuestos incluidos","Disponibilidad":"Disponible"},"schema":{"@context":"https:\/\/schema.org","@graph":[{"@type":"WebPage","@id":"https:\/\/lederme.com.mx\/registro\/producto\/hydrafacial-signature\/","url":"https:\/\/lederme.com.mx\/registro\/producto\/hydrafacial-signature\/","name":"HYDRAFACIAL SIGNATURE - LeDerme","isPartOf":{"@id":"https:\/\/lederme.com.mx\/registro\/#website"},"primaryImageOfPage":{"@id":"https:\/\/lederme.com.mx\/registro\/producto\/hydrafacial-signature\/#primaryimage"},"image":{"@id":"https:\/\/lederme.com.mx\/registro\/producto\/hydrafacial-signature\/#primaryimage"},"thumbnailUrl":"https:\/\/lederme.com.mx\/registro\/wp-content\/uploads\/2025\/06\/HYDRAHOME.jpg","datePublished":"2024-05-11T18:57:17+00:00","dateModified":"2026-03-16T02:27:04+00:00","breadcrumb":{"@id":"https:\/\/lederme.com.mx\/registro\/producto\/hydrafacial-signature\/#breadcrumb"},"inLanguage":"es","potentialAction":[{"@type":"ReadAction","target":["https:\/\/lederme.com.mx\/registro\/producto\/hydrafacial-signature\/"]}]},{"@type":"ImageObject","inLanguage":"es","@id":"https:\/\/lederme.com.mx\/registro\/producto\/hydrafacial-signature\/#primaryimage","url":"https:\/\/lederme.com.mx\/registro\/wp-content\/uploads\/2025\/06\/HYDRAHOME.jpg","contentUrl":"https:\/\/lederme.com.mx\/registro\/wp-content\/uploads\/2025\/06\/HYDRAHOME.jpg","width":1450,"height":1560},{"@type":"BreadcrumbList","@id":"https:\/\/lederme.com.mx\/registro\/producto\/hydrafacial-signature\/#breadcrumb","itemListElement":[{"@type":"ListItem","position":1,"name":"Portada","item":"https:\/\/lederme.com.mx\/registro\/"},{"@type":"ListItem","position":2,"name":"Tienda","item":"https:\/\/lederme.com.mx\/registro\/tienda\/"},{"@type":"ListItem","position":3,"name":"HYDRAFACIAL SIGNATURE"}]},{"@type":"WebSite","@id":"https:\/\/lederme.com.mx\/registro\/#website","url":"https:\/\/lederme.com.mx\/registro\/","name":"LeDerme","description":"Agenda tu cita en l\u00ednea","potentialAction":[{"@type":"SearchAction","target":{"@type":"EntryPoint","urlTemplate":"https:\/\/lederme.com.mx\/registro\/?s={search_term_string}"},"query-input":{"@type":"PropertyValueSpecification","valueRequired":true,"valueName":"search_term_string"}}],"inLanguage":"es"}]},"product_price_amount":"1722.50","product_price_currency":"MXN","og_availability":"instock","product_availability":"instock","product_condition":"new"},"_links":{"self":[{"href":"https:\/\/lederme.com.mx\/registro\/wp-json\/wp\/v2\/product\/106","targetHints":{"allow":["GET"]}}],"collection":[{"href":"https:\/\/lederme.com.mx\/registro\/wp-json\/wp\/v2\/product"}],"about":[{"href":"https:\/\/lederme.com.mx\/registro\/wp-json\/wp\/v2\/types\/product"}],"wp:featuredmedia":[{"embeddable":true,"href":"https:\/\/lederme.com.mx\/registro\/wp-json\/wp\/v2\/media\/2829"}],"wp:attachment":[{"href":"https:\/\/lederme.com.mx\/registro\/wp-json\/wp\/v2\/media?parent=106"}],"wp:term":[{"taxonomy":"product_brand","embeddable":true,"href":"https:\/\/lederme.com.mx\/registro\/wp-json\/wp\/v2\/product_brand?post=106"},{"taxonomy":"product_cat","embeddable":true,"href":"https:\/\/lederme.com.mx\/registro\/wp-json\/wp\/v2\/product_cat?post=106"},{"taxonomy":"product_tag","embeddable":true,"href":"https:\/\/lederme.com.mx\/registro\/wp-json\/wp\/v2\/product_tag?post=106"}],"curies":[{"name":"wp","href":"https:\/\/api.w.org\/{rel}","templated":true}]}}